{"id":9643,"date":"2024-02-01T16:33:10","date_gmt":"2024-02-01T15:33:10","guid":{"rendered":"https:\/\/broquetas.com\/?post_type=product&#038;p=9643"},"modified":"2024-02-01T16:33:14","modified_gmt":"2024-02-01T15:33:14","slug":"decapant-oleina-1l","status":"publish","type":"product","link":"https:\/\/broquetas.com\/fr\/producto\/decapant-oleina-1l\/","title":{"rendered":"Decapant OLEINA 1L"},"content":{"rendered":"<p>INFORMATIONS SUR LE PRODUIT<br \/>\nSelon la norme UNE-EN ISO 29454-1 2.2.1.A. Son composant est un acide gras (ol\u00e9ine) d\u2019origine exclusivement v\u00e9g\u00e9tale issu du raffinage des huiles d\u2019olive. Destin\u00e9 \u00e0 \u00eatre utilis\u00e9 dans l\u2019industrie chimique, comme la fabrication de savon, et la fabrication de carburants \u00e9cologiques. Flux pour brasage tendre avec mat\u00e9riau d\u2019apport au plomb, principalement destin\u00e9 \u00e0 l\u2019artisanat.<\/p>\n<p>PROPRI\u00c9T\u00c9S                                                                                                                                                                                                                                                                                                                                                                      Composition : 85% d\u2019ol\u00e9ine v\u00e9g\u00e9tale<br \/>\nForme physique : Liquide<br \/>\nCouleur : Jaune p\u00e2le<br \/>\nPoint de fusion : 20-25 \u00baC<br \/>\nPoint d\u2019\u00e9clair : 180 \u00b0C<\/p>\n<p>FORMATS<br \/>\nIl est fourni dans un r\u00e9cipient en plastique de 1L et des bouteilles de 25L.<\/p>\n","protected":false},"excerpt":{"rendered":"<p>OLEINA_DECAPANTE POUR L\u2019ARTISANAT AVEC SOUDURE AU PLOMB<\/p>\n","protected":false},"featured_media":9631,"comment_status":"closed","ping_status":"closed","template":"","meta":{"_joinchat":[]},"product_brand":[],"product_cat":[138,170],"product_tag":[],"class_list":{"0":"post-9643","1":"product","2":"type-product","3":"status-publish","4":"has-post-thumbnail","6":"product_cat-artisanat-orfevrerie","7":"product_cat-decapants","9":"first","10":"instock","11":"taxable","12":"shipping-taxable","13":"product-type-simple"},"yoast_head":"<!-- This site is optimized with the Yoast SEO plugin v26.9 - https:\/\/yoast.com\/product\/yoast-seo-wordpress\/ -->\n<title>Decapant OLEINA 1L - BROQUETAS, S.L.<\/title>\n<meta name=\"robots\" content=\"index, follow, max-snippet:-1, max-image-preview:large, max-video-preview:-1\" \/>\n<link rel=\"canonical\" href=\"https:\/\/broquetas.com\/fr\/producto\/decapant-oleina-1l\/\" \/>\n<meta property=\"og:locale\" content=\"fr_FR\" \/>\n<meta property=\"og:type\" content=\"article\" \/>\n<meta property=\"og:title\" content=\"Decapant OLEINA 1L - BROQUETAS, S.L.\" \/>\n<meta property=\"og:description\" content=\"OLEINA_DECAPANTE POUR L\u2019ARTISANAT AVEC SOUDURE AU PLOMB\" \/>\n<meta property=\"og:url\" content=\"https:\/\/broquetas.com\/fr\/producto\/decapant-oleina-1l\/\" \/>\n<meta property=\"og:site_name\" content=\"BROQUETAS, S.L.\" \/>\n<meta property=\"article:modified_time\" content=\"2024-02-01T15:33:14+00:00\" \/>\n<meta property=\"og:image\" content=\"https:\/\/broquetas.com\/wp-content\/uploads\/2024\/02\/OLEINA.png\" \/>\n\t<meta property=\"og:image:width\" content=\"1080\" \/>\n\t<meta property=\"og:image:height\" content=\"1080\" \/>\n\t<meta property=\"og:image:type\" content=\"image\/png\" \/>\n<meta name=\"twitter:card\" content=\"summary_large_image\" \/>\n<meta name=\"twitter:label1\" content=\"Dur\u00e9e de lecture estim\u00e9e\" \/>\n\t<meta name=\"twitter:data1\" content=\"1 minute\" \/>\n<script type=\"application\/ld+json\" class=\"yoast-schema-graph\">{\"@context\":\"https:\/\/schema.org\",\"@graph\":[{\"@type\":\"WebPage\",\"@id\":\"https:\/\/broquetas.com\/fr\/producto\/decapant-oleina-1l\/\",\"url\":\"https:\/\/broquetas.com\/fr\/producto\/decapant-oleina-1l\/\",\"name\":\"Decapant OLEINA 1L - BROQUETAS, S.L.\",\"isPartOf\":{\"@id\":\"https:\/\/broquetas.com\/#website\"},\"primaryImageOfPage\":{\"@id\":\"https:\/\/broquetas.com\/fr\/producto\/decapant-oleina-1l\/#primaryimage\"},\"image\":{\"@id\":\"https:\/\/broquetas.com\/fr\/producto\/decapant-oleina-1l\/#primaryimage\"},\"thumbnailUrl\":\"https:\/\/broquetas.com\/wp-content\/uploads\/2024\/02\/OLEINA.png\",\"datePublished\":\"2024-02-01T15:33:10+00:00\",\"dateModified\":\"2024-02-01T15:33:14+00:00\",\"breadcrumb\":{\"@id\":\"https:\/\/broquetas.com\/fr\/producto\/decapant-oleina-1l\/#breadcrumb\"},\"inLanguage\":\"fr-FR\",\"potentialAction\":[{\"@type\":\"ReadAction\",\"target\":[\"https:\/\/broquetas.com\/fr\/producto\/decapant-oleina-1l\/\"]}]},{\"@type\":\"ImageObject\",\"inLanguage\":\"fr-FR\",\"@id\":\"https:\/\/broquetas.com\/fr\/producto\/decapant-oleina-1l\/#primaryimage\",\"url\":\"https:\/\/broquetas.com\/wp-content\/uploads\/2024\/02\/OLEINA.png\",\"contentUrl\":\"https:\/\/broquetas.com\/wp-content\/uploads\/2024\/02\/OLEINA.png\",\"width\":1080,\"height\":1080},{\"@type\":\"BreadcrumbList\",\"@id\":\"https:\/\/broquetas.com\/fr\/producto\/decapant-oleina-1l\/#breadcrumb\",\"itemListElement\":[{\"@type\":\"ListItem\",\"position\":1,\"name\":\"Home\",\"item\":\"https:\/\/broquetas.com\/\"},{\"@type\":\"ListItem\",\"position\":2,\"name\":\"Produits\",\"item\":\"https:\/\/broquetas.com\/fr\/produits\/\"},{\"@type\":\"ListItem\",\"position\":3,\"name\":\"Decapant OLEINA 1L\"}]},{\"@type\":\"WebSite\",\"@id\":\"https:\/\/broquetas.com\/#website\",\"url\":\"https:\/\/broquetas.com\/\",\"name\":\"BROQUETAS, S.L.\",\"description\":\"\",\"publisher\":{\"@id\":\"https:\/\/broquetas.com\/#organization\"},\"potentialAction\":[{\"@type\":\"SearchAction\",\"target\":{\"@type\":\"EntryPoint\",\"urlTemplate\":\"https:\/\/broquetas.com\/?s={search_term_string}\"},\"query-input\":{\"@type\":\"PropertyValueSpecification\",\"valueRequired\":true,\"valueName\":\"search_term_string\"}}],\"inLanguage\":\"fr-FR\"},{\"@type\":\"Organization\",\"@id\":\"https:\/\/broquetas.com\/#organization\",\"name\":\"BROQUETAS S.L.\",\"url\":\"https:\/\/broquetas.com\/\",\"logo\":{\"@type\":\"ImageObject\",\"inLanguage\":\"fr-FR\",\"@id\":\"https:\/\/broquetas.com\/#\/schema\/logo\/image\/\",\"url\":\"https:\/\/broquetas.com\/wp-content\/uploads\/2021\/08\/logo-broquetas-dark.png\",\"contentUrl\":\"https:\/\/broquetas.com\/wp-content\/uploads\/2021\/08\/logo-broquetas-dark.png\",\"width\":262,\"height\":150,\"caption\":\"BROQUETAS S.L.\"},\"image\":{\"@id\":\"https:\/\/broquetas.com\/#\/schema\/logo\/image\/\"},\"sameAs\":[\"https:\/\/www.linkedin.com\/in\/broquetas-s-l-broquetas-99a22283\/\",\"https:\/\/www.youtube.com\/channel\/UCDYxB3N3CMqWo9DA-oyiAdg\"]}]}<\/script>\n<!-- \/ Yoast SEO plugin. -->","yoast_head_json":{"title":"Decapant OLEINA 1L - BROQUETAS, S.L.","robots":{"index":"index","follow":"follow","max-snippet":"max-snippet:-1","max-image-preview":"max-image-preview:large","max-video-preview":"max-video-preview:-1"},"canonical":"https:\/\/broquetas.com\/fr\/producto\/decapant-oleina-1l\/","og_locale":"fr_FR","og_type":"article","og_title":"Decapant OLEINA 1L - BROQUETAS, S.L.","og_description":"OLEINA_DECAPANTE POUR L\u2019ARTISANAT AVEC SOUDURE AU PLOMB","og_url":"https:\/\/broquetas.com\/fr\/producto\/decapant-oleina-1l\/","og_site_name":"BROQUETAS, S.L.","article_modified_time":"2024-02-01T15:33:14+00:00","og_image":[{"width":1080,"height":1080,"url":"https:\/\/broquetas.com\/wp-content\/uploads\/2024\/02\/OLEINA.png","type":"image\/png"}],"twitter_card":"summary_large_image","twitter_misc":{"Dur\u00e9e de lecture estim\u00e9e":"1 minute"},"schema":{"@context":"https:\/\/schema.org","@graph":[{"@type":"WebPage","@id":"https:\/\/broquetas.com\/fr\/producto\/decapant-oleina-1l\/","url":"https:\/\/broquetas.com\/fr\/producto\/decapant-oleina-1l\/","name":"Decapant OLEINA 1L - BROQUETAS, S.L.","isPartOf":{"@id":"https:\/\/broquetas.com\/#website"},"primaryImageOfPage":{"@id":"https:\/\/broquetas.com\/fr\/producto\/decapant-oleina-1l\/#primaryimage"},"image":{"@id":"https:\/\/broquetas.com\/fr\/producto\/decapant-oleina-1l\/#primaryimage"},"thumbnailUrl":"https:\/\/broquetas.com\/wp-content\/uploads\/2024\/02\/OLEINA.png","datePublished":"2024-02-01T15:33:10+00:00","dateModified":"2024-02-01T15:33:14+00:00","breadcrumb":{"@id":"https:\/\/broquetas.com\/fr\/producto\/decapant-oleina-1l\/#breadcrumb"},"inLanguage":"fr-FR","potentialAction":[{"@type":"ReadAction","target":["https:\/\/broquetas.com\/fr\/producto\/decapant-oleina-1l\/"]}]},{"@type":"ImageObject","inLanguage":"fr-FR","@id":"https:\/\/broquetas.com\/fr\/producto\/decapant-oleina-1l\/#primaryimage","url":"https:\/\/broquetas.com\/wp-content\/uploads\/2024\/02\/OLEINA.png","contentUrl":"https:\/\/broquetas.com\/wp-content\/uploads\/2024\/02\/OLEINA.png","width":1080,"height":1080},{"@type":"BreadcrumbList","@id":"https:\/\/broquetas.com\/fr\/producto\/decapant-oleina-1l\/#breadcrumb","itemListElement":[{"@type":"ListItem","position":1,"name":"Home","item":"https:\/\/broquetas.com\/"},{"@type":"ListItem","position":2,"name":"Produits","item":"https:\/\/broquetas.com\/fr\/produits\/"},{"@type":"ListItem","position":3,"name":"Decapant OLEINA 1L"}]},{"@type":"WebSite","@id":"https:\/\/broquetas.com\/#website","url":"https:\/\/broquetas.com\/","name":"BROQUETAS, S.L.","description":"","publisher":{"@id":"https:\/\/broquetas.com\/#organization"},"potentialAction":[{"@type":"SearchAction","target":{"@type":"EntryPoint","urlTemplate":"https:\/\/broquetas.com\/?s={search_term_string}"},"query-input":{"@type":"PropertyValueSpecification","valueRequired":true,"valueName":"search_term_string"}}],"inLanguage":"fr-FR"},{"@type":"Organization","@id":"https:\/\/broquetas.com\/#organization","name":"BROQUETAS S.L.","url":"https:\/\/broquetas.com\/","logo":{"@type":"ImageObject","inLanguage":"fr-FR","@id":"https:\/\/broquetas.com\/#\/schema\/logo\/image\/","url":"https:\/\/broquetas.com\/wp-content\/uploads\/2021\/08\/logo-broquetas-dark.png","contentUrl":"https:\/\/broquetas.com\/wp-content\/uploads\/2021\/08\/logo-broquetas-dark.png","width":262,"height":150,"caption":"BROQUETAS S.L."},"image":{"@id":"https:\/\/broquetas.com\/#\/schema\/logo\/image\/"},"sameAs":["https:\/\/www.linkedin.com\/in\/broquetas-s-l-broquetas-99a22283\/","https:\/\/www.youtube.com\/channel\/UCDYxB3N3CMqWo9DA-oyiAdg"]}]}},"_links":{"self":[{"href":"https:\/\/broquetas.com\/fr\/wp-json\/wp\/v2\/product\/9643","targetHints":{"allow":["GET"]}}],"collection":[{"href":"https:\/\/broquetas.com\/fr\/wp-json\/wp\/v2\/product"}],"about":[{"href":"https:\/\/broquetas.com\/fr\/wp-json\/wp\/v2\/types\/product"}],"replies":[{"embeddable":true,"href":"https:\/\/broquetas.com\/fr\/wp-json\/wp\/v2\/comments?post=9643"}],"wp:featuredmedia":[{"embeddable":true,"href":"https:\/\/broquetas.com\/fr\/wp-json\/wp\/v2\/media\/9631"}],"wp:attachment":[{"href":"https:\/\/broquetas.com\/fr\/wp-json\/wp\/v2\/media?parent=9643"}],"wp:term":[{"taxonomy":"product_brand","embeddable":true,"href":"https:\/\/broquetas.com\/fr\/wp-json\/wp\/v2\/product_brand?post=9643"},{"taxonomy":"product_cat","embeddable":true,"href":"https:\/\/broquetas.com\/fr\/wp-json\/wp\/v2\/product_cat?post=9643"},{"taxonomy":"product_tag","embeddable":true,"href":"https:\/\/broquetas.com\/fr\/wp-json\/wp\/v2\/product_tag?post=9643"}],"curies":[{"name":"wp","href":"https:\/\/api.w.org\/{rel}","templated":true}]}}