{"id":9616,"date":"2024-01-03T16:59:08","date_gmt":"2024-01-03T15:59:08","guid":{"rendered":"https:\/\/broquetas.com\/?post_type=product&#038;p=9616"},"modified":"2024-01-03T17:02:39","modified_gmt":"2024-01-03T16:02:39","slug":"browool-pad-2","status":"publish","type":"product","link":"https:\/\/broquetas.com\/fr\/producto\/browool-pad-2\/","title":{"rendered":"BROWOOL PAD"},"content":{"rendered":"<p>INFORMATION PRODUIT<br \/>\nTAMPON ABRASIF BROWOOL<br \/>\nCONSEIL<br \/>\nTampon abrasif pour le nettoyage m\u00e9canique des surfaces m\u00e9talliques<br \/>\nAvant de souder des pi\u00e8ces en cuivre ou en m\u00e9tal, il est fortement recommand\u00e9 de les nettoyer \u00e0 l\u2019int\u00e9rieur et \u00e0 l\u2019ext\u00e9rieur.<br \/>\nLe tampon Browool est le produit recommand\u00e9 pour cela.<\/p>\n<p>Forme : Patin de 130 x 60 mm<br \/>\n\u00c9paisseur : env. +\/- 6mm<br \/>\nMat\u00e9riau : m\u00e9lange polyester-polyamide, sans m\u00e9tal.<br \/>\nCouleur: Noir<\/p>\n<p>INFORMATION COMPL\u00c9MENTAIRES:<\/p>\n<p>\u2022 Le tampon Browool convient \u00e0 tous les m\u00e9taux.<br \/>\n\u2022 Pour un nettoyage rapide et sans poils des joints de soudure des tuyaux en cuivre sans abrasion m\u00e9tallique.<br \/>\n\u2022 R\u00e9duction des dommages dus \u00e0 la corrosion.<br \/>\n\u2022 R\u00e9sistant, il \u00e9limine \u00e9galement les r\u00e9sidus contenant des graisses et des huiles.<br \/>\n\u2022 Le tampon Browool peut \u00eatre nettoy\u00e9 en le tapant ou en le lavant \u2013 il est donc destin\u00e9 \u00e0 un usage multiple.<br \/>\n\u2022 Utilisable humide et sec.<br \/>\n\u2022 Conserver \u00e0 l\u2019abri de l\u2019humidit\u00e9.<\/p>\n<p>Condition de livraison<br \/>\nPack de 10 pcs emball\u00e9es dans une feuille plastique de dimension 130 mm x 60 mm<\/p>\n","protected":false},"excerpt":{"rendered":"<p>BROWOOL PAD POUR LES TRAVAUX DE NETTOYAGE TUYAU EN CUIVRE<\/p>\n","protected":false},"featured_media":9495,"comment_status":"closed","ping_status":"closed","template":"","meta":{"_joinchat":[]},"product_brand":[],"product_cat":[171],"product_tag":[],"class_list":{"0":"post-9616","1":"product","2":"type-product","3":"status-publish","4":"has-post-thumbnail","6":"product_cat-auxiliaires","8":"first","9":"instock","10":"taxable","11":"shipping-taxable","12":"product-type-simple"},"yoast_head":"<!-- This site is optimized with the Yoast SEO plugin v26.9 - https:\/\/yoast.com\/product\/yoast-seo-wordpress\/ -->\n<title>BROWOOL PAD - BROQUETAS, S.L.<\/title>\n<meta name=\"robots\" content=\"index, follow, max-snippet:-1, max-image-preview:large, max-video-preview:-1\" \/>\n<link rel=\"canonical\" href=\"https:\/\/broquetas.com\/fr\/producto\/browool-pad-2\/\" \/>\n<meta property=\"og:locale\" content=\"fr_FR\" \/>\n<meta property=\"og:type\" content=\"article\" \/>\n<meta property=\"og:title\" content=\"BROWOOL PAD - BROQUETAS, S.L.\" \/>\n<meta property=\"og:description\" content=\"BROWOOL PAD POUR LES TRAVAUX DE NETTOYAGE TUYAU EN CUIVRE\" \/>\n<meta property=\"og:url\" content=\"https:\/\/broquetas.com\/fr\/producto\/browool-pad-2\/\" \/>\n<meta property=\"og:site_name\" content=\"BROQUETAS, S.L.\" \/>\n<meta property=\"article:modified_time\" content=\"2024-01-03T16:02:39+00:00\" \/>\n<meta property=\"og:image\" content=\"https:\/\/broquetas.com\/wp-content\/uploads\/2023\/10\/BROWOOL-PAD-1024x1024.png\" \/>\n\t<meta property=\"og:image:width\" content=\"1024\" \/>\n\t<meta property=\"og:image:height\" content=\"1024\" \/>\n\t<meta property=\"og:image:type\" content=\"image\/png\" \/>\n<meta name=\"twitter:card\" content=\"summary_large_image\" \/>\n<meta name=\"twitter:label1\" content=\"Dur\u00e9e de lecture estim\u00e9e\" \/>\n\t<meta name=\"twitter:data1\" content=\"1 minute\" \/>\n<script type=\"application\/ld+json\" class=\"yoast-schema-graph\">{\"@context\":\"https:\/\/schema.org\",\"@graph\":[{\"@type\":\"WebPage\",\"@id\":\"https:\/\/broquetas.com\/fr\/producto\/browool-pad-2\/\",\"url\":\"https:\/\/broquetas.com\/fr\/producto\/browool-pad-2\/\",\"name\":\"BROWOOL PAD - BROQUETAS, S.L.\",\"isPartOf\":{\"@id\":\"https:\/\/broquetas.com\/#website\"},\"primaryImageOfPage\":{\"@id\":\"https:\/\/broquetas.com\/fr\/producto\/browool-pad-2\/#primaryimage\"},\"image\":{\"@id\":\"https:\/\/broquetas.com\/fr\/producto\/browool-pad-2\/#primaryimage\"},\"thumbnailUrl\":\"https:\/\/broquetas.com\/wp-content\/uploads\/2023\/10\/BROWOOL-PAD.png\",\"datePublished\":\"2024-01-03T15:59:08+00:00\",\"dateModified\":\"2024-01-03T16:02:39+00:00\",\"breadcrumb\":{\"@id\":\"https:\/\/broquetas.com\/fr\/producto\/browool-pad-2\/#breadcrumb\"},\"inLanguage\":\"fr-FR\",\"potentialAction\":[{\"@type\":\"ReadAction\",\"target\":[\"https:\/\/broquetas.com\/fr\/producto\/browool-pad-2\/\"]}]},{\"@type\":\"ImageObject\",\"inLanguage\":\"fr-FR\",\"@id\":\"https:\/\/broquetas.com\/fr\/producto\/browool-pad-2\/#primaryimage\",\"url\":\"https:\/\/broquetas.com\/wp-content\/uploads\/2023\/10\/BROWOOL-PAD.png\",\"contentUrl\":\"https:\/\/broquetas.com\/wp-content\/uploads\/2023\/10\/BROWOOL-PAD.png\",\"width\":3080,\"height\":3080},{\"@type\":\"BreadcrumbList\",\"@id\":\"https:\/\/broquetas.com\/fr\/producto\/browool-pad-2\/#breadcrumb\",\"itemListElement\":[{\"@type\":\"ListItem\",\"position\":1,\"name\":\"Home\",\"item\":\"https:\/\/broquetas.com\/\"},{\"@type\":\"ListItem\",\"position\":2,\"name\":\"Produits\",\"item\":\"https:\/\/broquetas.com\/fr\/produits\/\"},{\"@type\":\"ListItem\",\"position\":3,\"name\":\"BROWOOL PAD\"}]},{\"@type\":\"WebSite\",\"@id\":\"https:\/\/broquetas.com\/#website\",\"url\":\"https:\/\/broquetas.com\/\",\"name\":\"BROQUETAS, S.L.\",\"description\":\"\",\"publisher\":{\"@id\":\"https:\/\/broquetas.com\/#organization\"},\"potentialAction\":[{\"@type\":\"SearchAction\",\"target\":{\"@type\":\"EntryPoint\",\"urlTemplate\":\"https:\/\/broquetas.com\/?s={search_term_string}\"},\"query-input\":{\"@type\":\"PropertyValueSpecification\",\"valueRequired\":true,\"valueName\":\"search_term_string\"}}],\"inLanguage\":\"fr-FR\"},{\"@type\":\"Organization\",\"@id\":\"https:\/\/broquetas.com\/#organization\",\"name\":\"BROQUETAS S.L.\",\"url\":\"https:\/\/broquetas.com\/\",\"logo\":{\"@type\":\"ImageObject\",\"inLanguage\":\"fr-FR\",\"@id\":\"https:\/\/broquetas.com\/#\/schema\/logo\/image\/\",\"url\":\"https:\/\/broquetas.com\/wp-content\/uploads\/2021\/08\/logo-broquetas-dark.png\",\"contentUrl\":\"https:\/\/broquetas.com\/wp-content\/uploads\/2021\/08\/logo-broquetas-dark.png\",\"width\":262,\"height\":150,\"caption\":\"BROQUETAS S.L.\"},\"image\":{\"@id\":\"https:\/\/broquetas.com\/#\/schema\/logo\/image\/\"},\"sameAs\":[\"https:\/\/www.linkedin.com\/in\/broquetas-s-l-broquetas-99a22283\/\",\"https:\/\/www.youtube.com\/channel\/UCDYxB3N3CMqWo9DA-oyiAdg\"]}]}<\/script>\n<!-- \/ Yoast SEO plugin. -->","yoast_head_json":{"title":"BROWOOL PAD - BROQUETAS, S.L.","robots":{"index":"index","follow":"follow","max-snippet":"max-snippet:-1","max-image-preview":"max-image-preview:large","max-video-preview":"max-video-preview:-1"},"canonical":"https:\/\/broquetas.com\/fr\/producto\/browool-pad-2\/","og_locale":"fr_FR","og_type":"article","og_title":"BROWOOL PAD - BROQUETAS, S.L.","og_description":"BROWOOL PAD POUR LES TRAVAUX DE NETTOYAGE TUYAU EN CUIVRE","og_url":"https:\/\/broquetas.com\/fr\/producto\/browool-pad-2\/","og_site_name":"BROQUETAS, S.L.","article_modified_time":"2024-01-03T16:02:39+00:00","og_image":[{"width":1024,"height":1024,"url":"https:\/\/broquetas.com\/wp-content\/uploads\/2023\/10\/BROWOOL-PAD-1024x1024.png","type":"image\/png"}],"twitter_card":"summary_large_image","twitter_misc":{"Dur\u00e9e de lecture estim\u00e9e":"1 minute"},"schema":{"@context":"https:\/\/schema.org","@graph":[{"@type":"WebPage","@id":"https:\/\/broquetas.com\/fr\/producto\/browool-pad-2\/","url":"https:\/\/broquetas.com\/fr\/producto\/browool-pad-2\/","name":"BROWOOL PAD - BROQUETAS, S.L.","isPartOf":{"@id":"https:\/\/broquetas.com\/#website"},"primaryImageOfPage":{"@id":"https:\/\/broquetas.com\/fr\/producto\/browool-pad-2\/#primaryimage"},"image":{"@id":"https:\/\/broquetas.com\/fr\/producto\/browool-pad-2\/#primaryimage"},"thumbnailUrl":"https:\/\/broquetas.com\/wp-content\/uploads\/2023\/10\/BROWOOL-PAD.png","datePublished":"2024-01-03T15:59:08+00:00","dateModified":"2024-01-03T16:02:39+00:00","breadcrumb":{"@id":"https:\/\/broquetas.com\/fr\/producto\/browool-pad-2\/#breadcrumb"},"inLanguage":"fr-FR","potentialAction":[{"@type":"ReadAction","target":["https:\/\/broquetas.com\/fr\/producto\/browool-pad-2\/"]}]},{"@type":"ImageObject","inLanguage":"fr-FR","@id":"https:\/\/broquetas.com\/fr\/producto\/browool-pad-2\/#primaryimage","url":"https:\/\/broquetas.com\/wp-content\/uploads\/2023\/10\/BROWOOL-PAD.png","contentUrl":"https:\/\/broquetas.com\/wp-content\/uploads\/2023\/10\/BROWOOL-PAD.png","width":3080,"height":3080},{"@type":"BreadcrumbList","@id":"https:\/\/broquetas.com\/fr\/producto\/browool-pad-2\/#breadcrumb","itemListElement":[{"@type":"ListItem","position":1,"name":"Home","item":"https:\/\/broquetas.com\/"},{"@type":"ListItem","position":2,"name":"Produits","item":"https:\/\/broquetas.com\/fr\/produits\/"},{"@type":"ListItem","position":3,"name":"BROWOOL PAD"}]},{"@type":"WebSite","@id":"https:\/\/broquetas.com\/#website","url":"https:\/\/broquetas.com\/","name":"BROQUETAS, S.L.","description":"","publisher":{"@id":"https:\/\/broquetas.com\/#organization"},"potentialAction":[{"@type":"SearchAction","target":{"@type":"EntryPoint","urlTemplate":"https:\/\/broquetas.com\/?s={search_term_string}"},"query-input":{"@type":"PropertyValueSpecification","valueRequired":true,"valueName":"search_term_string"}}],"inLanguage":"fr-FR"},{"@type":"Organization","@id":"https:\/\/broquetas.com\/#organization","name":"BROQUETAS S.L.","url":"https:\/\/broquetas.com\/","logo":{"@type":"ImageObject","inLanguage":"fr-FR","@id":"https:\/\/broquetas.com\/#\/schema\/logo\/image\/","url":"https:\/\/broquetas.com\/wp-content\/uploads\/2021\/08\/logo-broquetas-dark.png","contentUrl":"https:\/\/broquetas.com\/wp-content\/uploads\/2021\/08\/logo-broquetas-dark.png","width":262,"height":150,"caption":"BROQUETAS S.L."},"image":{"@id":"https:\/\/broquetas.com\/#\/schema\/logo\/image\/"},"sameAs":["https:\/\/www.linkedin.com\/in\/broquetas-s-l-broquetas-99a22283\/","https:\/\/www.youtube.com\/channel\/UCDYxB3N3CMqWo9DA-oyiAdg"]}]}},"_links":{"self":[{"href":"https:\/\/broquetas.com\/fr\/wp-json\/wp\/v2\/product\/9616","targetHints":{"allow":["GET"]}}],"collection":[{"href":"https:\/\/broquetas.com\/fr\/wp-json\/wp\/v2\/product"}],"about":[{"href":"https:\/\/broquetas.com\/fr\/wp-json\/wp\/v2\/types\/product"}],"replies":[{"embeddable":true,"href":"https:\/\/broquetas.com\/fr\/wp-json\/wp\/v2\/comments?post=9616"}],"wp:featuredmedia":[{"embeddable":true,"href":"https:\/\/broquetas.com\/fr\/wp-json\/wp\/v2\/media\/9495"}],"wp:attachment":[{"href":"https:\/\/broquetas.com\/fr\/wp-json\/wp\/v2\/media?parent=9616"}],"wp:term":[{"taxonomy":"product_brand","embeddable":true,"href":"https:\/\/broquetas.com\/fr\/wp-json\/wp\/v2\/product_brand?post=9616"},{"taxonomy":"product_cat","embeddable":true,"href":"https:\/\/broquetas.com\/fr\/wp-json\/wp\/v2\/product_cat?post=9616"},{"taxonomy":"product_tag","embeddable":true,"href":"https:\/\/broquetas.com\/fr\/wp-json\/wp\/v2\/product_tag?post=9616"}],"curies":[{"name":"wp","href":"https:\/\/api.w.org\/{rel}","templated":true}]}}