{"id":9174,"date":"2022-12-01T12:38:21","date_gmt":"2022-12-01T11:38:21","guid":{"rendered":"https:\/\/broquetas.com\/?post_type=product&#038;p=9174"},"modified":"2022-12-01T12:38:22","modified_gmt":"2022-12-01T11:38:22","slug":"pistolet-de-distribution-de-pate-electronique-et-flux-collant-30-55cc","status":"publish","type":"product","link":"https:\/\/broquetas.com\/fr\/producto\/pistolet-de-distribution-de-pate-electronique-et-flux-collant-30-55cc\/","title":{"rendered":"PISTOLET DE DISTRIBUTION DE P\u00c2TE \u00c9LECTRONIQUE ET FLUX COLLANT 30\/55CC"},"content":{"rendered":"<p>Ce pistolet de distribution robuste et de haute qualit\u00e9 est con\u00e7u pour utiliser des cartouches de p\u00e2te et des flux, ce qui leur permet d\u2019\u00eatre distribu\u00e9s rapidement et efficacement et facilement dans une large gamme d\u2019applications. Le distributeur de pistolet l\u00e9ger est dot\u00e9 d\u2019une construction ABS grise, qui offre une excellente r\u00e9sistance \u00e0 la corrosion et une durabilit\u00e9 avec un rail facile \u00e0 utiliser pour la distribution des cartouches.<\/p>\n<p>Caract\u00e9ristiques et avantages<br \/>\nConstruction en plastique ABS durable avec une bonne r\u00e9sistance \u00e0 la corrosion<br \/>\nRapide et facile \u00e0 utiliser<br \/>\nId\u00e9al pour distribuer des cartouches de 30CC \u00e0 50CC.<\/p>\n<p>Applications<br \/>\nLes pistolets de distribution de cartouches pour l\u2019industrie \u00e9lectronique sont utilis\u00e9s dans un large \u00e9ventail d\u2019applications pour la distribution adapt\u00e9e aux besoins du travail \u00e0 effectuer. Avec une cartouche attach\u00e9e, les pistolets de distribution permettent de distribuer les flux et les p\u00e2tes rapidement et efficacement \u00e0 travers une g\u00e2chette facile \u00e0 utiliser et conviennent \u00e0 une utilisation dans des domaines tels que:<br \/>\nRetravailler<br \/>\n\u00c9lectronique automobile<\/p>\n","protected":false},"excerpt":{"rendered":"<p>Ce pistolet de distribution robuste et de haute qualit\u00e9 est con\u00e7u pour utiliser des cartouches de p\u00e2te et des flux, ce qui leur permet d\u2019\u00eatre distribu\u00e9s rapidement et efficacement et facilement dans une large gamme d\u2019applications. Le distributeur de pistolet l\u00e9ger est dot\u00e9 d\u2019une construction ABS grise, qui offre une excellente r\u00e9sistance \u00e0 la corrosion [&hellip;]<\/p>\n","protected":false},"featured_media":9171,"comment_status":"closed","ping_status":"closed","template":"","meta":{"_joinchat":[]},"product_brand":[],"product_cat":[167],"product_tag":[],"class_list":{"0":"post-9174","1":"product","2":"type-product","3":"status-publish","4":"has-post-thumbnail","6":"product_cat-reflow-fr","8":"first","9":"instock","10":"taxable","11":"shipping-taxable","12":"product-type-simple"},"yoast_head":"<!-- This site is optimized with the Yoast SEO plugin v26.9 - https:\/\/yoast.com\/product\/yoast-seo-wordpress\/ -->\n<title>PISTOLET DE DISTRIBUTION DE P\u00c2TE \u00c9LECTRONIQUE ET FLUX COLLANT 30\/55CC - BROQUETAS, S.L.<\/title>\n<meta name=\"robots\" content=\"index, follow, max-snippet:-1, max-image-preview:large, max-video-preview:-1\" \/>\n<link rel=\"canonical\" href=\"https:\/\/broquetas.com\/fr\/producto\/pistolet-de-distribution-de-pate-electronique-et-flux-collant-30-55cc\/\" \/>\n<meta property=\"og:locale\" content=\"fr_FR\" \/>\n<meta property=\"og:type\" content=\"article\" \/>\n<meta property=\"og:title\" content=\"PISTOLET DE DISTRIBUTION DE P\u00c2TE \u00c9LECTRONIQUE ET FLUX COLLANT 30\/55CC - BROQUETAS, S.L.\" \/>\n<meta property=\"og:description\" content=\"Ce pistolet de distribution robuste et de haute qualit\u00e9 est con\u00e7u pour utiliser des cartouches de p\u00e2te et des flux, ce qui leur permet d\u2019\u00eatre distribu\u00e9s rapidement et efficacement et facilement dans une large gamme d\u2019applications. Le distributeur de pistolet l\u00e9ger est dot\u00e9 d\u2019une construction ABS grise, qui offre une excellente r\u00e9sistance \u00e0 la corrosion [&hellip;]\" \/>\n<meta property=\"og:url\" content=\"https:\/\/broquetas.com\/fr\/producto\/pistolet-de-distribution-de-pate-electronique-et-flux-collant-30-55cc\/\" \/>\n<meta property=\"og:site_name\" content=\"BROQUETAS, S.L.\" \/>\n<meta property=\"article:modified_time\" content=\"2022-12-01T11:38:22+00:00\" \/>\n<meta property=\"og:image\" content=\"https:\/\/broquetas.com\/wp-content\/uploads\/2022\/12\/PISTOLA-DISPENSADORA-PASTA-scaled.jpg\" \/>\n\t<meta property=\"og:image:width\" content=\"2560\" \/>\n\t<meta property=\"og:image:height\" content=\"1920\" \/>\n\t<meta property=\"og:image:type\" content=\"image\/jpeg\" \/>\n<meta name=\"twitter:card\" content=\"summary_large_image\" \/>\n<meta name=\"twitter:label1\" content=\"Dur\u00e9e de lecture estim\u00e9e\" \/>\n\t<meta name=\"twitter:data1\" content=\"1 minute\" \/>\n<script type=\"application\/ld+json\" class=\"yoast-schema-graph\">{\"@context\":\"https:\/\/schema.org\",\"@graph\":[{\"@type\":\"WebPage\",\"@id\":\"https:\/\/broquetas.com\/fr\/producto\/pistolet-de-distribution-de-pate-electronique-et-flux-collant-30-55cc\/\",\"url\":\"https:\/\/broquetas.com\/fr\/producto\/pistolet-de-distribution-de-pate-electronique-et-flux-collant-30-55cc\/\",\"name\":\"PISTOLET DE DISTRIBUTION DE P\u00c2TE \u00c9LECTRONIQUE ET FLUX COLLANT 30\/55CC - BROQUETAS, S.L.\",\"isPartOf\":{\"@id\":\"https:\/\/broquetas.com\/#website\"},\"primaryImageOfPage\":{\"@id\":\"https:\/\/broquetas.com\/fr\/producto\/pistolet-de-distribution-de-pate-electronique-et-flux-collant-30-55cc\/#primaryimage\"},\"image\":{\"@id\":\"https:\/\/broquetas.com\/fr\/producto\/pistolet-de-distribution-de-pate-electronique-et-flux-collant-30-55cc\/#primaryimage\"},\"thumbnailUrl\":\"https:\/\/broquetas.com\/wp-content\/uploads\/2022\/12\/PISTOLA-DISPENSADORA-PASTA-scaled.jpg\",\"datePublished\":\"2022-12-01T11:38:21+00:00\",\"dateModified\":\"2022-12-01T11:38:22+00:00\",\"breadcrumb\":{\"@id\":\"https:\/\/broquetas.com\/fr\/producto\/pistolet-de-distribution-de-pate-electronique-et-flux-collant-30-55cc\/#breadcrumb\"},\"inLanguage\":\"fr-FR\",\"potentialAction\":[{\"@type\":\"ReadAction\",\"target\":[\"https:\/\/broquetas.com\/fr\/producto\/pistolet-de-distribution-de-pate-electronique-et-flux-collant-30-55cc\/\"]}]},{\"@type\":\"ImageObject\",\"inLanguage\":\"fr-FR\",\"@id\":\"https:\/\/broquetas.com\/fr\/producto\/pistolet-de-distribution-de-pate-electronique-et-flux-collant-30-55cc\/#primaryimage\",\"url\":\"https:\/\/broquetas.com\/wp-content\/uploads\/2022\/12\/PISTOLA-DISPENSADORA-PASTA-scaled.jpg\",\"contentUrl\":\"https:\/\/broquetas.com\/wp-content\/uploads\/2022\/12\/PISTOLA-DISPENSADORA-PASTA-scaled.jpg\",\"width\":2560,\"height\":1920},{\"@type\":\"BreadcrumbList\",\"@id\":\"https:\/\/broquetas.com\/fr\/producto\/pistolet-de-distribution-de-pate-electronique-et-flux-collant-30-55cc\/#breadcrumb\",\"itemListElement\":[{\"@type\":\"ListItem\",\"position\":1,\"name\":\"Home\",\"item\":\"https:\/\/broquetas.com\/\"},{\"@type\":\"ListItem\",\"position\":2,\"name\":\"Produits\",\"item\":\"https:\/\/broquetas.com\/fr\/produits\/\"},{\"@type\":\"ListItem\",\"position\":3,\"name\":\"PISTOLET DE DISTRIBUTION DE P\u00c2TE \u00c9LECTRONIQUE ET FLUX COLLANT 30\/55CC\"}]},{\"@type\":\"WebSite\",\"@id\":\"https:\/\/broquetas.com\/#website\",\"url\":\"https:\/\/broquetas.com\/\",\"name\":\"BROQUETAS, S.L.\",\"description\":\"\",\"publisher\":{\"@id\":\"https:\/\/broquetas.com\/#organization\"},\"potentialAction\":[{\"@type\":\"SearchAction\",\"target\":{\"@type\":\"EntryPoint\",\"urlTemplate\":\"https:\/\/broquetas.com\/?s={search_term_string}\"},\"query-input\":{\"@type\":\"PropertyValueSpecification\",\"valueRequired\":true,\"valueName\":\"search_term_string\"}}],\"inLanguage\":\"fr-FR\"},{\"@type\":\"Organization\",\"@id\":\"https:\/\/broquetas.com\/#organization\",\"name\":\"BROQUETAS S.L.\",\"url\":\"https:\/\/broquetas.com\/\",\"logo\":{\"@type\":\"ImageObject\",\"inLanguage\":\"fr-FR\",\"@id\":\"https:\/\/broquetas.com\/#\/schema\/logo\/image\/\",\"url\":\"https:\/\/broquetas.com\/wp-content\/uploads\/2021\/08\/logo-broquetas-dark.png\",\"contentUrl\":\"https:\/\/broquetas.com\/wp-content\/uploads\/2021\/08\/logo-broquetas-dark.png\",\"width\":262,\"height\":150,\"caption\":\"BROQUETAS S.L.\"},\"image\":{\"@id\":\"https:\/\/broquetas.com\/#\/schema\/logo\/image\/\"},\"sameAs\":[\"https:\/\/www.linkedin.com\/in\/broquetas-s-l-broquetas-99a22283\/\",\"https:\/\/www.youtube.com\/channel\/UCDYxB3N3CMqWo9DA-oyiAdg\"]}]}<\/script>\n<!-- \/ Yoast SEO plugin. -->","yoast_head_json":{"title":"PISTOLET DE DISTRIBUTION DE P\u00c2TE \u00c9LECTRONIQUE ET FLUX COLLANT 30\/55CC - BROQUETAS, S.L.","robots":{"index":"index","follow":"follow","max-snippet":"max-snippet:-1","max-image-preview":"max-image-preview:large","max-video-preview":"max-video-preview:-1"},"canonical":"https:\/\/broquetas.com\/fr\/producto\/pistolet-de-distribution-de-pate-electronique-et-flux-collant-30-55cc\/","og_locale":"fr_FR","og_type":"article","og_title":"PISTOLET DE DISTRIBUTION DE P\u00c2TE \u00c9LECTRONIQUE ET FLUX COLLANT 30\/55CC - BROQUETAS, S.L.","og_description":"Ce pistolet de distribution robuste et de haute qualit\u00e9 est con\u00e7u pour utiliser des cartouches de p\u00e2te et des flux, ce qui leur permet d\u2019\u00eatre distribu\u00e9s rapidement et efficacement et facilement dans une large gamme d\u2019applications. Le distributeur de pistolet l\u00e9ger est dot\u00e9 d\u2019une construction ABS grise, qui offre une excellente r\u00e9sistance \u00e0 la corrosion [&hellip;]","og_url":"https:\/\/broquetas.com\/fr\/producto\/pistolet-de-distribution-de-pate-electronique-et-flux-collant-30-55cc\/","og_site_name":"BROQUETAS, S.L.","article_modified_time":"2022-12-01T11:38:22+00:00","og_image":[{"width":2560,"height":1920,"url":"https:\/\/broquetas.com\/wp-content\/uploads\/2022\/12\/PISTOLA-DISPENSADORA-PASTA-scaled.jpg","type":"image\/jpeg"}],"twitter_card":"summary_large_image","twitter_misc":{"Dur\u00e9e de lecture estim\u00e9e":"1 minute"},"schema":{"@context":"https:\/\/schema.org","@graph":[{"@type":"WebPage","@id":"https:\/\/broquetas.com\/fr\/producto\/pistolet-de-distribution-de-pate-electronique-et-flux-collant-30-55cc\/","url":"https:\/\/broquetas.com\/fr\/producto\/pistolet-de-distribution-de-pate-electronique-et-flux-collant-30-55cc\/","name":"PISTOLET DE DISTRIBUTION DE P\u00c2TE \u00c9LECTRONIQUE ET FLUX COLLANT 30\/55CC - BROQUETAS, S.L.","isPartOf":{"@id":"https:\/\/broquetas.com\/#website"},"primaryImageOfPage":{"@id":"https:\/\/broquetas.com\/fr\/producto\/pistolet-de-distribution-de-pate-electronique-et-flux-collant-30-55cc\/#primaryimage"},"image":{"@id":"https:\/\/broquetas.com\/fr\/producto\/pistolet-de-distribution-de-pate-electronique-et-flux-collant-30-55cc\/#primaryimage"},"thumbnailUrl":"https:\/\/broquetas.com\/wp-content\/uploads\/2022\/12\/PISTOLA-DISPENSADORA-PASTA-scaled.jpg","datePublished":"2022-12-01T11:38:21+00:00","dateModified":"2022-12-01T11:38:22+00:00","breadcrumb":{"@id":"https:\/\/broquetas.com\/fr\/producto\/pistolet-de-distribution-de-pate-electronique-et-flux-collant-30-55cc\/#breadcrumb"},"inLanguage":"fr-FR","potentialAction":[{"@type":"ReadAction","target":["https:\/\/broquetas.com\/fr\/producto\/pistolet-de-distribution-de-pate-electronique-et-flux-collant-30-55cc\/"]}]},{"@type":"ImageObject","inLanguage":"fr-FR","@id":"https:\/\/broquetas.com\/fr\/producto\/pistolet-de-distribution-de-pate-electronique-et-flux-collant-30-55cc\/#primaryimage","url":"https:\/\/broquetas.com\/wp-content\/uploads\/2022\/12\/PISTOLA-DISPENSADORA-PASTA-scaled.jpg","contentUrl":"https:\/\/broquetas.com\/wp-content\/uploads\/2022\/12\/PISTOLA-DISPENSADORA-PASTA-scaled.jpg","width":2560,"height":1920},{"@type":"BreadcrumbList","@id":"https:\/\/broquetas.com\/fr\/producto\/pistolet-de-distribution-de-pate-electronique-et-flux-collant-30-55cc\/#breadcrumb","itemListElement":[{"@type":"ListItem","position":1,"name":"Home","item":"https:\/\/broquetas.com\/"},{"@type":"ListItem","position":2,"name":"Produits","item":"https:\/\/broquetas.com\/fr\/produits\/"},{"@type":"ListItem","position":3,"name":"PISTOLET DE DISTRIBUTION DE P\u00c2TE \u00c9LECTRONIQUE ET FLUX COLLANT 30\/55CC"}]},{"@type":"WebSite","@id":"https:\/\/broquetas.com\/#website","url":"https:\/\/broquetas.com\/","name":"BROQUETAS, S.L.","description":"","publisher":{"@id":"https:\/\/broquetas.com\/#organization"},"potentialAction":[{"@type":"SearchAction","target":{"@type":"EntryPoint","urlTemplate":"https:\/\/broquetas.com\/?s={search_term_string}"},"query-input":{"@type":"PropertyValueSpecification","valueRequired":true,"valueName":"search_term_string"}}],"inLanguage":"fr-FR"},{"@type":"Organization","@id":"https:\/\/broquetas.com\/#organization","name":"BROQUETAS S.L.","url":"https:\/\/broquetas.com\/","logo":{"@type":"ImageObject","inLanguage":"fr-FR","@id":"https:\/\/broquetas.com\/#\/schema\/logo\/image\/","url":"https:\/\/broquetas.com\/wp-content\/uploads\/2021\/08\/logo-broquetas-dark.png","contentUrl":"https:\/\/broquetas.com\/wp-content\/uploads\/2021\/08\/logo-broquetas-dark.png","width":262,"height":150,"caption":"BROQUETAS S.L."},"image":{"@id":"https:\/\/broquetas.com\/#\/schema\/logo\/image\/"},"sameAs":["https:\/\/www.linkedin.com\/in\/broquetas-s-l-broquetas-99a22283\/","https:\/\/www.youtube.com\/channel\/UCDYxB3N3CMqWo9DA-oyiAdg"]}]}},"_links":{"self":[{"href":"https:\/\/broquetas.com\/fr\/wp-json\/wp\/v2\/product\/9174","targetHints":{"allow":["GET"]}}],"collection":[{"href":"https:\/\/broquetas.com\/fr\/wp-json\/wp\/v2\/product"}],"about":[{"href":"https:\/\/broquetas.com\/fr\/wp-json\/wp\/v2\/types\/product"}],"replies":[{"embeddable":true,"href":"https:\/\/broquetas.com\/fr\/wp-json\/wp\/v2\/comments?post=9174"}],"wp:featuredmedia":[{"embeddable":true,"href":"https:\/\/broquetas.com\/fr\/wp-json\/wp\/v2\/media\/9171"}],"wp:attachment":[{"href":"https:\/\/broquetas.com\/fr\/wp-json\/wp\/v2\/media?parent=9174"}],"wp:term":[{"taxonomy":"product_brand","embeddable":true,"href":"https:\/\/broquetas.com\/fr\/wp-json\/wp\/v2\/product_brand?post=9174"},{"taxonomy":"product_cat","embeddable":true,"href":"https:\/\/broquetas.com\/fr\/wp-json\/wp\/v2\/product_cat?post=9174"},{"taxonomy":"product_tag","embeddable":true,"href":"https:\/\/broquetas.com\/fr\/wp-json\/wp\/v2\/product_tag?post=9174"}],"curies":[{"name":"wp","href":"https:\/\/api.w.org\/{rel}","templated":true}]}}