{"id":8124,"date":"2022-02-24T22:11:36","date_gmt":"2022-02-24T21:11:36","guid":{"rendered":"https:\/\/broquetas.com\/producto\/browool\/"},"modified":"2022-08-01T16:11:29","modified_gmt":"2022-08-01T14:11:29","slug":"browool","status":"publish","type":"product","link":"https:\/\/broquetas.com\/fr\/producto\/browool\/","title":{"rendered":"BROWOOL"},"content":{"rendered":"<p>Laine d\u2019acier<br \/>\n  avec filaments et rebord tranchant. C\u2019est un mat\u00e9riel facilement moulable, ce<br \/>\n  qui permet d\u2019adapter sa forme aux besoins sp\u00e9cifiques de chaque application.<br \/>\n  Gr\u00e2ce \u00e0 une majeure densit\u00e9 constitue l\u2019abrasif id\u00e9al pour traiter les<br \/>\n  surfaces de bois ainsi que le m\u00e9tal. Gr\u00e2ce \u00e0 ses propri\u00e9t\u00e9s la laine d\u2019acier<br \/>\n  a des applications en plusieurs secteurs tels que la construction,<br \/>\n  l\u2019automation, nettoyage, environnemental, etc.<\/p>\n","protected":false},"excerpt":{"rendered":"<p>LAINS D\u2019ACIER<br \/>\n  POUR TRAVAUX DE SOUDURE<\/p>\n","protected":false},"featured_media":6249,"comment_status":"open","ping_status":"closed","template":"","meta":{"_joinchat":[]},"product_brand":[],"product_cat":[138,171,169,140],"product_tag":[],"class_list":{"0":"post-8124","1":"product","2":"type-product","3":"status-publish","4":"has-post-thumbnail","6":"product_cat-artisanat-orfevrerie","7":"product_cat-auxiliaires","8":"product_cat-brasage-fort","9":"product_cat-brasage-tendre","11":"first","12":"instock","13":"taxable","14":"shipping-taxable","15":"product-type-simple"},"yoast_head":"<!-- This site is optimized with the Yoast SEO plugin v26.9 - https:\/\/yoast.com\/product\/yoast-seo-wordpress\/ -->\n<title>BROWOOL - BROQUETAS, S.L.<\/title>\n<meta name=\"description\" content=\"Sp\u00e9cialistes des alliages et des produits auxiliaires pour le brasage tendre et le brasage adapt\u00e9s aux joints de tuyaux en cuivre.\" \/>\n<meta name=\"robots\" content=\"index, follow, max-snippet:-1, max-image-preview:large, max-video-preview:-1\" \/>\n<link rel=\"canonical\" href=\"https:\/\/broquetas.com\/fr\/producto\/browool\/\" \/>\n<meta property=\"og:locale\" content=\"fr_FR\" \/>\n<meta property=\"og:type\" content=\"article\" \/>\n<meta property=\"og:title\" content=\"BROWOOL - BROQUETAS, S.L.\" \/>\n<meta property=\"og:description\" content=\"Sp\u00e9cialistes des alliages et des produits auxiliaires pour le brasage tendre et le brasage adapt\u00e9s aux joints de tuyaux en cuivre.\" \/>\n<meta property=\"og:url\" content=\"https:\/\/broquetas.com\/fr\/producto\/browool\/\" \/>\n<meta property=\"og:site_name\" content=\"BROQUETAS, S.L.\" \/>\n<meta property=\"article:modified_time\" content=\"2022-08-01T14:11:29+00:00\" \/>\n<meta property=\"og:image\" content=\"https:\/\/broquetas.com\/wp-content\/uploads\/2022\/02\/B80000-00000-00000-1024x768.png\" \/>\n\t<meta property=\"og:image:width\" content=\"1024\" \/>\n\t<meta property=\"og:image:height\" content=\"768\" \/>\n\t<meta property=\"og:image:type\" content=\"image\/png\" \/>\n<meta name=\"twitter:card\" content=\"summary_large_image\" \/>\n<script type=\"application\/ld+json\" class=\"yoast-schema-graph\">{\"@context\":\"https:\/\/schema.org\",\"@graph\":[{\"@type\":\"WebPage\",\"@id\":\"https:\/\/broquetas.com\/fr\/producto\/browool\/\",\"url\":\"https:\/\/broquetas.com\/fr\/producto\/browool\/\",\"name\":\"BROWOOL - BROQUETAS, S.L.\",\"isPartOf\":{\"@id\":\"https:\/\/broquetas.com\/#website\"},\"primaryImageOfPage\":{\"@id\":\"https:\/\/broquetas.com\/fr\/producto\/browool\/#primaryimage\"},\"image\":{\"@id\":\"https:\/\/broquetas.com\/fr\/producto\/browool\/#primaryimage\"},\"thumbnailUrl\":\"https:\/\/broquetas.com\/wp-content\/uploads\/2022\/02\/B80000-00000-00000.png\",\"datePublished\":\"2022-02-24T21:11:36+00:00\",\"dateModified\":\"2022-08-01T14:11:29+00:00\",\"description\":\"Sp\u00e9cialistes des alliages et des produits auxiliaires pour le brasage tendre et le brasage adapt\u00e9s aux joints de tuyaux en cuivre.\",\"breadcrumb\":{\"@id\":\"https:\/\/broquetas.com\/fr\/producto\/browool\/#breadcrumb\"},\"inLanguage\":\"fr-FR\",\"potentialAction\":[{\"@type\":\"ReadAction\",\"target\":[\"https:\/\/broquetas.com\/fr\/producto\/browool\/\"]}]},{\"@type\":\"ImageObject\",\"inLanguage\":\"fr-FR\",\"@id\":\"https:\/\/broquetas.com\/fr\/producto\/browool\/#primaryimage\",\"url\":\"https:\/\/broquetas.com\/wp-content\/uploads\/2022\/02\/B80000-00000-00000.png\",\"contentUrl\":\"https:\/\/broquetas.com\/wp-content\/uploads\/2022\/02\/B80000-00000-00000.png\",\"width\":4032,\"height\":3024},{\"@type\":\"BreadcrumbList\",\"@id\":\"https:\/\/broquetas.com\/fr\/producto\/browool\/#breadcrumb\",\"itemListElement\":[{\"@type\":\"ListItem\",\"position\":1,\"name\":\"Home\",\"item\":\"https:\/\/broquetas.com\/\"},{\"@type\":\"ListItem\",\"position\":2,\"name\":\"Produits\",\"item\":\"https:\/\/broquetas.com\/fr\/produits\/\"},{\"@type\":\"ListItem\",\"position\":3,\"name\":\"BROWOOL\"}]},{\"@type\":\"WebSite\",\"@id\":\"https:\/\/broquetas.com\/#website\",\"url\":\"https:\/\/broquetas.com\/\",\"name\":\"BROQUETAS, S.L.\",\"description\":\"\",\"publisher\":{\"@id\":\"https:\/\/broquetas.com\/#organization\"},\"potentialAction\":[{\"@type\":\"SearchAction\",\"target\":{\"@type\":\"EntryPoint\",\"urlTemplate\":\"https:\/\/broquetas.com\/?s={search_term_string}\"},\"query-input\":{\"@type\":\"PropertyValueSpecification\",\"valueRequired\":true,\"valueName\":\"search_term_string\"}}],\"inLanguage\":\"fr-FR\"},{\"@type\":\"Organization\",\"@id\":\"https:\/\/broquetas.com\/#organization\",\"name\":\"BROQUETAS S.L.\",\"url\":\"https:\/\/broquetas.com\/\",\"logo\":{\"@type\":\"ImageObject\",\"inLanguage\":\"fr-FR\",\"@id\":\"https:\/\/broquetas.com\/#\/schema\/logo\/image\/\",\"url\":\"https:\/\/broquetas.com\/wp-content\/uploads\/2021\/08\/logo-broquetas-dark.png\",\"contentUrl\":\"https:\/\/broquetas.com\/wp-content\/uploads\/2021\/08\/logo-broquetas-dark.png\",\"width\":262,\"height\":150,\"caption\":\"BROQUETAS S.L.\"},\"image\":{\"@id\":\"https:\/\/broquetas.com\/#\/schema\/logo\/image\/\"},\"sameAs\":[\"https:\/\/www.linkedin.com\/in\/broquetas-s-l-broquetas-99a22283\/\",\"https:\/\/www.youtube.com\/channel\/UCDYxB3N3CMqWo9DA-oyiAdg\"]}]}<\/script>\n<!-- \/ Yoast SEO plugin. -->","yoast_head_json":{"title":"BROWOOL - BROQUETAS, S.L.","description":"Sp\u00e9cialistes des alliages et des produits auxiliaires pour le brasage tendre et le brasage adapt\u00e9s aux joints de tuyaux en cuivre.","robots":{"index":"index","follow":"follow","max-snippet":"max-snippet:-1","max-image-preview":"max-image-preview:large","max-video-preview":"max-video-preview:-1"},"canonical":"https:\/\/broquetas.com\/fr\/producto\/browool\/","og_locale":"fr_FR","og_type":"article","og_title":"BROWOOL - BROQUETAS, S.L.","og_description":"Sp\u00e9cialistes des alliages et des produits auxiliaires pour le brasage tendre et le brasage adapt\u00e9s aux joints de tuyaux en cuivre.","og_url":"https:\/\/broquetas.com\/fr\/producto\/browool\/","og_site_name":"BROQUETAS, S.L.","article_modified_time":"2022-08-01T14:11:29+00:00","og_image":[{"width":1024,"height":768,"url":"https:\/\/broquetas.com\/wp-content\/uploads\/2022\/02\/B80000-00000-00000-1024x768.png","type":"image\/png"}],"twitter_card":"summary_large_image","schema":{"@context":"https:\/\/schema.org","@graph":[{"@type":"WebPage","@id":"https:\/\/broquetas.com\/fr\/producto\/browool\/","url":"https:\/\/broquetas.com\/fr\/producto\/browool\/","name":"BROWOOL - BROQUETAS, S.L.","isPartOf":{"@id":"https:\/\/broquetas.com\/#website"},"primaryImageOfPage":{"@id":"https:\/\/broquetas.com\/fr\/producto\/browool\/#primaryimage"},"image":{"@id":"https:\/\/broquetas.com\/fr\/producto\/browool\/#primaryimage"},"thumbnailUrl":"https:\/\/broquetas.com\/wp-content\/uploads\/2022\/02\/B80000-00000-00000.png","datePublished":"2022-02-24T21:11:36+00:00","dateModified":"2022-08-01T14:11:29+00:00","description":"Sp\u00e9cialistes des alliages et des produits auxiliaires pour le brasage tendre et le brasage adapt\u00e9s aux joints de tuyaux en cuivre.","breadcrumb":{"@id":"https:\/\/broquetas.com\/fr\/producto\/browool\/#breadcrumb"},"inLanguage":"fr-FR","potentialAction":[{"@type":"ReadAction","target":["https:\/\/broquetas.com\/fr\/producto\/browool\/"]}]},{"@type":"ImageObject","inLanguage":"fr-FR","@id":"https:\/\/broquetas.com\/fr\/producto\/browool\/#primaryimage","url":"https:\/\/broquetas.com\/wp-content\/uploads\/2022\/02\/B80000-00000-00000.png","contentUrl":"https:\/\/broquetas.com\/wp-content\/uploads\/2022\/02\/B80000-00000-00000.png","width":4032,"height":3024},{"@type":"BreadcrumbList","@id":"https:\/\/broquetas.com\/fr\/producto\/browool\/#breadcrumb","itemListElement":[{"@type":"ListItem","position":1,"name":"Home","item":"https:\/\/broquetas.com\/"},{"@type":"ListItem","position":2,"name":"Produits","item":"https:\/\/broquetas.com\/fr\/produits\/"},{"@type":"ListItem","position":3,"name":"BROWOOL"}]},{"@type":"WebSite","@id":"https:\/\/broquetas.com\/#website","url":"https:\/\/broquetas.com\/","name":"BROQUETAS, S.L.","description":"","publisher":{"@id":"https:\/\/broquetas.com\/#organization"},"potentialAction":[{"@type":"SearchAction","target":{"@type":"EntryPoint","urlTemplate":"https:\/\/broquetas.com\/?s={search_term_string}"},"query-input":{"@type":"PropertyValueSpecification","valueRequired":true,"valueName":"search_term_string"}}],"inLanguage":"fr-FR"},{"@type":"Organization","@id":"https:\/\/broquetas.com\/#organization","name":"BROQUETAS S.L.","url":"https:\/\/broquetas.com\/","logo":{"@type":"ImageObject","inLanguage":"fr-FR","@id":"https:\/\/broquetas.com\/#\/schema\/logo\/image\/","url":"https:\/\/broquetas.com\/wp-content\/uploads\/2021\/08\/logo-broquetas-dark.png","contentUrl":"https:\/\/broquetas.com\/wp-content\/uploads\/2021\/08\/logo-broquetas-dark.png","width":262,"height":150,"caption":"BROQUETAS S.L."},"image":{"@id":"https:\/\/broquetas.com\/#\/schema\/logo\/image\/"},"sameAs":["https:\/\/www.linkedin.com\/in\/broquetas-s-l-broquetas-99a22283\/","https:\/\/www.youtube.com\/channel\/UCDYxB3N3CMqWo9DA-oyiAdg"]}]}},"_links":{"self":[{"href":"https:\/\/broquetas.com\/fr\/wp-json\/wp\/v2\/product\/8124","targetHints":{"allow":["GET"]}}],"collection":[{"href":"https:\/\/broquetas.com\/fr\/wp-json\/wp\/v2\/product"}],"about":[{"href":"https:\/\/broquetas.com\/fr\/wp-json\/wp\/v2\/types\/product"}],"replies":[{"embeddable":true,"href":"https:\/\/broquetas.com\/fr\/wp-json\/wp\/v2\/comments?post=8124"}],"wp:featuredmedia":[{"embeddable":true,"href":"https:\/\/broquetas.com\/fr\/wp-json\/wp\/v2\/media\/6249"}],"wp:attachment":[{"href":"https:\/\/broquetas.com\/fr\/wp-json\/wp\/v2\/media?parent=8124"}],"wp:term":[{"taxonomy":"product_brand","embeddable":true,"href":"https:\/\/broquetas.com\/fr\/wp-json\/wp\/v2\/product_brand?post=8124"},{"taxonomy":"product_cat","embeddable":true,"href":"https:\/\/broquetas.com\/fr\/wp-json\/wp\/v2\/product_cat?post=8124"},{"taxonomy":"product_tag","embeddable":true,"href":"https:\/\/broquetas.com\/fr\/wp-json\/wp\/v2\/product_tag?post=8124"}],"curies":[{"name":"wp","href":"https:\/\/api.w.org\/{rel}","templated":true}]}}