{"id":8043,"date":"2022-02-24T22:12:38","date_gmt":"2022-02-24T21:12:38","guid":{"rendered":"https:\/\/broquetas.com\/producto\/bro-flux-laton-rosa\/"},"modified":"2022-08-01T16:10:52","modified_gmt":"2022-08-01T14:10:52","slug":"bro-flux-laton-rosa","status":"publish","type":"product","link":"https:\/\/broquetas.com\/fr\/producto\/bro-flux-laton-rosa\/","title":{"rendered":"BRO FLUX LAT\u00d3N ROSA"},"content":{"rendered":"<p>D\u00e9soxydant en<br \/>\n  poudre. Selon AWS FB3-A et EN 1045 : FH 21. c&rsquo;est un d\u00e9soxydant en poudre<br \/>\n  adapt\u00e9 pour le brasage du laiton et pour le brasage du cuivre, du bronze et<br \/>\n  des alliages ferreux. \u00c9galement galvanis\u00e9 avec un mat\u00e9riau d&rsquo;apport en cuivre<br \/>\n  60\/40, du silicium, du nickel, du mangan\u00e8se et de l&rsquo;\u00e9tain. Le d\u00e9soxydant est<br \/>\n  adapt\u00e9 pour \u00eatre utilis\u00e9 dans les proc\u00e9d\u00e9s de brasage et de soudage par<br \/>\n  induction et \u00e0 la flamme.<\/p>\n","protected":false},"excerpt":{"rendered":"<p>POUSSIERE<br \/>\n  FONDANTE DESOXYDANTE POUR SOUDURE AVEC BARRE LAITON<\/p>\n","protected":false},"featured_media":5649,"comment_status":"open","ping_status":"closed","template":"","meta":{"_joinchat":[]},"product_brand":[],"product_cat":[138,500,170,497],"product_tag":[],"class_list":{"0":"post-8043","1":"product","2":"type-product","3":"status-publish","4":"has-post-thumbnail","6":"product_cat-artisanat-orfevrerie","7":"product_cat-craftwork-2-ca","8":"product_cat-decapants","9":"product_cat-fluxes-plumbing-and-hvac-r-2-ca","11":"first","12":"instock","13":"taxable","14":"shipping-taxable","15":"product-type-simple"},"yoast_head":"<!-- This site is optimized with the Yoast SEO plugin v26.9 - https:\/\/yoast.com\/product\/yoast-seo-wordpress\/ -->\n<title>BRO FLUX LAT\u00d3N ROSA - BROQUETAS, S.L.<\/title>\n<meta name=\"description\" content=\"Sp\u00e9cialistes des alliages et des produits auxiliaires pour le brasage tendre et le brasage adapt\u00e9s aux joints de tuyaux en cuivre.\" \/>\n<meta name=\"robots\" content=\"index, follow, max-snippet:-1, max-image-preview:large, max-video-preview:-1\" \/>\n<link rel=\"canonical\" href=\"https:\/\/broquetas.com\/fr\/producto\/bro-flux-laton-rosa\/\" \/>\n<meta property=\"og:locale\" content=\"fr_FR\" \/>\n<meta property=\"og:type\" content=\"article\" \/>\n<meta property=\"og:title\" content=\"BRO FLUX LAT\u00d3N ROSA - BROQUETAS, S.L.\" \/>\n<meta property=\"og:description\" content=\"Sp\u00e9cialistes des alliages et des produits auxiliaires pour le brasage tendre et le brasage adapt\u00e9s aux joints de tuyaux en cuivre.\" \/>\n<meta property=\"og:url\" content=\"https:\/\/broquetas.com\/fr\/producto\/bro-flux-laton-rosa\/\" \/>\n<meta property=\"og:site_name\" content=\"BROQUETAS, S.L.\" \/>\n<meta property=\"article:modified_time\" content=\"2022-08-01T14:10:52+00:00\" \/>\n<meta property=\"og:image\" content=\"https:\/\/broquetas.com\/wp-content\/uploads\/2022\/01\/LOGO-WEB-PRODUCTOS.png\" \/>\n\t<meta property=\"og:image:width\" content=\"1080\" \/>\n\t<meta property=\"og:image:height\" content=\"1080\" \/>\n\t<meta property=\"og:image:type\" content=\"image\/png\" \/>\n<meta name=\"twitter:card\" content=\"summary_large_image\" \/>\n<script type=\"application\/ld+json\" class=\"yoast-schema-graph\">{\"@context\":\"https:\/\/schema.org\",\"@graph\":[{\"@type\":\"WebPage\",\"@id\":\"https:\/\/broquetas.com\/fr\/producto\/bro-flux-laton-rosa\/\",\"url\":\"https:\/\/broquetas.com\/fr\/producto\/bro-flux-laton-rosa\/\",\"name\":\"BRO FLUX LAT\u00d3N ROSA - BROQUETAS, S.L.\",\"isPartOf\":{\"@id\":\"https:\/\/broquetas.com\/#website\"},\"primaryImageOfPage\":{\"@id\":\"https:\/\/broquetas.com\/fr\/producto\/bro-flux-laton-rosa\/#primaryimage\"},\"image\":{\"@id\":\"https:\/\/broquetas.com\/fr\/producto\/bro-flux-laton-rosa\/#primaryimage\"},\"thumbnailUrl\":\"https:\/\/broquetas.com\/wp-content\/uploads\/2022\/01\/LOGO-WEB-PRODUCTOS.png\",\"datePublished\":\"2022-02-24T21:12:38+00:00\",\"dateModified\":\"2022-08-01T14:10:52+00:00\",\"description\":\"Sp\u00e9cialistes des alliages et des produits auxiliaires pour le brasage tendre et le brasage adapt\u00e9s aux joints de tuyaux en cuivre.\",\"breadcrumb\":{\"@id\":\"https:\/\/broquetas.com\/fr\/producto\/bro-flux-laton-rosa\/#breadcrumb\"},\"inLanguage\":\"fr-FR\",\"potentialAction\":[{\"@type\":\"ReadAction\",\"target\":[\"https:\/\/broquetas.com\/fr\/producto\/bro-flux-laton-rosa\/\"]}]},{\"@type\":\"ImageObject\",\"inLanguage\":\"fr-FR\",\"@id\":\"https:\/\/broquetas.com\/fr\/producto\/bro-flux-laton-rosa\/#primaryimage\",\"url\":\"https:\/\/broquetas.com\/wp-content\/uploads\/2022\/01\/LOGO-WEB-PRODUCTOS.png\",\"contentUrl\":\"https:\/\/broquetas.com\/wp-content\/uploads\/2022\/01\/LOGO-WEB-PRODUCTOS.png\",\"width\":1080,\"height\":1080},{\"@type\":\"BreadcrumbList\",\"@id\":\"https:\/\/broquetas.com\/fr\/producto\/bro-flux-laton-rosa\/#breadcrumb\",\"itemListElement\":[{\"@type\":\"ListItem\",\"position\":1,\"name\":\"Home\",\"item\":\"https:\/\/broquetas.com\/\"},{\"@type\":\"ListItem\",\"position\":2,\"name\":\"Produits\",\"item\":\"https:\/\/broquetas.com\/fr\/produits\/\"},{\"@type\":\"ListItem\",\"position\":3,\"name\":\"BRO FLUX LAT\u00d3N ROSA\"}]},{\"@type\":\"WebSite\",\"@id\":\"https:\/\/broquetas.com\/#website\",\"url\":\"https:\/\/broquetas.com\/\",\"name\":\"BROQUETAS, S.L.\",\"description\":\"\",\"publisher\":{\"@id\":\"https:\/\/broquetas.com\/#organization\"},\"potentialAction\":[{\"@type\":\"SearchAction\",\"target\":{\"@type\":\"EntryPoint\",\"urlTemplate\":\"https:\/\/broquetas.com\/?s={search_term_string}\"},\"query-input\":{\"@type\":\"PropertyValueSpecification\",\"valueRequired\":true,\"valueName\":\"search_term_string\"}}],\"inLanguage\":\"fr-FR\"},{\"@type\":\"Organization\",\"@id\":\"https:\/\/broquetas.com\/#organization\",\"name\":\"BROQUETAS S.L.\",\"url\":\"https:\/\/broquetas.com\/\",\"logo\":{\"@type\":\"ImageObject\",\"inLanguage\":\"fr-FR\",\"@id\":\"https:\/\/broquetas.com\/#\/schema\/logo\/image\/\",\"url\":\"https:\/\/broquetas.com\/wp-content\/uploads\/2021\/08\/logo-broquetas-dark.png\",\"contentUrl\":\"https:\/\/broquetas.com\/wp-content\/uploads\/2021\/08\/logo-broquetas-dark.png\",\"width\":262,\"height\":150,\"caption\":\"BROQUETAS S.L.\"},\"image\":{\"@id\":\"https:\/\/broquetas.com\/#\/schema\/logo\/image\/\"},\"sameAs\":[\"https:\/\/www.linkedin.com\/in\/broquetas-s-l-broquetas-99a22283\/\",\"https:\/\/www.youtube.com\/channel\/UCDYxB3N3CMqWo9DA-oyiAdg\"]}]}<\/script>\n<!-- \/ Yoast SEO plugin. -->","yoast_head_json":{"title":"BRO FLUX LAT\u00d3N ROSA - BROQUETAS, S.L.","description":"Sp\u00e9cialistes des alliages et des produits auxiliaires pour le brasage tendre et le brasage adapt\u00e9s aux joints de tuyaux en cuivre.","robots":{"index":"index","follow":"follow","max-snippet":"max-snippet:-1","max-image-preview":"max-image-preview:large","max-video-preview":"max-video-preview:-1"},"canonical":"https:\/\/broquetas.com\/fr\/producto\/bro-flux-laton-rosa\/","og_locale":"fr_FR","og_type":"article","og_title":"BRO FLUX LAT\u00d3N ROSA - BROQUETAS, S.L.","og_description":"Sp\u00e9cialistes des alliages et des produits auxiliaires pour le brasage tendre et le brasage adapt\u00e9s aux joints de tuyaux en cuivre.","og_url":"https:\/\/broquetas.com\/fr\/producto\/bro-flux-laton-rosa\/","og_site_name":"BROQUETAS, S.L.","article_modified_time":"2022-08-01T14:10:52+00:00","og_image":[{"width":1080,"height":1080,"url":"https:\/\/broquetas.com\/wp-content\/uploads\/2022\/01\/LOGO-WEB-PRODUCTOS.png","type":"image\/png"}],"twitter_card":"summary_large_image","schema":{"@context":"https:\/\/schema.org","@graph":[{"@type":"WebPage","@id":"https:\/\/broquetas.com\/fr\/producto\/bro-flux-laton-rosa\/","url":"https:\/\/broquetas.com\/fr\/producto\/bro-flux-laton-rosa\/","name":"BRO FLUX LAT\u00d3N ROSA - BROQUETAS, S.L.","isPartOf":{"@id":"https:\/\/broquetas.com\/#website"},"primaryImageOfPage":{"@id":"https:\/\/broquetas.com\/fr\/producto\/bro-flux-laton-rosa\/#primaryimage"},"image":{"@id":"https:\/\/broquetas.com\/fr\/producto\/bro-flux-laton-rosa\/#primaryimage"},"thumbnailUrl":"https:\/\/broquetas.com\/wp-content\/uploads\/2022\/01\/LOGO-WEB-PRODUCTOS.png","datePublished":"2022-02-24T21:12:38+00:00","dateModified":"2022-08-01T14:10:52+00:00","description":"Sp\u00e9cialistes des alliages et des produits auxiliaires pour le brasage tendre et le brasage adapt\u00e9s aux joints de tuyaux en cuivre.","breadcrumb":{"@id":"https:\/\/broquetas.com\/fr\/producto\/bro-flux-laton-rosa\/#breadcrumb"},"inLanguage":"fr-FR","potentialAction":[{"@type":"ReadAction","target":["https:\/\/broquetas.com\/fr\/producto\/bro-flux-laton-rosa\/"]}]},{"@type":"ImageObject","inLanguage":"fr-FR","@id":"https:\/\/broquetas.com\/fr\/producto\/bro-flux-laton-rosa\/#primaryimage","url":"https:\/\/broquetas.com\/wp-content\/uploads\/2022\/01\/LOGO-WEB-PRODUCTOS.png","contentUrl":"https:\/\/broquetas.com\/wp-content\/uploads\/2022\/01\/LOGO-WEB-PRODUCTOS.png","width":1080,"height":1080},{"@type":"BreadcrumbList","@id":"https:\/\/broquetas.com\/fr\/producto\/bro-flux-laton-rosa\/#breadcrumb","itemListElement":[{"@type":"ListItem","position":1,"name":"Home","item":"https:\/\/broquetas.com\/"},{"@type":"ListItem","position":2,"name":"Produits","item":"https:\/\/broquetas.com\/fr\/produits\/"},{"@type":"ListItem","position":3,"name":"BRO FLUX LAT\u00d3N ROSA"}]},{"@type":"WebSite","@id":"https:\/\/broquetas.com\/#website","url":"https:\/\/broquetas.com\/","name":"BROQUETAS, S.L.","description":"","publisher":{"@id":"https:\/\/broquetas.com\/#organization"},"potentialAction":[{"@type":"SearchAction","target":{"@type":"EntryPoint","urlTemplate":"https:\/\/broquetas.com\/?s={search_term_string}"},"query-input":{"@type":"PropertyValueSpecification","valueRequired":true,"valueName":"search_term_string"}}],"inLanguage":"fr-FR"},{"@type":"Organization","@id":"https:\/\/broquetas.com\/#organization","name":"BROQUETAS S.L.","url":"https:\/\/broquetas.com\/","logo":{"@type":"ImageObject","inLanguage":"fr-FR","@id":"https:\/\/broquetas.com\/#\/schema\/logo\/image\/","url":"https:\/\/broquetas.com\/wp-content\/uploads\/2021\/08\/logo-broquetas-dark.png","contentUrl":"https:\/\/broquetas.com\/wp-content\/uploads\/2021\/08\/logo-broquetas-dark.png","width":262,"height":150,"caption":"BROQUETAS S.L."},"image":{"@id":"https:\/\/broquetas.com\/#\/schema\/logo\/image\/"},"sameAs":["https:\/\/www.linkedin.com\/in\/broquetas-s-l-broquetas-99a22283\/","https:\/\/www.youtube.com\/channel\/UCDYxB3N3CMqWo9DA-oyiAdg"]}]}},"_links":{"self":[{"href":"https:\/\/broquetas.com\/fr\/wp-json\/wp\/v2\/product\/8043","targetHints":{"allow":["GET"]}}],"collection":[{"href":"https:\/\/broquetas.com\/fr\/wp-json\/wp\/v2\/product"}],"about":[{"href":"https:\/\/broquetas.com\/fr\/wp-json\/wp\/v2\/types\/product"}],"replies":[{"embeddable":true,"href":"https:\/\/broquetas.com\/fr\/wp-json\/wp\/v2\/comments?post=8043"}],"wp:featuredmedia":[{"embeddable":true,"href":"https:\/\/broquetas.com\/fr\/wp-json\/wp\/v2\/media\/5649"}],"wp:attachment":[{"href":"https:\/\/broquetas.com\/fr\/wp-json\/wp\/v2\/media?parent=8043"}],"wp:term":[{"taxonomy":"product_brand","embeddable":true,"href":"https:\/\/broquetas.com\/fr\/wp-json\/wp\/v2\/product_brand?post=8043"},{"taxonomy":"product_cat","embeddable":true,"href":"https:\/\/broquetas.com\/fr\/wp-json\/wp\/v2\/product_cat?post=8043"},{"taxonomy":"product_tag","embeddable":true,"href":"https:\/\/broquetas.com\/fr\/wp-json\/wp\/v2\/product_tag?post=8043"}],"curies":[{"name":"wp","href":"https:\/\/api.w.org\/{rel}","templated":true}]}}