{"id":8034,"date":"2022-02-24T22:12:47","date_gmt":"2022-02-24T21:12:47","guid":{"rendered":"https:\/\/broquetas.com\/producto\/fluidix-1m-eco-garrafa-10l\/"},"modified":"2022-08-01T16:10:43","modified_gmt":"2022-08-01T14:10:43","slug":"fluidix-1m-eco-garrafa-10l","status":"publish","type":"product","link":"https:\/\/broquetas.com\/fr\/producto\/fluidix-1m-eco-garrafa-10l\/","title":{"rendered":"FLUIDIX 1M ECO GARRAFA 10L"},"content":{"rendered":"<p>Flux liquide<br \/>\n  pour le brasage d&rsquo;alliages hautement r\u00e9sistants \u00e0 la chaleur tels que le<br \/>\n  laiton, le bronze et l&rsquo;acier inoxydable, selon UNE-EN 1045\u00a0: 1997<br \/>\n  FLUIDIX 1M est un flux liquide pour le brasage \u00e0 faible teneur en solides,<br \/>\n  pr\u00e9sentant une excellente activit\u00e9 capillaire pour le travail avec des<br \/>\n  alliages dans des joints serr\u00e9s. Ce flux pr\u00e9sente une forte action de<br \/>\n  balayage sur la plupart des oxydes m\u00e9talliques, \u00e9liminant les oxydes, le<br \/>\n  tartre et d&rsquo;autres impuret\u00e9s pour obtenir des joints \u00e9troitement soud\u00e9s.<br \/>\n  FLUIDIX 1M est actif dans la plage de temp\u00e9rature de 700 \u00e0 1100 \u00b0C. Il peut<br \/>\n  \u00eatre utilis\u00e9 pour braser le laiton, le cuivre, l&rsquo;acier, l&rsquo;acier inoxydable,<br \/>\n  la fonte mall\u00e9able et les alliages r\u00e9sistants \u00e0 la chaleur. Le flux liquide<br \/>\n  FLUIDIX 1M favorise la p\u00e9n\u00e9tration profonde du m\u00e9tal d&rsquo;apport dans les<br \/>\n  joints, r\u00e9sultant en une liaison m\u00e9tallique forte et stable. Ce flux se<br \/>\n  dissout rapidement et \u00e9limine les oxydes pr\u00e9sents, avec un minimum de bulles,<br \/>\n  gardant les joints de joint exempts d&rsquo;impuret\u00e9s et de porosit\u00e9.<\/p>\n","protected":false},"excerpt":{"rendered":"<p>FLUX LIQUIDE<br \/>\n  POUR LE BRASAGE \u00c0 FAIBLE ACTIVATION<\/p>\n","protected":false},"featured_media":6245,"comment_status":"open","ping_status":"closed","template":"","meta":{"_joinchat":[]},"product_brand":[],"product_cat":[169,490,170,497],"product_tag":[],"class_list":{"0":"post-8034","1":"product","2":"type-product","3":"status-publish","4":"has-post-thumbnail","6":"product_cat-brasage-fort","7":"product_cat-brazing-plumbing-and-hvac-r-2-ca","8":"product_cat-decapants","9":"product_cat-fluxes-plumbing-and-hvac-r-2-ca","11":"first","12":"instock","13":"taxable","14":"shipping-taxable","15":"product-type-simple"},"yoast_head":"<!-- This site is optimized with the Yoast SEO plugin v26.9 - https:\/\/yoast.com\/product\/yoast-seo-wordpress\/ -->\n<title>FLUIDIX 1M ECO GARRAFA 10L - BROQUETAS, S.L.<\/title>\n<meta name=\"description\" content=\"Broquetas est sp\u00e9cialis\u00e9e dans la fabrication d&#039;alliages et de produits pour la plomberie et toutes ses applications.\" \/>\n<meta name=\"robots\" content=\"index, follow, max-snippet:-1, max-image-preview:large, max-video-preview:-1\" \/>\n<link rel=\"canonical\" href=\"https:\/\/broquetas.com\/fr\/producto\/fluidix-1m-eco-garrafa-10l\/\" \/>\n<meta property=\"og:locale\" content=\"fr_FR\" \/>\n<meta property=\"og:type\" content=\"article\" \/>\n<meta property=\"og:title\" content=\"FLUIDIX 1M ECO GARRAFA 10L - BROQUETAS, S.L.\" \/>\n<meta property=\"og:description\" content=\"Broquetas est sp\u00e9cialis\u00e9e dans la fabrication d&#039;alliages et de produits pour la plomberie et toutes ses applications.\" \/>\n<meta property=\"og:url\" content=\"https:\/\/broquetas.com\/fr\/producto\/fluidix-1m-eco-garrafa-10l\/\" \/>\n<meta property=\"og:site_name\" content=\"BROQUETAS, S.L.\" \/>\n<meta property=\"article:modified_time\" content=\"2022-08-01T14:10:43+00:00\" \/>\n<meta property=\"og:image\" content=\"https:\/\/broquetas.com\/wp-content\/uploads\/2022\/02\/B79000-31000-00060-768x1024.png\" \/>\n\t<meta property=\"og:image:width\" content=\"768\" \/>\n\t<meta property=\"og:image:height\" content=\"1024\" \/>\n\t<meta property=\"og:image:type\" content=\"image\/png\" \/>\n<meta name=\"twitter:card\" content=\"summary_large_image\" \/>\n<meta name=\"twitter:label1\" content=\"Dur\u00e9e de lecture estim\u00e9e\" \/>\n\t<meta name=\"twitter:data1\" content=\"1 minute\" \/>\n<script type=\"application\/ld+json\" class=\"yoast-schema-graph\">{\"@context\":\"https:\/\/schema.org\",\"@graph\":[{\"@type\":\"WebPage\",\"@id\":\"https:\/\/broquetas.com\/fr\/producto\/fluidix-1m-eco-garrafa-10l\/\",\"url\":\"https:\/\/broquetas.com\/fr\/producto\/fluidix-1m-eco-garrafa-10l\/\",\"name\":\"FLUIDIX 1M ECO GARRAFA 10L - BROQUETAS, S.L.\",\"isPartOf\":{\"@id\":\"https:\/\/broquetas.com\/#website\"},\"primaryImageOfPage\":{\"@id\":\"https:\/\/broquetas.com\/fr\/producto\/fluidix-1m-eco-garrafa-10l\/#primaryimage\"},\"image\":{\"@id\":\"https:\/\/broquetas.com\/fr\/producto\/fluidix-1m-eco-garrafa-10l\/#primaryimage\"},\"thumbnailUrl\":\"https:\/\/broquetas.com\/wp-content\/uploads\/2022\/02\/B79000-31000-00060.png\",\"datePublished\":\"2022-02-24T21:12:47+00:00\",\"dateModified\":\"2022-08-01T14:10:43+00:00\",\"description\":\"Broquetas est sp\u00e9cialis\u00e9e dans la fabrication d'alliages et de produits pour la plomberie et toutes ses applications.\",\"breadcrumb\":{\"@id\":\"https:\/\/broquetas.com\/fr\/producto\/fluidix-1m-eco-garrafa-10l\/#breadcrumb\"},\"inLanguage\":\"fr-FR\",\"potentialAction\":[{\"@type\":\"ReadAction\",\"target\":[\"https:\/\/broquetas.com\/fr\/producto\/fluidix-1m-eco-garrafa-10l\/\"]}]},{\"@type\":\"ImageObject\",\"inLanguage\":\"fr-FR\",\"@id\":\"https:\/\/broquetas.com\/fr\/producto\/fluidix-1m-eco-garrafa-10l\/#primaryimage\",\"url\":\"https:\/\/broquetas.com\/wp-content\/uploads\/2022\/02\/B79000-31000-00060.png\",\"contentUrl\":\"https:\/\/broquetas.com\/wp-content\/uploads\/2022\/02\/B79000-31000-00060.png\",\"width\":3024,\"height\":4032},{\"@type\":\"BreadcrumbList\",\"@id\":\"https:\/\/broquetas.com\/fr\/producto\/fluidix-1m-eco-garrafa-10l\/#breadcrumb\",\"itemListElement\":[{\"@type\":\"ListItem\",\"position\":1,\"name\":\"Home\",\"item\":\"https:\/\/broquetas.com\/\"},{\"@type\":\"ListItem\",\"position\":2,\"name\":\"Produits\",\"item\":\"https:\/\/broquetas.com\/fr\/produits\/\"},{\"@type\":\"ListItem\",\"position\":3,\"name\":\"FLUIDIX 1M ECO GARRAFA 10L\"}]},{\"@type\":\"WebSite\",\"@id\":\"https:\/\/broquetas.com\/#website\",\"url\":\"https:\/\/broquetas.com\/\",\"name\":\"BROQUETAS, S.L.\",\"description\":\"\",\"publisher\":{\"@id\":\"https:\/\/broquetas.com\/#organization\"},\"potentialAction\":[{\"@type\":\"SearchAction\",\"target\":{\"@type\":\"EntryPoint\",\"urlTemplate\":\"https:\/\/broquetas.com\/?s={search_term_string}\"},\"query-input\":{\"@type\":\"PropertyValueSpecification\",\"valueRequired\":true,\"valueName\":\"search_term_string\"}}],\"inLanguage\":\"fr-FR\"},{\"@type\":\"Organization\",\"@id\":\"https:\/\/broquetas.com\/#organization\",\"name\":\"BROQUETAS S.L.\",\"url\":\"https:\/\/broquetas.com\/\",\"logo\":{\"@type\":\"ImageObject\",\"inLanguage\":\"fr-FR\",\"@id\":\"https:\/\/broquetas.com\/#\/schema\/logo\/image\/\",\"url\":\"https:\/\/broquetas.com\/wp-content\/uploads\/2021\/08\/logo-broquetas-dark.png\",\"contentUrl\":\"https:\/\/broquetas.com\/wp-content\/uploads\/2021\/08\/logo-broquetas-dark.png\",\"width\":262,\"height\":150,\"caption\":\"BROQUETAS S.L.\"},\"image\":{\"@id\":\"https:\/\/broquetas.com\/#\/schema\/logo\/image\/\"},\"sameAs\":[\"https:\/\/www.linkedin.com\/in\/broquetas-s-l-broquetas-99a22283\/\",\"https:\/\/www.youtube.com\/channel\/UCDYxB3N3CMqWo9DA-oyiAdg\"]}]}<\/script>\n<!-- \/ Yoast SEO plugin. -->","yoast_head_json":{"title":"FLUIDIX 1M ECO GARRAFA 10L - BROQUETAS, S.L.","description":"Broquetas est sp\u00e9cialis\u00e9e dans la fabrication d'alliages et de produits pour la plomberie et toutes ses applications.","robots":{"index":"index","follow":"follow","max-snippet":"max-snippet:-1","max-image-preview":"max-image-preview:large","max-video-preview":"max-video-preview:-1"},"canonical":"https:\/\/broquetas.com\/fr\/producto\/fluidix-1m-eco-garrafa-10l\/","og_locale":"fr_FR","og_type":"article","og_title":"FLUIDIX 1M ECO GARRAFA 10L - BROQUETAS, S.L.","og_description":"Broquetas est sp\u00e9cialis\u00e9e dans la fabrication d'alliages et de produits pour la plomberie et toutes ses applications.","og_url":"https:\/\/broquetas.com\/fr\/producto\/fluidix-1m-eco-garrafa-10l\/","og_site_name":"BROQUETAS, S.L.","article_modified_time":"2022-08-01T14:10:43+00:00","og_image":[{"width":768,"height":1024,"url":"https:\/\/broquetas.com\/wp-content\/uploads\/2022\/02\/B79000-31000-00060-768x1024.png","type":"image\/png"}],"twitter_card":"summary_large_image","twitter_misc":{"Dur\u00e9e de lecture estim\u00e9e":"1 minute"},"schema":{"@context":"https:\/\/schema.org","@graph":[{"@type":"WebPage","@id":"https:\/\/broquetas.com\/fr\/producto\/fluidix-1m-eco-garrafa-10l\/","url":"https:\/\/broquetas.com\/fr\/producto\/fluidix-1m-eco-garrafa-10l\/","name":"FLUIDIX 1M ECO GARRAFA 10L - BROQUETAS, S.L.","isPartOf":{"@id":"https:\/\/broquetas.com\/#website"},"primaryImageOfPage":{"@id":"https:\/\/broquetas.com\/fr\/producto\/fluidix-1m-eco-garrafa-10l\/#primaryimage"},"image":{"@id":"https:\/\/broquetas.com\/fr\/producto\/fluidix-1m-eco-garrafa-10l\/#primaryimage"},"thumbnailUrl":"https:\/\/broquetas.com\/wp-content\/uploads\/2022\/02\/B79000-31000-00060.png","datePublished":"2022-02-24T21:12:47+00:00","dateModified":"2022-08-01T14:10:43+00:00","description":"Broquetas est sp\u00e9cialis\u00e9e dans la fabrication d'alliages et de produits pour la plomberie et toutes ses applications.","breadcrumb":{"@id":"https:\/\/broquetas.com\/fr\/producto\/fluidix-1m-eco-garrafa-10l\/#breadcrumb"},"inLanguage":"fr-FR","potentialAction":[{"@type":"ReadAction","target":["https:\/\/broquetas.com\/fr\/producto\/fluidix-1m-eco-garrafa-10l\/"]}]},{"@type":"ImageObject","inLanguage":"fr-FR","@id":"https:\/\/broquetas.com\/fr\/producto\/fluidix-1m-eco-garrafa-10l\/#primaryimage","url":"https:\/\/broquetas.com\/wp-content\/uploads\/2022\/02\/B79000-31000-00060.png","contentUrl":"https:\/\/broquetas.com\/wp-content\/uploads\/2022\/02\/B79000-31000-00060.png","width":3024,"height":4032},{"@type":"BreadcrumbList","@id":"https:\/\/broquetas.com\/fr\/producto\/fluidix-1m-eco-garrafa-10l\/#breadcrumb","itemListElement":[{"@type":"ListItem","position":1,"name":"Home","item":"https:\/\/broquetas.com\/"},{"@type":"ListItem","position":2,"name":"Produits","item":"https:\/\/broquetas.com\/fr\/produits\/"},{"@type":"ListItem","position":3,"name":"FLUIDIX 1M ECO GARRAFA 10L"}]},{"@type":"WebSite","@id":"https:\/\/broquetas.com\/#website","url":"https:\/\/broquetas.com\/","name":"BROQUETAS, S.L.","description":"","publisher":{"@id":"https:\/\/broquetas.com\/#organization"},"potentialAction":[{"@type":"SearchAction","target":{"@type":"EntryPoint","urlTemplate":"https:\/\/broquetas.com\/?s={search_term_string}"},"query-input":{"@type":"PropertyValueSpecification","valueRequired":true,"valueName":"search_term_string"}}],"inLanguage":"fr-FR"},{"@type":"Organization","@id":"https:\/\/broquetas.com\/#organization","name":"BROQUETAS S.L.","url":"https:\/\/broquetas.com\/","logo":{"@type":"ImageObject","inLanguage":"fr-FR","@id":"https:\/\/broquetas.com\/#\/schema\/logo\/image\/","url":"https:\/\/broquetas.com\/wp-content\/uploads\/2021\/08\/logo-broquetas-dark.png","contentUrl":"https:\/\/broquetas.com\/wp-content\/uploads\/2021\/08\/logo-broquetas-dark.png","width":262,"height":150,"caption":"BROQUETAS S.L."},"image":{"@id":"https:\/\/broquetas.com\/#\/schema\/logo\/image\/"},"sameAs":["https:\/\/www.linkedin.com\/in\/broquetas-s-l-broquetas-99a22283\/","https:\/\/www.youtube.com\/channel\/UCDYxB3N3CMqWo9DA-oyiAdg"]}]}},"_links":{"self":[{"href":"https:\/\/broquetas.com\/fr\/wp-json\/wp\/v2\/product\/8034","targetHints":{"allow":["GET"]}}],"collection":[{"href":"https:\/\/broquetas.com\/fr\/wp-json\/wp\/v2\/product"}],"about":[{"href":"https:\/\/broquetas.com\/fr\/wp-json\/wp\/v2\/types\/product"}],"replies":[{"embeddable":true,"href":"https:\/\/broquetas.com\/fr\/wp-json\/wp\/v2\/comments?post=8034"}],"wp:featuredmedia":[{"embeddable":true,"href":"https:\/\/broquetas.com\/fr\/wp-json\/wp\/v2\/media\/6245"}],"wp:attachment":[{"href":"https:\/\/broquetas.com\/fr\/wp-json\/wp\/v2\/media?parent=8034"}],"wp:term":[{"taxonomy":"product_brand","embeddable":true,"href":"https:\/\/broquetas.com\/fr\/wp-json\/wp\/v2\/product_brand?post=8034"},{"taxonomy":"product_cat","embeddable":true,"href":"https:\/\/broquetas.com\/fr\/wp-json\/wp\/v2\/product_cat?post=8034"},{"taxonomy":"product_tag","embeddable":true,"href":"https:\/\/broquetas.com\/fr\/wp-json\/wp\/v2\/product_tag?post=8034"}],"curies":[{"name":"wp","href":"https:\/\/api.w.org\/{rel}","templated":true}]}}