{"id":8007,"date":"2022-02-24T22:13:05","date_gmt":"2022-02-24T21:13:05","guid":{"rendered":"https:\/\/broquetas.com\/producto\/sn100eco-sncu-07-ni005-ge-barra\/"},"modified":"2022-08-01T16:10:34","modified_gmt":"2022-08-01T14:10:34","slug":"sn100eco-sncu-07-ni005-ge-barra","status":"publish","type":"product","link":"https:\/\/broquetas.com\/fr\/producto\/sn100eco-sncu-07-ni005-ge-barra\/","title":{"rendered":"SN100ECO  SnCu 0,7\/Ni0,05\/Ge   BARRA"},"content":{"rendered":"<p>SN100ECO &#8211; SnCu 0,7Ni0,05Ge est un alliage \u00e9tain-cuivre<br \/>\neutectique sans plomb, sans argent et stabilis\u00e9 au nickel, formul\u00e9 avec des<br \/>\nmati\u00e8res premi\u00e8res de la plus haute qualit\u00e9.<br \/>\nLa composition de cette soudure est conforme \u00e0 la norme ISO 9453: 2014<br \/>\n(alliage 403) et directive RoHS. Cela rend notre alliage SN100ECO adapt\u00e9 \u00e0<br \/>\ndiff\u00e9rents processus, y compris:<br \/>\nSoudage \u00e0 la vague, s\u00e9lectif et au tremp\u00e9.<br \/>\nInsertion de composants et retouches pour la technologie de montage en<br \/>\nsurface pour l&rsquo;industrie de l&rsquo;assemblage \u00e9lectronique.<\/p>\n<p>L&rsquo;ajout de nickel en petites quantit\u00e9s conf\u00e8re \u00e0 l&rsquo;eutectique \u00e9tain-cuivre<br \/>\nle mouillage et l&rsquo;\u00e9coulement, propri\u00e9t\u00e9s qui permettent d&rsquo;obtenir<br \/>\nd&rsquo;excellents r\u00e9sultats dans le brasage \u00e0 la vague aux temp\u00e9ratures de process<br \/>\ncomparables \u00e0 celles utilis\u00e9es avec la soudure \u00e9tain-plomb. Le SN100ECO<br \/>\npermet une productivit\u00e9 \u00e9lev\u00e9e, des proc\u00e9d\u00e9s de soudage rentables et<br \/>\nfiables.<\/p>\n<p>L&rsquo;ajout de Germanium en faible quantit\u00e9 extr\u00eamement contr\u00f4l\u00e9es (0, 0050% &#8211;<br \/>\n0, 0070), combin\u00e9 avec l&rsquo;effet b\u00e9n\u00e9fique du Ni sur la fluidit\u00e9, apporte la<br \/>\npossibilit\u00e9 de souder sans pont m\u00eame avec 100 broches Pas de 0,5 mm<br \/>\nQFP.<\/p>\n<p>De plus, les propri\u00e9t\u00e9s de mouillage de l&rsquo;alliage sont notablement<br \/>\nam\u00e9lior\u00e9es et la production de scories est remarquablement r\u00e9duite.<\/p>\n","protected":false},"excerpt":{"rendered":"<p>BARRE SANS<br \/>\nPLOMB SN100ECO POUR SOUDAGE \u00c9LECTRONIQUE \u00c0 ONDE OU PAR TREMPAGE<\/p>\n","protected":false},"featured_media":5391,"comment_status":"open","ping_status":"closed","template":"","meta":{"_joinchat":[]},"product_brand":[],"product_cat":[141,167],"product_tag":[],"class_list":{"0":"post-8007","1":"product","2":"type-product","3":"status-publish","4":"has-post-thumbnail","6":"product_cat-brasage-a-la-vague","7":"product_cat-reflow-fr","9":"first","10":"instock","11":"taxable","12":"shipping-taxable","13":"product-type-simple"},"yoast_head":"<!-- This site is optimized with the Yoast SEO plugin v26.9 - https:\/\/yoast.com\/product\/yoast-seo-wordpress\/ -->\n<title>SN100ECO SnCu 0,7\/Ni0,05\/Ge  BARRA - BROQUETAS, S.L.<\/title>\n<meta name=\"description\" content=\"Broquetas est sp\u00e9cialis\u00e9e dans la fabrication d&#039;alliages et de produits pour l&#039;industrie \u00e9lectronique et toutes ses applications.\" \/>\n<meta name=\"robots\" content=\"index, follow, max-snippet:-1, max-image-preview:large, max-video-preview:-1\" \/>\n<link rel=\"canonical\" href=\"https:\/\/broquetas.com\/fr\/producto\/sn100eco-sncu-07-ni005-ge-barra\/\" \/>\n<meta property=\"og:locale\" content=\"fr_FR\" \/>\n<meta property=\"og:type\" content=\"article\" \/>\n<meta property=\"og:title\" content=\"SN100ECO SnCu 0,7\/Ni0,05\/Ge  BARRA - BROQUETAS, S.L.\" \/>\n<meta property=\"og:description\" content=\"Broquetas est sp\u00e9cialis\u00e9e dans la fabrication d&#039;alliages et de produits pour l&#039;industrie \u00e9lectronique et toutes ses applications.\" \/>\n<meta property=\"og:url\" content=\"https:\/\/broquetas.com\/fr\/producto\/sn100eco-sncu-07-ni005-ge-barra\/\" \/>\n<meta property=\"og:site_name\" content=\"BROQUETAS, S.L.\" \/>\n<meta property=\"article:modified_time\" content=\"2022-08-01T14:10:34+00:00\" \/>\n<meta property=\"og:image\" content=\"https:\/\/broquetas.com\/wp-content\/uploads\/2022\/01\/B130MAC-00REC-00116.png\" \/>\n\t<meta property=\"og:image:width\" content=\"2560\" \/>\n\t<meta property=\"og:image:height\" content=\"1920\" \/>\n\t<meta property=\"og:image:type\" content=\"image\/png\" \/>\n<meta name=\"twitter:card\" content=\"summary_large_image\" \/>\n<meta name=\"twitter:label1\" content=\"Dur\u00e9e de lecture estim\u00e9e\" \/>\n\t<meta name=\"twitter:data1\" content=\"1 minute\" \/>\n<script type=\"application\/ld+json\" class=\"yoast-schema-graph\">{\"@context\":\"https:\/\/schema.org\",\"@graph\":[{\"@type\":\"WebPage\",\"@id\":\"https:\/\/broquetas.com\/fr\/producto\/sn100eco-sncu-07-ni005-ge-barra\/\",\"url\":\"https:\/\/broquetas.com\/fr\/producto\/sn100eco-sncu-07-ni005-ge-barra\/\",\"name\":\"SN100ECO SnCu 0,7\/Ni0,05\/Ge BARRA - BROQUETAS, S.L.\",\"isPartOf\":{\"@id\":\"https:\/\/broquetas.com\/#website\"},\"primaryImageOfPage\":{\"@id\":\"https:\/\/broquetas.com\/fr\/producto\/sn100eco-sncu-07-ni005-ge-barra\/#primaryimage\"},\"image\":{\"@id\":\"https:\/\/broquetas.com\/fr\/producto\/sn100eco-sncu-07-ni005-ge-barra\/#primaryimage\"},\"thumbnailUrl\":\"https:\/\/broquetas.com\/wp-content\/uploads\/2022\/01\/B130MAC-00REC-00116.png\",\"datePublished\":\"2022-02-24T21:13:05+00:00\",\"dateModified\":\"2022-08-01T14:10:34+00:00\",\"description\":\"Broquetas est sp\u00e9cialis\u00e9e dans la fabrication d'alliages et de produits pour l'industrie \u00e9lectronique et toutes ses applications.\",\"breadcrumb\":{\"@id\":\"https:\/\/broquetas.com\/fr\/producto\/sn100eco-sncu-07-ni005-ge-barra\/#breadcrumb\"},\"inLanguage\":\"fr-FR\",\"potentialAction\":[{\"@type\":\"ReadAction\",\"target\":[\"https:\/\/broquetas.com\/fr\/producto\/sn100eco-sncu-07-ni005-ge-barra\/\"]}]},{\"@type\":\"ImageObject\",\"inLanguage\":\"fr-FR\",\"@id\":\"https:\/\/broquetas.com\/fr\/producto\/sn100eco-sncu-07-ni005-ge-barra\/#primaryimage\",\"url\":\"https:\/\/broquetas.com\/wp-content\/uploads\/2022\/01\/B130MAC-00REC-00116.png\",\"contentUrl\":\"https:\/\/broquetas.com\/wp-content\/uploads\/2022\/01\/B130MAC-00REC-00116.png\",\"width\":2560,\"height\":1920},{\"@type\":\"BreadcrumbList\",\"@id\":\"https:\/\/broquetas.com\/fr\/producto\/sn100eco-sncu-07-ni005-ge-barra\/#breadcrumb\",\"itemListElement\":[{\"@type\":\"ListItem\",\"position\":1,\"name\":\"Home\",\"item\":\"https:\/\/broquetas.com\/\"},{\"@type\":\"ListItem\",\"position\":2,\"name\":\"Produits\",\"item\":\"https:\/\/broquetas.com\/fr\/produits\/\"},{\"@type\":\"ListItem\",\"position\":3,\"name\":\"SN100ECO SnCu 0,7\/Ni0,05\/Ge BARRA\"}]},{\"@type\":\"WebSite\",\"@id\":\"https:\/\/broquetas.com\/#website\",\"url\":\"https:\/\/broquetas.com\/\",\"name\":\"BROQUETAS, S.L.\",\"description\":\"\",\"publisher\":{\"@id\":\"https:\/\/broquetas.com\/#organization\"},\"potentialAction\":[{\"@type\":\"SearchAction\",\"target\":{\"@type\":\"EntryPoint\",\"urlTemplate\":\"https:\/\/broquetas.com\/?s={search_term_string}\"},\"query-input\":{\"@type\":\"PropertyValueSpecification\",\"valueRequired\":true,\"valueName\":\"search_term_string\"}}],\"inLanguage\":\"fr-FR\"},{\"@type\":\"Organization\",\"@id\":\"https:\/\/broquetas.com\/#organization\",\"name\":\"BROQUETAS S.L.\",\"url\":\"https:\/\/broquetas.com\/\",\"logo\":{\"@type\":\"ImageObject\",\"inLanguage\":\"fr-FR\",\"@id\":\"https:\/\/broquetas.com\/#\/schema\/logo\/image\/\",\"url\":\"https:\/\/broquetas.com\/wp-content\/uploads\/2021\/08\/logo-broquetas-dark.png\",\"contentUrl\":\"https:\/\/broquetas.com\/wp-content\/uploads\/2021\/08\/logo-broquetas-dark.png\",\"width\":262,\"height\":150,\"caption\":\"BROQUETAS S.L.\"},\"image\":{\"@id\":\"https:\/\/broquetas.com\/#\/schema\/logo\/image\/\"},\"sameAs\":[\"https:\/\/www.linkedin.com\/in\/broquetas-s-l-broquetas-99a22283\/\",\"https:\/\/www.youtube.com\/channel\/UCDYxB3N3CMqWo9DA-oyiAdg\"]}]}<\/script>\n<!-- \/ Yoast SEO plugin. -->","yoast_head_json":{"title":"SN100ECO SnCu 0,7\/Ni0,05\/Ge  BARRA - BROQUETAS, S.L.","description":"Broquetas est sp\u00e9cialis\u00e9e dans la fabrication d'alliages et de produits pour l'industrie \u00e9lectronique et toutes ses applications.","robots":{"index":"index","follow":"follow","max-snippet":"max-snippet:-1","max-image-preview":"max-image-preview:large","max-video-preview":"max-video-preview:-1"},"canonical":"https:\/\/broquetas.com\/fr\/producto\/sn100eco-sncu-07-ni005-ge-barra\/","og_locale":"fr_FR","og_type":"article","og_title":"SN100ECO SnCu 0,7\/Ni0,05\/Ge  BARRA - BROQUETAS, S.L.","og_description":"Broquetas est sp\u00e9cialis\u00e9e dans la fabrication d'alliages et de produits pour l'industrie \u00e9lectronique et toutes ses applications.","og_url":"https:\/\/broquetas.com\/fr\/producto\/sn100eco-sncu-07-ni005-ge-barra\/","og_site_name":"BROQUETAS, S.L.","article_modified_time":"2022-08-01T14:10:34+00:00","og_image":[{"width":2560,"height":1920,"url":"https:\/\/broquetas.com\/wp-content\/uploads\/2022\/01\/B130MAC-00REC-00116.png","type":"image\/png"}],"twitter_card":"summary_large_image","twitter_misc":{"Dur\u00e9e de lecture estim\u00e9e":"1 minute"},"schema":{"@context":"https:\/\/schema.org","@graph":[{"@type":"WebPage","@id":"https:\/\/broquetas.com\/fr\/producto\/sn100eco-sncu-07-ni005-ge-barra\/","url":"https:\/\/broquetas.com\/fr\/producto\/sn100eco-sncu-07-ni005-ge-barra\/","name":"SN100ECO SnCu 0,7\/Ni0,05\/Ge BARRA - BROQUETAS, S.L.","isPartOf":{"@id":"https:\/\/broquetas.com\/#website"},"primaryImageOfPage":{"@id":"https:\/\/broquetas.com\/fr\/producto\/sn100eco-sncu-07-ni005-ge-barra\/#primaryimage"},"image":{"@id":"https:\/\/broquetas.com\/fr\/producto\/sn100eco-sncu-07-ni005-ge-barra\/#primaryimage"},"thumbnailUrl":"https:\/\/broquetas.com\/wp-content\/uploads\/2022\/01\/B130MAC-00REC-00116.png","datePublished":"2022-02-24T21:13:05+00:00","dateModified":"2022-08-01T14:10:34+00:00","description":"Broquetas est sp\u00e9cialis\u00e9e dans la fabrication d'alliages et de produits pour l'industrie \u00e9lectronique et toutes ses applications.","breadcrumb":{"@id":"https:\/\/broquetas.com\/fr\/producto\/sn100eco-sncu-07-ni005-ge-barra\/#breadcrumb"},"inLanguage":"fr-FR","potentialAction":[{"@type":"ReadAction","target":["https:\/\/broquetas.com\/fr\/producto\/sn100eco-sncu-07-ni005-ge-barra\/"]}]},{"@type":"ImageObject","inLanguage":"fr-FR","@id":"https:\/\/broquetas.com\/fr\/producto\/sn100eco-sncu-07-ni005-ge-barra\/#primaryimage","url":"https:\/\/broquetas.com\/wp-content\/uploads\/2022\/01\/B130MAC-00REC-00116.png","contentUrl":"https:\/\/broquetas.com\/wp-content\/uploads\/2022\/01\/B130MAC-00REC-00116.png","width":2560,"height":1920},{"@type":"BreadcrumbList","@id":"https:\/\/broquetas.com\/fr\/producto\/sn100eco-sncu-07-ni005-ge-barra\/#breadcrumb","itemListElement":[{"@type":"ListItem","position":1,"name":"Home","item":"https:\/\/broquetas.com\/"},{"@type":"ListItem","position":2,"name":"Produits","item":"https:\/\/broquetas.com\/fr\/produits\/"},{"@type":"ListItem","position":3,"name":"SN100ECO SnCu 0,7\/Ni0,05\/Ge BARRA"}]},{"@type":"WebSite","@id":"https:\/\/broquetas.com\/#website","url":"https:\/\/broquetas.com\/","name":"BROQUETAS, S.L.","description":"","publisher":{"@id":"https:\/\/broquetas.com\/#organization"},"potentialAction":[{"@type":"SearchAction","target":{"@type":"EntryPoint","urlTemplate":"https:\/\/broquetas.com\/?s={search_term_string}"},"query-input":{"@type":"PropertyValueSpecification","valueRequired":true,"valueName":"search_term_string"}}],"inLanguage":"fr-FR"},{"@type":"Organization","@id":"https:\/\/broquetas.com\/#organization","name":"BROQUETAS S.L.","url":"https:\/\/broquetas.com\/","logo":{"@type":"ImageObject","inLanguage":"fr-FR","@id":"https:\/\/broquetas.com\/#\/schema\/logo\/image\/","url":"https:\/\/broquetas.com\/wp-content\/uploads\/2021\/08\/logo-broquetas-dark.png","contentUrl":"https:\/\/broquetas.com\/wp-content\/uploads\/2021\/08\/logo-broquetas-dark.png","width":262,"height":150,"caption":"BROQUETAS S.L."},"image":{"@id":"https:\/\/broquetas.com\/#\/schema\/logo\/image\/"},"sameAs":["https:\/\/www.linkedin.com\/in\/broquetas-s-l-broquetas-99a22283\/","https:\/\/www.youtube.com\/channel\/UCDYxB3N3CMqWo9DA-oyiAdg"]}]}},"_links":{"self":[{"href":"https:\/\/broquetas.com\/fr\/wp-json\/wp\/v2\/product\/8007","targetHints":{"allow":["GET"]}}],"collection":[{"href":"https:\/\/broquetas.com\/fr\/wp-json\/wp\/v2\/product"}],"about":[{"href":"https:\/\/broquetas.com\/fr\/wp-json\/wp\/v2\/types\/product"}],"replies":[{"embeddable":true,"href":"https:\/\/broquetas.com\/fr\/wp-json\/wp\/v2\/comments?post=8007"}],"wp:featuredmedia":[{"embeddable":true,"href":"https:\/\/broquetas.com\/fr\/wp-json\/wp\/v2\/media\/5391"}],"wp:attachment":[{"href":"https:\/\/broquetas.com\/fr\/wp-json\/wp\/v2\/media?parent=8007"}],"wp:term":[{"taxonomy":"product_brand","embeddable":true,"href":"https:\/\/broquetas.com\/fr\/wp-json\/wp\/v2\/product_brand?post=8007"},{"taxonomy":"product_cat","embeddable":true,"href":"https:\/\/broquetas.com\/fr\/wp-json\/wp\/v2\/product_cat?post=8007"},{"taxonomy":"product_tag","embeddable":true,"href":"https:\/\/broquetas.com\/fr\/wp-json\/wp\/v2\/product_tag?post=8007"}],"curies":[{"name":"wp","href":"https:\/\/api.w.org\/{rel}","templated":true}]}}