{"id":7965,"date":"2022-02-24T22:13:32","date_gmt":"2022-02-24T21:13:32","guid":{"rendered":"https:\/\/broquetas.com\/producto\/eco3-sn97-cu3-b5-solder-aluminum\/"},"modified":"2022-08-01T16:10:08","modified_gmt":"2022-08-01T14:10:08","slug":"eco3-sn97-cu3-b5-solder-aluminum","status":"publish","type":"product","link":"https:\/\/broquetas.com\/fr\/producto\/eco3-sn97-cu3-b5-solder-aluminum\/","title":{"rendered":"ECO3  Sn97\/Cu3  B5  SOLDER ALUMINUM"},"content":{"rendered":"<p>ECO 3 B5 (Sn97-Cu3) est un alliage haute performance compos\u00e9<br \/>\n  d&rsquo;un alliage \u00e9tain-cuivre sans plomb. La composition de cet alliage est<br \/>\n  conforme aux r\u00e9glementations ISO 9453\u00a0:\u00a02015 (alliage 402) et<br \/>\n  RoHS.<br \/>\n    Cela rend notre alliage ECO 3 utile dans une vari\u00e9t\u00e9 de processus, y<br \/>\n  compris le soudage \u00e0 la vague, s\u00e9lectif et par immersion, tout en \u00e9tant<br \/>\n  adapt\u00e9 \u00e0 l&rsquo;insertion et \u00e0 la retouche de composants pour la technologie de<br \/>\n  montage en surface pour l&rsquo;industrie de l&rsquo;assemblage \u00e9lectronique. Le fil ECO<br \/>\n  3 &#8211; B5 contient un flux soluble dans l&rsquo;eau sp\u00e9cialement formul\u00e9 pour le<br \/>\n  soudage direct d&rsquo;alliages \u00e0 base de cuivre ou d&rsquo;\u00e9tain sur l&rsquo;aluminium. Il<br \/>\n  poss\u00e8de \u00e9galement d&rsquo;excellentes propri\u00e9t\u00e9s pour le soudage du cuivre nickel\u00e9,<br \/>\n  de l&rsquo;aluminium et des alliages d&rsquo;aluminium.<br \/>\n    Le flux est compos\u00e9 de composants tr\u00e8s efficaces pour le soudage de<br \/>\n  l&rsquo;aluminium ainsi que d&rsquo;un syst\u00e8me de liaison unique qui offre une excellente<br \/>\n  stabilit\u00e9 et des propri\u00e9t\u00e9s pour le soudage de l&rsquo;aluminium. Flux B5 est<br \/>\n  conforme aux directives RoHS et REACH.<\/p>\n<p>    VALEUR AJOUT\u00c9E<br \/>\n    n Excellentes propri\u00e9t\u00e9s d&rsquo;\u00e9talement et de mouillage de la surface \u00e0<br \/>\n  souder.<br \/>\n    n Compatibilit\u00e9 avec une large gamme d&rsquo;alliages \u00e0 base d&rsquo;\u00e9tain.<br \/>\n    n Permet des connexions directes cuivre-aluminium et<br \/>\n  aluminium-aluminium.<br \/>\n    n Haute performance en soudage aluminium-nickel et aluminium-laiton.<br \/>\n  FORMATS DISPONIBLES<br \/>\n    Le fil peut \u00eatre livr\u00e9 dans les diam\u00e8tres suivants : \u00d8 1,5, 2, 3 et 4<br \/>\n  mm.<br \/>\n    EMBALLAGE<br \/>\n    500 g.\u00a0: 20 unit\u00e9s \/ emballage<br \/>\n    1 kg. : 10 unit\u00e9s \/ emballage<br \/>\n    ** Consulter d&rsquo;autres formats.<\/p>\n","protected":false},"excerpt":{"rendered":"<p>FIL SANS PLOMB<br \/>\n  AVEC FLUX POUR SOUDAGE ALUMINIUM<\/p>\n","protected":false},"featured_media":6000,"comment_status":"open","ping_status":"closed","template":"","meta":{"_joinchat":[]},"product_brand":[],"product_cat":[143,155,144,35],"product_tag":[],"class_list":{"0":"post-7965","1":"product","2":"type-product","3":"status-publish","4":"has-post-thumbnail","6":"product_cat-reparacion-y-retrabajo-ca","7":"product_cat-reparation-et-reprise","8":"product_cat-soldadura-manual-ca","9":"product_cat-soldadura-manual","11":"first","12":"instock","13":"taxable","14":"shipping-taxable","15":"product-type-simple"},"yoast_head":"<!-- This site is optimized with the Yoast SEO plugin v26.9 - https:\/\/yoast.com\/product\/yoast-seo-wordpress\/ -->\n<title>ECO3 Sn97\/Cu3 B5 SOLDER ALUMINUM - BROQUETAS, S.L.<\/title>\n<meta name=\"description\" content=\"Broquetas est sp\u00e9cialis\u00e9e dans la fabrication d&#039;alliages et de produits pour l&#039;industrie \u00e9lectronique et toutes ses applications.\" \/>\n<meta name=\"robots\" content=\"index, follow, max-snippet:-1, max-image-preview:large, max-video-preview:-1\" \/>\n<link rel=\"canonical\" href=\"https:\/\/broquetas.com\/fr\/producto\/eco3-sn97-cu3-b5-solder-aluminum\/\" \/>\n<meta property=\"og:locale\" content=\"fr_FR\" \/>\n<meta property=\"og:type\" content=\"article\" \/>\n<meta property=\"og:title\" content=\"ECO3 Sn97\/Cu3 B5 SOLDER ALUMINUM - BROQUETAS, S.L.\" \/>\n<meta property=\"og:description\" content=\"Broquetas est sp\u00e9cialis\u00e9e dans la fabrication d&#039;alliages et de produits pour l&#039;industrie \u00e9lectronique et toutes ses applications.\" \/>\n<meta property=\"og:url\" content=\"https:\/\/broquetas.com\/fr\/producto\/eco3-sn97-cu3-b5-solder-aluminum\/\" \/>\n<meta property=\"og:site_name\" content=\"BROQUETAS, S.L.\" \/>\n<meta property=\"article:modified_time\" content=\"2022-08-01T14:10:08+00:00\" \/>\n<meta property=\"og:image\" content=\"https:\/\/broquetas.com\/wp-content\/uploads\/2022\/02\/B13B5-15150-15V103.png\" \/>\n\t<meta property=\"og:image:width\" content=\"1080\" \/>\n\t<meta property=\"og:image:height\" content=\"1080\" \/>\n\t<meta property=\"og:image:type\" content=\"image\/png\" \/>\n<meta name=\"twitter:card\" content=\"summary_large_image\" \/>\n<meta name=\"twitter:label1\" content=\"Dur\u00e9e de lecture estim\u00e9e\" \/>\n\t<meta name=\"twitter:data1\" content=\"1 minute\" \/>\n<script type=\"application\/ld+json\" class=\"yoast-schema-graph\">{\"@context\":\"https:\/\/schema.org\",\"@graph\":[{\"@type\":\"WebPage\",\"@id\":\"https:\/\/broquetas.com\/fr\/producto\/eco3-sn97-cu3-b5-solder-aluminum\/\",\"url\":\"https:\/\/broquetas.com\/fr\/producto\/eco3-sn97-cu3-b5-solder-aluminum\/\",\"name\":\"ECO3 Sn97\/Cu3 B5 SOLDER ALUMINUM - BROQUETAS, S.L.\",\"isPartOf\":{\"@id\":\"https:\/\/broquetas.com\/#website\"},\"primaryImageOfPage\":{\"@id\":\"https:\/\/broquetas.com\/fr\/producto\/eco3-sn97-cu3-b5-solder-aluminum\/#primaryimage\"},\"image\":{\"@id\":\"https:\/\/broquetas.com\/fr\/producto\/eco3-sn97-cu3-b5-solder-aluminum\/#primaryimage\"},\"thumbnailUrl\":\"https:\/\/broquetas.com\/wp-content\/uploads\/2022\/02\/B13B5-15150-15V103.png\",\"datePublished\":\"2022-02-24T21:13:32+00:00\",\"dateModified\":\"2022-08-01T14:10:08+00:00\",\"description\":\"Broquetas est sp\u00e9cialis\u00e9e dans la fabrication d'alliages et de produits pour l'industrie \u00e9lectronique et toutes ses applications.\",\"breadcrumb\":{\"@id\":\"https:\/\/broquetas.com\/fr\/producto\/eco3-sn97-cu3-b5-solder-aluminum\/#breadcrumb\"},\"inLanguage\":\"fr-FR\",\"potentialAction\":[{\"@type\":\"ReadAction\",\"target\":[\"https:\/\/broquetas.com\/fr\/producto\/eco3-sn97-cu3-b5-solder-aluminum\/\"]}]},{\"@type\":\"ImageObject\",\"inLanguage\":\"fr-FR\",\"@id\":\"https:\/\/broquetas.com\/fr\/producto\/eco3-sn97-cu3-b5-solder-aluminum\/#primaryimage\",\"url\":\"https:\/\/broquetas.com\/wp-content\/uploads\/2022\/02\/B13B5-15150-15V103.png\",\"contentUrl\":\"https:\/\/broquetas.com\/wp-content\/uploads\/2022\/02\/B13B5-15150-15V103.png\",\"width\":1080,\"height\":1080},{\"@type\":\"BreadcrumbList\",\"@id\":\"https:\/\/broquetas.com\/fr\/producto\/eco3-sn97-cu3-b5-solder-aluminum\/#breadcrumb\",\"itemListElement\":[{\"@type\":\"ListItem\",\"position\":1,\"name\":\"Home\",\"item\":\"https:\/\/broquetas.com\/\"},{\"@type\":\"ListItem\",\"position\":2,\"name\":\"Produits\",\"item\":\"https:\/\/broquetas.com\/fr\/produits\/\"},{\"@type\":\"ListItem\",\"position\":3,\"name\":\"ECO3 Sn97\/Cu3 B5 SOLDER ALUMINUM\"}]},{\"@type\":\"WebSite\",\"@id\":\"https:\/\/broquetas.com\/#website\",\"url\":\"https:\/\/broquetas.com\/\",\"name\":\"BROQUETAS, S.L.\",\"description\":\"\",\"publisher\":{\"@id\":\"https:\/\/broquetas.com\/#organization\"},\"potentialAction\":[{\"@type\":\"SearchAction\",\"target\":{\"@type\":\"EntryPoint\",\"urlTemplate\":\"https:\/\/broquetas.com\/?s={search_term_string}\"},\"query-input\":{\"@type\":\"PropertyValueSpecification\",\"valueRequired\":true,\"valueName\":\"search_term_string\"}}],\"inLanguage\":\"fr-FR\"},{\"@type\":\"Organization\",\"@id\":\"https:\/\/broquetas.com\/#organization\",\"name\":\"BROQUETAS S.L.\",\"url\":\"https:\/\/broquetas.com\/\",\"logo\":{\"@type\":\"ImageObject\",\"inLanguage\":\"fr-FR\",\"@id\":\"https:\/\/broquetas.com\/#\/schema\/logo\/image\/\",\"url\":\"https:\/\/broquetas.com\/wp-content\/uploads\/2021\/08\/logo-broquetas-dark.png\",\"contentUrl\":\"https:\/\/broquetas.com\/wp-content\/uploads\/2021\/08\/logo-broquetas-dark.png\",\"width\":262,\"height\":150,\"caption\":\"BROQUETAS S.L.\"},\"image\":{\"@id\":\"https:\/\/broquetas.com\/#\/schema\/logo\/image\/\"},\"sameAs\":[\"https:\/\/www.linkedin.com\/in\/broquetas-s-l-broquetas-99a22283\/\",\"https:\/\/www.youtube.com\/channel\/UCDYxB3N3CMqWo9DA-oyiAdg\"]}]}<\/script>\n<!-- \/ Yoast SEO plugin. -->","yoast_head_json":{"title":"ECO3 Sn97\/Cu3 B5 SOLDER ALUMINUM - BROQUETAS, S.L.","description":"Broquetas est sp\u00e9cialis\u00e9e dans la fabrication d'alliages et de produits pour l'industrie \u00e9lectronique et toutes ses applications.","robots":{"index":"index","follow":"follow","max-snippet":"max-snippet:-1","max-image-preview":"max-image-preview:large","max-video-preview":"max-video-preview:-1"},"canonical":"https:\/\/broquetas.com\/fr\/producto\/eco3-sn97-cu3-b5-solder-aluminum\/","og_locale":"fr_FR","og_type":"article","og_title":"ECO3 Sn97\/Cu3 B5 SOLDER ALUMINUM - BROQUETAS, S.L.","og_description":"Broquetas est sp\u00e9cialis\u00e9e dans la fabrication d'alliages et de produits pour l'industrie \u00e9lectronique et toutes ses applications.","og_url":"https:\/\/broquetas.com\/fr\/producto\/eco3-sn97-cu3-b5-solder-aluminum\/","og_site_name":"BROQUETAS, S.L.","article_modified_time":"2022-08-01T14:10:08+00:00","og_image":[{"width":1080,"height":1080,"url":"https:\/\/broquetas.com\/wp-content\/uploads\/2022\/02\/B13B5-15150-15V103.png","type":"image\/png"}],"twitter_card":"summary_large_image","twitter_misc":{"Dur\u00e9e de lecture estim\u00e9e":"1 minute"},"schema":{"@context":"https:\/\/schema.org","@graph":[{"@type":"WebPage","@id":"https:\/\/broquetas.com\/fr\/producto\/eco3-sn97-cu3-b5-solder-aluminum\/","url":"https:\/\/broquetas.com\/fr\/producto\/eco3-sn97-cu3-b5-solder-aluminum\/","name":"ECO3 Sn97\/Cu3 B5 SOLDER ALUMINUM - BROQUETAS, S.L.","isPartOf":{"@id":"https:\/\/broquetas.com\/#website"},"primaryImageOfPage":{"@id":"https:\/\/broquetas.com\/fr\/producto\/eco3-sn97-cu3-b5-solder-aluminum\/#primaryimage"},"image":{"@id":"https:\/\/broquetas.com\/fr\/producto\/eco3-sn97-cu3-b5-solder-aluminum\/#primaryimage"},"thumbnailUrl":"https:\/\/broquetas.com\/wp-content\/uploads\/2022\/02\/B13B5-15150-15V103.png","datePublished":"2022-02-24T21:13:32+00:00","dateModified":"2022-08-01T14:10:08+00:00","description":"Broquetas est sp\u00e9cialis\u00e9e dans la fabrication d'alliages et de produits pour l'industrie \u00e9lectronique et toutes ses applications.","breadcrumb":{"@id":"https:\/\/broquetas.com\/fr\/producto\/eco3-sn97-cu3-b5-solder-aluminum\/#breadcrumb"},"inLanguage":"fr-FR","potentialAction":[{"@type":"ReadAction","target":["https:\/\/broquetas.com\/fr\/producto\/eco3-sn97-cu3-b5-solder-aluminum\/"]}]},{"@type":"ImageObject","inLanguage":"fr-FR","@id":"https:\/\/broquetas.com\/fr\/producto\/eco3-sn97-cu3-b5-solder-aluminum\/#primaryimage","url":"https:\/\/broquetas.com\/wp-content\/uploads\/2022\/02\/B13B5-15150-15V103.png","contentUrl":"https:\/\/broquetas.com\/wp-content\/uploads\/2022\/02\/B13B5-15150-15V103.png","width":1080,"height":1080},{"@type":"BreadcrumbList","@id":"https:\/\/broquetas.com\/fr\/producto\/eco3-sn97-cu3-b5-solder-aluminum\/#breadcrumb","itemListElement":[{"@type":"ListItem","position":1,"name":"Home","item":"https:\/\/broquetas.com\/"},{"@type":"ListItem","position":2,"name":"Produits","item":"https:\/\/broquetas.com\/fr\/produits\/"},{"@type":"ListItem","position":3,"name":"ECO3 Sn97\/Cu3 B5 SOLDER ALUMINUM"}]},{"@type":"WebSite","@id":"https:\/\/broquetas.com\/#website","url":"https:\/\/broquetas.com\/","name":"BROQUETAS, S.L.","description":"","publisher":{"@id":"https:\/\/broquetas.com\/#organization"},"potentialAction":[{"@type":"SearchAction","target":{"@type":"EntryPoint","urlTemplate":"https:\/\/broquetas.com\/?s={search_term_string}"},"query-input":{"@type":"PropertyValueSpecification","valueRequired":true,"valueName":"search_term_string"}}],"inLanguage":"fr-FR"},{"@type":"Organization","@id":"https:\/\/broquetas.com\/#organization","name":"BROQUETAS S.L.","url":"https:\/\/broquetas.com\/","logo":{"@type":"ImageObject","inLanguage":"fr-FR","@id":"https:\/\/broquetas.com\/#\/schema\/logo\/image\/","url":"https:\/\/broquetas.com\/wp-content\/uploads\/2021\/08\/logo-broquetas-dark.png","contentUrl":"https:\/\/broquetas.com\/wp-content\/uploads\/2021\/08\/logo-broquetas-dark.png","width":262,"height":150,"caption":"BROQUETAS S.L."},"image":{"@id":"https:\/\/broquetas.com\/#\/schema\/logo\/image\/"},"sameAs":["https:\/\/www.linkedin.com\/in\/broquetas-s-l-broquetas-99a22283\/","https:\/\/www.youtube.com\/channel\/UCDYxB3N3CMqWo9DA-oyiAdg"]}]}},"_links":{"self":[{"href":"https:\/\/broquetas.com\/fr\/wp-json\/wp\/v2\/product\/7965","targetHints":{"allow":["GET"]}}],"collection":[{"href":"https:\/\/broquetas.com\/fr\/wp-json\/wp\/v2\/product"}],"about":[{"href":"https:\/\/broquetas.com\/fr\/wp-json\/wp\/v2\/types\/product"}],"replies":[{"embeddable":true,"href":"https:\/\/broquetas.com\/fr\/wp-json\/wp\/v2\/comments?post=7965"}],"wp:featuredmedia":[{"embeddable":true,"href":"https:\/\/broquetas.com\/fr\/wp-json\/wp\/v2\/media\/6000"}],"wp:attachment":[{"href":"https:\/\/broquetas.com\/fr\/wp-json\/wp\/v2\/media?parent=7965"}],"wp:term":[{"taxonomy":"product_brand","embeddable":true,"href":"https:\/\/broquetas.com\/fr\/wp-json\/wp\/v2\/product_brand?post=7965"},{"taxonomy":"product_cat","embeddable":true,"href":"https:\/\/broquetas.com\/fr\/wp-json\/wp\/v2\/product_cat?post=7965"},{"taxonomy":"product_tag","embeddable":true,"href":"https:\/\/broquetas.com\/fr\/wp-json\/wp\/v2\/product_tag?post=7965"}],"curies":[{"name":"wp","href":"https:\/\/api.w.org\/{rel}","templated":true}]}}