{"id":7926,"date":"2022-02-24T22:14:06","date_gmt":"2022-02-24T21:14:06","guid":{"rendered":"https:\/\/broquetas.com\/producto\/brofil-63-flux\/"},"modified":"2022-08-01T16:09:50","modified_gmt":"2022-08-01T14:09:50","slug":"brofil-63-flux","status":"publish","type":"product","link":"https:\/\/broquetas.com\/fr\/producto\/brofil-63-flux\/","title":{"rendered":"BROFIL 63 FLUX"},"content":{"rendered":"<p>Le BROFIL 63 est un alliage de haute puret\u00e9 compos\u00e9 de 63 %<br \/>\n  d&rsquo;\u00e9tain et de 37 % de plomb. Cet alliage r\u00e9pond aux normes ISO 9453\u00a0:<br \/>\n  2015, alliage 102. Il est fabriqu\u00e9 \u00e0 l&rsquo;aide d&rsquo;un processus sp\u00e9cial qui<br \/>\n  contr\u00f4le que les oxydes et autres impuret\u00e9s m\u00e9talliques et non m\u00e9talliques ne<br \/>\n  sont pas inclus lors de la fabrication. Plus la concentration en \u00e9tain est<br \/>\n  \u00e9lev\u00e9e, plus la r\u00e9sistance au cisaillement et \u00e0 la traction est \u00e9lev\u00e9e. Cet<br \/>\n  alliage peut \u00eatre utilis\u00e9 pour assembler des composants \u00e9lectriques, souder<br \/>\n  des circuits imprim\u00e9s, souder des plaques, retravailler et d&rsquo;autres soudures<br \/>\n  \u00e0 usage g\u00e9n\u00e9ral.<\/p>\n<p>    VALEUR AJOUT\u00c9E DU PRODUIT<br \/>\n    n Point de fusion bas ; 183\u00b0C (solidus) et 255\u00b0C (liquidus).<br \/>\n    n Tr\u00e8s bonnes propri\u00e9t\u00e9s de mouillage et d&rsquo;\u00e9coulement.<br \/>\n    n Bonne conductivit\u00e9 \u00e9lectrique. FORMATS DISPONIBLES<br \/>\n    Diam\u00e8tre : 0,35 mm &#8211; 6 mm<\/p>\n<p>    Bobines en plastique de :<br \/>\n    n 100 g.\u00a0: 30 unit\u00e9s\/bo\u00eete<br \/>\n    250 g.\u00a0: 40 unit\u00e9s\/bo\u00eete<br \/>\n    500 g.\u00a0: 20 unit\u00e9s\/bo\u00eete<br \/>\n    1 kg.\u00a0: 10 unit\u00e9s\/bo\u00eete<br \/>\n    n 2 kg et 4 kg : Sur demande\u00a0\u00a0\u00a0\u00a0\u00a0\u00a0\u00a0\u00a0\u00a0\u00a0\u00a0\u00a0\u00a0\u00a0\u00a0\u00a0\u00a0\u00a0\u00a0\u00a0\u00a0\u00a0\u00a0\u00a0\u00a0\u00a0\u00a0\u00a0\u00a0\u00a0\u00a0\u00a0\u00a0\u00a0\u00a0\u00a0\u00a0\u00a0\u00a0\u00a0\u00a0\u00a0\u00a0\u00a0\u00a0\u00a0\u00a0\u00a0\u00a0\u00a0\u00a0\u00a0\u00a0\u00a0\u00a0\u00a0\u00a0\u00a0\u00a0\u00a0\u00a0\u00a0\u00a0\u00a0\u00a0\u00a0\u00a0\u00a0\u00a0\u00a0\u00a0\u00a0\u00a0\u00a0\u00a0\u00a0\u00a0\u00a0\u00a0\u00a0\u00a0\u00a0\u00a0\u00a0\u00a0\u00a0\u00a0\u00a0\u00a0\u00a0\u00a0\u00a0\u00a0\u00a0\u00a0\u00a0\u00a0\u00a0\u00a0\u00a0\u00a0\u00a0\u00a0\u00a0\u00a0\u00a0\u00a0\u00a0\u00a0\u00a0\u00a0\u00a0\u00a0\u00a0\u00a0\u00a0\u00a0\u00a0\u00a0\u00a0\u00a0\u00a0\u00a0\u00a0\u00a0\u00a0\u00a0\u00a0\u00a0\u00a0\u00a0\u00a0\u00a0\u00a0\u00a0\u00a0\u00a0\u00a0\u00a0\u00a0\u00a0\u00a0\u00a0\u00a0\u00a0\u00a0\u00a0\u00a0\u00a0\u00a0\u00a0\u00a0\u00a0\u00a0\u00a0\u00a0\u00a0\u00a0\u00a0\u00a0\u00a0\u00a0\u00a0\u00a0\u00a0\u00a0\u00a0\u00a0\u00a0\u00a0\u00a0\u00a0\u00a0\u00a0\u00a0\u00a0\u00a0\u00a0\u00a0\u00a0\u00a0\u00a0\u00a0\u00a0\u00a0\u00a0\u00a0\u00a0\u00a0\u00a0\u00a0\u00a0\u00a0\u00a0\u00a0\u00a0\u00a0\u00a0\u00a0\u00a0\u00a0\u00a0\u00a0\u00a0\u00a0\u00a0\u00a0\u00a0\u00a0\u00a0\u00a0\u00a0\u00a0\u00a0\u00a0\u00a0\u00a0\u00a0\u00a0\u00a0\u00a0\u00a0\u00a0\u00a0\u00a0\u00a0\u00a0\u00a0\u00a0\u00a0\u00a0\u00a0\u00a0\u00a0\u00a0\u00a0\u00a0\u00a0\u00a0\u00a0\u00a0\u00a0\u00a0\u00a0\u00a0\u00a0\u00a0\u00a0\u00a0\u00a0\u00a0\u00a0\u00a0\u00a0\u00a0\u00a0\u00a0\u00a0\u00a0\u00a0\u00a0\u00a0\u00a0\u00a0\u00a0\u00a0\u00a0\u00a0\u00a0\u00a0\u00a0\u00a0\u00a0\u00a0\u00a0\u00a0\u00a0\u00a0\u00a0\u00a0\u00a0\u00a0\u00a0\u00a0\u00a0\u00a0\u00a0\u00a0\u00a0\u00a0\u00a0\u00a0\u00a0\u00a0\u00a0\u00a0\u00a0\u00a0\u00a0\u00a0\u00a0\u00a0\u00a0\u00a0\u00a0\u00a0\u00a0\u00a0\u00a0\u00a0\u00a0\u00a0\u00a0\u00a0\u00a0\u00a0\u00a0\u00a0\u00a0\u00a0\u00a0\u00a0\u00a0\u00a0\u00a0\u00a0\u00a0\u00a0\u00a0\u00a0\u00a0\u00a0\u00a0\u00a0\u00a0\u00a0\u00a0\u00a0\u00a0\u00a0\u00a0\u00a0\u00a0\u00a0\u00a0\u00a0\u00a0\u00a0\u00a0\u00a0\u00a0\u00a0\u00a0\u00a0\u00a0\u00a0\u00a0\u00a0\u00a0\u00a0\u00a0\u00a0\u00a0\u00a0\u00a0\u00a0\u00a0\u00a0\u00a0\u00a0\u00a0\u00a0\u00a0\u00a0\u00a0\u00a0\u00a0\u00a0\u00a0\u00a0\u00a0\u00a0\u00a0\u00a0\u00a0<br \/>\n  ** Consulter d&rsquo;autres formats.<\/p>\n","protected":false},"excerpt":{"rendered":"<p>FIL AVEC FLUX<br \/>\n  D&rsquo;\u00c9TAIN PLOMB POUR LA SOUDURE ELECTRONIQUE<\/p>\n","protected":false},"featured_media":6064,"comment_status":"open","ping_status":"closed","template":"","meta":{"_joinchat":[]},"product_brand":[],"product_cat":[156,155],"product_tag":[],"class_list":{"0":"post-7926","1":"product","2":"type-product","3":"status-publish","4":"has-post-thumbnail","6":"product_cat-brasage-manuel","7":"product_cat-reparation-et-reprise","9":"first","10":"instock","11":"taxable","12":"shipping-taxable","13":"product-type-simple"},"yoast_head":"<!-- This site is optimized with the Yoast SEO plugin v26.9 - https:\/\/yoast.com\/product\/yoast-seo-wordpress\/ -->\n<title>BROFIL 63 FLUX - BROQUETAS, S.L.<\/title>\n<meta name=\"description\" content=\"Broquetas est sp\u00e9cialis\u00e9e dans la fabrication d&#039;alliages et de produits pour l&#039;industrie \u00e9lectronique et toutes ses applications.\" \/>\n<meta name=\"robots\" content=\"index, follow, max-snippet:-1, max-image-preview:large, max-video-preview:-1\" \/>\n<link rel=\"canonical\" href=\"https:\/\/broquetas.com\/fr\/producto\/brofil-63-flux\/\" \/>\n<meta property=\"og:locale\" content=\"fr_FR\" \/>\n<meta property=\"og:type\" content=\"article\" \/>\n<meta property=\"og:title\" content=\"BROFIL 63 FLUX - BROQUETAS, S.L.\" \/>\n<meta property=\"og:description\" content=\"Broquetas est sp\u00e9cialis\u00e9e dans la fabrication d&#039;alliages et de produits pour l&#039;industrie \u00e9lectronique et toutes ses applications.\" \/>\n<meta property=\"og:url\" content=\"https:\/\/broquetas.com\/fr\/producto\/brofil-63-flux\/\" \/>\n<meta property=\"og:site_name\" content=\"BROQUETAS, S.L.\" \/>\n<meta property=\"article:modified_time\" content=\"2022-08-01T14:09:50+00:00\" \/>\n<meta property=\"og:image\" content=\"https:\/\/broquetas.com\/wp-content\/uploads\/2022\/02\/B21B22-17300-5N104.png\" \/>\n\t<meta property=\"og:image:width\" content=\"2953\" \/>\n\t<meta property=\"og:image:height\" content=\"2215\" \/>\n\t<meta property=\"og:image:type\" content=\"image\/png\" \/>\n<meta name=\"twitter:card\" content=\"summary_large_image\" \/>\n<meta name=\"twitter:label1\" content=\"Dur\u00e9e de lecture estim\u00e9e\" \/>\n\t<meta name=\"twitter:data1\" content=\"1 minute\" \/>\n<script type=\"application\/ld+json\" class=\"yoast-schema-graph\">{\"@context\":\"https:\/\/schema.org\",\"@graph\":[{\"@type\":\"WebPage\",\"@id\":\"https:\/\/broquetas.com\/fr\/producto\/brofil-63-flux\/\",\"url\":\"https:\/\/broquetas.com\/fr\/producto\/brofil-63-flux\/\",\"name\":\"BROFIL 63 FLUX - BROQUETAS, S.L.\",\"isPartOf\":{\"@id\":\"https:\/\/broquetas.com\/#website\"},\"primaryImageOfPage\":{\"@id\":\"https:\/\/broquetas.com\/fr\/producto\/brofil-63-flux\/#primaryimage\"},\"image\":{\"@id\":\"https:\/\/broquetas.com\/fr\/producto\/brofil-63-flux\/#primaryimage\"},\"thumbnailUrl\":\"https:\/\/broquetas.com\/wp-content\/uploads\/2022\/02\/B21B22-17300-5N104.png\",\"datePublished\":\"2022-02-24T21:14:06+00:00\",\"dateModified\":\"2022-08-01T14:09:50+00:00\",\"description\":\"Broquetas est sp\u00e9cialis\u00e9e dans la fabrication d'alliages et de produits pour l'industrie \u00e9lectronique et toutes ses applications.\",\"breadcrumb\":{\"@id\":\"https:\/\/broquetas.com\/fr\/producto\/brofil-63-flux\/#breadcrumb\"},\"inLanguage\":\"fr-FR\",\"potentialAction\":[{\"@type\":\"ReadAction\",\"target\":[\"https:\/\/broquetas.com\/fr\/producto\/brofil-63-flux\/\"]}]},{\"@type\":\"ImageObject\",\"inLanguage\":\"fr-FR\",\"@id\":\"https:\/\/broquetas.com\/fr\/producto\/brofil-63-flux\/#primaryimage\",\"url\":\"https:\/\/broquetas.com\/wp-content\/uploads\/2022\/02\/B21B22-17300-5N104.png\",\"contentUrl\":\"https:\/\/broquetas.com\/wp-content\/uploads\/2022\/02\/B21B22-17300-5N104.png\",\"width\":2953,\"height\":2215},{\"@type\":\"BreadcrumbList\",\"@id\":\"https:\/\/broquetas.com\/fr\/producto\/brofil-63-flux\/#breadcrumb\",\"itemListElement\":[{\"@type\":\"ListItem\",\"position\":1,\"name\":\"Home\",\"item\":\"https:\/\/broquetas.com\/\"},{\"@type\":\"ListItem\",\"position\":2,\"name\":\"Produits\",\"item\":\"https:\/\/broquetas.com\/fr\/produits\/\"},{\"@type\":\"ListItem\",\"position\":3,\"name\":\"BROFIL 63 FLUX\"}]},{\"@type\":\"WebSite\",\"@id\":\"https:\/\/broquetas.com\/#website\",\"url\":\"https:\/\/broquetas.com\/\",\"name\":\"BROQUETAS, S.L.\",\"description\":\"\",\"publisher\":{\"@id\":\"https:\/\/broquetas.com\/#organization\"},\"potentialAction\":[{\"@type\":\"SearchAction\",\"target\":{\"@type\":\"EntryPoint\",\"urlTemplate\":\"https:\/\/broquetas.com\/?s={search_term_string}\"},\"query-input\":{\"@type\":\"PropertyValueSpecification\",\"valueRequired\":true,\"valueName\":\"search_term_string\"}}],\"inLanguage\":\"fr-FR\"},{\"@type\":\"Organization\",\"@id\":\"https:\/\/broquetas.com\/#organization\",\"name\":\"BROQUETAS S.L.\",\"url\":\"https:\/\/broquetas.com\/\",\"logo\":{\"@type\":\"ImageObject\",\"inLanguage\":\"fr-FR\",\"@id\":\"https:\/\/broquetas.com\/#\/schema\/logo\/image\/\",\"url\":\"https:\/\/broquetas.com\/wp-content\/uploads\/2021\/08\/logo-broquetas-dark.png\",\"contentUrl\":\"https:\/\/broquetas.com\/wp-content\/uploads\/2021\/08\/logo-broquetas-dark.png\",\"width\":262,\"height\":150,\"caption\":\"BROQUETAS S.L.\"},\"image\":{\"@id\":\"https:\/\/broquetas.com\/#\/schema\/logo\/image\/\"},\"sameAs\":[\"https:\/\/www.linkedin.com\/in\/broquetas-s-l-broquetas-99a22283\/\",\"https:\/\/www.youtube.com\/channel\/UCDYxB3N3CMqWo9DA-oyiAdg\"]}]}<\/script>\n<!-- \/ Yoast SEO plugin. -->","yoast_head_json":{"title":"BROFIL 63 FLUX - BROQUETAS, S.L.","description":"Broquetas est sp\u00e9cialis\u00e9e dans la fabrication d'alliages et de produits pour l'industrie \u00e9lectronique et toutes ses applications.","robots":{"index":"index","follow":"follow","max-snippet":"max-snippet:-1","max-image-preview":"max-image-preview:large","max-video-preview":"max-video-preview:-1"},"canonical":"https:\/\/broquetas.com\/fr\/producto\/brofil-63-flux\/","og_locale":"fr_FR","og_type":"article","og_title":"BROFIL 63 FLUX - BROQUETAS, S.L.","og_description":"Broquetas est sp\u00e9cialis\u00e9e dans la fabrication d'alliages et de produits pour l'industrie \u00e9lectronique et toutes ses applications.","og_url":"https:\/\/broquetas.com\/fr\/producto\/brofil-63-flux\/","og_site_name":"BROQUETAS, S.L.","article_modified_time":"2022-08-01T14:09:50+00:00","og_image":[{"width":2953,"height":2215,"url":"https:\/\/broquetas.com\/wp-content\/uploads\/2022\/02\/B21B22-17300-5N104.png","type":"image\/png"}],"twitter_card":"summary_large_image","twitter_misc":{"Dur\u00e9e de lecture estim\u00e9e":"1 minute"},"schema":{"@context":"https:\/\/schema.org","@graph":[{"@type":"WebPage","@id":"https:\/\/broquetas.com\/fr\/producto\/brofil-63-flux\/","url":"https:\/\/broquetas.com\/fr\/producto\/brofil-63-flux\/","name":"BROFIL 63 FLUX - BROQUETAS, S.L.","isPartOf":{"@id":"https:\/\/broquetas.com\/#website"},"primaryImageOfPage":{"@id":"https:\/\/broquetas.com\/fr\/producto\/brofil-63-flux\/#primaryimage"},"image":{"@id":"https:\/\/broquetas.com\/fr\/producto\/brofil-63-flux\/#primaryimage"},"thumbnailUrl":"https:\/\/broquetas.com\/wp-content\/uploads\/2022\/02\/B21B22-17300-5N104.png","datePublished":"2022-02-24T21:14:06+00:00","dateModified":"2022-08-01T14:09:50+00:00","description":"Broquetas est sp\u00e9cialis\u00e9e dans la fabrication d'alliages et de produits pour l'industrie \u00e9lectronique et toutes ses applications.","breadcrumb":{"@id":"https:\/\/broquetas.com\/fr\/producto\/brofil-63-flux\/#breadcrumb"},"inLanguage":"fr-FR","potentialAction":[{"@type":"ReadAction","target":["https:\/\/broquetas.com\/fr\/producto\/brofil-63-flux\/"]}]},{"@type":"ImageObject","inLanguage":"fr-FR","@id":"https:\/\/broquetas.com\/fr\/producto\/brofil-63-flux\/#primaryimage","url":"https:\/\/broquetas.com\/wp-content\/uploads\/2022\/02\/B21B22-17300-5N104.png","contentUrl":"https:\/\/broquetas.com\/wp-content\/uploads\/2022\/02\/B21B22-17300-5N104.png","width":2953,"height":2215},{"@type":"BreadcrumbList","@id":"https:\/\/broquetas.com\/fr\/producto\/brofil-63-flux\/#breadcrumb","itemListElement":[{"@type":"ListItem","position":1,"name":"Home","item":"https:\/\/broquetas.com\/"},{"@type":"ListItem","position":2,"name":"Produits","item":"https:\/\/broquetas.com\/fr\/produits\/"},{"@type":"ListItem","position":3,"name":"BROFIL 63 FLUX"}]},{"@type":"WebSite","@id":"https:\/\/broquetas.com\/#website","url":"https:\/\/broquetas.com\/","name":"BROQUETAS, S.L.","description":"","publisher":{"@id":"https:\/\/broquetas.com\/#organization"},"potentialAction":[{"@type":"SearchAction","target":{"@type":"EntryPoint","urlTemplate":"https:\/\/broquetas.com\/?s={search_term_string}"},"query-input":{"@type":"PropertyValueSpecification","valueRequired":true,"valueName":"search_term_string"}}],"inLanguage":"fr-FR"},{"@type":"Organization","@id":"https:\/\/broquetas.com\/#organization","name":"BROQUETAS S.L.","url":"https:\/\/broquetas.com\/","logo":{"@type":"ImageObject","inLanguage":"fr-FR","@id":"https:\/\/broquetas.com\/#\/schema\/logo\/image\/","url":"https:\/\/broquetas.com\/wp-content\/uploads\/2021\/08\/logo-broquetas-dark.png","contentUrl":"https:\/\/broquetas.com\/wp-content\/uploads\/2021\/08\/logo-broquetas-dark.png","width":262,"height":150,"caption":"BROQUETAS S.L."},"image":{"@id":"https:\/\/broquetas.com\/#\/schema\/logo\/image\/"},"sameAs":["https:\/\/www.linkedin.com\/in\/broquetas-s-l-broquetas-99a22283\/","https:\/\/www.youtube.com\/channel\/UCDYxB3N3CMqWo9DA-oyiAdg"]}]}},"_links":{"self":[{"href":"https:\/\/broquetas.com\/fr\/wp-json\/wp\/v2\/product\/7926","targetHints":{"allow":["GET"]}}],"collection":[{"href":"https:\/\/broquetas.com\/fr\/wp-json\/wp\/v2\/product"}],"about":[{"href":"https:\/\/broquetas.com\/fr\/wp-json\/wp\/v2\/types\/product"}],"replies":[{"embeddable":true,"href":"https:\/\/broquetas.com\/fr\/wp-json\/wp\/v2\/comments?post=7926"}],"wp:featuredmedia":[{"embeddable":true,"href":"https:\/\/broquetas.com\/fr\/wp-json\/wp\/v2\/media\/6064"}],"wp:attachment":[{"href":"https:\/\/broquetas.com\/fr\/wp-json\/wp\/v2\/media?parent=7926"}],"wp:term":[{"taxonomy":"product_brand","embeddable":true,"href":"https:\/\/broquetas.com\/fr\/wp-json\/wp\/v2\/product_brand?post=7926"},{"taxonomy":"product_cat","embeddable":true,"href":"https:\/\/broquetas.com\/fr\/wp-json\/wp\/v2\/product_cat?post=7926"},{"taxonomy":"product_tag","embeddable":true,"href":"https:\/\/broquetas.com\/fr\/wp-json\/wp\/v2\/product_tag?post=7926"}],"curies":[{"name":"wp","href":"https:\/\/api.w.org\/{rel}","templated":true}]}}