{"id":10193,"date":"2025-04-03T13:04:29","date_gmt":"2025-04-03T11:04:29","guid":{"rendered":"https:\/\/broquetas.com\/?post_type=product&#038;p=10193"},"modified":"2025-04-03T14:58:19","modified_gmt":"2025-04-03T12:58:19","slug":"flux-base-agua-para-rework","status":"publish","type":"product","link":"https:\/\/broquetas.com\/fr\/producto\/flux-base-agua-para-rework\/","title":{"rendered":"FLUX BASE AGUA PARA REWORK"},"content":{"rendered":"<p>INFORMATION PRODUIT<\/p>\n<p>Notre flux \u00e0 base d&rsquo;eau BRO-B004-00015 a \u00e9t\u00e9 sp\u00e9cialement formul\u00e9 pour les travaux de reprise, de r\u00e9paration et de dessoudage sur les circuits \u00e9lectroniques et les composants SMD.<br \/>\nCe flux transparent, sous forme liquide, se distingue par sa polyvalence et son efficacit\u00e9 :<br \/>\nIl am\u00e9liore l&rsquo;adh\u00e9rence de l&rsquo;\u00e9tain, m\u00eame sur les composants \u00e0 patins \u00e9troits ou lors du brasage de fils.<br \/>\nIl nettoie la surface de contact, facilitant ainsi un brasage propre et durable.<br \/>\n\u00c0 base d&rsquo;eau, il ne laisse que peu de r\u00e9sidus et se nettoie facilement : il suffit d&rsquo;utiliser de l&rsquo;eau.<br \/>\nId\u00e9al pour les travaux de pr\u00e9cision, gr\u00e2ce \u00e0 son contenant pratique de 15 ml avec pinceau applicateur int\u00e9gr\u00e9.<\/p>\n<p>CLASSIFICATION TECHNIQUE :<br \/>\nType de flux : 2.1.3.A (ISO 9454).<br \/>\nNorme : DIN EN 61190-1-1 : L0 (IEC OR\/L0)<\/p>\n<p>FORMAT :<br \/>\nFlacon en verre de 15 ml avec pinceau applicateur.<br \/>\nBo\u00eete de 18 unit\u00e9s<\/p>\n<p>Un outil essentiel sur votre \u00e9tabli pour garantir des joints fiables et propres dans les processus de r\u00e9paration et de maintenance \u00e9lectroniques.<\/p>\n","protected":false},"excerpt":{"rendered":"<p>BRO-B004-00015 &#8211; Flux \u00e0 base d&rsquo;eau 15 ml. Conforme aux normes WEEE\/RoHS<\/p>\n","protected":false},"featured_media":10197,"comment_status":"closed","ping_status":"closed","template":"","meta":{"_joinchat":[]},"product_brand":[],"product_cat":[154,155],"product_tag":[],"class_list":{"0":"post-10193","1":"product","2":"type-product","3":"status-publish","4":"has-post-thumbnail","6":"product_cat-industrie-electronique","7":"product_cat-reparation-et-reprise","9":"first","10":"instock","11":"taxable","12":"shipping-taxable","13":"product-type-simple"},"yoast_head":"<!-- This site is optimized with the Yoast SEO plugin v26.9 - https:\/\/yoast.com\/product\/yoast-seo-wordpress\/ -->\n<title>FLUX BASE AGUA PARA REWORK - BROQUETAS, S.L.<\/title>\n<meta name=\"robots\" content=\"index, follow, max-snippet:-1, max-image-preview:large, max-video-preview:-1\" \/>\n<link rel=\"canonical\" href=\"https:\/\/broquetas.com\/fr\/producto\/flux-base-agua-para-rework\/\" \/>\n<meta property=\"og:locale\" content=\"fr_FR\" \/>\n<meta property=\"og:type\" content=\"article\" \/>\n<meta property=\"og:title\" content=\"FLUX BASE AGUA PARA REWORK - BROQUETAS, S.L.\" \/>\n<meta property=\"og:description\" content=\"BRO-B004-00015 - Flux \u00e0 base d&#039;eau 15 ml. Conforme aux normes WEEE\/RoHS\" \/>\n<meta property=\"og:url\" content=\"https:\/\/broquetas.com\/fr\/producto\/flux-base-agua-para-rework\/\" \/>\n<meta property=\"og:site_name\" content=\"BROQUETAS, S.L.\" \/>\n<meta property=\"article:modified_time\" content=\"2025-04-03T12:58:19+00:00\" \/>\n<meta property=\"og:image\" content=\"https:\/\/broquetas.com\/wp-content\/uploads\/2025\/04\/Diseno-sin-titulo-4.png\" \/>\n\t<meta property=\"og:image:width\" content=\"1080\" \/>\n\t<meta property=\"og:image:height\" content=\"1080\" \/>\n\t<meta property=\"og:image:type\" content=\"image\/png\" \/>\n<meta name=\"twitter:card\" content=\"summary_large_image\" \/>\n<meta name=\"twitter:label1\" content=\"Dur\u00e9e de lecture estim\u00e9e\" \/>\n\t<meta name=\"twitter:data1\" content=\"1 minute\" \/>\n<script type=\"application\/ld+json\" class=\"yoast-schema-graph\">{\"@context\":\"https:\/\/schema.org\",\"@graph\":[{\"@type\":\"WebPage\",\"@id\":\"https:\/\/broquetas.com\/fr\/producto\/flux-base-agua-para-rework\/\",\"url\":\"https:\/\/broquetas.com\/fr\/producto\/flux-base-agua-para-rework\/\",\"name\":\"FLUX BASE AGUA PARA REWORK - BROQUETAS, S.L.\",\"isPartOf\":{\"@id\":\"https:\/\/broquetas.com\/#website\"},\"primaryImageOfPage\":{\"@id\":\"https:\/\/broquetas.com\/fr\/producto\/flux-base-agua-para-rework\/#primaryimage\"},\"image\":{\"@id\":\"https:\/\/broquetas.com\/fr\/producto\/flux-base-agua-para-rework\/#primaryimage\"},\"thumbnailUrl\":\"https:\/\/broquetas.com\/wp-content\/uploads\/2025\/04\/Diseno-sin-titulo-4.png\",\"datePublished\":\"2025-04-03T11:04:29+00:00\",\"dateModified\":\"2025-04-03T12:58:19+00:00\",\"breadcrumb\":{\"@id\":\"https:\/\/broquetas.com\/fr\/producto\/flux-base-agua-para-rework\/#breadcrumb\"},\"inLanguage\":\"fr-FR\",\"potentialAction\":[{\"@type\":\"ReadAction\",\"target\":[\"https:\/\/broquetas.com\/fr\/producto\/flux-base-agua-para-rework\/\"]}]},{\"@type\":\"ImageObject\",\"inLanguage\":\"fr-FR\",\"@id\":\"https:\/\/broquetas.com\/fr\/producto\/flux-base-agua-para-rework\/#primaryimage\",\"url\":\"https:\/\/broquetas.com\/wp-content\/uploads\/2025\/04\/Diseno-sin-titulo-4.png\",\"contentUrl\":\"https:\/\/broquetas.com\/wp-content\/uploads\/2025\/04\/Diseno-sin-titulo-4.png\",\"width\":1080,\"height\":1080},{\"@type\":\"BreadcrumbList\",\"@id\":\"https:\/\/broquetas.com\/fr\/producto\/flux-base-agua-para-rework\/#breadcrumb\",\"itemListElement\":[{\"@type\":\"ListItem\",\"position\":1,\"name\":\"Home\",\"item\":\"https:\/\/broquetas.com\/\"},{\"@type\":\"ListItem\",\"position\":2,\"name\":\"Produits\",\"item\":\"https:\/\/broquetas.com\/fr\/produits\/\"},{\"@type\":\"ListItem\",\"position\":3,\"name\":\"FLUX BASE AGUA PARA REWORK\"}]},{\"@type\":\"WebSite\",\"@id\":\"https:\/\/broquetas.com\/#website\",\"url\":\"https:\/\/broquetas.com\/\",\"name\":\"BROQUETAS, S.L.\",\"description\":\"\",\"publisher\":{\"@id\":\"https:\/\/broquetas.com\/#organization\"},\"potentialAction\":[{\"@type\":\"SearchAction\",\"target\":{\"@type\":\"EntryPoint\",\"urlTemplate\":\"https:\/\/broquetas.com\/?s={search_term_string}\"},\"query-input\":{\"@type\":\"PropertyValueSpecification\",\"valueRequired\":true,\"valueName\":\"search_term_string\"}}],\"inLanguage\":\"fr-FR\"},{\"@type\":\"Organization\",\"@id\":\"https:\/\/broquetas.com\/#organization\",\"name\":\"BROQUETAS S.L.\",\"url\":\"https:\/\/broquetas.com\/\",\"logo\":{\"@type\":\"ImageObject\",\"inLanguage\":\"fr-FR\",\"@id\":\"https:\/\/broquetas.com\/#\/schema\/logo\/image\/\",\"url\":\"https:\/\/broquetas.com\/wp-content\/uploads\/2021\/08\/logo-broquetas-dark.png\",\"contentUrl\":\"https:\/\/broquetas.com\/wp-content\/uploads\/2021\/08\/logo-broquetas-dark.png\",\"width\":262,\"height\":150,\"caption\":\"BROQUETAS S.L.\"},\"image\":{\"@id\":\"https:\/\/broquetas.com\/#\/schema\/logo\/image\/\"},\"sameAs\":[\"https:\/\/www.linkedin.com\/in\/broquetas-s-l-broquetas-99a22283\/\",\"https:\/\/www.youtube.com\/channel\/UCDYxB3N3CMqWo9DA-oyiAdg\"]}]}<\/script>\n<!-- \/ Yoast SEO plugin. -->","yoast_head_json":{"title":"FLUX BASE AGUA PARA REWORK - BROQUETAS, S.L.","robots":{"index":"index","follow":"follow","max-snippet":"max-snippet:-1","max-image-preview":"max-image-preview:large","max-video-preview":"max-video-preview:-1"},"canonical":"https:\/\/broquetas.com\/fr\/producto\/flux-base-agua-para-rework\/","og_locale":"fr_FR","og_type":"article","og_title":"FLUX BASE AGUA PARA REWORK - BROQUETAS, S.L.","og_description":"BRO-B004-00015 - Flux \u00e0 base d'eau 15 ml. Conforme aux normes WEEE\/RoHS","og_url":"https:\/\/broquetas.com\/fr\/producto\/flux-base-agua-para-rework\/","og_site_name":"BROQUETAS, S.L.","article_modified_time":"2025-04-03T12:58:19+00:00","og_image":[{"width":1080,"height":1080,"url":"https:\/\/broquetas.com\/wp-content\/uploads\/2025\/04\/Diseno-sin-titulo-4.png","type":"image\/png"}],"twitter_card":"summary_large_image","twitter_misc":{"Dur\u00e9e de lecture estim\u00e9e":"1 minute"},"schema":{"@context":"https:\/\/schema.org","@graph":[{"@type":"WebPage","@id":"https:\/\/broquetas.com\/fr\/producto\/flux-base-agua-para-rework\/","url":"https:\/\/broquetas.com\/fr\/producto\/flux-base-agua-para-rework\/","name":"FLUX BASE AGUA PARA REWORK - BROQUETAS, S.L.","isPartOf":{"@id":"https:\/\/broquetas.com\/#website"},"primaryImageOfPage":{"@id":"https:\/\/broquetas.com\/fr\/producto\/flux-base-agua-para-rework\/#primaryimage"},"image":{"@id":"https:\/\/broquetas.com\/fr\/producto\/flux-base-agua-para-rework\/#primaryimage"},"thumbnailUrl":"https:\/\/broquetas.com\/wp-content\/uploads\/2025\/04\/Diseno-sin-titulo-4.png","datePublished":"2025-04-03T11:04:29+00:00","dateModified":"2025-04-03T12:58:19+00:00","breadcrumb":{"@id":"https:\/\/broquetas.com\/fr\/producto\/flux-base-agua-para-rework\/#breadcrumb"},"inLanguage":"fr-FR","potentialAction":[{"@type":"ReadAction","target":["https:\/\/broquetas.com\/fr\/producto\/flux-base-agua-para-rework\/"]}]},{"@type":"ImageObject","inLanguage":"fr-FR","@id":"https:\/\/broquetas.com\/fr\/producto\/flux-base-agua-para-rework\/#primaryimage","url":"https:\/\/broquetas.com\/wp-content\/uploads\/2025\/04\/Diseno-sin-titulo-4.png","contentUrl":"https:\/\/broquetas.com\/wp-content\/uploads\/2025\/04\/Diseno-sin-titulo-4.png","width":1080,"height":1080},{"@type":"BreadcrumbList","@id":"https:\/\/broquetas.com\/fr\/producto\/flux-base-agua-para-rework\/#breadcrumb","itemListElement":[{"@type":"ListItem","position":1,"name":"Home","item":"https:\/\/broquetas.com\/"},{"@type":"ListItem","position":2,"name":"Produits","item":"https:\/\/broquetas.com\/fr\/produits\/"},{"@type":"ListItem","position":3,"name":"FLUX BASE AGUA PARA REWORK"}]},{"@type":"WebSite","@id":"https:\/\/broquetas.com\/#website","url":"https:\/\/broquetas.com\/","name":"BROQUETAS, S.L.","description":"","publisher":{"@id":"https:\/\/broquetas.com\/#organization"},"potentialAction":[{"@type":"SearchAction","target":{"@type":"EntryPoint","urlTemplate":"https:\/\/broquetas.com\/?s={search_term_string}"},"query-input":{"@type":"PropertyValueSpecification","valueRequired":true,"valueName":"search_term_string"}}],"inLanguage":"fr-FR"},{"@type":"Organization","@id":"https:\/\/broquetas.com\/#organization","name":"BROQUETAS S.L.","url":"https:\/\/broquetas.com\/","logo":{"@type":"ImageObject","inLanguage":"fr-FR","@id":"https:\/\/broquetas.com\/#\/schema\/logo\/image\/","url":"https:\/\/broquetas.com\/wp-content\/uploads\/2021\/08\/logo-broquetas-dark.png","contentUrl":"https:\/\/broquetas.com\/wp-content\/uploads\/2021\/08\/logo-broquetas-dark.png","width":262,"height":150,"caption":"BROQUETAS S.L."},"image":{"@id":"https:\/\/broquetas.com\/#\/schema\/logo\/image\/"},"sameAs":["https:\/\/www.linkedin.com\/in\/broquetas-s-l-broquetas-99a22283\/","https:\/\/www.youtube.com\/channel\/UCDYxB3N3CMqWo9DA-oyiAdg"]}]}},"_links":{"self":[{"href":"https:\/\/broquetas.com\/fr\/wp-json\/wp\/v2\/product\/10193","targetHints":{"allow":["GET"]}}],"collection":[{"href":"https:\/\/broquetas.com\/fr\/wp-json\/wp\/v2\/product"}],"about":[{"href":"https:\/\/broquetas.com\/fr\/wp-json\/wp\/v2\/types\/product"}],"replies":[{"embeddable":true,"href":"https:\/\/broquetas.com\/fr\/wp-json\/wp\/v2\/comments?post=10193"}],"wp:featuredmedia":[{"embeddable":true,"href":"https:\/\/broquetas.com\/fr\/wp-json\/wp\/v2\/media\/10197"}],"wp:attachment":[{"href":"https:\/\/broquetas.com\/fr\/wp-json\/wp\/v2\/media?parent=10193"}],"wp:term":[{"taxonomy":"product_brand","embeddable":true,"href":"https:\/\/broquetas.com\/fr\/wp-json\/wp\/v2\/product_brand?post=10193"},{"taxonomy":"product_cat","embeddable":true,"href":"https:\/\/broquetas.com\/fr\/wp-json\/wp\/v2\/product_cat?post=10193"},{"taxonomy":"product_tag","embeddable":true,"href":"https:\/\/broquetas.com\/fr\/wp-json\/wp\/v2\/product_tag?post=10193"}],"curies":[{"name":"wp","href":"https:\/\/api.w.org\/{rel}","templated":true}]}}