{"id":10079,"date":"2024-12-04T13:36:25","date_gmt":"2024-12-04T12:51:14","guid":{"rendered":"https:\/\/broquetas.com\/?post_type=product&#038;p=10079"},"modified":"2024-12-05T15:18:44","modified_gmt":"2024-12-05T14:18:44","slug":"bropols-eco","status":"publish","type":"product","link":"https:\/\/broquetas.com\/fr\/producto\/bropols-eco\/","title":{"rendered":"BROPOLS ECO"},"content":{"rendered":"<p>BROPOLS ECO est un flux de haute performance sp\u00e9cialement con\u00e7u pour les processus de brasage. Formul\u00e9 \u00e0 partir d&rsquo;un m\u00e9lange avanc\u00e9, ce produit se distingue par son efficacit\u00e9 et son respect de l&rsquo;environnement.<\/p>\n<p>CARACT\u00c9RISTIQUES PRINCIPALES<br \/>\nSp\u00e9cialis\u00e9 pour le brasage : id\u00e9al pour les joints capillaires avec des alliages \u00e0 forte teneur en argent, Cu P et Cu P Ag.<br \/>\nSans acide borique : Conforme aux r\u00e9glementations en vigueur, offrant une plus grande s\u00e9curit\u00e9 aux op\u00e9rateurs.<br \/>\nFaible teneur en CMR : garantit un environnement de travail plus s\u00fbr et simplifie le transport car il n&rsquo;est pas soumis \u00e0 la r\u00e9glementation ADR.<br \/>\nR\u00e9sidus solubles dans l&rsquo;eau : nettoyage facile apr\u00e8s le processus de soudage, ce qui am\u00e9liore l&rsquo;efficacit\u00e9 op\u00e9rationnelle.<br \/>\nPlage de temp\u00e9rature effective : 550 \u00e0 750 \u00b0C, s&rsquo;adaptant aux besoins des processus les plus exigeants.<br \/>\nConforme aux normes : EN 1045 : FH10 et EN ISO 18496 : FH10A.<\/p>\n<p>FORMATS :<br \/>\nR\u00e9cipients en plastique avec bouchon de s\u00e9curit\u00e9 pour enfants de 100g 250g 500g et 1Kg.<\/p>\n","protected":false},"excerpt":{"rendered":"<p>BROPOLS ECO_ FLUX NON ADR<\/p>\n","protected":false},"featured_media":10075,"comment_status":"closed","ping_status":"closed","template":"","meta":{"_joinchat":[]},"product_brand":[],"product_cat":[170],"product_tag":[],"class_list":{"0":"post-10079","1":"product","2":"type-product","3":"status-publish","4":"has-post-thumbnail","6":"product_cat-decapants","8":"first","9":"instock","10":"taxable","11":"shipping-taxable","12":"product-type-simple"},"yoast_head":"<!-- This site is optimized with the Yoast SEO plugin v26.9 - https:\/\/yoast.com\/product\/yoast-seo-wordpress\/ -->\n<title>BROPOLS ECO - BROQUETAS, S.L.<\/title>\n<meta name=\"robots\" content=\"index, follow, max-snippet:-1, max-image-preview:large, max-video-preview:-1\" \/>\n<link rel=\"canonical\" href=\"https:\/\/broquetas.com\/fr\/producto\/bropols-eco\/\" \/>\n<meta property=\"og:locale\" content=\"fr_FR\" \/>\n<meta property=\"og:type\" content=\"article\" \/>\n<meta property=\"og:title\" content=\"BROPOLS ECO - BROQUETAS, S.L.\" \/>\n<meta property=\"og:description\" content=\"BROPOLS ECO_ FLUX NON ADR\" \/>\n<meta property=\"og:url\" content=\"https:\/\/broquetas.com\/fr\/producto\/bropols-eco\/\" \/>\n<meta property=\"og:site_name\" content=\"BROQUETAS, S.L.\" \/>\n<meta property=\"article:modified_time\" content=\"2024-12-05T14:18:44+00:00\" \/>\n<meta property=\"og:image\" content=\"https:\/\/broquetas.com\/wp-content\/uploads\/2024\/12\/BROPOLS-ECO-1024x1024.png\" \/>\n\t<meta property=\"og:image:width\" content=\"1024\" \/>\n\t<meta property=\"og:image:height\" content=\"1024\" \/>\n\t<meta property=\"og:image:type\" content=\"image\/png\" \/>\n<meta name=\"twitter:card\" content=\"summary_large_image\" \/>\n<meta name=\"twitter:label1\" content=\"Dur\u00e9e de lecture estim\u00e9e\" \/>\n\t<meta name=\"twitter:data1\" content=\"1 minute\" \/>\n<script type=\"application\/ld+json\" class=\"yoast-schema-graph\">{\"@context\":\"https:\/\/schema.org\",\"@graph\":[{\"@type\":\"WebPage\",\"@id\":\"https:\/\/broquetas.com\/fr\/producto\/bropols-eco\/\",\"url\":\"https:\/\/broquetas.com\/fr\/producto\/bropols-eco\/\",\"name\":\"BROPOLS ECO - BROQUETAS, S.L.\",\"isPartOf\":{\"@id\":\"https:\/\/broquetas.com\/#website\"},\"primaryImageOfPage\":{\"@id\":\"https:\/\/broquetas.com\/fr\/producto\/bropols-eco\/#primaryimage\"},\"image\":{\"@id\":\"https:\/\/broquetas.com\/fr\/producto\/bropols-eco\/#primaryimage\"},\"thumbnailUrl\":\"https:\/\/broquetas.com\/wp-content\/uploads\/2024\/12\/BROPOLS-ECO.png\",\"datePublished\":\"2024-12-04T12:51:14+00:00\",\"dateModified\":\"2024-12-05T14:18:44+00:00\",\"breadcrumb\":{\"@id\":\"https:\/\/broquetas.com\/fr\/producto\/bropols-eco\/#breadcrumb\"},\"inLanguage\":\"fr-FR\",\"potentialAction\":[{\"@type\":\"ReadAction\",\"target\":[\"https:\/\/broquetas.com\/fr\/producto\/bropols-eco\/\"]}]},{\"@type\":\"ImageObject\",\"inLanguage\":\"fr-FR\",\"@id\":\"https:\/\/broquetas.com\/fr\/producto\/bropols-eco\/#primaryimage\",\"url\":\"https:\/\/broquetas.com\/wp-content\/uploads\/2024\/12\/BROPOLS-ECO.png\",\"contentUrl\":\"https:\/\/broquetas.com\/wp-content\/uploads\/2024\/12\/BROPOLS-ECO.png\",\"width\":3080,\"height\":3080,\"caption\":\"BROPOLS ECO\"},{\"@type\":\"BreadcrumbList\",\"@id\":\"https:\/\/broquetas.com\/fr\/producto\/bropols-eco\/#breadcrumb\",\"itemListElement\":[{\"@type\":\"ListItem\",\"position\":1,\"name\":\"Home\",\"item\":\"https:\/\/broquetas.com\/\"},{\"@type\":\"ListItem\",\"position\":2,\"name\":\"Produits\",\"item\":\"https:\/\/broquetas.com\/fr\/produits\/\"},{\"@type\":\"ListItem\",\"position\":3,\"name\":\"BROPOLS ECO\"}]},{\"@type\":\"WebSite\",\"@id\":\"https:\/\/broquetas.com\/#website\",\"url\":\"https:\/\/broquetas.com\/\",\"name\":\"BROQUETAS, S.L.\",\"description\":\"\",\"publisher\":{\"@id\":\"https:\/\/broquetas.com\/#organization\"},\"potentialAction\":[{\"@type\":\"SearchAction\",\"target\":{\"@type\":\"EntryPoint\",\"urlTemplate\":\"https:\/\/broquetas.com\/?s={search_term_string}\"},\"query-input\":{\"@type\":\"PropertyValueSpecification\",\"valueRequired\":true,\"valueName\":\"search_term_string\"}}],\"inLanguage\":\"fr-FR\"},{\"@type\":\"Organization\",\"@id\":\"https:\/\/broquetas.com\/#organization\",\"name\":\"BROQUETAS S.L.\",\"url\":\"https:\/\/broquetas.com\/\",\"logo\":{\"@type\":\"ImageObject\",\"inLanguage\":\"fr-FR\",\"@id\":\"https:\/\/broquetas.com\/#\/schema\/logo\/image\/\",\"url\":\"https:\/\/broquetas.com\/wp-content\/uploads\/2021\/08\/logo-broquetas-dark.png\",\"contentUrl\":\"https:\/\/broquetas.com\/wp-content\/uploads\/2021\/08\/logo-broquetas-dark.png\",\"width\":262,\"height\":150,\"caption\":\"BROQUETAS S.L.\"},\"image\":{\"@id\":\"https:\/\/broquetas.com\/#\/schema\/logo\/image\/\"},\"sameAs\":[\"https:\/\/www.linkedin.com\/in\/broquetas-s-l-broquetas-99a22283\/\",\"https:\/\/www.youtube.com\/channel\/UCDYxB3N3CMqWo9DA-oyiAdg\"]}]}<\/script>\n<!-- \/ Yoast SEO plugin. -->","yoast_head_json":{"title":"BROPOLS ECO - BROQUETAS, S.L.","robots":{"index":"index","follow":"follow","max-snippet":"max-snippet:-1","max-image-preview":"max-image-preview:large","max-video-preview":"max-video-preview:-1"},"canonical":"https:\/\/broquetas.com\/fr\/producto\/bropols-eco\/","og_locale":"fr_FR","og_type":"article","og_title":"BROPOLS ECO - BROQUETAS, S.L.","og_description":"BROPOLS ECO_ FLUX NON ADR","og_url":"https:\/\/broquetas.com\/fr\/producto\/bropols-eco\/","og_site_name":"BROQUETAS, S.L.","article_modified_time":"2024-12-05T14:18:44+00:00","og_image":[{"width":1024,"height":1024,"url":"https:\/\/broquetas.com\/wp-content\/uploads\/2024\/12\/BROPOLS-ECO-1024x1024.png","type":"image\/png"}],"twitter_card":"summary_large_image","twitter_misc":{"Dur\u00e9e de lecture estim\u00e9e":"1 minute"},"schema":{"@context":"https:\/\/schema.org","@graph":[{"@type":"WebPage","@id":"https:\/\/broquetas.com\/fr\/producto\/bropols-eco\/","url":"https:\/\/broquetas.com\/fr\/producto\/bropols-eco\/","name":"BROPOLS ECO - BROQUETAS, S.L.","isPartOf":{"@id":"https:\/\/broquetas.com\/#website"},"primaryImageOfPage":{"@id":"https:\/\/broquetas.com\/fr\/producto\/bropols-eco\/#primaryimage"},"image":{"@id":"https:\/\/broquetas.com\/fr\/producto\/bropols-eco\/#primaryimage"},"thumbnailUrl":"https:\/\/broquetas.com\/wp-content\/uploads\/2024\/12\/BROPOLS-ECO.png","datePublished":"2024-12-04T12:51:14+00:00","dateModified":"2024-12-05T14:18:44+00:00","breadcrumb":{"@id":"https:\/\/broquetas.com\/fr\/producto\/bropols-eco\/#breadcrumb"},"inLanguage":"fr-FR","potentialAction":[{"@type":"ReadAction","target":["https:\/\/broquetas.com\/fr\/producto\/bropols-eco\/"]}]},{"@type":"ImageObject","inLanguage":"fr-FR","@id":"https:\/\/broquetas.com\/fr\/producto\/bropols-eco\/#primaryimage","url":"https:\/\/broquetas.com\/wp-content\/uploads\/2024\/12\/BROPOLS-ECO.png","contentUrl":"https:\/\/broquetas.com\/wp-content\/uploads\/2024\/12\/BROPOLS-ECO.png","width":3080,"height":3080,"caption":"BROPOLS ECO"},{"@type":"BreadcrumbList","@id":"https:\/\/broquetas.com\/fr\/producto\/bropols-eco\/#breadcrumb","itemListElement":[{"@type":"ListItem","position":1,"name":"Home","item":"https:\/\/broquetas.com\/"},{"@type":"ListItem","position":2,"name":"Produits","item":"https:\/\/broquetas.com\/fr\/produits\/"},{"@type":"ListItem","position":3,"name":"BROPOLS ECO"}]},{"@type":"WebSite","@id":"https:\/\/broquetas.com\/#website","url":"https:\/\/broquetas.com\/","name":"BROQUETAS, S.L.","description":"","publisher":{"@id":"https:\/\/broquetas.com\/#organization"},"potentialAction":[{"@type":"SearchAction","target":{"@type":"EntryPoint","urlTemplate":"https:\/\/broquetas.com\/?s={search_term_string}"},"query-input":{"@type":"PropertyValueSpecification","valueRequired":true,"valueName":"search_term_string"}}],"inLanguage":"fr-FR"},{"@type":"Organization","@id":"https:\/\/broquetas.com\/#organization","name":"BROQUETAS S.L.","url":"https:\/\/broquetas.com\/","logo":{"@type":"ImageObject","inLanguage":"fr-FR","@id":"https:\/\/broquetas.com\/#\/schema\/logo\/image\/","url":"https:\/\/broquetas.com\/wp-content\/uploads\/2021\/08\/logo-broquetas-dark.png","contentUrl":"https:\/\/broquetas.com\/wp-content\/uploads\/2021\/08\/logo-broquetas-dark.png","width":262,"height":150,"caption":"BROQUETAS S.L."},"image":{"@id":"https:\/\/broquetas.com\/#\/schema\/logo\/image\/"},"sameAs":["https:\/\/www.linkedin.com\/in\/broquetas-s-l-broquetas-99a22283\/","https:\/\/www.youtube.com\/channel\/UCDYxB3N3CMqWo9DA-oyiAdg"]}]}},"_links":{"self":[{"href":"https:\/\/broquetas.com\/fr\/wp-json\/wp\/v2\/product\/10079","targetHints":{"allow":["GET"]}}],"collection":[{"href":"https:\/\/broquetas.com\/fr\/wp-json\/wp\/v2\/product"}],"about":[{"href":"https:\/\/broquetas.com\/fr\/wp-json\/wp\/v2\/types\/product"}],"replies":[{"embeddable":true,"href":"https:\/\/broquetas.com\/fr\/wp-json\/wp\/v2\/comments?post=10079"}],"wp:featuredmedia":[{"embeddable":true,"href":"https:\/\/broquetas.com\/fr\/wp-json\/wp\/v2\/media\/10075"}],"wp:attachment":[{"href":"https:\/\/broquetas.com\/fr\/wp-json\/wp\/v2\/media?parent=10079"}],"wp:term":[{"taxonomy":"product_brand","embeddable":true,"href":"https:\/\/broquetas.com\/fr\/wp-json\/wp\/v2\/product_brand?post=10079"},{"taxonomy":"product_cat","embeddable":true,"href":"https:\/\/broquetas.com\/fr\/wp-json\/wp\/v2\/product_cat?post=10079"},{"taxonomy":"product_tag","embeddable":true,"href":"https:\/\/broquetas.com\/fr\/wp-json\/wp\/v2\/product_tag?post=10079"}],"curies":[{"name":"wp","href":"https:\/\/api.w.org\/{rel}","templated":true}]}}