{"id":4342,"date":"2021-10-19T10:56:51","date_gmt":"2021-10-19T08:56:51","guid":{"rendered":"https:\/\/broquetas.com\/politica-calidad\/"},"modified":"2021-11-04T22:59:08","modified_gmt":"2021-11-04T21:59:08","slug":"politique-de-qualite","status":"publish","type":"page","link":"https:\/\/broquetas.com\/fr\/politique-de-qualite\/","title":{"rendered":"Politique de qualit\u00e9"},"content":{"rendered":"<p>[vc_row][vc_column][vc_column_text]Un engagement total en faveur de la qualit\u00e9 et de l\u2019excellence du service<\/p>\n<p>L\u2019objectif principal de BROQUETAS, S.L. est d\u2019obtenir la pleine satisfaction de ses clients en offrant un produit et un service de qualit\u00e9 en constante am\u00e9lioration. C\u2019est pourquoi elle \u00e9tablit et assume les principes suivants comme la base de sa Politique de qualit\u00e9 :<\/p>\n<p>L\u2019organisation de BROQUETAS, S.L. oriente toute son activit\u00e9 vers la satisfaction des besoins de ses clients, en respectant \u00e0 tout moment les exigences, y compris les exigences l\u00e9gales\/r\u00e9glementaires qui doivent \u00eatre appliqu\u00e9es. Pour cela, des m\u00e9thodes sont \u00e9tablies pour \u00e9valuer en permanence leur degr\u00e9 de satisfaction.<\/p>\n<p>La Direction de BROQUETAS, S.L. encourage l\u2019implantation du Syst\u00e8me de Gestion de la Qualit\u00e9 dans l\u2019organisation par un engagement clair de leadership et comme cadre de r\u00e9f\u00e9rence pour la d\u00e9finition et la r\u00e9alisation des Objectifs de Qualit\u00e9 annuels de l\u2019entreprise. Ces objectifs sont le r\u00e9sultat du d\u00e9ploiement des axes strat\u00e9giques d\u00e9finis sur la base de l\u2019analyse effectu\u00e9e par la Direction de BROQUETAS, S.L. du contexte interne et externe de l\u2019entreprise.<\/p>\n<p>BROQUETAS, S.L. g\u00e8re son activit\u00e9 et les ressources n\u00e9cessaires pour mener \u00e0 bien l\u2019entreprise, en se concentrant sur les processus et leur interaction, pour atteindre les r\u00e9sultats fix\u00e9s de mani\u00e8re efficace.<\/p>\n<p>La Qualit\u00e9 est un objectif commun \u00e0 tous les secteurs de l\u2019entreprise et chaque secteur doit assumer le fait qu\u2019il est \u00e0 la fois client et fournisseur du reste de d\u00e9partements et des personnes de l\u2019organisation.<\/p>\n<p>La Direction de BROQUETAS, S.L. consid\u00e8re que l\u2019implication de tout le personnel dans le projet de Gestion de la Qualit\u00e9 est d\u2019une importance vitale, c\u2019est pourquoi elle promeut la formation et la motivation des ressources humaines.<\/p>\n<p>BROQUETAS, S.L. fonde ses d\u00e9cisions et ses actions sur l\u2019analyse des donn\u00e9es, afin que le cycle d\u2019Am\u00e9lioration continue devienne un objectif permanent de l\u2019organisation.[\/vc_column_text][\/vc_column][\/vc_row]<\/p>\n","protected":false},"excerpt":{"rendered":"<p>[vc_row][vc_column][vc_column_text]Un engagement total en faveur de la qualit\u00e9 et de l\u2019excellence du service L\u2019objectif principal de BROQUETAS, S.L. est d\u2019obtenir la pleine satisfaction de ses clients en offrant un produit et un service de qualit\u00e9 en constante am\u00e9lioration. C\u2019est pourquoi elle \u00e9tablit et assume les principes suivants comme la base de sa Politique de qualit\u00e9 [&hellip;]<\/p>\n","protected":false},"author":21,"featured_media":0,"parent":0,"menu_order":0,"comment_status":"closed","ping_status":"closed","template":"","meta":{"_joinchat":[],"footnotes":""},"class_list":["post-4342","page","type-page","status-publish","hentry"],"yoast_head":"<!-- This site is optimized with the Yoast SEO plugin v26.9 - https:\/\/yoast.com\/product\/yoast-seo-wordpress\/ -->\n<title>Politique de qualit\u00e9 - BROQUETAS, S.L.<\/title>\n<meta name=\"robots\" content=\"noindex, follow\" \/>\n<meta property=\"og:locale\" content=\"fr_FR\" \/>\n<meta property=\"og:type\" content=\"article\" \/>\n<meta property=\"og:title\" content=\"Politique de qualit\u00e9 - BROQUETAS, S.L.\" \/>\n<meta property=\"og:description\" content=\"[vc_row][vc_column][vc_column_text]Un engagement total en faveur de la qualit\u00e9 et de l\u2019excellence du service L\u2019objectif principal de BROQUETAS, S.L. est d\u2019obtenir la pleine satisfaction de ses clients en offrant un produit et un service de qualit\u00e9 en constante am\u00e9lioration. C\u2019est pourquoi elle \u00e9tablit et assume les principes suivants comme la base de sa Politique de qualit\u00e9 [&hellip;]\" \/>\n<meta property=\"og:url\" content=\"https:\/\/broquetas.com\/fr\/politique-de-qualite\/\" \/>\n<meta property=\"og:site_name\" content=\"BROQUETAS, S.L.\" \/>\n<meta property=\"article:modified_time\" content=\"2021-11-04T21:59:08+00:00\" \/>\n<meta name=\"twitter:card\" content=\"summary_large_image\" \/>\n<meta name=\"twitter:label1\" content=\"Dur\u00e9e de lecture estim\u00e9e\" \/>\n\t<meta name=\"twitter:data1\" content=\"2 minutes\" \/>\n<script type=\"application\/ld+json\" class=\"yoast-schema-graph\">{\"@context\":\"https:\/\/schema.org\",\"@graph\":[{\"@type\":\"WebPage\",\"@id\":\"https:\/\/broquetas.com\/fr\/politique-de-qualite\/\",\"url\":\"https:\/\/broquetas.com\/fr\/politique-de-qualite\/\",\"name\":\"Politique de qualit\u00e9 - BROQUETAS, S.L.\",\"isPartOf\":{\"@id\":\"https:\/\/broquetas.com\/#website\"},\"datePublished\":\"2021-10-19T08:56:51+00:00\",\"dateModified\":\"2021-11-04T21:59:08+00:00\",\"breadcrumb\":{\"@id\":\"https:\/\/broquetas.com\/fr\/politique-de-qualite\/#breadcrumb\"},\"inLanguage\":\"fr-FR\",\"potentialAction\":[{\"@type\":\"ReadAction\",\"target\":[\"https:\/\/broquetas.com\/fr\/politique-de-qualite\/\"]}]},{\"@type\":\"BreadcrumbList\",\"@id\":\"https:\/\/broquetas.com\/fr\/politique-de-qualite\/#breadcrumb\",\"itemListElement\":[{\"@type\":\"ListItem\",\"position\":1,\"name\":\"Home\",\"item\":\"https:\/\/broquetas.com\/\"},{\"@type\":\"ListItem\",\"position\":2,\"name\":\"Politique de qualit\u00e9\"}]},{\"@type\":\"WebSite\",\"@id\":\"https:\/\/broquetas.com\/#website\",\"url\":\"https:\/\/broquetas.com\/\",\"name\":\"BROQUETAS, S.L.\",\"description\":\"\",\"publisher\":{\"@id\":\"https:\/\/broquetas.com\/#organization\"},\"potentialAction\":[{\"@type\":\"SearchAction\",\"target\":{\"@type\":\"EntryPoint\",\"urlTemplate\":\"https:\/\/broquetas.com\/?s={search_term_string}\"},\"query-input\":{\"@type\":\"PropertyValueSpecification\",\"valueRequired\":true,\"valueName\":\"search_term_string\"}}],\"inLanguage\":\"fr-FR\"},{\"@type\":\"Organization\",\"@id\":\"https:\/\/broquetas.com\/#organization\",\"name\":\"BROQUETAS S.L.\",\"url\":\"https:\/\/broquetas.com\/\",\"logo\":{\"@type\":\"ImageObject\",\"inLanguage\":\"fr-FR\",\"@id\":\"https:\/\/broquetas.com\/#\/schema\/logo\/image\/\",\"url\":\"https:\/\/broquetas.com\/wp-content\/uploads\/2021\/08\/logo-broquetas-dark.png\",\"contentUrl\":\"https:\/\/broquetas.com\/wp-content\/uploads\/2021\/08\/logo-broquetas-dark.png\",\"width\":262,\"height\":150,\"caption\":\"BROQUETAS S.L.\"},\"image\":{\"@id\":\"https:\/\/broquetas.com\/#\/schema\/logo\/image\/\"},\"sameAs\":[\"https:\/\/www.linkedin.com\/in\/broquetas-s-l-broquetas-99a22283\/\",\"https:\/\/www.youtube.com\/channel\/UCDYxB3N3CMqWo9DA-oyiAdg\"]}]}<\/script>\n<!-- \/ Yoast SEO plugin. -->","yoast_head_json":{"title":"Politique de qualit\u00e9 - BROQUETAS, S.L.","robots":{"index":"noindex","follow":"follow"},"og_locale":"fr_FR","og_type":"article","og_title":"Politique de qualit\u00e9 - BROQUETAS, S.L.","og_description":"[vc_row][vc_column][vc_column_text]Un engagement total en faveur de la qualit\u00e9 et de l\u2019excellence du service L\u2019objectif principal de BROQUETAS, S.L. est d\u2019obtenir la pleine satisfaction de ses clients en offrant un produit et un service de qualit\u00e9 en constante am\u00e9lioration. C\u2019est pourquoi elle \u00e9tablit et assume les principes suivants comme la base de sa Politique de qualit\u00e9 [&hellip;]","og_url":"https:\/\/broquetas.com\/fr\/politique-de-qualite\/","og_site_name":"BROQUETAS, S.L.","article_modified_time":"2021-11-04T21:59:08+00:00","twitter_card":"summary_large_image","twitter_misc":{"Dur\u00e9e de lecture estim\u00e9e":"2 minutes"},"schema":{"@context":"https:\/\/schema.org","@graph":[{"@type":"WebPage","@id":"https:\/\/broquetas.com\/fr\/politique-de-qualite\/","url":"https:\/\/broquetas.com\/fr\/politique-de-qualite\/","name":"Politique de qualit\u00e9 - BROQUETAS, S.L.","isPartOf":{"@id":"https:\/\/broquetas.com\/#website"},"datePublished":"2021-10-19T08:56:51+00:00","dateModified":"2021-11-04T21:59:08+00:00","breadcrumb":{"@id":"https:\/\/broquetas.com\/fr\/politique-de-qualite\/#breadcrumb"},"inLanguage":"fr-FR","potentialAction":[{"@type":"ReadAction","target":["https:\/\/broquetas.com\/fr\/politique-de-qualite\/"]}]},{"@type":"BreadcrumbList","@id":"https:\/\/broquetas.com\/fr\/politique-de-qualite\/#breadcrumb","itemListElement":[{"@type":"ListItem","position":1,"name":"Home","item":"https:\/\/broquetas.com\/"},{"@type":"ListItem","position":2,"name":"Politique de qualit\u00e9"}]},{"@type":"WebSite","@id":"https:\/\/broquetas.com\/#website","url":"https:\/\/broquetas.com\/","name":"BROQUETAS, S.L.","description":"","publisher":{"@id":"https:\/\/broquetas.com\/#organization"},"potentialAction":[{"@type":"SearchAction","target":{"@type":"EntryPoint","urlTemplate":"https:\/\/broquetas.com\/?s={search_term_string}"},"query-input":{"@type":"PropertyValueSpecification","valueRequired":true,"valueName":"search_term_string"}}],"inLanguage":"fr-FR"},{"@type":"Organization","@id":"https:\/\/broquetas.com\/#organization","name":"BROQUETAS S.L.","url":"https:\/\/broquetas.com\/","logo":{"@type":"ImageObject","inLanguage":"fr-FR","@id":"https:\/\/broquetas.com\/#\/schema\/logo\/image\/","url":"https:\/\/broquetas.com\/wp-content\/uploads\/2021\/08\/logo-broquetas-dark.png","contentUrl":"https:\/\/broquetas.com\/wp-content\/uploads\/2021\/08\/logo-broquetas-dark.png","width":262,"height":150,"caption":"BROQUETAS S.L."},"image":{"@id":"https:\/\/broquetas.com\/#\/schema\/logo\/image\/"},"sameAs":["https:\/\/www.linkedin.com\/in\/broquetas-s-l-broquetas-99a22283\/","https:\/\/www.youtube.com\/channel\/UCDYxB3N3CMqWo9DA-oyiAdg"]}]}},"_links":{"self":[{"href":"https:\/\/broquetas.com\/fr\/wp-json\/wp\/v2\/pages\/4342","targetHints":{"allow":["GET"]}}],"collection":[{"href":"https:\/\/broquetas.com\/fr\/wp-json\/wp\/v2\/pages"}],"about":[{"href":"https:\/\/broquetas.com\/fr\/wp-json\/wp\/v2\/types\/page"}],"author":[{"embeddable":true,"href":"https:\/\/broquetas.com\/fr\/wp-json\/wp\/v2\/users\/21"}],"replies":[{"embeddable":true,"href":"https:\/\/broquetas.com\/fr\/wp-json\/wp\/v2\/comments?post=4342"}],"version-history":[{"count":1,"href":"https:\/\/broquetas.com\/fr\/wp-json\/wp\/v2\/pages\/4342\/revisions"}],"predecessor-version":[{"id":4344,"href":"https:\/\/broquetas.com\/fr\/wp-json\/wp\/v2\/pages\/4342\/revisions\/4344"}],"wp:attachment":[{"href":"https:\/\/broquetas.com\/fr\/wp-json\/wp\/v2\/media?parent=4342"}],"curies":[{"name":"wp","href":"https:\/\/api.w.org\/{rel}","templated":true}]}}