{"id":4306,"date":"2021-08-23T18:43:06","date_gmt":"2021-08-23T16:43:06","guid":{"rendered":"https:\/\/broquetas.com\/calidad\/"},"modified":"2025-01-10T10:49:26","modified_gmt":"2025-01-10T09:49:26","slug":"qualite","status":"publish","type":"page","link":"https:\/\/broquetas.com\/fr\/qualite\/","title":{"rendered":"Qualit\u00e9"},"content":{"rendered":"\t\t<div data-elementor-type=\"wp-page\" data-elementor-id=\"4306\" class=\"elementor elementor-4306 elementor-3632\">\n\t\t\t\t\t\t<section class=\"elementor-section elementor-top-section elementor-element elementor-element-183013a m-t-n pt-2 elementor-section-boxed elementor-section-height-default elementor-section-height-default elementor-invisible\" data-id=\"183013a\" data-element_type=\"section\" data-e-type=\"section\" data-settings=\"{&quot;animation&quot;:&quot;fadeInUp&quot;,&quot;animation_delay&quot;:1000}\">\n\t\t\t\t\t\t<div class=\"elementor-container elementor-column-gap-default\">\n\t\t\t\t\t<div class=\"elementor-column elementor-col-100 elementor-top-column elementor-element elementor-element-eaa7290\" data-id=\"eaa7290\" data-element_type=\"column\" data-e-type=\"column\">\n\t\t\t<div class=\"elementor-widget-wrap elementor-element-populated\">\n\t\t\t\t\t\t<div class=\"elementor-element elementor-element-abb42df elementor-widget elementor-widget-heading\" data-id=\"abb42df\" data-element_type=\"widget\" data-e-type=\"widget\" data-widget_type=\"heading.default\">\n\t\t\t\t<div class=\"elementor-widget-container\">\n\t\t\t\t\t<h2 class=\"elementor-heading-title elementor-size-default\">Produits certifi\u00e9s AENOR<\/h2>\t\t\t\t<\/div>\n\t\t\t\t<\/div>\n\t\t\t\t<div class=\"elementor-element elementor-element-c38f2ce elementor-widget elementor-widget-text-editor\" data-id=\"c38f2ce\" data-element_type=\"widget\" data-e-type=\"widget\" data-widget_type=\"text-editor.default\">\n\t\t\t\t<div class=\"elementor-widget-container\">\n\t\t\t\t\t\t\t\t\t<p>BROFIL 3.5 Ag ; BROFIL 4 Ag et BROFIL 5 Ag sont nos alliages certifi\u00e9s par AENOR conform\u00e9ment \u00e0 la norme UNE-EN ISO 9453 (\u00e9tant le premier fabricant espagnol \u00e0 l\u2019obtenir) et conform\u00e9ment au \u00ab\u00a0R\u00e8glement sp\u00e9cial de la marque AENOR pour les m\u00e9taux d\u2019apport pour le brasage tendre, utilis\u00e9s dans les appareils et les installations d\u2019eau potable, de chauffage et de gaz \u00e0 basse pression\u00a0\u00bb.<\/p>\t\t\t\t\t\t\t\t<\/div>\n\t\t\t\t<\/div>\n\t\t\t\t<div class=\"elementor-element elementor-element-94841cb elementor-widget elementor-widget-image\" data-id=\"94841cb\" data-element_type=\"widget\" data-e-type=\"widget\" data-widget_type=\"image.default\">\n\t\t\t\t<div class=\"elementor-widget-container\">\n\t\t\t\t\t\t\t\t\t\t\t\t\t\t\t<img decoding=\"async\" src=\"https:\/\/broquetas.com\/wp-content\/uploads\/elementor\/thumbs\/CARRETES-AENOR-INICIO-WEB-SIN-LOGO-pjlc47yp34jvx3ce8rulplm093p03bf7pnn80nz1wm.png\" title=\"CARRETES AENOR INICIO WEB SIN LOGO\" alt=\"CARRETES AENOR INICIO WEB SIN LOGO\" loading=\"lazy\" \/>\t\t\t\t\t\t\t\t\t\t\t\t\t\t\t<\/div>\n\t\t\t\t<\/div>\n\t\t\t\t<div class=\"elementor-element elementor-element-4005167 elementor-widget elementor-widget-heading\" data-id=\"4005167\" data-element_type=\"widget\" data-e-type=\"widget\" data-widget_type=\"heading.default\">\n\t\t\t\t<div class=\"elementor-widget-container\">\n\t\t\t\t\t<h2 class=\"elementor-heading-title elementor-size-default\">Broquetas s.l. effectue des contr\u00f4les tout au long du processus de production dans son propre laboratoire.<\/h2>\t\t\t\t<\/div>\n\t\t\t\t<\/div>\n\t\t\t\t<div class=\"elementor-element elementor-element-e1bd4ac elementor-widget elementor-widget-text-editor\" data-id=\"e1bd4ac\" data-element_type=\"widget\" data-e-type=\"widget\" data-widget_type=\"text-editor.default\">\n\t\t\t\t<div class=\"elementor-widget-container\">\n\t\t\t\t\t\t\t\t\t<ul><li>Contr\u00f4le de l\u2019arriv\u00e9e des mati\u00e8res premi\u00e8res : Dans le cadre de la proc\u00e9dure de r\u00e9ception des mati\u00e8res premi\u00e8res, une analyse des mat\u00e9riaux est effectu\u00e9e afin de proc\u00e9der \u00e0 une s\u00e9paration et un stockage corrects de ceux-ci et d\u2019en assurer une gestion optimale.<\/li><li>Contr\u00f4le du processus de production : Pendant le processus de production, nous effectuons un \u00e9chantillonnage constant des alliages afin de garantir leur qualit\u00e9. \u00c0 la fin du processus, le client re\u00e7oit une analyse du produit certifiant la conformit\u00e9 3.1 aux normes suivantes<\/li><\/ul><p>UNE-EN-ISO 9453_ Mat\u00e9riaux d\u2019apport pour le brasage tendre<\/p><p>UNE-EN-ISO 17672_ Brasage fort. M\u00e9taux d\u2019apport<\/p><p>ASTM B32-08_ Sp\u00e9cification standard pour le m\u00e9tal de soudure<\/p><p>ISO 4381_ Alliages de coul\u00e9e \u00e9tain-plomb pour roulements multicouches<\/p><p>ASTM B-23_ Sp\u00e9cification standard pour les alliages de roulements en m\u00e9tal blanc<\/p><p>IPC J-STD-004B_ Norme \u00e9tablissant les exigences g\u00e9n\u00e9rales de classification et les caract\u00e9ristiques des flux pour r\u00e9aliser des interconnexions de soudure de haute qualit\u00e9.<\/p><p>UNE-EN ISO 9454-1:2016_ Flux pour le brasage tendre<\/p><p>UNE-EN ISO 1045_ Flux pour le brasage fort<\/p><ul><li>Conseils aux clients : \u00c0 partir d\u2019un \u00e9chantillon de votre production, nous effectuons une analyse de votre mat\u00e9riel afin de vous aider \u00e0 l\u2019optimiser et vous indiquer si les r\u00e9sultats obtenus sont conformes \u00e0 la r\u00e9glementation.<\/li><\/ul>\t\t\t\t\t\t\t\t<\/div>\n\t\t\t\t<\/div>\n\t\t\t\t<div class=\"elementor-element elementor-element-6d47a92 mb-4 elementor-widget elementor-widget-image\" data-id=\"6d47a92\" data-element_type=\"widget\" data-e-type=\"widget\" data-widget_type=\"image.default\">\n\t\t\t\t<div class=\"elementor-widget-container\">\n\t\t\t\t\t\t\t\t\t\t\t\t\t\t\t<img fetchpriority=\"high\" decoding=\"async\" width=\"265\" height=\"300\" src=\"https:\/\/broquetas.com\/wp-content\/uploads\/2021\/10\/IMG_2210-retocada-265x300.jpg\" class=\"attachment-medium size-medium wp-image-4324\" alt=\"\" \/>\t\t\t\t\t\t\t\t\t\t\t\t\t\t\t<\/div>\n\t\t\t\t<\/div>\n\t\t\t\t<div class=\"elementor-element elementor-element-268b012 elementor-widget elementor-widget-heading\" data-id=\"268b012\" data-element_type=\"widget\" data-e-type=\"widget\" data-widget_type=\"heading.default\">\n\t\t\t\t<div class=\"elementor-widget-container\">\n\t\t\t\t\t<h3 class=\"elementor-heading-title elementor-size-large\">Un engagement total en faveur de la qualit\u00e9 et de l\u2019excellence du service<\/h3>\t\t\t\t<\/div>\n\t\t\t\t<\/div>\n\t\t\t\t<div class=\"elementor-section elementor-inner-section elementor-element elementor-element-33ebbdc members mb-3 elementor-section-boxed elementor-section-height-default elementor-section-height-default\" data-id=\"33ebbdc\" data-element_type=\"section\" data-e-type=\"section\">\n\t\t\t\t\t\t<div class=\"elementor-container elementor-column-gap-default\">\n\t\t\t\t\t<div class=\"elementor-column elementor-col-50 elementor-inner-column elementor-element elementor-element-9622523\" data-id=\"9622523\" data-element_type=\"column\" data-e-type=\"column\">\n\t\t\t<div class=\"elementor-widget-wrap elementor-element-populated\">\n\t\t\t\t\t\t<div class=\"elementor-element elementor-element-ab57b04 elementor-widget elementor-widget-text-editor\" data-id=\"ab57b04\" data-element_type=\"widget\" data-e-type=\"widget\" data-widget_type=\"text-editor.default\">\n\t\t\t\t<div class=\"elementor-widget-container\">\n\t\t\t\t\t\t\t\t\t<p><img decoding=\"async\" class=\"alignnone wp-image-10082 size-medium\" src=\"https:\/\/broquetas.com\/wp-content\/uploads\/2024\/12\/Certificado-IQNET-212x300.png\" alt=\"Certificado IQNET\" width=\"212\" height=\"300\" \/><\/p><p><a href=\"https:\/\/broquetas.com\/wp-content\/uploads\/2024\/12\/IQNET-ES-04072012-23-12-2024-EN-17-12-2024-.pdf\" target=\"_blank\" rel=\"noopener\">IQNET-ES-04072012-23-12-2024-EN-17-12-2024<\/a><\/p><p>\u00a0<\/p>\t\t\t\t\t\t\t\t<\/div>\n\t\t\t\t<\/div>\n\t\t\t\t\t<\/div>\n\t\t<\/div>\n\t\t\t\t<div class=\"elementor-column elementor-col-50 elementor-inner-column elementor-element elementor-element-d706c0e\" data-id=\"d706c0e\" data-element_type=\"column\" data-e-type=\"column\">\n\t\t\t<div class=\"elementor-widget-wrap elementor-element-populated\">\n\t\t\t\t\t\t<div class=\"elementor-element elementor-element-298f02f elementor-widget elementor-widget-text-editor\" data-id=\"298f02f\" data-element_type=\"widget\" data-e-type=\"widget\" data-widget_type=\"text-editor.default\">\n\t\t\t\t<div class=\"elementor-widget-container\">\n\t\t\t\t\t\t\t\t\t<p><img decoding=\"async\" class=\"alignnone wp-image-10097 size-medium\" src=\"https:\/\/broquetas.com\/wp-content\/uploads\/2024\/12\/Certificado-AENOR-212x300.png\" alt=\"Certificado AENOR\" width=\"212\" height=\"300\" \/><\/p><p><a href=\"https:\/\/broquetas.com\/wp-content\/uploads\/2024\/12\/AENOR-ER-04072012-23-12-2024-ES-17-12-2024-.pdf\" target=\"_blank\" rel=\"noopener\">AENOR-ER-04072012-23-12-2024-ES-17-12-2024<\/a><\/p><p>\u00a0<\/p>\t\t\t\t\t\t\t\t<\/div>\n\t\t\t\t<\/div>\n\t\t\t\t\t<\/div>\n\t\t<\/div>\n\t\t\t\t\t<\/div>\n\t\t<\/div>\n\t\t\t\t<div class=\"elementor-section elementor-inner-section elementor-element elementor-element-0ea4b1d elementor-section-content-middle brand-section elementor-section-boxed elementor-section-height-default elementor-section-height-default\" data-id=\"0ea4b1d\" data-element_type=\"section\" data-e-type=\"section\">\n\t\t\t\t\t\t<div class=\"elementor-container elementor-column-gap-default\">\n\t\t\t\t\t<div class=\"elementor-column elementor-col-33 elementor-inner-column elementor-element elementor-element-a2ed3e6\" data-id=\"a2ed3e6\" data-element_type=\"column\" data-e-type=\"column\">\n\t\t\t<div class=\"elementor-widget-wrap elementor-element-populated\">\n\t\t\t\t\t\t<div class=\"elementor-element elementor-element-3585cc0 elementor-widget elementor-widget-heading\" data-id=\"3585cc0\" data-element_type=\"widget\" data-e-type=\"widget\" id=\"partners\" data-widget_type=\"heading.default\">\n\t\t\t\t<div class=\"elementor-widget-container\">\n\t\t\t\t\t<h2 class=\"elementor-heading-title elementor-size-default\">Certification de qualit\u00e9:<\/h2>\t\t\t\t<\/div>\n\t\t\t\t<\/div>\n\t\t\t\t\t<\/div>\n\t\t<\/div>\n\t\t\t\t<div class=\"elementor-column elementor-col-33 elementor-inner-column elementor-element elementor-element-cd10dbf\" data-id=\"cd10dbf\" data-element_type=\"column\" data-e-type=\"column\">\n\t\t\t<div class=\"elementor-widget-wrap elementor-element-populated\">\n\t\t\t\t\t\t<div class=\"elementor-element elementor-element-242cffb mb-5 elementor-widget elementor-widget-image\" data-id=\"242cffb\" data-element_type=\"widget\" data-e-type=\"widget\" data-widget_type=\"image.default\">\n\t\t\t\t<div class=\"elementor-widget-container\">\n\t\t\t\t\t\t\t\t\t\t\t\t\t\t\t<img loading=\"lazy\" decoding=\"async\" width=\"905\" height=\"1165\" src=\"https:\/\/broquetas.com\/wp-content\/uploads\/2022\/01\/Sello-N-metales_de_aportacio\u0301n_POS.png\" class=\"attachment-full size-full wp-image-5681\" alt=\"\" srcset=\"https:\/\/broquetas.com\/wp-content\/uploads\/2022\/01\/Sello-N-metales_de_aportacio\u0301n_POS.png 905w, https:\/\/broquetas.com\/wp-content\/uploads\/2022\/01\/Sello-N-metales_de_aportacio\u0301n_POS-795x1024.png 795w, https:\/\/broquetas.com\/wp-content\/uploads\/2022\/01\/Sello-N-metales_de_aportacio\u0301n_POS-768x989.png 768w, https:\/\/broquetas.com\/wp-content\/uploads\/2022\/01\/Sello-N-metales_de_aportacio\u0301n_POS-640x824.png 640w, https:\/\/broquetas.com\/wp-content\/uploads\/2022\/01\/Sello-N-metales_de_aportacio\u0301n_POS-400x515.png 400w, https:\/\/broquetas.com\/wp-content\/uploads\/2022\/01\/Sello-N-metales_de_aportacio\u0301n_POS-367x472.png 367w, https:\/\/broquetas.com\/wp-content\/uploads\/2022\/01\/Sello-N-metales_de_aportacio\u0301n_POS-600x772.png 600w\" sizes=\"(max-width: 905px) 100vw, 905px\" \/>\t\t\t\t\t\t\t\t\t\t\t\t\t\t\t<\/div>\n\t\t\t\t<\/div>\n\t\t\t\t\t<\/div>\n\t\t<\/div>\n\t\t\t\t<div class=\"elementor-column elementor-col-33 elementor-inner-column elementor-element elementor-element-2118348\" data-id=\"2118348\" data-element_type=\"column\" data-e-type=\"column\">\n\t\t\t<div class=\"elementor-widget-wrap elementor-element-populated\">\n\t\t\t\t\t\t<div class=\"elementor-element elementor-element-a513658 mb-5 elementor-widget elementor-widget-image\" data-id=\"a513658\" data-element_type=\"widget\" data-e-type=\"widget\" data-widget_type=\"image.default\">\n\t\t\t\t<div class=\"elementor-widget-container\">\n\t\t\t\t\t\t\t\t\t\t\t\t\t\t\t<img loading=\"lazy\" decoding=\"async\" width=\"664\" height=\"373\" src=\"https:\/\/broquetas.com\/wp-content\/uploads\/2022\/01\/LOGO-AENOR-ISO-9001_2022-2.png\" class=\"attachment-full size-full wp-image-5685\" alt=\"\" srcset=\"https:\/\/broquetas.com\/wp-content\/uploads\/2022\/01\/LOGO-AENOR-ISO-9001_2022-2.png 664w, https:\/\/broquetas.com\/wp-content\/uploads\/2022\/01\/LOGO-AENOR-ISO-9001_2022-2-640x360.png 640w, https:\/\/broquetas.com\/wp-content\/uploads\/2022\/01\/LOGO-AENOR-ISO-9001_2022-2-400x225.png 400w, https:\/\/broquetas.com\/wp-content\/uploads\/2022\/01\/LOGO-AENOR-ISO-9001_2022-2-367x206.png 367w, https:\/\/broquetas.com\/wp-content\/uploads\/2022\/01\/LOGO-AENOR-ISO-9001_2022-2-600x337.png 600w\" sizes=\"(max-width: 664px) 100vw, 664px\" \/>\t\t\t\t\t\t\t\t\t\t\t\t\t\t\t<\/div>\n\t\t\t\t<\/div>\n\t\t\t\t\t<\/div>\n\t\t<\/div>\n\t\t\t\t\t<\/div>\n\t\t<\/div>\n\t\t\t\t\t<\/div>\n\t\t<\/div>\n\t\t\t\t\t<\/div>\n\t\t<\/section>\n\t\t\t\t<section class=\"elementor-section elementor-top-section elementor-element elementor-element-a09d729 elementor-section-boxed elementor-section-height-default elementor-section-height-default\" data-id=\"a09d729\" data-element_type=\"section\" data-e-type=\"section\">\n\t\t\t\t\t\t<div class=\"elementor-container elementor-column-gap-default\">\n\t\t\t\t\t<div class=\"elementor-column elementor-col-100 elementor-top-column elementor-element elementor-element-1d2a929\" data-id=\"1d2a929\" data-element_type=\"column\" data-e-type=\"column\">\n\t\t\t<div class=\"elementor-widget-wrap elementor-element-populated\">\n\t\t\t\t\t\t<div class=\"elementor-element elementor-element-938e057 elementor-widget elementor-widget-spacer\" data-id=\"938e057\" data-element_type=\"widget\" data-e-type=\"widget\" data-widget_type=\"spacer.default\">\n\t\t\t\t<div class=\"elementor-widget-container\">\n\t\t\t\t\t\t\t<div class=\"elementor-spacer\">\n\t\t\t<div class=\"elementor-spacer-inner\"><\/div>\n\t\t<\/div>\n\t\t\t\t\t\t<\/div>\n\t\t\t\t<\/div>\n\t\t\t\t\t<\/div>\n\t\t<\/div>\n\t\t\t\t\t<\/div>\n\t\t<\/section>\n\t\t\t\t<section class=\"elementor-section elementor-top-section elementor-element elementor-element-e137788 elementor-section-boxed elementor-section-height-default elementor-section-height-default\" data-id=\"e137788\" data-element_type=\"section\" data-e-type=\"section\">\n\t\t\t\t\t\t<div class=\"elementor-container elementor-column-gap-default\">\n\t\t\t\t\t<div class=\"elementor-column elementor-col-50 elementor-top-column elementor-element elementor-element-8278550\" data-id=\"8278550\" data-element_type=\"column\" data-e-type=\"column\">\n\t\t\t<div class=\"elementor-widget-wrap elementor-element-populated\">\n\t\t\t\t\t\t<div class=\"elementor-element elementor-element-df11b6d elementor-widget elementor-widget-heading\" data-id=\"df11b6d\" data-element_type=\"widget\" data-e-type=\"widget\" data-widget_type=\"heading.default\">\n\t\t\t\t<div class=\"elementor-widget-container\">\n\t\t\t\t\t<h2 class=\"elementor-heading-title elementor-size-default\"><a href=\"https:\/\/broquetas.com\/wp-content\/uploads\/2024\/09\/Politica-RSC-BROQUETAS-03.05.24.pdf\" target=\"_blank\">Politique de qualit\u00e9 int\u00e9gr\u00e9e RSE<\/a><\/h2>\t\t\t\t<\/div>\n\t\t\t\t<\/div>\n\t\t\t\t\t<\/div>\n\t\t<\/div>\n\t\t\t\t<div class=\"elementor-column elementor-col-50 elementor-top-column elementor-element elementor-element-87691dc\" data-id=\"87691dc\" data-element_type=\"column\" data-e-type=\"column\">\n\t\t\t<div class=\"elementor-widget-wrap elementor-element-populated\">\n\t\t\t\t\t\t<div class=\"elementor-element elementor-element-8c33962 elementor-widget elementor-widget-heading\" data-id=\"8c33962\" data-element_type=\"widget\" data-e-type=\"widget\" data-widget_type=\"heading.default\">\n\t\t\t\t<div class=\"elementor-widget-container\">\n\t\t\t\t\t<h2 class=\"elementor-heading-title elementor-size-default\"><a href=\"https:\/\/broquetas.com\/wp-content\/uploads\/2024\/09\/Politica-CSSMA-BROQUETAS-03.05.24.pdf\" target=\"_blank\">Politique de qualit\u00e9 int\u00e9gr\u00e9e CSSMA<\/a><\/h2>\t\t\t\t<\/div>\n\t\t\t\t<\/div>\n\t\t\t\t\t<\/div>\n\t\t<\/div>\n\t\t\t\t\t<\/div>\n\t\t<\/section>\n\t\t\t\t<\/div>\n\t\t","protected":false},"excerpt":{"rendered":"<p>Produits certifi\u00e9s AENOR BROFIL 3.5 Ag ; BROFIL 4 Ag et BROFIL 5 Ag sont nos alliages certifi\u00e9s par AENOR conform\u00e9ment \u00e0 la norme UNE-EN ISO 9453 (\u00e9tant le premier fabricant espagnol \u00e0 l\u2019obtenir) et conform\u00e9ment au \u00ab\u00a0R\u00e8glement sp\u00e9cial de la marque AENOR pour les m\u00e9taux d\u2019apport pour le brasage tendre, utilis\u00e9s dans les appareils [&hellip;]<\/p>\n","protected":false},"author":21,"featured_media":0,"parent":0,"menu_order":0,"comment_status":"closed","ping_status":"closed","template":"","meta":{"_joinchat":[],"footnotes":""},"class_list":["post-4306","page","type-page","status-publish","hentry"],"yoast_head":"<!-- This site is optimized with the Yoast SEO plugin v26.9 - https:\/\/yoast.com\/product\/yoast-seo-wordpress\/ -->\n<title>Qualit\u00e9 - BROQUETAS, S.L.<\/title>\n<meta name=\"robots\" content=\"index, follow, max-snippet:-1, max-image-preview:large, max-video-preview:-1\" \/>\n<link rel=\"canonical\" href=\"https:\/\/broquetas.com\/calidad\/\" \/>\n<meta property=\"og:locale\" content=\"fr_FR\" \/>\n<meta property=\"og:type\" content=\"article\" \/>\n<meta property=\"og:title\" content=\"Qualit\u00e9 - BROQUETAS, S.L.\" \/>\n<meta property=\"og:description\" content=\"Produits certifi\u00e9s AENOR BROFIL 3.5 Ag ; BROFIL 4 Ag et BROFIL 5 Ag sont nos alliages certifi\u00e9s par AENOR conform\u00e9ment \u00e0 la norme UNE-EN ISO 9453 (\u00e9tant le premier fabricant espagnol \u00e0 l\u2019obtenir) et conform\u00e9ment au \u00ab\u00a0R\u00e8glement sp\u00e9cial de la marque AENOR pour les m\u00e9taux d\u2019apport pour le brasage tendre, utilis\u00e9s dans les appareils [&hellip;]\" \/>\n<meta property=\"og:url\" content=\"https:\/\/broquetas.com\/calidad\/\" \/>\n<meta property=\"og:site_name\" content=\"BROQUETAS, S.L.\" \/>\n<meta property=\"article:modified_time\" content=\"2025-01-10T09:49:26+00:00\" \/>\n<meta property=\"og:image\" content=\"https:\/\/broquetas.com\/wp-content\/uploads\/elementor\/thumbs\/CARRETES-AENOR-INICIO-WEB-SIN-LOGO-pjlc47yp34jvx3ce8rulplm093p03bf7pnn80nz1ww.png\" \/>\n<meta name=\"twitter:card\" content=\"summary_large_image\" \/>\n<script type=\"application\/ld+json\" class=\"yoast-schema-graph\">{\"@context\":\"https:\/\/schema.org\",\"@graph\":[{\"@type\":\"WebPage\",\"@id\":\"https:\/\/broquetas.com\/calidad\/\",\"url\":\"https:\/\/broquetas.com\/calidad\/\",\"name\":\"Qualit\u00e9 - BROQUETAS, S.L.\",\"isPartOf\":{\"@id\":\"https:\/\/broquetas.com\/#website\"},\"primaryImageOfPage\":{\"@id\":\"https:\/\/broquetas.com\/calidad\/#primaryimage\"},\"image\":{\"@id\":\"https:\/\/broquetas.com\/calidad\/#primaryimage\"},\"thumbnailUrl\":\"https:\/\/broquetas.com\/wp-content\/uploads\/elementor\/thumbs\/CARRETES-AENOR-INICIO-WEB-SIN-LOGO-pjlc47yp34jvx3ce8rulplm093p03bf7pnn80nz1ww.png\",\"datePublished\":\"2021-08-23T16:43:06+00:00\",\"dateModified\":\"2025-01-10T09:49:26+00:00\",\"breadcrumb\":{\"@id\":\"https:\/\/broquetas.com\/calidad\/#breadcrumb\"},\"inLanguage\":\"fr-FR\",\"potentialAction\":[{\"@type\":\"ReadAction\",\"target\":[\"https:\/\/broquetas.com\/calidad\/\"]}]},{\"@type\":\"ImageObject\",\"inLanguage\":\"fr-FR\",\"@id\":\"https:\/\/broquetas.com\/calidad\/#primaryimage\",\"url\":\"https:\/\/broquetas.com\/wp-content\/uploads\/elementor\/thumbs\/CARRETES-AENOR-INICIO-WEB-SIN-LOGO-pjlc47yp34jvx3ce8rulplm093p03bf7pnn80nz1ww.png\",\"contentUrl\":\"https:\/\/broquetas.com\/wp-content\/uploads\/elementor\/thumbs\/CARRETES-AENOR-INICIO-WEB-SIN-LOGO-pjlc47yp34jvx3ce8rulplm093p03bf7pnn80nz1ww.png\"},{\"@type\":\"BreadcrumbList\",\"@id\":\"https:\/\/broquetas.com\/calidad\/#breadcrumb\",\"itemListElement\":[{\"@type\":\"ListItem\",\"position\":1,\"name\":\"Home\",\"item\":\"https:\/\/broquetas.com\/\"},{\"@type\":\"ListItem\",\"position\":2,\"name\":\"Qualit\u00e9\"}]},{\"@type\":\"WebSite\",\"@id\":\"https:\/\/broquetas.com\/#website\",\"url\":\"https:\/\/broquetas.com\/\",\"name\":\"BROQUETAS, S.L.\",\"description\":\"\",\"publisher\":{\"@id\":\"https:\/\/broquetas.com\/#organization\"},\"potentialAction\":[{\"@type\":\"SearchAction\",\"target\":{\"@type\":\"EntryPoint\",\"urlTemplate\":\"https:\/\/broquetas.com\/?s={search_term_string}\"},\"query-input\":{\"@type\":\"PropertyValueSpecification\",\"valueRequired\":true,\"valueName\":\"search_term_string\"}}],\"inLanguage\":\"fr-FR\"},{\"@type\":\"Organization\",\"@id\":\"https:\/\/broquetas.com\/#organization\",\"name\":\"BROQUETAS S.L.\",\"url\":\"https:\/\/broquetas.com\/\",\"logo\":{\"@type\":\"ImageObject\",\"inLanguage\":\"fr-FR\",\"@id\":\"https:\/\/broquetas.com\/#\/schema\/logo\/image\/\",\"url\":\"https:\/\/broquetas.com\/wp-content\/uploads\/2021\/08\/logo-broquetas-dark.png\",\"contentUrl\":\"https:\/\/broquetas.com\/wp-content\/uploads\/2021\/08\/logo-broquetas-dark.png\",\"width\":262,\"height\":150,\"caption\":\"BROQUETAS S.L.\"},\"image\":{\"@id\":\"https:\/\/broquetas.com\/#\/schema\/logo\/image\/\"},\"sameAs\":[\"https:\/\/www.linkedin.com\/in\/broquetas-s-l-broquetas-99a22283\/\",\"https:\/\/www.youtube.com\/channel\/UCDYxB3N3CMqWo9DA-oyiAdg\"]}]}<\/script>\n<!-- \/ Yoast SEO plugin. -->","yoast_head_json":{"title":"Qualit\u00e9 - BROQUETAS, S.L.","robots":{"index":"index","follow":"follow","max-snippet":"max-snippet:-1","max-image-preview":"max-image-preview:large","max-video-preview":"max-video-preview:-1"},"canonical":"https:\/\/broquetas.com\/calidad\/","og_locale":"fr_FR","og_type":"article","og_title":"Qualit\u00e9 - BROQUETAS, S.L.","og_description":"Produits certifi\u00e9s AENOR BROFIL 3.5 Ag ; BROFIL 4 Ag et BROFIL 5 Ag sont nos alliages certifi\u00e9s par AENOR conform\u00e9ment \u00e0 la norme UNE-EN ISO 9453 (\u00e9tant le premier fabricant espagnol \u00e0 l\u2019obtenir) et conform\u00e9ment au \u00ab\u00a0R\u00e8glement sp\u00e9cial de la marque AENOR pour les m\u00e9taux d\u2019apport pour le brasage tendre, utilis\u00e9s dans les appareils [&hellip;]","og_url":"https:\/\/broquetas.com\/calidad\/","og_site_name":"BROQUETAS, S.L.","article_modified_time":"2025-01-10T09:49:26+00:00","og_image":[{"url":"https:\/\/broquetas.com\/wp-content\/uploads\/elementor\/thumbs\/CARRETES-AENOR-INICIO-WEB-SIN-LOGO-pjlc47yp34jvx3ce8rulplm093p03bf7pnn80nz1ww.png","type":"","width":"","height":""}],"twitter_card":"summary_large_image","schema":{"@context":"https:\/\/schema.org","@graph":[{"@type":"WebPage","@id":"https:\/\/broquetas.com\/calidad\/","url":"https:\/\/broquetas.com\/calidad\/","name":"Qualit\u00e9 - BROQUETAS, S.L.","isPartOf":{"@id":"https:\/\/broquetas.com\/#website"},"primaryImageOfPage":{"@id":"https:\/\/broquetas.com\/calidad\/#primaryimage"},"image":{"@id":"https:\/\/broquetas.com\/calidad\/#primaryimage"},"thumbnailUrl":"https:\/\/broquetas.com\/wp-content\/uploads\/elementor\/thumbs\/CARRETES-AENOR-INICIO-WEB-SIN-LOGO-pjlc47yp34jvx3ce8rulplm093p03bf7pnn80nz1ww.png","datePublished":"2021-08-23T16:43:06+00:00","dateModified":"2025-01-10T09:49:26+00:00","breadcrumb":{"@id":"https:\/\/broquetas.com\/calidad\/#breadcrumb"},"inLanguage":"fr-FR","potentialAction":[{"@type":"ReadAction","target":["https:\/\/broquetas.com\/calidad\/"]}]},{"@type":"ImageObject","inLanguage":"fr-FR","@id":"https:\/\/broquetas.com\/calidad\/#primaryimage","url":"https:\/\/broquetas.com\/wp-content\/uploads\/elementor\/thumbs\/CARRETES-AENOR-INICIO-WEB-SIN-LOGO-pjlc47yp34jvx3ce8rulplm093p03bf7pnn80nz1ww.png","contentUrl":"https:\/\/broquetas.com\/wp-content\/uploads\/elementor\/thumbs\/CARRETES-AENOR-INICIO-WEB-SIN-LOGO-pjlc47yp34jvx3ce8rulplm093p03bf7pnn80nz1ww.png"},{"@type":"BreadcrumbList","@id":"https:\/\/broquetas.com\/calidad\/#breadcrumb","itemListElement":[{"@type":"ListItem","position":1,"name":"Home","item":"https:\/\/broquetas.com\/"},{"@type":"ListItem","position":2,"name":"Qualit\u00e9"}]},{"@type":"WebSite","@id":"https:\/\/broquetas.com\/#website","url":"https:\/\/broquetas.com\/","name":"BROQUETAS, S.L.","description":"","publisher":{"@id":"https:\/\/broquetas.com\/#organization"},"potentialAction":[{"@type":"SearchAction","target":{"@type":"EntryPoint","urlTemplate":"https:\/\/broquetas.com\/?s={search_term_string}"},"query-input":{"@type":"PropertyValueSpecification","valueRequired":true,"valueName":"search_term_string"}}],"inLanguage":"fr-FR"},{"@type":"Organization","@id":"https:\/\/broquetas.com\/#organization","name":"BROQUETAS S.L.","url":"https:\/\/broquetas.com\/","logo":{"@type":"ImageObject","inLanguage":"fr-FR","@id":"https:\/\/broquetas.com\/#\/schema\/logo\/image\/","url":"https:\/\/broquetas.com\/wp-content\/uploads\/2021\/08\/logo-broquetas-dark.png","contentUrl":"https:\/\/broquetas.com\/wp-content\/uploads\/2021\/08\/logo-broquetas-dark.png","width":262,"height":150,"caption":"BROQUETAS S.L."},"image":{"@id":"https:\/\/broquetas.com\/#\/schema\/logo\/image\/"},"sameAs":["https:\/\/www.linkedin.com\/in\/broquetas-s-l-broquetas-99a22283\/","https:\/\/www.youtube.com\/channel\/UCDYxB3N3CMqWo9DA-oyiAdg"]}]}},"_links":{"self":[{"href":"https:\/\/broquetas.com\/fr\/wp-json\/wp\/v2\/pages\/4306","targetHints":{"allow":["GET"]}}],"collection":[{"href":"https:\/\/broquetas.com\/fr\/wp-json\/wp\/v2\/pages"}],"about":[{"href":"https:\/\/broquetas.com\/fr\/wp-json\/wp\/v2\/types\/page"}],"author":[{"embeddable":true,"href":"https:\/\/broquetas.com\/fr\/wp-json\/wp\/v2\/users\/21"}],"replies":[{"embeddable":true,"href":"https:\/\/broquetas.com\/fr\/wp-json\/wp\/v2\/comments?post=4306"}],"version-history":[{"count":31,"href":"https:\/\/broquetas.com\/fr\/wp-json\/wp\/v2\/pages\/4306\/revisions"}],"predecessor-version":[{"id":10143,"href":"https:\/\/broquetas.com\/fr\/wp-json\/wp\/v2\/pages\/4306\/revisions\/10143"}],"wp:attachment":[{"href":"https:\/\/broquetas.com\/fr\/wp-json\/wp\/v2\/media?parent=4306"}],"curies":[{"name":"wp","href":"https:\/\/api.w.org\/{rel}","templated":true}]}}