{"id":9497,"date":"2023-10-17T17:06:15","date_gmt":"2023-10-17T15:06:15","guid":{"rendered":"https:\/\/broquetas.com\/producto\/browool-pad\/"},"modified":"2024-01-03T16:52:15","modified_gmt":"2024-01-03T15:52:15","slug":"browool-pad","status":"publish","type":"product","link":"https:\/\/broquetas.com\/en\/producto\/browool-pad\/","title":{"rendered":"BROWOOL PAD"},"content":{"rendered":"<p>PRODUCT INFORMATION<br \/>\nBROWOOL ABRASIVE PAD<br \/>\nADVICE<br \/>\nAbrasive pad for mechanical cleaning of metal surfaces<br \/>\nBefore welding copper or metal parts, it is highly recommended to clean them inside and out.<br \/>\nThe Browool Pad is the recommended product for this.<\/p>\n<p>Shape: 130 x 60 mm<br \/>\nThickness: approx. +\/- 6 mm<br \/>\nMaterial: polyester and polyamide blend, metal-free.<br \/>\nColor: Black<\/p>\n<p>ADDITIONAL INFORMATION:<\/p>\n<p>\u2022 The Browool Pad is suitable for all metals.<br \/>\n\u2022 For quick and hair-free cleaning of copper pipe solder joints without metal abrasion.<br \/>\n\u2022 Reduced corrosion damage.<br \/>\n\u2022 Durable, also removes residues containing fats and oils.<br \/>\n\u2022 The Browool pad can be cleaned by tapping or washing, so it&#8217;s designed for multiple uses.<br \/>\n\u2022 Can be used wet and dry.<br \/>\n\u2022 Store away from moisture.<\/p>\n<p>Delivery conditions<br \/>\nPack of 10 pieces packed in a plastic sheet with a dimension of 130 mm x 60 mm<\/p>\n","protected":false},"excerpt":{"rendered":"<p>BROWOOL PAD FOR CLEANING WORK COPPER PIPE<\/p>\n","protected":false},"featured_media":9494,"comment_status":"closed","ping_status":"closed","template":"","meta":{"_joinchat":[]},"product_brand":[],"product_cat":[45,408,135],"product_tag":[],"class_list":{"0":"post-9497","1":"product","2":"type-product","3":"status-publish","4":"has-post-thumbnail","6":"product_cat-auxiliares","7":"product_cat-auxiliary-products-plumbing-and-hvac-r-2","8":"product_cat-plumbing-and-hvac-r","10":"first","11":"instock","12":"taxable","13":"shipping-taxable","14":"product-type-simple"},"yoast_head":"<!-- This site is optimized with the Yoast SEO plugin v26.9 - https:\/\/yoast.com\/product\/yoast-seo-wordpress\/ -->\n<title>BROWOOL PAD - BROQUETAS, S.L.<\/title>\n<meta name=\"description\" content=\"Broquetas est\u00e1 especializado en la fabricaci\u00f3n de aleaciones y productos para la industria electr\u00f3nica y todas sus aplicaciones.\" \/>\n<meta name=\"robots\" content=\"index, follow, max-snippet:-1, max-image-preview:large, max-video-preview:-1\" \/>\n<link rel=\"canonical\" href=\"https:\/\/broquetas.com\/en\/producto\/browool-pad\/\" \/>\n<meta property=\"og:locale\" content=\"en_US\" \/>\n<meta property=\"og:type\" content=\"article\" \/>\n<meta property=\"og:title\" content=\"BROWOOL PAD - BROQUETAS, S.L.\" \/>\n<meta property=\"og:description\" content=\"Broquetas est\u00e1 especializado en la fabricaci\u00f3n de aleaciones y productos para la industria electr\u00f3nica y todas sus aplicaciones.\" \/>\n<meta property=\"og:url\" content=\"https:\/\/broquetas.com\/en\/producto\/browool-pad\/\" \/>\n<meta property=\"og:site_name\" content=\"BROQUETAS, S.L.\" \/>\n<meta property=\"article:modified_time\" content=\"2024-01-03T15:52:15+00:00\" \/>\n<meta property=\"og:image\" content=\"https:\/\/broquetas.com\/wp-content\/uploads\/2023\/10\/BROWOOL-PAD-1024x1024.png\" \/>\n\t<meta property=\"og:image:width\" content=\"1024\" \/>\n\t<meta property=\"og:image:height\" content=\"1024\" \/>\n\t<meta property=\"og:image:type\" content=\"image\/png\" \/>\n<meta name=\"twitter:card\" content=\"summary_large_image\" \/>\n<meta name=\"twitter:label1\" content=\"Est. reading time\" \/>\n\t<meta name=\"twitter:data1\" content=\"1 minute\" \/>\n<script type=\"application\/ld+json\" class=\"yoast-schema-graph\">{\"@context\":\"https:\/\/schema.org\",\"@graph\":[{\"@type\":\"WebPage\",\"@id\":\"https:\/\/broquetas.com\/en\/producto\/browool-pad\/\",\"url\":\"https:\/\/broquetas.com\/en\/producto\/browool-pad\/\",\"name\":\"BROWOOL PAD - BROQUETAS, S.L.\",\"isPartOf\":{\"@id\":\"https:\/\/broquetas.com\/#website\"},\"primaryImageOfPage\":{\"@id\":\"https:\/\/broquetas.com\/en\/producto\/browool-pad\/#primaryimage\"},\"image\":{\"@id\":\"https:\/\/broquetas.com\/en\/producto\/browool-pad\/#primaryimage\"},\"thumbnailUrl\":\"https:\/\/broquetas.com\/wp-content\/uploads\/2023\/10\/BROWOOL-PAD.png\",\"datePublished\":\"2023-10-17T15:06:15+00:00\",\"dateModified\":\"2024-01-03T15:52:15+00:00\",\"description\":\"Broquetas est\u00e1 especializado en la fabricaci\u00f3n de aleaciones y productos para la industria electr\u00f3nica y todas sus aplicaciones.\",\"breadcrumb\":{\"@id\":\"https:\/\/broquetas.com\/en\/producto\/browool-pad\/#breadcrumb\"},\"inLanguage\":\"en-US\",\"potentialAction\":[{\"@type\":\"ReadAction\",\"target\":[\"https:\/\/broquetas.com\/en\/producto\/browool-pad\/\"]}]},{\"@type\":\"ImageObject\",\"inLanguage\":\"en-US\",\"@id\":\"https:\/\/broquetas.com\/en\/producto\/browool-pad\/#primaryimage\",\"url\":\"https:\/\/broquetas.com\/wp-content\/uploads\/2023\/10\/BROWOOL-PAD.png\",\"contentUrl\":\"https:\/\/broquetas.com\/wp-content\/uploads\/2023\/10\/BROWOOL-PAD.png\",\"width\":3080,\"height\":3080},{\"@type\":\"BreadcrumbList\",\"@id\":\"https:\/\/broquetas.com\/en\/producto\/browool-pad\/#breadcrumb\",\"itemListElement\":[{\"@type\":\"ListItem\",\"position\":1,\"name\":\"Home\",\"item\":\"https:\/\/broquetas.com\/\"},{\"@type\":\"ListItem\",\"position\":2,\"name\":\"Products\",\"item\":\"https:\/\/broquetas.com\/en\/products\/\"},{\"@type\":\"ListItem\",\"position\":3,\"name\":\"BROWOOL PAD\"}]},{\"@type\":\"WebSite\",\"@id\":\"https:\/\/broquetas.com\/#website\",\"url\":\"https:\/\/broquetas.com\/\",\"name\":\"BROQUETAS, S.L.\",\"description\":\"\",\"publisher\":{\"@id\":\"https:\/\/broquetas.com\/#organization\"},\"potentialAction\":[{\"@type\":\"SearchAction\",\"target\":{\"@type\":\"EntryPoint\",\"urlTemplate\":\"https:\/\/broquetas.com\/?s={search_term_string}\"},\"query-input\":{\"@type\":\"PropertyValueSpecification\",\"valueRequired\":true,\"valueName\":\"search_term_string\"}}],\"inLanguage\":\"en-US\"},{\"@type\":\"Organization\",\"@id\":\"https:\/\/broquetas.com\/#organization\",\"name\":\"BROQUETAS S.L.\",\"url\":\"https:\/\/broquetas.com\/\",\"logo\":{\"@type\":\"ImageObject\",\"inLanguage\":\"en-US\",\"@id\":\"https:\/\/broquetas.com\/#\/schema\/logo\/image\/\",\"url\":\"https:\/\/broquetas.com\/wp-content\/uploads\/2021\/08\/logo-broquetas-dark.png\",\"contentUrl\":\"https:\/\/broquetas.com\/wp-content\/uploads\/2021\/08\/logo-broquetas-dark.png\",\"width\":262,\"height\":150,\"caption\":\"BROQUETAS S.L.\"},\"image\":{\"@id\":\"https:\/\/broquetas.com\/#\/schema\/logo\/image\/\"},\"sameAs\":[\"https:\/\/www.linkedin.com\/in\/broquetas-s-l-broquetas-99a22283\/\",\"https:\/\/www.youtube.com\/channel\/UCDYxB3N3CMqWo9DA-oyiAdg\"]}]}<\/script>\n<!-- \/ Yoast SEO plugin. -->","yoast_head_json":{"title":"BROWOOL PAD - BROQUETAS, S.L.","description":"Broquetas est\u00e1 especializado en la fabricaci\u00f3n de aleaciones y productos para la industria electr\u00f3nica y todas sus aplicaciones.","robots":{"index":"index","follow":"follow","max-snippet":"max-snippet:-1","max-image-preview":"max-image-preview:large","max-video-preview":"max-video-preview:-1"},"canonical":"https:\/\/broquetas.com\/en\/producto\/browool-pad\/","og_locale":"en_US","og_type":"article","og_title":"BROWOOL PAD - BROQUETAS, S.L.","og_description":"Broquetas est\u00e1 especializado en la fabricaci\u00f3n de aleaciones y productos para la industria electr\u00f3nica y todas sus aplicaciones.","og_url":"https:\/\/broquetas.com\/en\/producto\/browool-pad\/","og_site_name":"BROQUETAS, S.L.","article_modified_time":"2024-01-03T15:52:15+00:00","og_image":[{"width":1024,"height":1024,"url":"https:\/\/broquetas.com\/wp-content\/uploads\/2023\/10\/BROWOOL-PAD-1024x1024.png","type":"image\/png"}],"twitter_card":"summary_large_image","twitter_misc":{"Est. reading time":"1 minute"},"schema":{"@context":"https:\/\/schema.org","@graph":[{"@type":"WebPage","@id":"https:\/\/broquetas.com\/en\/producto\/browool-pad\/","url":"https:\/\/broquetas.com\/en\/producto\/browool-pad\/","name":"BROWOOL PAD - BROQUETAS, S.L.","isPartOf":{"@id":"https:\/\/broquetas.com\/#website"},"primaryImageOfPage":{"@id":"https:\/\/broquetas.com\/en\/producto\/browool-pad\/#primaryimage"},"image":{"@id":"https:\/\/broquetas.com\/en\/producto\/browool-pad\/#primaryimage"},"thumbnailUrl":"https:\/\/broquetas.com\/wp-content\/uploads\/2023\/10\/BROWOOL-PAD.png","datePublished":"2023-10-17T15:06:15+00:00","dateModified":"2024-01-03T15:52:15+00:00","description":"Broquetas est\u00e1 especializado en la fabricaci\u00f3n de aleaciones y productos para la industria electr\u00f3nica y todas sus aplicaciones.","breadcrumb":{"@id":"https:\/\/broquetas.com\/en\/producto\/browool-pad\/#breadcrumb"},"inLanguage":"en-US","potentialAction":[{"@type":"ReadAction","target":["https:\/\/broquetas.com\/en\/producto\/browool-pad\/"]}]},{"@type":"ImageObject","inLanguage":"en-US","@id":"https:\/\/broquetas.com\/en\/producto\/browool-pad\/#primaryimage","url":"https:\/\/broquetas.com\/wp-content\/uploads\/2023\/10\/BROWOOL-PAD.png","contentUrl":"https:\/\/broquetas.com\/wp-content\/uploads\/2023\/10\/BROWOOL-PAD.png","width":3080,"height":3080},{"@type":"BreadcrumbList","@id":"https:\/\/broquetas.com\/en\/producto\/browool-pad\/#breadcrumb","itemListElement":[{"@type":"ListItem","position":1,"name":"Home","item":"https:\/\/broquetas.com\/"},{"@type":"ListItem","position":2,"name":"Products","item":"https:\/\/broquetas.com\/en\/products\/"},{"@type":"ListItem","position":3,"name":"BROWOOL PAD"}]},{"@type":"WebSite","@id":"https:\/\/broquetas.com\/#website","url":"https:\/\/broquetas.com\/","name":"BROQUETAS, S.L.","description":"","publisher":{"@id":"https:\/\/broquetas.com\/#organization"},"potentialAction":[{"@type":"SearchAction","target":{"@type":"EntryPoint","urlTemplate":"https:\/\/broquetas.com\/?s={search_term_string}"},"query-input":{"@type":"PropertyValueSpecification","valueRequired":true,"valueName":"search_term_string"}}],"inLanguage":"en-US"},{"@type":"Organization","@id":"https:\/\/broquetas.com\/#organization","name":"BROQUETAS S.L.","url":"https:\/\/broquetas.com\/","logo":{"@type":"ImageObject","inLanguage":"en-US","@id":"https:\/\/broquetas.com\/#\/schema\/logo\/image\/","url":"https:\/\/broquetas.com\/wp-content\/uploads\/2021\/08\/logo-broquetas-dark.png","contentUrl":"https:\/\/broquetas.com\/wp-content\/uploads\/2021\/08\/logo-broquetas-dark.png","width":262,"height":150,"caption":"BROQUETAS S.L."},"image":{"@id":"https:\/\/broquetas.com\/#\/schema\/logo\/image\/"},"sameAs":["https:\/\/www.linkedin.com\/in\/broquetas-s-l-broquetas-99a22283\/","https:\/\/www.youtube.com\/channel\/UCDYxB3N3CMqWo9DA-oyiAdg"]}]}},"_links":{"self":[{"href":"https:\/\/broquetas.com\/en\/wp-json\/wp\/v2\/product\/9497","targetHints":{"allow":["GET"]}}],"collection":[{"href":"https:\/\/broquetas.com\/en\/wp-json\/wp\/v2\/product"}],"about":[{"href":"https:\/\/broquetas.com\/en\/wp-json\/wp\/v2\/types\/product"}],"replies":[{"embeddable":true,"href":"https:\/\/broquetas.com\/en\/wp-json\/wp\/v2\/comments?post=9497"}],"wp:featuredmedia":[{"embeddable":true,"href":"https:\/\/broquetas.com\/en\/wp-json\/wp\/v2\/media\/9494"}],"wp:attachment":[{"href":"https:\/\/broquetas.com\/en\/wp-json\/wp\/v2\/media?parent=9497"}],"wp:term":[{"taxonomy":"product_brand","embeddable":true,"href":"https:\/\/broquetas.com\/en\/wp-json\/wp\/v2\/product_brand?post=9497"},{"taxonomy":"product_cat","embeddable":true,"href":"https:\/\/broquetas.com\/en\/wp-json\/wp\/v2\/product_cat?post=9497"},{"taxonomy":"product_tag","embeddable":true,"href":"https:\/\/broquetas.com\/en\/wp-json\/wp\/v2\/product_tag?post=9497"}],"curies":[{"name":"wp","href":"https:\/\/api.w.org\/{rel}","templated":true}]}}