{"id":9621,"date":"2024-01-03T17:07:21","date_gmt":"2024-01-03T16:07:21","guid":{"rendered":"https:\/\/broquetas.com\/?post_type=product&#038;p=9621"},"modified":"2024-01-03T17:10:46","modified_gmt":"2024-01-03T16:10:46","slug":"browool-pad-2","status":"publish","type":"product","link":"https:\/\/broquetas.com\/ca\/producto\/browool-pad-2\/","title":{"rendered":"BROWOOL PAD"},"content":{"rendered":"<p>INFORMACI\u00d3 DEL PRODUCTE<br \/>\nALMOHADILLA ABRASIVA BROWOOL<br \/>\nCONSELL<br \/>\nCoix\u00ed abrasiva per a la neteja mec\u00e0nica de superf\u00edcies met\u00e0l\u00b7liques<br \/>\nAbans de soldar peces de coure o metall, \u00e9s molt recomanable netejar-les per dins i per fora.<br \/>\nEl Browool Pad \u00e9s el producte recomanat per a aix\u00f2.<\/p>\n<p>Forma: 130 x 60 mm<br \/>\nGruix: aprox. +\/- 6 mm<br \/>\nMaterial: mescla de poli\u00e8ster i poliamida, lliure de metalls.<br \/>\nColor: Negre<\/p>\n<p>INFORMACI\u00d3 ADDICIONAL:<\/p>\n<p>\u2022 L\u2019almoina Browool Pad \u00e9s apta per a tots els metalls.<br \/>\n\u2022 Per a una neteja r\u00e0pida i sense p\u00e8ls de les juntes de soldadura de canonades de coure sense endalurdament del metall.<br \/>\n\u2022 Reducci\u00f3 dels danys per corrosi\u00f3.<br \/>\n\u2022 Durador, tamb\u00e9 elimina els residus que contenen greixos i olis.<br \/>\n\u2022 L\u2019almoina Browool es pot netejar colpejant-la o rentant-la, per la qual cosa est\u00e0 dissenyada per a m\u00faltiples usos.<br \/>\n\u2022 Es pot utilitzar en humit i en sec.<br \/>\n\u2022 Emmagatzemar lluny de la humitat.<\/p>\n<p>Condicions de lliurament<br \/>\nPaquet de 10 peces empaquetades en una l\u00e0mina de pl\u00e0stic amb una dimensi\u00f3 de 130 mm x 60 mm<\/p>\n","protected":false},"excerpt":{"rendered":"<p>BROWOOL PAD FREGALL PER A TREBALLS DE NETEJA TUB COBRE<\/p>\n","protected":false},"featured_media":9493,"comment_status":"closed","ping_status":"closed","template":"","meta":{"_joinchat":[]},"product_brand":[],"product_cat":[177],"product_tag":[],"class_list":{"0":"post-9621","1":"product","2":"type-product","3":"status-publish","4":"has-post-thumbnail","6":"product_cat-auxiliars","8":"first","9":"instock","10":"taxable","11":"shipping-taxable","12":"product-type-simple"},"yoast_head":"<!-- This site is optimized with the Yoast SEO plugin v26.9 - https:\/\/yoast.com\/product\/yoast-seo-wordpress\/ -->\n<title>BROWOOL PAD - BROQUETAS, S.L.<\/title>\n<meta name=\"robots\" content=\"index, follow, max-snippet:-1, max-image-preview:large, max-video-preview:-1\" \/>\n<link rel=\"canonical\" href=\"https:\/\/broquetas.com\/ca\/producto\/browool-pad-2\/\" \/>\n<meta property=\"og:locale\" content=\"ca_ES\" \/>\n<meta property=\"og:type\" content=\"article\" \/>\n<meta property=\"og:title\" content=\"BROWOOL PAD - BROQUETAS, S.L.\" \/>\n<meta property=\"og:description\" content=\"BROWOOL PAD FREGALL PER A TREBALLS DE NETEJA TUB COBRE\" \/>\n<meta property=\"og:url\" content=\"https:\/\/broquetas.com\/ca\/producto\/browool-pad-2\/\" \/>\n<meta property=\"og:site_name\" content=\"BROQUETAS, S.L.\" \/>\n<meta property=\"article:modified_time\" content=\"2024-01-03T16:10:46+00:00\" \/>\n<meta property=\"og:image\" content=\"https:\/\/broquetas.com\/wp-content\/uploads\/2023\/10\/BROWOOL-PAD-1024x1024.png\" \/>\n\t<meta property=\"og:image:width\" content=\"1024\" \/>\n\t<meta property=\"og:image:height\" content=\"1024\" \/>\n\t<meta property=\"og:image:type\" content=\"image\/png\" \/>\n<meta name=\"twitter:card\" content=\"summary_large_image\" \/>\n<meta name=\"twitter:label1\" content=\"Temps estimat de lectura\" \/>\n\t<meta name=\"twitter:data1\" content=\"1 minut\" \/>\n<script type=\"application\/ld+json\" class=\"yoast-schema-graph\">{\"@context\":\"https:\/\/schema.org\",\"@graph\":[{\"@type\":\"WebPage\",\"@id\":\"https:\/\/broquetas.com\/ca\/producto\/browool-pad-2\/\",\"url\":\"https:\/\/broquetas.com\/ca\/producto\/browool-pad-2\/\",\"name\":\"BROWOOL PAD - BROQUETAS, S.L.\",\"isPartOf\":{\"@id\":\"https:\/\/broquetas.com\/#website\"},\"primaryImageOfPage\":{\"@id\":\"https:\/\/broquetas.com\/ca\/producto\/browool-pad-2\/#primaryimage\"},\"image\":{\"@id\":\"https:\/\/broquetas.com\/ca\/producto\/browool-pad-2\/#primaryimage\"},\"thumbnailUrl\":\"https:\/\/broquetas.com\/wp-content\/uploads\/2023\/10\/BROWOOL-PAD.png\",\"datePublished\":\"2024-01-03T16:07:21+00:00\",\"dateModified\":\"2024-01-03T16:10:46+00:00\",\"breadcrumb\":{\"@id\":\"https:\/\/broquetas.com\/ca\/producto\/browool-pad-2\/#breadcrumb\"},\"inLanguage\":\"ca\",\"potentialAction\":[{\"@type\":\"ReadAction\",\"target\":[\"https:\/\/broquetas.com\/ca\/producto\/browool-pad-2\/\"]}]},{\"@type\":\"ImageObject\",\"inLanguage\":\"ca\",\"@id\":\"https:\/\/broquetas.com\/ca\/producto\/browool-pad-2\/#primaryimage\",\"url\":\"https:\/\/broquetas.com\/wp-content\/uploads\/2023\/10\/BROWOOL-PAD.png\",\"contentUrl\":\"https:\/\/broquetas.com\/wp-content\/uploads\/2023\/10\/BROWOOL-PAD.png\",\"width\":3080,\"height\":3080},{\"@type\":\"BreadcrumbList\",\"@id\":\"https:\/\/broquetas.com\/ca\/producto\/browool-pad-2\/#breadcrumb\",\"itemListElement\":[{\"@type\":\"ListItem\",\"position\":1,\"name\":\"Home\",\"item\":\"https:\/\/broquetas.com\/\"},{\"@type\":\"ListItem\",\"position\":2,\"name\":\"Productes\",\"item\":\"https:\/\/broquetas.com\/ca\/productes\/\"},{\"@type\":\"ListItem\",\"position\":3,\"name\":\"BROWOOL PAD\"}]},{\"@type\":\"WebSite\",\"@id\":\"https:\/\/broquetas.com\/#website\",\"url\":\"https:\/\/broquetas.com\/\",\"name\":\"BROQUETAS, S.L.\",\"description\":\"\",\"publisher\":{\"@id\":\"https:\/\/broquetas.com\/#organization\"},\"potentialAction\":[{\"@type\":\"SearchAction\",\"target\":{\"@type\":\"EntryPoint\",\"urlTemplate\":\"https:\/\/broquetas.com\/?s={search_term_string}\"},\"query-input\":{\"@type\":\"PropertyValueSpecification\",\"valueRequired\":true,\"valueName\":\"search_term_string\"}}],\"inLanguage\":\"ca\"},{\"@type\":\"Organization\",\"@id\":\"https:\/\/broquetas.com\/#organization\",\"name\":\"BROQUETAS S.L.\",\"url\":\"https:\/\/broquetas.com\/\",\"logo\":{\"@type\":\"ImageObject\",\"inLanguage\":\"ca\",\"@id\":\"https:\/\/broquetas.com\/#\/schema\/logo\/image\/\",\"url\":\"https:\/\/broquetas.com\/wp-content\/uploads\/2021\/08\/logo-broquetas-dark.png\",\"contentUrl\":\"https:\/\/broquetas.com\/wp-content\/uploads\/2021\/08\/logo-broquetas-dark.png\",\"width\":262,\"height\":150,\"caption\":\"BROQUETAS S.L.\"},\"image\":{\"@id\":\"https:\/\/broquetas.com\/#\/schema\/logo\/image\/\"},\"sameAs\":[\"https:\/\/www.linkedin.com\/in\/broquetas-s-l-broquetas-99a22283\/\",\"https:\/\/www.youtube.com\/channel\/UCDYxB3N3CMqWo9DA-oyiAdg\"]}]}<\/script>\n<!-- \/ Yoast SEO plugin. -->","yoast_head_json":{"title":"BROWOOL PAD - BROQUETAS, S.L.","robots":{"index":"index","follow":"follow","max-snippet":"max-snippet:-1","max-image-preview":"max-image-preview:large","max-video-preview":"max-video-preview:-1"},"canonical":"https:\/\/broquetas.com\/ca\/producto\/browool-pad-2\/","og_locale":"ca_ES","og_type":"article","og_title":"BROWOOL PAD - BROQUETAS, S.L.","og_description":"BROWOOL PAD FREGALL PER A TREBALLS DE NETEJA TUB COBRE","og_url":"https:\/\/broquetas.com\/ca\/producto\/browool-pad-2\/","og_site_name":"BROQUETAS, S.L.","article_modified_time":"2024-01-03T16:10:46+00:00","og_image":[{"width":1024,"height":1024,"url":"https:\/\/broquetas.com\/wp-content\/uploads\/2023\/10\/BROWOOL-PAD-1024x1024.png","type":"image\/png"}],"twitter_card":"summary_large_image","twitter_misc":{"Temps estimat de lectura":"1 minut"},"schema":{"@context":"https:\/\/schema.org","@graph":[{"@type":"WebPage","@id":"https:\/\/broquetas.com\/ca\/producto\/browool-pad-2\/","url":"https:\/\/broquetas.com\/ca\/producto\/browool-pad-2\/","name":"BROWOOL PAD - BROQUETAS, S.L.","isPartOf":{"@id":"https:\/\/broquetas.com\/#website"},"primaryImageOfPage":{"@id":"https:\/\/broquetas.com\/ca\/producto\/browool-pad-2\/#primaryimage"},"image":{"@id":"https:\/\/broquetas.com\/ca\/producto\/browool-pad-2\/#primaryimage"},"thumbnailUrl":"https:\/\/broquetas.com\/wp-content\/uploads\/2023\/10\/BROWOOL-PAD.png","datePublished":"2024-01-03T16:07:21+00:00","dateModified":"2024-01-03T16:10:46+00:00","breadcrumb":{"@id":"https:\/\/broquetas.com\/ca\/producto\/browool-pad-2\/#breadcrumb"},"inLanguage":"ca","potentialAction":[{"@type":"ReadAction","target":["https:\/\/broquetas.com\/ca\/producto\/browool-pad-2\/"]}]},{"@type":"ImageObject","inLanguage":"ca","@id":"https:\/\/broquetas.com\/ca\/producto\/browool-pad-2\/#primaryimage","url":"https:\/\/broquetas.com\/wp-content\/uploads\/2023\/10\/BROWOOL-PAD.png","contentUrl":"https:\/\/broquetas.com\/wp-content\/uploads\/2023\/10\/BROWOOL-PAD.png","width":3080,"height":3080},{"@type":"BreadcrumbList","@id":"https:\/\/broquetas.com\/ca\/producto\/browool-pad-2\/#breadcrumb","itemListElement":[{"@type":"ListItem","position":1,"name":"Home","item":"https:\/\/broquetas.com\/"},{"@type":"ListItem","position":2,"name":"Productes","item":"https:\/\/broquetas.com\/ca\/productes\/"},{"@type":"ListItem","position":3,"name":"BROWOOL PAD"}]},{"@type":"WebSite","@id":"https:\/\/broquetas.com\/#website","url":"https:\/\/broquetas.com\/","name":"BROQUETAS, S.L.","description":"","publisher":{"@id":"https:\/\/broquetas.com\/#organization"},"potentialAction":[{"@type":"SearchAction","target":{"@type":"EntryPoint","urlTemplate":"https:\/\/broquetas.com\/?s={search_term_string}"},"query-input":{"@type":"PropertyValueSpecification","valueRequired":true,"valueName":"search_term_string"}}],"inLanguage":"ca"},{"@type":"Organization","@id":"https:\/\/broquetas.com\/#organization","name":"BROQUETAS S.L.","url":"https:\/\/broquetas.com\/","logo":{"@type":"ImageObject","inLanguage":"ca","@id":"https:\/\/broquetas.com\/#\/schema\/logo\/image\/","url":"https:\/\/broquetas.com\/wp-content\/uploads\/2021\/08\/logo-broquetas-dark.png","contentUrl":"https:\/\/broquetas.com\/wp-content\/uploads\/2021\/08\/logo-broquetas-dark.png","width":262,"height":150,"caption":"BROQUETAS S.L."},"image":{"@id":"https:\/\/broquetas.com\/#\/schema\/logo\/image\/"},"sameAs":["https:\/\/www.linkedin.com\/in\/broquetas-s-l-broquetas-99a22283\/","https:\/\/www.youtube.com\/channel\/UCDYxB3N3CMqWo9DA-oyiAdg"]}]}},"_links":{"self":[{"href":"https:\/\/broquetas.com\/ca\/wp-json\/wp\/v2\/product\/9621","targetHints":{"allow":["GET"]}}],"collection":[{"href":"https:\/\/broquetas.com\/ca\/wp-json\/wp\/v2\/product"}],"about":[{"href":"https:\/\/broquetas.com\/ca\/wp-json\/wp\/v2\/types\/product"}],"replies":[{"embeddable":true,"href":"https:\/\/broquetas.com\/ca\/wp-json\/wp\/v2\/comments?post=9621"}],"wp:featuredmedia":[{"embeddable":true,"href":"https:\/\/broquetas.com\/ca\/wp-json\/wp\/v2\/media\/9493"}],"wp:attachment":[{"href":"https:\/\/broquetas.com\/ca\/wp-json\/wp\/v2\/media?parent=9621"}],"wp:term":[{"taxonomy":"product_brand","embeddable":true,"href":"https:\/\/broquetas.com\/ca\/wp-json\/wp\/v2\/product_brand?post=9621"},{"taxonomy":"product_cat","embeddable":true,"href":"https:\/\/broquetas.com\/ca\/wp-json\/wp\/v2\/product_cat?post=9621"},{"taxonomy":"product_tag","embeddable":true,"href":"https:\/\/broquetas.com\/ca\/wp-json\/wp\/v2\/product_tag?post=9621"}],"curies":[{"name":"wp","href":"https:\/\/api.w.org\/{rel}","templated":true}]}}