{"id":8306,"date":"2022-02-24T22:10:10","date_gmt":"2022-02-24T21:10:10","guid":{"rendered":"https:\/\/broquetas.com\/producto\/brofil-sn-cu-3\/"},"modified":"2022-08-01T16:35:15","modified_gmt":"2022-08-01T14:35:15","slug":"brofil-sn-cu-3","status":"publish","type":"product","link":"https:\/\/broquetas.com\/ca\/producto\/brofil-sn-cu-3\/","title":{"rendered":"BROFIL Sn\/Cu 3"},"content":{"rendered":"<p>Sn97Cu3<br \/>\n  D&#8217;acord amb la norma UNE-EN-ISO 9453. Aleaci\u00f3 402. LLIURE DE PLOM. Aliatge<br \/>\n  lliure de plom id\u00f2nia per a la soldadura tova de canonades de coure d&#8217;aigua<br \/>\n  potable, calefacci\u00f3 i gas en combinaci\u00f3 amb entroncaments de coure o llaut\u00f3.<br \/>\n  D&#8217;alta flu\u00efdesa i excel\u00b7lent humectaci\u00f3 permet una soldadura m\u00e9s r\u00e0pida i es<br \/>\n  caracteritza per una resist\u00e8ncia mec\u00e0nica elevada. Interval de fusi\u00f3<br \/>\n  227-310\u00baC.\u00a0\u00a0\u00a0\u00a0\u00a0\u00a0\u00a0\u00a0\u00a0\u00a0\u00a0\u00a0\u00a0\u00a0\u00a0\u00a0\u00a0\u00a0\u00a0\u00a0\u00a0\u00a0\u00a0\u00a0\u00a0\u00a0\u00a0\u00a0\u00a0\u00a0\u00a0\u00a0\u00a0\u00a0\u00a0\u00a0\u00a0\u00a0\u00a0\u00a0\u00a0\u00a0\u00a0<br \/>\n  Di\u00e0metres en fil: Desde \u00f80.5mm a \u00f86mm<br \/>\n    Formats: Carrets de pl\u00e0stic de 100gr.: 30 unitats\/caixa; 250gr.: 40<br \/>\n  unitats\/caixa; 500gr.: 20 unitats\/caixa<br \/>\n    1Kg.: 10 unitats\/caixa; 2Kg. y 4Kg. sota comanda.<\/p>\n","protected":false},"excerpt":{"rendered":"<p>FIL DE SOLDAR<br \/>\n  ESTANY\/COURE MASS\u00cdS SENSE PLOM<\/p>\n","protected":false},"featured_media":6007,"comment_status":"open","ping_status":"closed","template":"","meta":{"_joinchat":[]},"product_brand":[],"product_cat":[132],"product_tag":[],"class_list":{"0":"post-8306","1":"product","2":"type-product","3":"status-publish","4":"has-post-thumbnail","6":"product_cat-soldadura-tova","8":"first","9":"instock","10":"taxable","11":"shipping-taxable","12":"product-type-simple"},"yoast_head":"<!-- This site is optimized with the Yoast SEO plugin v26.9 - https:\/\/yoast.com\/product\/yoast-seo-wordpress\/ -->\n<title>BROFIL Sn\/Cu 3 - BROQUETAS, S.L.<\/title>\n<meta name=\"description\" content=\"Sn97Cu3\u00a0\u00a0 D&#039;acord amb la norma UNE-EN-ISO 9453. Aleaci\u00f3 402. LLIURE DE PLOM. Aliatge\u00a0\u00a0 lliure de plom id\u00f2nia per a la soldadura tova de canonades de coure d&#039;aigua\u00a0\u00a0 potable, calefacci\u00f3 i gas en combinaci\u00f3 amb entroncaments de coure o llaut\u00f3.\u00a0\u00a0 D&#039;alta flu\u00efdesa i excel\u00b7lent humectaci\u00f3 permet una soldadura m\u00e9s r\u00e0pida i es\u00a0\u00a0 caracteritza per una resist\u00e8ncia mec\u00e0nica elevada. Interval de fusi\u00f3\u00a0\u00a0 227-310\u00baC.\u00a0\u00a0\u00a0\u00a0\u00a0\u00a0\u00a0\u00a0\u00a0\u00a0\u00a0\u00a0\u00a0\u00a0\u00a0\u00a0\u00a0\u00a0\u00a0\u00a0\u00a0\u00a0\u00a0\u00a0\u00a0\u00a0\u00a0\u00a0\u00a0\u00a0\u00a0\u00a0\u00a0\u00a0\u00a0\u00a0\u00a0\u00a0\u00a0\u00a0\u00a0\u00a0\u00a0\u00a0\u00a0 Di\u00e0metres en fil: Desde \u00f80.5mm a \u00f86mm\u00a0\u00a0\u00a0\u00a0 Formats: Carrets de pl\u00e0stic de 100gr.: 30 unitats\/caixa\" \/>\n<meta name=\"robots\" content=\"index, follow, max-snippet:-1, max-image-preview:large, max-video-preview:-1\" \/>\n<link rel=\"canonical\" href=\"https:\/\/broquetas.com\/ca\/producto\/brofil-sn-cu-3\/\" \/>\n<meta property=\"og:locale\" content=\"ca_ES\" \/>\n<meta property=\"og:type\" content=\"article\" \/>\n<meta property=\"og:title\" content=\"BROFIL Sn\/Cu 3 - BROQUETAS, S.L.\" \/>\n<meta property=\"og:description\" content=\"Sn97Cu3\u00a0\u00a0 D&#039;acord amb la norma UNE-EN-ISO 9453. Aleaci\u00f3 402. LLIURE DE PLOM. Aliatge\u00a0\u00a0 lliure de plom id\u00f2nia per a la soldadura tova de canonades de coure d&#039;aigua\u00a0\u00a0 potable, calefacci\u00f3 i gas en combinaci\u00f3 amb entroncaments de coure o llaut\u00f3.\u00a0\u00a0 D&#039;alta flu\u00efdesa i excel\u00b7lent humectaci\u00f3 permet una soldadura m\u00e9s r\u00e0pida i es\u00a0\u00a0 caracteritza per una resist\u00e8ncia mec\u00e0nica elevada. Interval de fusi\u00f3\u00a0\u00a0 227-310\u00baC.\u00a0\u00a0\u00a0\u00a0\u00a0\u00a0\u00a0\u00a0\u00a0\u00a0\u00a0\u00a0\u00a0\u00a0\u00a0\u00a0\u00a0\u00a0\u00a0\u00a0\u00a0\u00a0\u00a0\u00a0\u00a0\u00a0\u00a0\u00a0\u00a0\u00a0\u00a0\u00a0\u00a0\u00a0\u00a0\u00a0\u00a0\u00a0\u00a0\u00a0\u00a0\u00a0\u00a0\u00a0\u00a0 Di\u00e0metres en fil: Desde \u00f80.5mm a \u00f86mm\u00a0\u00a0\u00a0\u00a0 Formats: Carrets de pl\u00e0stic de 100gr.: 30 unitats\/caixa\" \/>\n<meta property=\"og:url\" content=\"https:\/\/broquetas.com\/ca\/producto\/brofil-sn-cu-3\/\" \/>\n<meta property=\"og:site_name\" content=\"BROQUETAS, S.L.\" \/>\n<meta property=\"article:modified_time\" content=\"2022-08-01T14:35:15+00:00\" \/>\n<meta property=\"og:image\" content=\"https:\/\/broquetas.com\/wp-content\/uploads\/2022\/02\/B13MAC-09200-2V102.jpg\" \/>\n\t<meta property=\"og:image:width\" content=\"1392\" \/>\n\t<meta property=\"og:image:height\" content=\"1740\" \/>\n\t<meta property=\"og:image:type\" content=\"image\/jpeg\" \/>\n<meta name=\"twitter:card\" content=\"summary_large_image\" \/>\n<script type=\"application\/ld+json\" class=\"yoast-schema-graph\">{\"@context\":\"https:\/\/schema.org\",\"@graph\":[{\"@type\":\"WebPage\",\"@id\":\"https:\/\/broquetas.com\/ca\/producto\/brofil-sn-cu-3\/\",\"url\":\"https:\/\/broquetas.com\/ca\/producto\/brofil-sn-cu-3\/\",\"name\":\"BROFIL Sn\/Cu 3 - BROQUETAS, S.L.\",\"isPartOf\":{\"@id\":\"https:\/\/broquetas.com\/#website\"},\"primaryImageOfPage\":{\"@id\":\"https:\/\/broquetas.com\/ca\/producto\/brofil-sn-cu-3\/#primaryimage\"},\"image\":{\"@id\":\"https:\/\/broquetas.com\/ca\/producto\/brofil-sn-cu-3\/#primaryimage\"},\"thumbnailUrl\":\"https:\/\/broquetas.com\/wp-content\/uploads\/2022\/02\/B13MAC-09200-2V102.jpg\",\"datePublished\":\"2022-02-24T21:10:10+00:00\",\"dateModified\":\"2022-08-01T14:35:15+00:00\",\"description\":\"Sn97Cu3\u00a0\u00a0 D'acord amb la norma UNE-EN-ISO 9453. Aleaci\u00f3 402. LLIURE DE PLOM. Aliatge\u00a0\u00a0 lliure de plom id\u00f2nia per a la soldadura tova de canonades de coure d'aigua\u00a0\u00a0 potable, calefacci\u00f3 i gas en combinaci\u00f3 amb entroncaments de coure o llaut\u00f3.\u00a0\u00a0 D'alta flu\u00efdesa i excel\u00b7lent humectaci\u00f3 permet una soldadura m\u00e9s r\u00e0pida i es\u00a0\u00a0 caracteritza per una resist\u00e8ncia mec\u00e0nica elevada. Interval de fusi\u00f3\u00a0\u00a0 227-310\u00baC.\u00a0\u00a0\u00a0\u00a0\u00a0\u00a0\u00a0\u00a0\u00a0\u00a0\u00a0\u00a0\u00a0\u00a0\u00a0\u00a0\u00a0\u00a0\u00a0\u00a0\u00a0\u00a0\u00a0\u00a0\u00a0\u00a0\u00a0\u00a0\u00a0\u00a0\u00a0\u00a0\u00a0\u00a0\u00a0\u00a0\u00a0\u00a0\u00a0\u00a0\u00a0\u00a0\u00a0\u00a0\u00a0 Di\u00e0metres en fil: Desde \u00f80.5mm a \u00f86mm\u00a0\u00a0\u00a0\u00a0 Formats: Carrets de pl\u00e0stic de 100gr.: 30 unitats\/caixa\",\"breadcrumb\":{\"@id\":\"https:\/\/broquetas.com\/ca\/producto\/brofil-sn-cu-3\/#breadcrumb\"},\"inLanguage\":\"ca\",\"potentialAction\":[{\"@type\":\"ReadAction\",\"target\":[\"https:\/\/broquetas.com\/ca\/producto\/brofil-sn-cu-3\/\"]}]},{\"@type\":\"ImageObject\",\"inLanguage\":\"ca\",\"@id\":\"https:\/\/broquetas.com\/ca\/producto\/brofil-sn-cu-3\/#primaryimage\",\"url\":\"https:\/\/broquetas.com\/wp-content\/uploads\/2022\/02\/B13MAC-09200-2V102.jpg\",\"contentUrl\":\"https:\/\/broquetas.com\/wp-content\/uploads\/2022\/02\/B13MAC-09200-2V102.jpg\",\"width\":1392,\"height\":1740},{\"@type\":\"BreadcrumbList\",\"@id\":\"https:\/\/broquetas.com\/ca\/producto\/brofil-sn-cu-3\/#breadcrumb\",\"itemListElement\":[{\"@type\":\"ListItem\",\"position\":1,\"name\":\"Home\",\"item\":\"https:\/\/broquetas.com\/\"},{\"@type\":\"ListItem\",\"position\":2,\"name\":\"Productes\",\"item\":\"https:\/\/broquetas.com\/ca\/productes\/\"},{\"@type\":\"ListItem\",\"position\":3,\"name\":\"BROFIL Sn\/Cu 3\"}]},{\"@type\":\"WebSite\",\"@id\":\"https:\/\/broquetas.com\/#website\",\"url\":\"https:\/\/broquetas.com\/\",\"name\":\"BROQUETAS, S.L.\",\"description\":\"\",\"publisher\":{\"@id\":\"https:\/\/broquetas.com\/#organization\"},\"potentialAction\":[{\"@type\":\"SearchAction\",\"target\":{\"@type\":\"EntryPoint\",\"urlTemplate\":\"https:\/\/broquetas.com\/?s={search_term_string}\"},\"query-input\":{\"@type\":\"PropertyValueSpecification\",\"valueRequired\":true,\"valueName\":\"search_term_string\"}}],\"inLanguage\":\"ca\"},{\"@type\":\"Organization\",\"@id\":\"https:\/\/broquetas.com\/#organization\",\"name\":\"BROQUETAS S.L.\",\"url\":\"https:\/\/broquetas.com\/\",\"logo\":{\"@type\":\"ImageObject\",\"inLanguage\":\"ca\",\"@id\":\"https:\/\/broquetas.com\/#\/schema\/logo\/image\/\",\"url\":\"https:\/\/broquetas.com\/wp-content\/uploads\/2021\/08\/logo-broquetas-dark.png\",\"contentUrl\":\"https:\/\/broquetas.com\/wp-content\/uploads\/2021\/08\/logo-broquetas-dark.png\",\"width\":262,\"height\":150,\"caption\":\"BROQUETAS S.L.\"},\"image\":{\"@id\":\"https:\/\/broquetas.com\/#\/schema\/logo\/image\/\"},\"sameAs\":[\"https:\/\/www.linkedin.com\/in\/broquetas-s-l-broquetas-99a22283\/\",\"https:\/\/www.youtube.com\/channel\/UCDYxB3N3CMqWo9DA-oyiAdg\"]}]}<\/script>\n<!-- \/ Yoast SEO plugin. -->","yoast_head_json":{"title":"BROFIL Sn\/Cu 3 - BROQUETAS, S.L.","description":"Sn97Cu3\u00a0\u00a0 D'acord amb la norma UNE-EN-ISO 9453. Aleaci\u00f3 402. LLIURE DE PLOM. Aliatge\u00a0\u00a0 lliure de plom id\u00f2nia per a la soldadura tova de canonades de coure d'aigua\u00a0\u00a0 potable, calefacci\u00f3 i gas en combinaci\u00f3 amb entroncaments de coure o llaut\u00f3.\u00a0\u00a0 D'alta flu\u00efdesa i excel\u00b7lent humectaci\u00f3 permet una soldadura m\u00e9s r\u00e0pida i es\u00a0\u00a0 caracteritza per una resist\u00e8ncia mec\u00e0nica elevada. Interval de fusi\u00f3\u00a0\u00a0 227-310\u00baC.\u00a0\u00a0\u00a0\u00a0\u00a0\u00a0\u00a0\u00a0\u00a0\u00a0\u00a0\u00a0\u00a0\u00a0\u00a0\u00a0\u00a0\u00a0\u00a0\u00a0\u00a0\u00a0\u00a0\u00a0\u00a0\u00a0\u00a0\u00a0\u00a0\u00a0\u00a0\u00a0\u00a0\u00a0\u00a0\u00a0\u00a0\u00a0\u00a0\u00a0\u00a0\u00a0\u00a0\u00a0\u00a0 Di\u00e0metres en fil: Desde \u00f80.5mm a \u00f86mm\u00a0\u00a0\u00a0\u00a0 Formats: Carrets de pl\u00e0stic de 100gr.: 30 unitats\/caixa","robots":{"index":"index","follow":"follow","max-snippet":"max-snippet:-1","max-image-preview":"max-image-preview:large","max-video-preview":"max-video-preview:-1"},"canonical":"https:\/\/broquetas.com\/ca\/producto\/brofil-sn-cu-3\/","og_locale":"ca_ES","og_type":"article","og_title":"BROFIL Sn\/Cu 3 - BROQUETAS, S.L.","og_description":"Sn97Cu3\u00a0\u00a0 D'acord amb la norma UNE-EN-ISO 9453. Aleaci\u00f3 402. LLIURE DE PLOM. Aliatge\u00a0\u00a0 lliure de plom id\u00f2nia per a la soldadura tova de canonades de coure d'aigua\u00a0\u00a0 potable, calefacci\u00f3 i gas en combinaci\u00f3 amb entroncaments de coure o llaut\u00f3.\u00a0\u00a0 D'alta flu\u00efdesa i excel\u00b7lent humectaci\u00f3 permet una soldadura m\u00e9s r\u00e0pida i es\u00a0\u00a0 caracteritza per una resist\u00e8ncia mec\u00e0nica elevada. Interval de fusi\u00f3\u00a0\u00a0 227-310\u00baC.\u00a0\u00a0\u00a0\u00a0\u00a0\u00a0\u00a0\u00a0\u00a0\u00a0\u00a0\u00a0\u00a0\u00a0\u00a0\u00a0\u00a0\u00a0\u00a0\u00a0\u00a0\u00a0\u00a0\u00a0\u00a0\u00a0\u00a0\u00a0\u00a0\u00a0\u00a0\u00a0\u00a0\u00a0\u00a0\u00a0\u00a0\u00a0\u00a0\u00a0\u00a0\u00a0\u00a0\u00a0\u00a0 Di\u00e0metres en fil: Desde \u00f80.5mm a \u00f86mm\u00a0\u00a0\u00a0\u00a0 Formats: Carrets de pl\u00e0stic de 100gr.: 30 unitats\/caixa","og_url":"https:\/\/broquetas.com\/ca\/producto\/brofil-sn-cu-3\/","og_site_name":"BROQUETAS, S.L.","article_modified_time":"2022-08-01T14:35:15+00:00","og_image":[{"width":1392,"height":1740,"url":"https:\/\/broquetas.com\/wp-content\/uploads\/2022\/02\/B13MAC-09200-2V102.jpg","type":"image\/jpeg"}],"twitter_card":"summary_large_image","schema":{"@context":"https:\/\/schema.org","@graph":[{"@type":"WebPage","@id":"https:\/\/broquetas.com\/ca\/producto\/brofil-sn-cu-3\/","url":"https:\/\/broquetas.com\/ca\/producto\/brofil-sn-cu-3\/","name":"BROFIL Sn\/Cu 3 - BROQUETAS, S.L.","isPartOf":{"@id":"https:\/\/broquetas.com\/#website"},"primaryImageOfPage":{"@id":"https:\/\/broquetas.com\/ca\/producto\/brofil-sn-cu-3\/#primaryimage"},"image":{"@id":"https:\/\/broquetas.com\/ca\/producto\/brofil-sn-cu-3\/#primaryimage"},"thumbnailUrl":"https:\/\/broquetas.com\/wp-content\/uploads\/2022\/02\/B13MAC-09200-2V102.jpg","datePublished":"2022-02-24T21:10:10+00:00","dateModified":"2022-08-01T14:35:15+00:00","description":"Sn97Cu3\u00a0\u00a0 D'acord amb la norma UNE-EN-ISO 9453. Aleaci\u00f3 402. LLIURE DE PLOM. Aliatge\u00a0\u00a0 lliure de plom id\u00f2nia per a la soldadura tova de canonades de coure d'aigua\u00a0\u00a0 potable, calefacci\u00f3 i gas en combinaci\u00f3 amb entroncaments de coure o llaut\u00f3.\u00a0\u00a0 D'alta flu\u00efdesa i excel\u00b7lent humectaci\u00f3 permet una soldadura m\u00e9s r\u00e0pida i es\u00a0\u00a0 caracteritza per una resist\u00e8ncia mec\u00e0nica elevada. Interval de fusi\u00f3\u00a0\u00a0 227-310\u00baC.\u00a0\u00a0\u00a0\u00a0\u00a0\u00a0\u00a0\u00a0\u00a0\u00a0\u00a0\u00a0\u00a0\u00a0\u00a0\u00a0\u00a0\u00a0\u00a0\u00a0\u00a0\u00a0\u00a0\u00a0\u00a0\u00a0\u00a0\u00a0\u00a0\u00a0\u00a0\u00a0\u00a0\u00a0\u00a0\u00a0\u00a0\u00a0\u00a0\u00a0\u00a0\u00a0\u00a0\u00a0\u00a0 Di\u00e0metres en fil: Desde \u00f80.5mm a \u00f86mm\u00a0\u00a0\u00a0\u00a0 Formats: Carrets de pl\u00e0stic de 100gr.: 30 unitats\/caixa","breadcrumb":{"@id":"https:\/\/broquetas.com\/ca\/producto\/brofil-sn-cu-3\/#breadcrumb"},"inLanguage":"ca","potentialAction":[{"@type":"ReadAction","target":["https:\/\/broquetas.com\/ca\/producto\/brofil-sn-cu-3\/"]}]},{"@type":"ImageObject","inLanguage":"ca","@id":"https:\/\/broquetas.com\/ca\/producto\/brofil-sn-cu-3\/#primaryimage","url":"https:\/\/broquetas.com\/wp-content\/uploads\/2022\/02\/B13MAC-09200-2V102.jpg","contentUrl":"https:\/\/broquetas.com\/wp-content\/uploads\/2022\/02\/B13MAC-09200-2V102.jpg","width":1392,"height":1740},{"@type":"BreadcrumbList","@id":"https:\/\/broquetas.com\/ca\/producto\/brofil-sn-cu-3\/#breadcrumb","itemListElement":[{"@type":"ListItem","position":1,"name":"Home","item":"https:\/\/broquetas.com\/"},{"@type":"ListItem","position":2,"name":"Productes","item":"https:\/\/broquetas.com\/ca\/productes\/"},{"@type":"ListItem","position":3,"name":"BROFIL Sn\/Cu 3"}]},{"@type":"WebSite","@id":"https:\/\/broquetas.com\/#website","url":"https:\/\/broquetas.com\/","name":"BROQUETAS, S.L.","description":"","publisher":{"@id":"https:\/\/broquetas.com\/#organization"},"potentialAction":[{"@type":"SearchAction","target":{"@type":"EntryPoint","urlTemplate":"https:\/\/broquetas.com\/?s={search_term_string}"},"query-input":{"@type":"PropertyValueSpecification","valueRequired":true,"valueName":"search_term_string"}}],"inLanguage":"ca"},{"@type":"Organization","@id":"https:\/\/broquetas.com\/#organization","name":"BROQUETAS S.L.","url":"https:\/\/broquetas.com\/","logo":{"@type":"ImageObject","inLanguage":"ca","@id":"https:\/\/broquetas.com\/#\/schema\/logo\/image\/","url":"https:\/\/broquetas.com\/wp-content\/uploads\/2021\/08\/logo-broquetas-dark.png","contentUrl":"https:\/\/broquetas.com\/wp-content\/uploads\/2021\/08\/logo-broquetas-dark.png","width":262,"height":150,"caption":"BROQUETAS S.L."},"image":{"@id":"https:\/\/broquetas.com\/#\/schema\/logo\/image\/"},"sameAs":["https:\/\/www.linkedin.com\/in\/broquetas-s-l-broquetas-99a22283\/","https:\/\/www.youtube.com\/channel\/UCDYxB3N3CMqWo9DA-oyiAdg"]}]}},"_links":{"self":[{"href":"https:\/\/broquetas.com\/ca\/wp-json\/wp\/v2\/product\/8306","targetHints":{"allow":["GET"]}}],"collection":[{"href":"https:\/\/broquetas.com\/ca\/wp-json\/wp\/v2\/product"}],"about":[{"href":"https:\/\/broquetas.com\/ca\/wp-json\/wp\/v2\/types\/product"}],"replies":[{"embeddable":true,"href":"https:\/\/broquetas.com\/ca\/wp-json\/wp\/v2\/comments?post=8306"}],"wp:featuredmedia":[{"embeddable":true,"href":"https:\/\/broquetas.com\/ca\/wp-json\/wp\/v2\/media\/6007"}],"wp:attachment":[{"href":"https:\/\/broquetas.com\/ca\/wp-json\/wp\/v2\/media?parent=8306"}],"wp:term":[{"taxonomy":"product_brand","embeddable":true,"href":"https:\/\/broquetas.com\/ca\/wp-json\/wp\/v2\/product_brand?post=8306"},{"taxonomy":"product_cat","embeddable":true,"href":"https:\/\/broquetas.com\/ca\/wp-json\/wp\/v2\/product_cat?post=8306"},{"taxonomy":"product_tag","embeddable":true,"href":"https:\/\/broquetas.com\/ca\/wp-json\/wp\/v2\/product_tag?post=8306"}],"curies":[{"name":"wp","href":"https:\/\/api.w.org\/{rel}","templated":true}]}}