{"id":8289,"date":"2022-02-24T22:11:26","date_gmt":"2022-02-24T21:11:26","guid":{"rendered":"https:\/\/broquetas.com\/producto\/broclean\/"},"modified":"2022-08-01T16:34:48","modified_gmt":"2022-08-01T14:34:48","slug":"broclean","status":"publish","type":"product","link":"https:\/\/broquetas.com\/ca\/producto\/broclean\/","title":{"rendered":"BROCLEAN"},"content":{"rendered":"<p>Norma UNE.EN<br \/>\n  ISO 29454-1 3.1.1.C. Aquest producte impedeix la formaci\u00f3 d&#8217;\u00f2xid durant<br \/>\n  l&#8217;escalfament i, per tant, fa que la superf\u00edcie estigui neta durant tot el<br \/>\n  proc\u00e9s de la soldadura. Aplicaci\u00f3 en metall envellit, sense neteja pr\u00e8via,<br \/>\n  amb pinzell aplicador. Els residus han de ser retirats, producte<\/p>\n","protected":false},"excerpt":{"rendered":"<p>DECAPANT EN<br \/>\n  GEL<\/p>\n","protected":false},"featured_media":6751,"comment_status":"open","ping_status":"closed","template":"","meta":{"_joinchat":[]},"product_brand":[],"product_cat":[130,176],"product_tag":[],"class_list":{"0":"post-8289","1":"product","2":"type-product","3":"status-publish","4":"has-post-thumbnail","6":"product_cat-artesania-orfebreria-ca","7":"product_cat-decapants","9":"first","10":"instock","11":"taxable","12":"shipping-taxable","13":"product-type-simple"},"yoast_head":"<!-- This site is optimized with the Yoast SEO plugin v26.9 - https:\/\/yoast.com\/product\/yoast-seo-wordpress\/ -->\n<title>BROCLEAN - BROQUETAS, S.L.<\/title>\n<meta name=\"description\" content=\"Norma UNE.EN\u00a0\u00a0 ISO 29454-1 3.1.1.C. Aquest producte impedeix la formaci\u00f3 d&#039;\u00f2xid durant\u00a0\u00a0 l&#039;escalfament i, per tant, fa que la superf\u00edcie estigui neta durant tot el\u00a0\u00a0 proc\u00e9s de la soldadura. Aplicaci\u00f3 en metall envellit, sense neteja pr\u00e8via,\u00a0\u00a0 amb pinzell aplicador. Els residus han de ser retirats, producte\" \/>\n<meta name=\"robots\" content=\"index, follow, max-snippet:-1, max-image-preview:large, max-video-preview:-1\" \/>\n<link rel=\"canonical\" href=\"https:\/\/broquetas.com\/ca\/producto\/broclean\/\" \/>\n<meta property=\"og:locale\" content=\"ca_ES\" \/>\n<meta property=\"og:type\" content=\"article\" \/>\n<meta property=\"og:title\" content=\"BROCLEAN - BROQUETAS, S.L.\" \/>\n<meta property=\"og:description\" content=\"Norma UNE.EN\u00a0\u00a0 ISO 29454-1 3.1.1.C. Aquest producte impedeix la formaci\u00f3 d&#039;\u00f2xid durant\u00a0\u00a0 l&#039;escalfament i, per tant, fa que la superf\u00edcie estigui neta durant tot el\u00a0\u00a0 proc\u00e9s de la soldadura. Aplicaci\u00f3 en metall envellit, sense neteja pr\u00e8via,\u00a0\u00a0 amb pinzell aplicador. Els residus han de ser retirats, producte\" \/>\n<meta property=\"og:url\" content=\"https:\/\/broquetas.com\/ca\/producto\/broclean\/\" \/>\n<meta property=\"og:site_name\" content=\"BROQUETAS, S.L.\" \/>\n<meta property=\"article:modified_time\" content=\"2022-08-01T14:34:48+00:00\" \/>\n<meta property=\"og:image\" content=\"https:\/\/broquetas.com\/wp-content\/uploads\/2022\/03\/B73000-02000-00100-scaled.jpg\" \/>\n\t<meta property=\"og:image:width\" content=\"2560\" \/>\n\t<meta property=\"og:image:height\" content=\"2560\" \/>\n\t<meta property=\"og:image:type\" content=\"image\/jpeg\" \/>\n<meta name=\"twitter:card\" content=\"summary_large_image\" \/>\n<script type=\"application\/ld+json\" class=\"yoast-schema-graph\">{\"@context\":\"https:\/\/schema.org\",\"@graph\":[{\"@type\":\"WebPage\",\"@id\":\"https:\/\/broquetas.com\/ca\/producto\/broclean\/\",\"url\":\"https:\/\/broquetas.com\/ca\/producto\/broclean\/\",\"name\":\"BROCLEAN - BROQUETAS, S.L.\",\"isPartOf\":{\"@id\":\"https:\/\/broquetas.com\/#website\"},\"primaryImageOfPage\":{\"@id\":\"https:\/\/broquetas.com\/ca\/producto\/broclean\/#primaryimage\"},\"image\":{\"@id\":\"https:\/\/broquetas.com\/ca\/producto\/broclean\/#primaryimage\"},\"thumbnailUrl\":\"https:\/\/broquetas.com\/wp-content\/uploads\/2022\/03\/B73000-02000-00100-scaled.jpg\",\"datePublished\":\"2022-02-24T21:11:26+00:00\",\"dateModified\":\"2022-08-01T14:34:48+00:00\",\"description\":\"Norma UNE.EN\u00a0\u00a0 ISO 29454-1 3.1.1.C. Aquest producte impedeix la formaci\u00f3 d'\u00f2xid durant\u00a0\u00a0 l'escalfament i, per tant, fa que la superf\u00edcie estigui neta durant tot el\u00a0\u00a0 proc\u00e9s de la soldadura. Aplicaci\u00f3 en metall envellit, sense neteja pr\u00e8via,\u00a0\u00a0 amb pinzell aplicador. Els residus han de ser retirats, producte\",\"breadcrumb\":{\"@id\":\"https:\/\/broquetas.com\/ca\/producto\/broclean\/#breadcrumb\"},\"inLanguage\":\"ca\",\"potentialAction\":[{\"@type\":\"ReadAction\",\"target\":[\"https:\/\/broquetas.com\/ca\/producto\/broclean\/\"]}]},{\"@type\":\"ImageObject\",\"inLanguage\":\"ca\",\"@id\":\"https:\/\/broquetas.com\/ca\/producto\/broclean\/#primaryimage\",\"url\":\"https:\/\/broquetas.com\/wp-content\/uploads\/2022\/03\/B73000-02000-00100-scaled.jpg\",\"contentUrl\":\"https:\/\/broquetas.com\/wp-content\/uploads\/2022\/03\/B73000-02000-00100-scaled.jpg\",\"width\":2560,\"height\":2560},{\"@type\":\"BreadcrumbList\",\"@id\":\"https:\/\/broquetas.com\/ca\/producto\/broclean\/#breadcrumb\",\"itemListElement\":[{\"@type\":\"ListItem\",\"position\":1,\"name\":\"Home\",\"item\":\"https:\/\/broquetas.com\/\"},{\"@type\":\"ListItem\",\"position\":2,\"name\":\"Productes\",\"item\":\"https:\/\/broquetas.com\/ca\/productes\/\"},{\"@type\":\"ListItem\",\"position\":3,\"name\":\"BROCLEAN\"}]},{\"@type\":\"WebSite\",\"@id\":\"https:\/\/broquetas.com\/#website\",\"url\":\"https:\/\/broquetas.com\/\",\"name\":\"BROQUETAS, S.L.\",\"description\":\"\",\"publisher\":{\"@id\":\"https:\/\/broquetas.com\/#organization\"},\"potentialAction\":[{\"@type\":\"SearchAction\",\"target\":{\"@type\":\"EntryPoint\",\"urlTemplate\":\"https:\/\/broquetas.com\/?s={search_term_string}\"},\"query-input\":{\"@type\":\"PropertyValueSpecification\",\"valueRequired\":true,\"valueName\":\"search_term_string\"}}],\"inLanguage\":\"ca\"},{\"@type\":\"Organization\",\"@id\":\"https:\/\/broquetas.com\/#organization\",\"name\":\"BROQUETAS S.L.\",\"url\":\"https:\/\/broquetas.com\/\",\"logo\":{\"@type\":\"ImageObject\",\"inLanguage\":\"ca\",\"@id\":\"https:\/\/broquetas.com\/#\/schema\/logo\/image\/\",\"url\":\"https:\/\/broquetas.com\/wp-content\/uploads\/2021\/08\/logo-broquetas-dark.png\",\"contentUrl\":\"https:\/\/broquetas.com\/wp-content\/uploads\/2021\/08\/logo-broquetas-dark.png\",\"width\":262,\"height\":150,\"caption\":\"BROQUETAS S.L.\"},\"image\":{\"@id\":\"https:\/\/broquetas.com\/#\/schema\/logo\/image\/\"},\"sameAs\":[\"https:\/\/www.linkedin.com\/in\/broquetas-s-l-broquetas-99a22283\/\",\"https:\/\/www.youtube.com\/channel\/UCDYxB3N3CMqWo9DA-oyiAdg\"]}]}<\/script>\n<!-- \/ Yoast SEO plugin. -->","yoast_head_json":{"title":"BROCLEAN - BROQUETAS, S.L.","description":"Norma UNE.EN\u00a0\u00a0 ISO 29454-1 3.1.1.C. Aquest producte impedeix la formaci\u00f3 d'\u00f2xid durant\u00a0\u00a0 l'escalfament i, per tant, fa que la superf\u00edcie estigui neta durant tot el\u00a0\u00a0 proc\u00e9s de la soldadura. Aplicaci\u00f3 en metall envellit, sense neteja pr\u00e8via,\u00a0\u00a0 amb pinzell aplicador. Els residus han de ser retirats, producte","robots":{"index":"index","follow":"follow","max-snippet":"max-snippet:-1","max-image-preview":"max-image-preview:large","max-video-preview":"max-video-preview:-1"},"canonical":"https:\/\/broquetas.com\/ca\/producto\/broclean\/","og_locale":"ca_ES","og_type":"article","og_title":"BROCLEAN - BROQUETAS, S.L.","og_description":"Norma UNE.EN\u00a0\u00a0 ISO 29454-1 3.1.1.C. Aquest producte impedeix la formaci\u00f3 d'\u00f2xid durant\u00a0\u00a0 l'escalfament i, per tant, fa que la superf\u00edcie estigui neta durant tot el\u00a0\u00a0 proc\u00e9s de la soldadura. Aplicaci\u00f3 en metall envellit, sense neteja pr\u00e8via,\u00a0\u00a0 amb pinzell aplicador. Els residus han de ser retirats, producte","og_url":"https:\/\/broquetas.com\/ca\/producto\/broclean\/","og_site_name":"BROQUETAS, S.L.","article_modified_time":"2022-08-01T14:34:48+00:00","og_image":[{"width":2560,"height":2560,"url":"https:\/\/broquetas.com\/wp-content\/uploads\/2022\/03\/B73000-02000-00100-scaled.jpg","type":"image\/jpeg"}],"twitter_card":"summary_large_image","schema":{"@context":"https:\/\/schema.org","@graph":[{"@type":"WebPage","@id":"https:\/\/broquetas.com\/ca\/producto\/broclean\/","url":"https:\/\/broquetas.com\/ca\/producto\/broclean\/","name":"BROCLEAN - BROQUETAS, S.L.","isPartOf":{"@id":"https:\/\/broquetas.com\/#website"},"primaryImageOfPage":{"@id":"https:\/\/broquetas.com\/ca\/producto\/broclean\/#primaryimage"},"image":{"@id":"https:\/\/broquetas.com\/ca\/producto\/broclean\/#primaryimage"},"thumbnailUrl":"https:\/\/broquetas.com\/wp-content\/uploads\/2022\/03\/B73000-02000-00100-scaled.jpg","datePublished":"2022-02-24T21:11:26+00:00","dateModified":"2022-08-01T14:34:48+00:00","description":"Norma UNE.EN\u00a0\u00a0 ISO 29454-1 3.1.1.C. Aquest producte impedeix la formaci\u00f3 d'\u00f2xid durant\u00a0\u00a0 l'escalfament i, per tant, fa que la superf\u00edcie estigui neta durant tot el\u00a0\u00a0 proc\u00e9s de la soldadura. Aplicaci\u00f3 en metall envellit, sense neteja pr\u00e8via,\u00a0\u00a0 amb pinzell aplicador. Els residus han de ser retirats, producte","breadcrumb":{"@id":"https:\/\/broquetas.com\/ca\/producto\/broclean\/#breadcrumb"},"inLanguage":"ca","potentialAction":[{"@type":"ReadAction","target":["https:\/\/broquetas.com\/ca\/producto\/broclean\/"]}]},{"@type":"ImageObject","inLanguage":"ca","@id":"https:\/\/broquetas.com\/ca\/producto\/broclean\/#primaryimage","url":"https:\/\/broquetas.com\/wp-content\/uploads\/2022\/03\/B73000-02000-00100-scaled.jpg","contentUrl":"https:\/\/broquetas.com\/wp-content\/uploads\/2022\/03\/B73000-02000-00100-scaled.jpg","width":2560,"height":2560},{"@type":"BreadcrumbList","@id":"https:\/\/broquetas.com\/ca\/producto\/broclean\/#breadcrumb","itemListElement":[{"@type":"ListItem","position":1,"name":"Home","item":"https:\/\/broquetas.com\/"},{"@type":"ListItem","position":2,"name":"Productes","item":"https:\/\/broquetas.com\/ca\/productes\/"},{"@type":"ListItem","position":3,"name":"BROCLEAN"}]},{"@type":"WebSite","@id":"https:\/\/broquetas.com\/#website","url":"https:\/\/broquetas.com\/","name":"BROQUETAS, S.L.","description":"","publisher":{"@id":"https:\/\/broquetas.com\/#organization"},"potentialAction":[{"@type":"SearchAction","target":{"@type":"EntryPoint","urlTemplate":"https:\/\/broquetas.com\/?s={search_term_string}"},"query-input":{"@type":"PropertyValueSpecification","valueRequired":true,"valueName":"search_term_string"}}],"inLanguage":"ca"},{"@type":"Organization","@id":"https:\/\/broquetas.com\/#organization","name":"BROQUETAS S.L.","url":"https:\/\/broquetas.com\/","logo":{"@type":"ImageObject","inLanguage":"ca","@id":"https:\/\/broquetas.com\/#\/schema\/logo\/image\/","url":"https:\/\/broquetas.com\/wp-content\/uploads\/2021\/08\/logo-broquetas-dark.png","contentUrl":"https:\/\/broquetas.com\/wp-content\/uploads\/2021\/08\/logo-broquetas-dark.png","width":262,"height":150,"caption":"BROQUETAS S.L."},"image":{"@id":"https:\/\/broquetas.com\/#\/schema\/logo\/image\/"},"sameAs":["https:\/\/www.linkedin.com\/in\/broquetas-s-l-broquetas-99a22283\/","https:\/\/www.youtube.com\/channel\/UCDYxB3N3CMqWo9DA-oyiAdg"]}]}},"_links":{"self":[{"href":"https:\/\/broquetas.com\/ca\/wp-json\/wp\/v2\/product\/8289","targetHints":{"allow":["GET"]}}],"collection":[{"href":"https:\/\/broquetas.com\/ca\/wp-json\/wp\/v2\/product"}],"about":[{"href":"https:\/\/broquetas.com\/ca\/wp-json\/wp\/v2\/types\/product"}],"replies":[{"embeddable":true,"href":"https:\/\/broquetas.com\/ca\/wp-json\/wp\/v2\/comments?post=8289"}],"wp:featuredmedia":[{"embeddable":true,"href":"https:\/\/broquetas.com\/ca\/wp-json\/wp\/v2\/media\/6751"}],"wp:attachment":[{"href":"https:\/\/broquetas.com\/ca\/wp-json\/wp\/v2\/media?parent=8289"}],"wp:term":[{"taxonomy":"product_brand","embeddable":true,"href":"https:\/\/broquetas.com\/ca\/wp-json\/wp\/v2\/product_brand?post=8289"},{"taxonomy":"product_cat","embeddable":true,"href":"https:\/\/broquetas.com\/ca\/wp-json\/wp\/v2\/product_cat?post=8289"},{"taxonomy":"product_tag","embeddable":true,"href":"https:\/\/broquetas.com\/ca\/wp-json\/wp\/v2\/product_tag?post=8289"}],"curies":[{"name":"wp","href":"https:\/\/api.w.org\/{rel}","templated":true}]}}