{"id":8285,"date":"2022-02-24T22:11:35","date_gmt":"2022-02-24T21:11:35","guid":{"rendered":"https:\/\/broquetas.com\/producto\/bromat\/"},"modified":"2022-08-01T16:34:39","modified_gmt":"2022-08-01T14:34:39","slug":"bromat","status":"publish","type":"product","link":"https:\/\/broquetas.com\/ca\/producto\/bromat\/","title":{"rendered":"BROMAT"},"content":{"rendered":"<p>Norma UNE.EN<br \/>\n  ISO 29454-12.1.3C. Teixit flexible i suau, compost de fibra de vidre amb<br \/>\n  revestiment per ambdues cares amb fibres polinitroacr\u00edlicas. Utilitzable per<br \/>\n  ambdues cares.<br \/>\n    Per la seva gran flexibilitat i petit gruix s&#8217;adapta a qualsevol superf\u00edcie<br \/>\n  o rac\u00f3 entre la pe\u00e7a a escalfar i la superf\u00edcie a protegir per petita que<br \/>\n  aquesta sigui. No cont\u00e9 amiant.<\/p>\n","protected":false},"excerpt":{"rendered":"<p>MANTA<br \/>\n  PROTECTORA DE FIBRA DE VIDRE PER TREBALLS DE SOLDADURA<\/p>\n","protected":false},"featured_media":6255,"comment_status":"open","ping_status":"closed","template":"","meta":{"_joinchat":[]},"product_brand":[],"product_cat":[177,175],"product_tag":[],"class_list":{"0":"post-8285","1":"product","2":"type-product","3":"status-publish","4":"has-post-thumbnail","6":"product_cat-auxiliars","7":"product_cat-soldadura-forta","9":"first","10":"instock","11":"taxable","12":"shipping-taxable","13":"product-type-simple"},"yoast_head":"<!-- This site is optimized with the Yoast SEO plugin v26.9 - https:\/\/yoast.com\/product\/yoast-seo-wordpress\/ -->\n<title>BROMAT - BROQUETAS, S.L.<\/title>\n<meta name=\"description\" content=\"Norma UNE.EN\u00a0\u00a0 ISO 29454-12.1.3C. Teixit flexible i suau, compost de fibra de vidre amb\u00a0\u00a0 revestiment per ambdues cares amb fibres polinitroacr\u00edlicas. Utilitzable per\u00a0\u00a0 ambdues cares.\u00a0\u00a0\u00a0\u00a0 Per la seva gran flexibilitat i petit gruix s&#039;adapta a qualsevol superf\u00edcie\u00a0\u00a0 o rac\u00f3 entre la pe\u00e7a a escalfar i la superf\u00edcie a protegir per petita que\u00a0\u00a0 aquesta sigui. No cont\u00e9 amiant.\" \/>\n<meta name=\"robots\" content=\"index, follow, max-snippet:-1, max-image-preview:large, max-video-preview:-1\" \/>\n<link rel=\"canonical\" href=\"https:\/\/broquetas.com\/ca\/producto\/bromat\/\" \/>\n<meta property=\"og:locale\" content=\"ca_ES\" \/>\n<meta property=\"og:type\" content=\"article\" \/>\n<meta property=\"og:title\" content=\"BROMAT - BROQUETAS, S.L.\" \/>\n<meta property=\"og:description\" content=\"Norma UNE.EN\u00a0\u00a0 ISO 29454-12.1.3C. Teixit flexible i suau, compost de fibra de vidre amb\u00a0\u00a0 revestiment per ambdues cares amb fibres polinitroacr\u00edlicas. Utilitzable per\u00a0\u00a0 ambdues cares.\u00a0\u00a0\u00a0\u00a0 Per la seva gran flexibilitat i petit gruix s&#039;adapta a qualsevol superf\u00edcie\u00a0\u00a0 o rac\u00f3 entre la pe\u00e7a a escalfar i la superf\u00edcie a protegir per petita que\u00a0\u00a0 aquesta sigui. No cont\u00e9 amiant.\" \/>\n<meta property=\"og:url\" content=\"https:\/\/broquetas.com\/ca\/producto\/bromat\/\" \/>\n<meta property=\"og:site_name\" content=\"BROQUETAS, S.L.\" \/>\n<meta property=\"article:modified_time\" content=\"2022-08-01T14:34:39+00:00\" \/>\n<meta property=\"og:image\" content=\"https:\/\/broquetas.com\/wp-content\/uploads\/2022\/02\/B81000-00000-00100.jpg\" \/>\n\t<meta property=\"og:image:width\" content=\"1087\" \/>\n\t<meta property=\"og:image:height\" content=\"1000\" \/>\n\t<meta property=\"og:image:type\" content=\"image\/jpeg\" \/>\n<meta name=\"twitter:card\" content=\"summary_large_image\" \/>\n<script type=\"application\/ld+json\" class=\"yoast-schema-graph\">{\"@context\":\"https:\/\/schema.org\",\"@graph\":[{\"@type\":\"WebPage\",\"@id\":\"https:\/\/broquetas.com\/ca\/producto\/bromat\/\",\"url\":\"https:\/\/broquetas.com\/ca\/producto\/bromat\/\",\"name\":\"BROMAT - BROQUETAS, S.L.\",\"isPartOf\":{\"@id\":\"https:\/\/broquetas.com\/#website\"},\"primaryImageOfPage\":{\"@id\":\"https:\/\/broquetas.com\/ca\/producto\/bromat\/#primaryimage\"},\"image\":{\"@id\":\"https:\/\/broquetas.com\/ca\/producto\/bromat\/#primaryimage\"},\"thumbnailUrl\":\"https:\/\/broquetas.com\/wp-content\/uploads\/2022\/02\/B81000-00000-00100.jpg\",\"datePublished\":\"2022-02-24T21:11:35+00:00\",\"dateModified\":\"2022-08-01T14:34:39+00:00\",\"description\":\"Norma UNE.EN\u00a0\u00a0 ISO 29454-12.1.3C. Teixit flexible i suau, compost de fibra de vidre amb\u00a0\u00a0 revestiment per ambdues cares amb fibres polinitroacr\u00edlicas. Utilitzable per\u00a0\u00a0 ambdues cares.\u00a0\u00a0\u00a0\u00a0 Per la seva gran flexibilitat i petit gruix s'adapta a qualsevol superf\u00edcie\u00a0\u00a0 o rac\u00f3 entre la pe\u00e7a a escalfar i la superf\u00edcie a protegir per petita que\u00a0\u00a0 aquesta sigui. No cont\u00e9 amiant.\",\"breadcrumb\":{\"@id\":\"https:\/\/broquetas.com\/ca\/producto\/bromat\/#breadcrumb\"},\"inLanguage\":\"ca\",\"potentialAction\":[{\"@type\":\"ReadAction\",\"target\":[\"https:\/\/broquetas.com\/ca\/producto\/bromat\/\"]}]},{\"@type\":\"ImageObject\",\"inLanguage\":\"ca\",\"@id\":\"https:\/\/broquetas.com\/ca\/producto\/bromat\/#primaryimage\",\"url\":\"https:\/\/broquetas.com\/wp-content\/uploads\/2022\/02\/B81000-00000-00100.jpg\",\"contentUrl\":\"https:\/\/broquetas.com\/wp-content\/uploads\/2022\/02\/B81000-00000-00100.jpg\",\"width\":1087,\"height\":1000},{\"@type\":\"BreadcrumbList\",\"@id\":\"https:\/\/broquetas.com\/ca\/producto\/bromat\/#breadcrumb\",\"itemListElement\":[{\"@type\":\"ListItem\",\"position\":1,\"name\":\"Home\",\"item\":\"https:\/\/broquetas.com\/\"},{\"@type\":\"ListItem\",\"position\":2,\"name\":\"Productes\",\"item\":\"https:\/\/broquetas.com\/ca\/productes\/\"},{\"@type\":\"ListItem\",\"position\":3,\"name\":\"BROMAT\"}]},{\"@type\":\"WebSite\",\"@id\":\"https:\/\/broquetas.com\/#website\",\"url\":\"https:\/\/broquetas.com\/\",\"name\":\"BROQUETAS, S.L.\",\"description\":\"\",\"publisher\":{\"@id\":\"https:\/\/broquetas.com\/#organization\"},\"potentialAction\":[{\"@type\":\"SearchAction\",\"target\":{\"@type\":\"EntryPoint\",\"urlTemplate\":\"https:\/\/broquetas.com\/?s={search_term_string}\"},\"query-input\":{\"@type\":\"PropertyValueSpecification\",\"valueRequired\":true,\"valueName\":\"search_term_string\"}}],\"inLanguage\":\"ca\"},{\"@type\":\"Organization\",\"@id\":\"https:\/\/broquetas.com\/#organization\",\"name\":\"BROQUETAS S.L.\",\"url\":\"https:\/\/broquetas.com\/\",\"logo\":{\"@type\":\"ImageObject\",\"inLanguage\":\"ca\",\"@id\":\"https:\/\/broquetas.com\/#\/schema\/logo\/image\/\",\"url\":\"https:\/\/broquetas.com\/wp-content\/uploads\/2021\/08\/logo-broquetas-dark.png\",\"contentUrl\":\"https:\/\/broquetas.com\/wp-content\/uploads\/2021\/08\/logo-broquetas-dark.png\",\"width\":262,\"height\":150,\"caption\":\"BROQUETAS S.L.\"},\"image\":{\"@id\":\"https:\/\/broquetas.com\/#\/schema\/logo\/image\/\"},\"sameAs\":[\"https:\/\/www.linkedin.com\/in\/broquetas-s-l-broquetas-99a22283\/\",\"https:\/\/www.youtube.com\/channel\/UCDYxB3N3CMqWo9DA-oyiAdg\"]}]}<\/script>\n<!-- \/ Yoast SEO plugin. -->","yoast_head_json":{"title":"BROMAT - BROQUETAS, S.L.","description":"Norma UNE.EN\u00a0\u00a0 ISO 29454-12.1.3C. Teixit flexible i suau, compost de fibra de vidre amb\u00a0\u00a0 revestiment per ambdues cares amb fibres polinitroacr\u00edlicas. Utilitzable per\u00a0\u00a0 ambdues cares.\u00a0\u00a0\u00a0\u00a0 Per la seva gran flexibilitat i petit gruix s'adapta a qualsevol superf\u00edcie\u00a0\u00a0 o rac\u00f3 entre la pe\u00e7a a escalfar i la superf\u00edcie a protegir per petita que\u00a0\u00a0 aquesta sigui. No cont\u00e9 amiant.","robots":{"index":"index","follow":"follow","max-snippet":"max-snippet:-1","max-image-preview":"max-image-preview:large","max-video-preview":"max-video-preview:-1"},"canonical":"https:\/\/broquetas.com\/ca\/producto\/bromat\/","og_locale":"ca_ES","og_type":"article","og_title":"BROMAT - BROQUETAS, S.L.","og_description":"Norma UNE.EN\u00a0\u00a0 ISO 29454-12.1.3C. Teixit flexible i suau, compost de fibra de vidre amb\u00a0\u00a0 revestiment per ambdues cares amb fibres polinitroacr\u00edlicas. Utilitzable per\u00a0\u00a0 ambdues cares.\u00a0\u00a0\u00a0\u00a0 Per la seva gran flexibilitat i petit gruix s'adapta a qualsevol superf\u00edcie\u00a0\u00a0 o rac\u00f3 entre la pe\u00e7a a escalfar i la superf\u00edcie a protegir per petita que\u00a0\u00a0 aquesta sigui. No cont\u00e9 amiant.","og_url":"https:\/\/broquetas.com\/ca\/producto\/bromat\/","og_site_name":"BROQUETAS, S.L.","article_modified_time":"2022-08-01T14:34:39+00:00","og_image":[{"width":1087,"height":1000,"url":"https:\/\/broquetas.com\/wp-content\/uploads\/2022\/02\/B81000-00000-00100.jpg","type":"image\/jpeg"}],"twitter_card":"summary_large_image","schema":{"@context":"https:\/\/schema.org","@graph":[{"@type":"WebPage","@id":"https:\/\/broquetas.com\/ca\/producto\/bromat\/","url":"https:\/\/broquetas.com\/ca\/producto\/bromat\/","name":"BROMAT - BROQUETAS, S.L.","isPartOf":{"@id":"https:\/\/broquetas.com\/#website"},"primaryImageOfPage":{"@id":"https:\/\/broquetas.com\/ca\/producto\/bromat\/#primaryimage"},"image":{"@id":"https:\/\/broquetas.com\/ca\/producto\/bromat\/#primaryimage"},"thumbnailUrl":"https:\/\/broquetas.com\/wp-content\/uploads\/2022\/02\/B81000-00000-00100.jpg","datePublished":"2022-02-24T21:11:35+00:00","dateModified":"2022-08-01T14:34:39+00:00","description":"Norma UNE.EN\u00a0\u00a0 ISO 29454-12.1.3C. Teixit flexible i suau, compost de fibra de vidre amb\u00a0\u00a0 revestiment per ambdues cares amb fibres polinitroacr\u00edlicas. Utilitzable per\u00a0\u00a0 ambdues cares.\u00a0\u00a0\u00a0\u00a0 Per la seva gran flexibilitat i petit gruix s'adapta a qualsevol superf\u00edcie\u00a0\u00a0 o rac\u00f3 entre la pe\u00e7a a escalfar i la superf\u00edcie a protegir per petita que\u00a0\u00a0 aquesta sigui. No cont\u00e9 amiant.","breadcrumb":{"@id":"https:\/\/broquetas.com\/ca\/producto\/bromat\/#breadcrumb"},"inLanguage":"ca","potentialAction":[{"@type":"ReadAction","target":["https:\/\/broquetas.com\/ca\/producto\/bromat\/"]}]},{"@type":"ImageObject","inLanguage":"ca","@id":"https:\/\/broquetas.com\/ca\/producto\/bromat\/#primaryimage","url":"https:\/\/broquetas.com\/wp-content\/uploads\/2022\/02\/B81000-00000-00100.jpg","contentUrl":"https:\/\/broquetas.com\/wp-content\/uploads\/2022\/02\/B81000-00000-00100.jpg","width":1087,"height":1000},{"@type":"BreadcrumbList","@id":"https:\/\/broquetas.com\/ca\/producto\/bromat\/#breadcrumb","itemListElement":[{"@type":"ListItem","position":1,"name":"Home","item":"https:\/\/broquetas.com\/"},{"@type":"ListItem","position":2,"name":"Productes","item":"https:\/\/broquetas.com\/ca\/productes\/"},{"@type":"ListItem","position":3,"name":"BROMAT"}]},{"@type":"WebSite","@id":"https:\/\/broquetas.com\/#website","url":"https:\/\/broquetas.com\/","name":"BROQUETAS, S.L.","description":"","publisher":{"@id":"https:\/\/broquetas.com\/#organization"},"potentialAction":[{"@type":"SearchAction","target":{"@type":"EntryPoint","urlTemplate":"https:\/\/broquetas.com\/?s={search_term_string}"},"query-input":{"@type":"PropertyValueSpecification","valueRequired":true,"valueName":"search_term_string"}}],"inLanguage":"ca"},{"@type":"Organization","@id":"https:\/\/broquetas.com\/#organization","name":"BROQUETAS S.L.","url":"https:\/\/broquetas.com\/","logo":{"@type":"ImageObject","inLanguage":"ca","@id":"https:\/\/broquetas.com\/#\/schema\/logo\/image\/","url":"https:\/\/broquetas.com\/wp-content\/uploads\/2021\/08\/logo-broquetas-dark.png","contentUrl":"https:\/\/broquetas.com\/wp-content\/uploads\/2021\/08\/logo-broquetas-dark.png","width":262,"height":150,"caption":"BROQUETAS S.L."},"image":{"@id":"https:\/\/broquetas.com\/#\/schema\/logo\/image\/"},"sameAs":["https:\/\/www.linkedin.com\/in\/broquetas-s-l-broquetas-99a22283\/","https:\/\/www.youtube.com\/channel\/UCDYxB3N3CMqWo9DA-oyiAdg"]}]}},"_links":{"self":[{"href":"https:\/\/broquetas.com\/ca\/wp-json\/wp\/v2\/product\/8285","targetHints":{"allow":["GET"]}}],"collection":[{"href":"https:\/\/broquetas.com\/ca\/wp-json\/wp\/v2\/product"}],"about":[{"href":"https:\/\/broquetas.com\/ca\/wp-json\/wp\/v2\/types\/product"}],"replies":[{"embeddable":true,"href":"https:\/\/broquetas.com\/ca\/wp-json\/wp\/v2\/comments?post=8285"}],"wp:featuredmedia":[{"embeddable":true,"href":"https:\/\/broquetas.com\/ca\/wp-json\/wp\/v2\/media\/6255"}],"wp:attachment":[{"href":"https:\/\/broquetas.com\/ca\/wp-json\/wp\/v2\/media?parent=8285"}],"wp:term":[{"taxonomy":"product_brand","embeddable":true,"href":"https:\/\/broquetas.com\/ca\/wp-json\/wp\/v2\/product_brand?post=8285"},{"taxonomy":"product_cat","embeddable":true,"href":"https:\/\/broquetas.com\/ca\/wp-json\/wp\/v2\/product_cat?post=8285"},{"taxonomy":"product_tag","embeddable":true,"href":"https:\/\/broquetas.com\/ca\/wp-json\/wp\/v2\/product_tag?post=8285"}],"curies":[{"name":"wp","href":"https:\/\/api.w.org\/{rel}","templated":true}]}}