{"id":8264,"date":"2022-02-24T22:12:20","date_gmt":"2022-02-24T21:12:20","guid":{"rendered":"https:\/\/broquetas.com\/producto\/bro-cu-25-ag-recubierta\/"},"modified":"2022-08-01T16:34:12","modified_gmt":"2022-08-01T14:34:12","slug":"bro-cu-25-ag-recubierta","status":"publish","type":"product","link":"https:\/\/broquetas.com\/ca\/producto\/bro-cu-25-ag-recubierta\/","title":{"rendered":"BRO Cu 25 Ag RECUBIERTA"},"content":{"rendered":"<p>Composici\u00f3 Ag<br \/>\n  25 Cu 40 Zn 35,\u00a0 recubrimiento: BF4K 10<br \/>\n  &#8211; 50 % \/ BH303 < 5,5% \/FK 0,1 \u2013 5 %. Conforme a la norma UNE-EN 17672\n  aleaci\u00f3n Ag 125. Conformi a la norma EN-ISO 1044 aliatge Ag 206. Indicades\n  per a la uni\u00f3 de coure amb coure, llaut\u00f3 i bronze. Pel contingut en f\u00f2sfor no\n  incorporen recobriment amb flux. Utilitzat principalment per a instal\u00b7lacions\n  hidro-sanit\u00e0ries, calefacci\u00f3, refrigeraci\u00f3 i gas. Sense cadmi. Compleix\n  directiva REACH.\n<\/p>\n","protected":false},"excerpt":{"rendered":"<p>VARETA<br \/>\n  RECOBERTA COURE PLATA PER SOLDADURA FORTA<\/p>\n","protected":false},"featured_media":6123,"comment_status":"open","ping_status":"closed","template":"","meta":{"_joinchat":[]},"product_brand":[],"product_cat":[175],"product_tag":[],"class_list":{"0":"post-8264","1":"product","2":"type-product","3":"status-publish","4":"has-post-thumbnail","6":"product_cat-soldadura-forta","8":"first","9":"instock","10":"taxable","11":"shipping-taxable","12":"product-type-simple"},"yoast_head":"<!-- This site is optimized with the Yoast SEO plugin v26.9 - https:\/\/yoast.com\/product\/yoast-seo-wordpress\/ -->\n<title>BRO Cu 25 Ag RECUBIERTA - BROQUETAS, S.L.<\/title>\n<meta name=\"description\" content=\"Composici\u00f3 Ag\u00a0\u00a0 25 Cu 40 Zn 35,\u00a0 recubrimiento: BF4K 10\u00a0\u00a0 - 50 % \/ BH303 &lt; 5,5% \/FK 0,1 \u2013 5 %. Conforme a la norma UNE-EN 17672\u00a0\u00a0 aleaci\u00f3n Ag 125. Conformi a la norma EN-ISO 1044 aliatge Ag 206. Indicades\u00a0\u00a0 per a la uni\u00f3 de coure amb coure, llaut\u00f3 i bronze. Pel contingut en f\u00f2sfor no\u00a0\u00a0 incorporen recobriment amb flux. Utilitzat principalment per a instal\u00b7lacions\u00a0\u00a0 hidro-sanit\u00e0ries, calefacci\u00f3, refrigeraci\u00f3 i gas. Sense cadmi. Compleix\u00a0\u00a0 directiva REACH.\" \/>\n<meta name=\"robots\" content=\"index, follow, max-snippet:-1, max-image-preview:large, max-video-preview:-1\" \/>\n<link rel=\"canonical\" href=\"https:\/\/broquetas.com\/ca\/producto\/bro-cu-25-ag-recubierta\/\" \/>\n<meta property=\"og:locale\" content=\"ca_ES\" \/>\n<meta property=\"og:type\" content=\"article\" \/>\n<meta property=\"og:title\" content=\"BRO Cu 25 Ag RECUBIERTA - BROQUETAS, S.L.\" \/>\n<meta property=\"og:description\" content=\"Composici\u00f3 Ag\u00a0\u00a0 25 Cu 40 Zn 35,\u00a0 recubrimiento: BF4K 10\u00a0\u00a0 - 50 % \/ BH303 &lt; 5,5% \/FK 0,1 \u2013 5 %. Conforme a la norma UNE-EN 17672\u00a0\u00a0 aleaci\u00f3n Ag 125. Conformi a la norma EN-ISO 1044 aliatge Ag 206. Indicades\u00a0\u00a0 per a la uni\u00f3 de coure amb coure, llaut\u00f3 i bronze. Pel contingut en f\u00f2sfor no\u00a0\u00a0 incorporen recobriment amb flux. Utilitzat principalment per a instal\u00b7lacions\u00a0\u00a0 hidro-sanit\u00e0ries, calefacci\u00f3, refrigeraci\u00f3 i gas. Sense cadmi. Compleix\u00a0\u00a0 directiva REACH.\" \/>\n<meta property=\"og:url\" content=\"https:\/\/broquetas.com\/ca\/producto\/bro-cu-25-ag-recubierta\/\" \/>\n<meta property=\"og:site_name\" content=\"BROQUETAS, S.L.\" \/>\n<meta property=\"article:modified_time\" content=\"2022-08-01T14:34:12+00:00\" \/>\n<meta property=\"og:image\" content=\"https:\/\/broquetas.com\/wp-content\/uploads\/2022\/02\/B57RCB-15150-00116.png\" \/>\n\t<meta property=\"og:image:width\" content=\"5238\" \/>\n\t<meta property=\"og:image:height\" content=\"3720\" \/>\n\t<meta property=\"og:image:type\" content=\"image\/png\" \/>\n<meta name=\"twitter:card\" content=\"summary_large_image\" \/>\n<script type=\"application\/ld+json\" class=\"yoast-schema-graph\">{\"@context\":\"https:\/\/schema.org\",\"@graph\":[{\"@type\":\"WebPage\",\"@id\":\"https:\/\/broquetas.com\/ca\/producto\/bro-cu-25-ag-recubierta\/\",\"url\":\"https:\/\/broquetas.com\/ca\/producto\/bro-cu-25-ag-recubierta\/\",\"name\":\"BRO Cu 25 Ag RECUBIERTA - BROQUETAS, S.L.\",\"isPartOf\":{\"@id\":\"https:\/\/broquetas.com\/#website\"},\"primaryImageOfPage\":{\"@id\":\"https:\/\/broquetas.com\/ca\/producto\/bro-cu-25-ag-recubierta\/#primaryimage\"},\"image\":{\"@id\":\"https:\/\/broquetas.com\/ca\/producto\/bro-cu-25-ag-recubierta\/#primaryimage\"},\"thumbnailUrl\":\"https:\/\/broquetas.com\/wp-content\/uploads\/2022\/02\/B57RCB-15150-00116.png\",\"datePublished\":\"2022-02-24T21:12:20+00:00\",\"dateModified\":\"2022-08-01T14:34:12+00:00\",\"description\":\"Composici\u00f3 Ag\u00a0\u00a0 25 Cu 40 Zn 35,\u00a0 recubrimiento: BF4K 10\u00a0\u00a0 - 50 % \/ BH303 &lt; 5,5% \/FK 0,1 \u2013 5 %. Conforme a la norma UNE-EN 17672\u00a0\u00a0 aleaci\u00f3n Ag 125. Conformi a la norma EN-ISO 1044 aliatge Ag 206. Indicades\u00a0\u00a0 per a la uni\u00f3 de coure amb coure, llaut\u00f3 i bronze. Pel contingut en f\u00f2sfor no\u00a0\u00a0 incorporen recobriment amb flux. Utilitzat principalment per a instal\u00b7lacions\u00a0\u00a0 hidro-sanit\u00e0ries, calefacci\u00f3, refrigeraci\u00f3 i gas. Sense cadmi. Compleix\u00a0\u00a0 directiva REACH.\",\"breadcrumb\":{\"@id\":\"https:\/\/broquetas.com\/ca\/producto\/bro-cu-25-ag-recubierta\/#breadcrumb\"},\"inLanguage\":\"ca\",\"potentialAction\":[{\"@type\":\"ReadAction\",\"target\":[\"https:\/\/broquetas.com\/ca\/producto\/bro-cu-25-ag-recubierta\/\"]}]},{\"@type\":\"ImageObject\",\"inLanguage\":\"ca\",\"@id\":\"https:\/\/broquetas.com\/ca\/producto\/bro-cu-25-ag-recubierta\/#primaryimage\",\"url\":\"https:\/\/broquetas.com\/wp-content\/uploads\/2022\/02\/B57RCB-15150-00116.png\",\"contentUrl\":\"https:\/\/broquetas.com\/wp-content\/uploads\/2022\/02\/B57RCB-15150-00116.png\",\"width\":5238,\"height\":3720},{\"@type\":\"BreadcrumbList\",\"@id\":\"https:\/\/broquetas.com\/ca\/producto\/bro-cu-25-ag-recubierta\/#breadcrumb\",\"itemListElement\":[{\"@type\":\"ListItem\",\"position\":1,\"name\":\"Home\",\"item\":\"https:\/\/broquetas.com\/\"},{\"@type\":\"ListItem\",\"position\":2,\"name\":\"Productes\",\"item\":\"https:\/\/broquetas.com\/ca\/productes\/\"},{\"@type\":\"ListItem\",\"position\":3,\"name\":\"BRO Cu 25 Ag RECUBIERTA\"}]},{\"@type\":\"WebSite\",\"@id\":\"https:\/\/broquetas.com\/#website\",\"url\":\"https:\/\/broquetas.com\/\",\"name\":\"BROQUETAS, S.L.\",\"description\":\"\",\"publisher\":{\"@id\":\"https:\/\/broquetas.com\/#organization\"},\"potentialAction\":[{\"@type\":\"SearchAction\",\"target\":{\"@type\":\"EntryPoint\",\"urlTemplate\":\"https:\/\/broquetas.com\/?s={search_term_string}\"},\"query-input\":{\"@type\":\"PropertyValueSpecification\",\"valueRequired\":true,\"valueName\":\"search_term_string\"}}],\"inLanguage\":\"ca\"},{\"@type\":\"Organization\",\"@id\":\"https:\/\/broquetas.com\/#organization\",\"name\":\"BROQUETAS S.L.\",\"url\":\"https:\/\/broquetas.com\/\",\"logo\":{\"@type\":\"ImageObject\",\"inLanguage\":\"ca\",\"@id\":\"https:\/\/broquetas.com\/#\/schema\/logo\/image\/\",\"url\":\"https:\/\/broquetas.com\/wp-content\/uploads\/2021\/08\/logo-broquetas-dark.png\",\"contentUrl\":\"https:\/\/broquetas.com\/wp-content\/uploads\/2021\/08\/logo-broquetas-dark.png\",\"width\":262,\"height\":150,\"caption\":\"BROQUETAS S.L.\"},\"image\":{\"@id\":\"https:\/\/broquetas.com\/#\/schema\/logo\/image\/\"},\"sameAs\":[\"https:\/\/www.linkedin.com\/in\/broquetas-s-l-broquetas-99a22283\/\",\"https:\/\/www.youtube.com\/channel\/UCDYxB3N3CMqWo9DA-oyiAdg\"]}]}<\/script>\n<!-- \/ Yoast SEO plugin. -->","yoast_head_json":{"title":"BRO Cu 25 Ag RECUBIERTA - BROQUETAS, S.L.","description":"Composici\u00f3 Ag\u00a0\u00a0 25 Cu 40 Zn 35,\u00a0 recubrimiento: BF4K 10\u00a0\u00a0 - 50 % \/ BH303 &lt; 5,5% \/FK 0,1 \u2013 5 %. Conforme a la norma UNE-EN 17672\u00a0\u00a0 aleaci\u00f3n Ag 125. Conformi a la norma EN-ISO 1044 aliatge Ag 206. Indicades\u00a0\u00a0 per a la uni\u00f3 de coure amb coure, llaut\u00f3 i bronze. Pel contingut en f\u00f2sfor no\u00a0\u00a0 incorporen recobriment amb flux. Utilitzat principalment per a instal\u00b7lacions\u00a0\u00a0 hidro-sanit\u00e0ries, calefacci\u00f3, refrigeraci\u00f3 i gas. Sense cadmi. Compleix\u00a0\u00a0 directiva REACH.","robots":{"index":"index","follow":"follow","max-snippet":"max-snippet:-1","max-image-preview":"max-image-preview:large","max-video-preview":"max-video-preview:-1"},"canonical":"https:\/\/broquetas.com\/ca\/producto\/bro-cu-25-ag-recubierta\/","og_locale":"ca_ES","og_type":"article","og_title":"BRO Cu 25 Ag RECUBIERTA - BROQUETAS, S.L.","og_description":"Composici\u00f3 Ag\u00a0\u00a0 25 Cu 40 Zn 35,\u00a0 recubrimiento: BF4K 10\u00a0\u00a0 - 50 % \/ BH303 &lt; 5,5% \/FK 0,1 \u2013 5 %. Conforme a la norma UNE-EN 17672\u00a0\u00a0 aleaci\u00f3n Ag 125. Conformi a la norma EN-ISO 1044 aliatge Ag 206. Indicades\u00a0\u00a0 per a la uni\u00f3 de coure amb coure, llaut\u00f3 i bronze. Pel contingut en f\u00f2sfor no\u00a0\u00a0 incorporen recobriment amb flux. Utilitzat principalment per a instal\u00b7lacions\u00a0\u00a0 hidro-sanit\u00e0ries, calefacci\u00f3, refrigeraci\u00f3 i gas. Sense cadmi. Compleix\u00a0\u00a0 directiva REACH.","og_url":"https:\/\/broquetas.com\/ca\/producto\/bro-cu-25-ag-recubierta\/","og_site_name":"BROQUETAS, S.L.","article_modified_time":"2022-08-01T14:34:12+00:00","og_image":[{"width":5238,"height":3720,"url":"https:\/\/broquetas.com\/wp-content\/uploads\/2022\/02\/B57RCB-15150-00116.png","type":"image\/png"}],"twitter_card":"summary_large_image","schema":{"@context":"https:\/\/schema.org","@graph":[{"@type":"WebPage","@id":"https:\/\/broquetas.com\/ca\/producto\/bro-cu-25-ag-recubierta\/","url":"https:\/\/broquetas.com\/ca\/producto\/bro-cu-25-ag-recubierta\/","name":"BRO Cu 25 Ag RECUBIERTA - BROQUETAS, S.L.","isPartOf":{"@id":"https:\/\/broquetas.com\/#website"},"primaryImageOfPage":{"@id":"https:\/\/broquetas.com\/ca\/producto\/bro-cu-25-ag-recubierta\/#primaryimage"},"image":{"@id":"https:\/\/broquetas.com\/ca\/producto\/bro-cu-25-ag-recubierta\/#primaryimage"},"thumbnailUrl":"https:\/\/broquetas.com\/wp-content\/uploads\/2022\/02\/B57RCB-15150-00116.png","datePublished":"2022-02-24T21:12:20+00:00","dateModified":"2022-08-01T14:34:12+00:00","description":"Composici\u00f3 Ag\u00a0\u00a0 25 Cu 40 Zn 35,\u00a0 recubrimiento: BF4K 10\u00a0\u00a0 - 50 % \/ BH303 &lt; 5,5% \/FK 0,1 \u2013 5 %. Conforme a la norma UNE-EN 17672\u00a0\u00a0 aleaci\u00f3n Ag 125. Conformi a la norma EN-ISO 1044 aliatge Ag 206. Indicades\u00a0\u00a0 per a la uni\u00f3 de coure amb coure, llaut\u00f3 i bronze. Pel contingut en f\u00f2sfor no\u00a0\u00a0 incorporen recobriment amb flux. Utilitzat principalment per a instal\u00b7lacions\u00a0\u00a0 hidro-sanit\u00e0ries, calefacci\u00f3, refrigeraci\u00f3 i gas. Sense cadmi. Compleix\u00a0\u00a0 directiva REACH.","breadcrumb":{"@id":"https:\/\/broquetas.com\/ca\/producto\/bro-cu-25-ag-recubierta\/#breadcrumb"},"inLanguage":"ca","potentialAction":[{"@type":"ReadAction","target":["https:\/\/broquetas.com\/ca\/producto\/bro-cu-25-ag-recubierta\/"]}]},{"@type":"ImageObject","inLanguage":"ca","@id":"https:\/\/broquetas.com\/ca\/producto\/bro-cu-25-ag-recubierta\/#primaryimage","url":"https:\/\/broquetas.com\/wp-content\/uploads\/2022\/02\/B57RCB-15150-00116.png","contentUrl":"https:\/\/broquetas.com\/wp-content\/uploads\/2022\/02\/B57RCB-15150-00116.png","width":5238,"height":3720},{"@type":"BreadcrumbList","@id":"https:\/\/broquetas.com\/ca\/producto\/bro-cu-25-ag-recubierta\/#breadcrumb","itemListElement":[{"@type":"ListItem","position":1,"name":"Home","item":"https:\/\/broquetas.com\/"},{"@type":"ListItem","position":2,"name":"Productes","item":"https:\/\/broquetas.com\/ca\/productes\/"},{"@type":"ListItem","position":3,"name":"BRO Cu 25 Ag RECUBIERTA"}]},{"@type":"WebSite","@id":"https:\/\/broquetas.com\/#website","url":"https:\/\/broquetas.com\/","name":"BROQUETAS, S.L.","description":"","publisher":{"@id":"https:\/\/broquetas.com\/#organization"},"potentialAction":[{"@type":"SearchAction","target":{"@type":"EntryPoint","urlTemplate":"https:\/\/broquetas.com\/?s={search_term_string}"},"query-input":{"@type":"PropertyValueSpecification","valueRequired":true,"valueName":"search_term_string"}}],"inLanguage":"ca"},{"@type":"Organization","@id":"https:\/\/broquetas.com\/#organization","name":"BROQUETAS S.L.","url":"https:\/\/broquetas.com\/","logo":{"@type":"ImageObject","inLanguage":"ca","@id":"https:\/\/broquetas.com\/#\/schema\/logo\/image\/","url":"https:\/\/broquetas.com\/wp-content\/uploads\/2021\/08\/logo-broquetas-dark.png","contentUrl":"https:\/\/broquetas.com\/wp-content\/uploads\/2021\/08\/logo-broquetas-dark.png","width":262,"height":150,"caption":"BROQUETAS S.L."},"image":{"@id":"https:\/\/broquetas.com\/#\/schema\/logo\/image\/"},"sameAs":["https:\/\/www.linkedin.com\/in\/broquetas-s-l-broquetas-99a22283\/","https:\/\/www.youtube.com\/channel\/UCDYxB3N3CMqWo9DA-oyiAdg"]}]}},"_links":{"self":[{"href":"https:\/\/broquetas.com\/ca\/wp-json\/wp\/v2\/product\/8264","targetHints":{"allow":["GET"]}}],"collection":[{"href":"https:\/\/broquetas.com\/ca\/wp-json\/wp\/v2\/product"}],"about":[{"href":"https:\/\/broquetas.com\/ca\/wp-json\/wp\/v2\/types\/product"}],"replies":[{"embeddable":true,"href":"https:\/\/broquetas.com\/ca\/wp-json\/wp\/v2\/comments?post=8264"}],"wp:featuredmedia":[{"embeddable":true,"href":"https:\/\/broquetas.com\/ca\/wp-json\/wp\/v2\/media\/6123"}],"wp:attachment":[{"href":"https:\/\/broquetas.com\/ca\/wp-json\/wp\/v2\/media?parent=8264"}],"wp:term":[{"taxonomy":"product_brand","embeddable":true,"href":"https:\/\/broquetas.com\/ca\/wp-json\/wp\/v2\/product_brand?post=8264"},{"taxonomy":"product_cat","embeddable":true,"href":"https:\/\/broquetas.com\/ca\/wp-json\/wp\/v2\/product_cat?post=8264"},{"taxonomy":"product_tag","embeddable":true,"href":"https:\/\/broquetas.com\/ca\/wp-json\/wp\/v2\/product_tag?post=8264"}],"curies":[{"name":"wp","href":"https:\/\/api.w.org\/{rel}","templated":true}]}}