{"id":8258,"date":"2022-02-24T22:12:30","date_gmt":"2022-02-24T21:12:30","guid":{"rendered":"https:\/\/broquetas.com\/producto\/bro-laton-414-l-cu-zn-40-2\/"},"modified":"2022-08-01T16:34:02","modified_gmt":"2022-08-01T14:34:02","slug":"bro-laton-414-l-cu-zn-40-2","status":"publish","type":"product","link":"https:\/\/broquetas.com\/ca\/producto\/bro-laton-414-l-cu-zn-40-2\/","title":{"rendered":"BRO LAT\u00d3N 414  L-Cu Zn 40"},"content":{"rendered":"<p>Composici\u00f3 Cu 60 Zn Bal. Si 0,3 Mn 0.3 recobriment: BF4K 10 \u2013 50<br \/>\n  % \/ BH303 < 5,5% \/FK 0,1 \u2013 5 %. \u00c9s un aliatge molt econ\u00f2mic, apte per a\n  usos generals en metalls ferrosos, aliatges de coure, acer i ferro forjat.\n  Baixa capil\u00b7laritat (\u00e9s a dir, no \u00e9s fluida), necessita una alta temperatura\n  de treball (per sobre dels 900\u00b0C), i per tant necessita bufadors\n  oxigen-prop\u00e0. Di\u00e0metres\n    Se subministra en di\u00e0metres \u00f81.5, 2, 3, 4, 5 mm. tamb\u00e9 2 x 2mm. en llargs\n  de 500 mm.\n    Formats Paquets de 5 Kg, i de 1Kg\n<\/p>\n","protected":false},"excerpt":{"rendered":"<p>VARETA<br \/>\n  RECOBERTA LLAUT\u00d3 PER A SOLDADURA FORT<\/p>\n","protected":false},"featured_media":6175,"comment_status":"open","ping_status":"closed","template":"","meta":{"_joinchat":[]},"product_brand":[],"product_cat":[175],"product_tag":[],"class_list":{"0":"post-8258","1":"product","2":"type-product","3":"status-publish","4":"has-post-thumbnail","6":"product_cat-soldadura-forta","8":"first","9":"instock","10":"taxable","11":"shipping-taxable","12":"product-type-simple"},"yoast_head":"<!-- This site is optimized with the Yoast SEO plugin v26.9 - https:\/\/yoast.com\/product\/yoast-seo-wordpress\/ -->\n<title>BRO LAT\u00d3N 414 L-Cu Zn 40 - BROQUETAS, S.L.<\/title>\n<meta name=\"description\" content=\"Composici\u00f3 Cu 60 Zn Bal. Si 0,3 Mn 0.3 recobriment: BF4K 10 \u2013 50\u00a0\u00a0 % \/ BH303 &lt; 5,5% \/FK 0,1 \u2013 5 %. \u00c9s un aliatge molt econ\u00f2mic, apte per a\u00a0\u00a0 usos generals en metalls ferrosos, aliatges de coure, acer i ferro forjat.\u00a0\u00a0 Baixa capil\u00b7laritat (\u00e9s a dir, no \u00e9s fluida), necessita una alta temperatura\u00a0\u00a0 de treball (per sobre dels 900\u00b0C), i per tant necessita bufadors\u00a0\u00a0 oxigen-prop\u00e0. Di\u00e0metres\u00a0\u00a0\u00a0\u00a0 Se subministra en di\u00e0metres \u00f81.5, 2, 3, 4, 5 mm. tamb\u00e9 2 x 2mm. en llargs\u00a0\u00a0 de 500 mm.\u00a0\u00a0\u00a0\u00a0 Formats Paquets de 5 Kg, i de 1Kg\" \/>\n<meta name=\"robots\" content=\"index, follow, max-snippet:-1, max-image-preview:large, max-video-preview:-1\" \/>\n<link rel=\"canonical\" href=\"https:\/\/broquetas.com\/ca\/producto\/bro-laton-414-l-cu-zn-40-2\/\" \/>\n<meta property=\"og:locale\" content=\"ca_ES\" \/>\n<meta property=\"og:type\" content=\"article\" \/>\n<meta property=\"og:title\" content=\"BRO LAT\u00d3N 414 L-Cu Zn 40 - BROQUETAS, S.L.\" \/>\n<meta property=\"og:description\" content=\"Composici\u00f3 Cu 60 Zn Bal. Si 0,3 Mn 0.3 recobriment: BF4K 10 \u2013 50\u00a0\u00a0 % \/ BH303 &lt; 5,5% \/FK 0,1 \u2013 5 %. \u00c9s un aliatge molt econ\u00f2mic, apte per a\u00a0\u00a0 usos generals en metalls ferrosos, aliatges de coure, acer i ferro forjat.\u00a0\u00a0 Baixa capil\u00b7laritat (\u00e9s a dir, no \u00e9s fluida), necessita una alta temperatura\u00a0\u00a0 de treball (per sobre dels 900\u00b0C), i per tant necessita bufadors\u00a0\u00a0 oxigen-prop\u00e0. Di\u00e0metres\u00a0\u00a0\u00a0\u00a0 Se subministra en di\u00e0metres \u00f81.5, 2, 3, 4, 5 mm. tamb\u00e9 2 x 2mm. en llargs\u00a0\u00a0 de 500 mm.\u00a0\u00a0\u00a0\u00a0 Formats Paquets de 5 Kg, i de 1Kg\" \/>\n<meta property=\"og:url\" content=\"https:\/\/broquetas.com\/ca\/producto\/bro-laton-414-l-cu-zn-40-2\/\" \/>\n<meta property=\"og:site_name\" content=\"BROQUETAS, S.L.\" \/>\n<meta property=\"article:modified_time\" content=\"2022-08-01T14:34:02+00:00\" \/>\n<meta property=\"og:image\" content=\"https:\/\/broquetas.com\/wp-content\/uploads\/2022\/02\/B67RCB-00200-00000C-1024x768.png\" \/>\n\t<meta property=\"og:image:width\" content=\"1024\" \/>\n\t<meta property=\"og:image:height\" content=\"768\" \/>\n\t<meta property=\"og:image:type\" content=\"image\/png\" \/>\n<meta name=\"twitter:card\" content=\"summary_large_image\" \/>\n<script type=\"application\/ld+json\" class=\"yoast-schema-graph\">{\"@context\":\"https:\/\/schema.org\",\"@graph\":[{\"@type\":\"WebPage\",\"@id\":\"https:\/\/broquetas.com\/ca\/producto\/bro-laton-414-l-cu-zn-40-2\/\",\"url\":\"https:\/\/broquetas.com\/ca\/producto\/bro-laton-414-l-cu-zn-40-2\/\",\"name\":\"BRO LAT\u00d3N 414 L-Cu Zn 40 - BROQUETAS, S.L.\",\"isPartOf\":{\"@id\":\"https:\/\/broquetas.com\/#website\"},\"primaryImageOfPage\":{\"@id\":\"https:\/\/broquetas.com\/ca\/producto\/bro-laton-414-l-cu-zn-40-2\/#primaryimage\"},\"image\":{\"@id\":\"https:\/\/broquetas.com\/ca\/producto\/bro-laton-414-l-cu-zn-40-2\/#primaryimage\"},\"thumbnailUrl\":\"https:\/\/broquetas.com\/wp-content\/uploads\/2022\/02\/B67RCB-00200-00000C.png\",\"datePublished\":\"2022-02-24T21:12:30+00:00\",\"dateModified\":\"2022-08-01T14:34:02+00:00\",\"description\":\"Composici\u00f3 Cu 60 Zn Bal. Si 0,3 Mn 0.3 recobriment: BF4K 10 \u2013 50\u00a0\u00a0 % \/ BH303 &lt; 5,5% \/FK 0,1 \u2013 5 %. \u00c9s un aliatge molt econ\u00f2mic, apte per a\u00a0\u00a0 usos generals en metalls ferrosos, aliatges de coure, acer i ferro forjat.\u00a0\u00a0 Baixa capil\u00b7laritat (\u00e9s a dir, no \u00e9s fluida), necessita una alta temperatura\u00a0\u00a0 de treball (per sobre dels 900\u00b0C), i per tant necessita bufadors\u00a0\u00a0 oxigen-prop\u00e0. Di\u00e0metres\u00a0\u00a0\u00a0\u00a0 Se subministra en di\u00e0metres \u00f81.5, 2, 3, 4, 5 mm. tamb\u00e9 2 x 2mm. en llargs\u00a0\u00a0 de 500 mm.\u00a0\u00a0\u00a0\u00a0 Formats Paquets de 5 Kg, i de 1Kg\",\"breadcrumb\":{\"@id\":\"https:\/\/broquetas.com\/ca\/producto\/bro-laton-414-l-cu-zn-40-2\/#breadcrumb\"},\"inLanguage\":\"ca\",\"potentialAction\":[{\"@type\":\"ReadAction\",\"target\":[\"https:\/\/broquetas.com\/ca\/producto\/bro-laton-414-l-cu-zn-40-2\/\"]}]},{\"@type\":\"ImageObject\",\"inLanguage\":\"ca\",\"@id\":\"https:\/\/broquetas.com\/ca\/producto\/bro-laton-414-l-cu-zn-40-2\/#primaryimage\",\"url\":\"https:\/\/broquetas.com\/wp-content\/uploads\/2022\/02\/B67RCB-00200-00000C.png\",\"contentUrl\":\"https:\/\/broquetas.com\/wp-content\/uploads\/2022\/02\/B67RCB-00200-00000C.png\",\"width\":8400,\"height\":6300},{\"@type\":\"BreadcrumbList\",\"@id\":\"https:\/\/broquetas.com\/ca\/producto\/bro-laton-414-l-cu-zn-40-2\/#breadcrumb\",\"itemListElement\":[{\"@type\":\"ListItem\",\"position\":1,\"name\":\"Home\",\"item\":\"https:\/\/broquetas.com\/\"},{\"@type\":\"ListItem\",\"position\":2,\"name\":\"Productes\",\"item\":\"https:\/\/broquetas.com\/ca\/productes\/\"},{\"@type\":\"ListItem\",\"position\":3,\"name\":\"BRO LAT\u00d3N 414 L-Cu Zn 40\"}]},{\"@type\":\"WebSite\",\"@id\":\"https:\/\/broquetas.com\/#website\",\"url\":\"https:\/\/broquetas.com\/\",\"name\":\"BROQUETAS, S.L.\",\"description\":\"\",\"publisher\":{\"@id\":\"https:\/\/broquetas.com\/#organization\"},\"potentialAction\":[{\"@type\":\"SearchAction\",\"target\":{\"@type\":\"EntryPoint\",\"urlTemplate\":\"https:\/\/broquetas.com\/?s={search_term_string}\"},\"query-input\":{\"@type\":\"PropertyValueSpecification\",\"valueRequired\":true,\"valueName\":\"search_term_string\"}}],\"inLanguage\":\"ca\"},{\"@type\":\"Organization\",\"@id\":\"https:\/\/broquetas.com\/#organization\",\"name\":\"BROQUETAS S.L.\",\"url\":\"https:\/\/broquetas.com\/\",\"logo\":{\"@type\":\"ImageObject\",\"inLanguage\":\"ca\",\"@id\":\"https:\/\/broquetas.com\/#\/schema\/logo\/image\/\",\"url\":\"https:\/\/broquetas.com\/wp-content\/uploads\/2021\/08\/logo-broquetas-dark.png\",\"contentUrl\":\"https:\/\/broquetas.com\/wp-content\/uploads\/2021\/08\/logo-broquetas-dark.png\",\"width\":262,\"height\":150,\"caption\":\"BROQUETAS S.L.\"},\"image\":{\"@id\":\"https:\/\/broquetas.com\/#\/schema\/logo\/image\/\"},\"sameAs\":[\"https:\/\/www.linkedin.com\/in\/broquetas-s-l-broquetas-99a22283\/\",\"https:\/\/www.youtube.com\/channel\/UCDYxB3N3CMqWo9DA-oyiAdg\"]}]}<\/script>\n<!-- \/ Yoast SEO plugin. -->","yoast_head_json":{"title":"BRO LAT\u00d3N 414 L-Cu Zn 40 - BROQUETAS, S.L.","description":"Composici\u00f3 Cu 60 Zn Bal. Si 0,3 Mn 0.3 recobriment: BF4K 10 \u2013 50\u00a0\u00a0 % \/ BH303 &lt; 5,5% \/FK 0,1 \u2013 5 %. \u00c9s un aliatge molt econ\u00f2mic, apte per a\u00a0\u00a0 usos generals en metalls ferrosos, aliatges de coure, acer i ferro forjat.\u00a0\u00a0 Baixa capil\u00b7laritat (\u00e9s a dir, no \u00e9s fluida), necessita una alta temperatura\u00a0\u00a0 de treball (per sobre dels 900\u00b0C), i per tant necessita bufadors\u00a0\u00a0 oxigen-prop\u00e0. Di\u00e0metres\u00a0\u00a0\u00a0\u00a0 Se subministra en di\u00e0metres \u00f81.5, 2, 3, 4, 5 mm. tamb\u00e9 2 x 2mm. en llargs\u00a0\u00a0 de 500 mm.\u00a0\u00a0\u00a0\u00a0 Formats Paquets de 5 Kg, i de 1Kg","robots":{"index":"index","follow":"follow","max-snippet":"max-snippet:-1","max-image-preview":"max-image-preview:large","max-video-preview":"max-video-preview:-1"},"canonical":"https:\/\/broquetas.com\/ca\/producto\/bro-laton-414-l-cu-zn-40-2\/","og_locale":"ca_ES","og_type":"article","og_title":"BRO LAT\u00d3N 414 L-Cu Zn 40 - BROQUETAS, S.L.","og_description":"Composici\u00f3 Cu 60 Zn Bal. Si 0,3 Mn 0.3 recobriment: BF4K 10 \u2013 50\u00a0\u00a0 % \/ BH303 &lt; 5,5% \/FK 0,1 \u2013 5 %. \u00c9s un aliatge molt econ\u00f2mic, apte per a\u00a0\u00a0 usos generals en metalls ferrosos, aliatges de coure, acer i ferro forjat.\u00a0\u00a0 Baixa capil\u00b7laritat (\u00e9s a dir, no \u00e9s fluida), necessita una alta temperatura\u00a0\u00a0 de treball (per sobre dels 900\u00b0C), i per tant necessita bufadors\u00a0\u00a0 oxigen-prop\u00e0. Di\u00e0metres\u00a0\u00a0\u00a0\u00a0 Se subministra en di\u00e0metres \u00f81.5, 2, 3, 4, 5 mm. tamb\u00e9 2 x 2mm. en llargs\u00a0\u00a0 de 500 mm.\u00a0\u00a0\u00a0\u00a0 Formats Paquets de 5 Kg, i de 1Kg","og_url":"https:\/\/broquetas.com\/ca\/producto\/bro-laton-414-l-cu-zn-40-2\/","og_site_name":"BROQUETAS, S.L.","article_modified_time":"2022-08-01T14:34:02+00:00","og_image":[{"width":1024,"height":768,"url":"https:\/\/broquetas.com\/wp-content\/uploads\/2022\/02\/B67RCB-00200-00000C-1024x768.png","type":"image\/png"}],"twitter_card":"summary_large_image","schema":{"@context":"https:\/\/schema.org","@graph":[{"@type":"WebPage","@id":"https:\/\/broquetas.com\/ca\/producto\/bro-laton-414-l-cu-zn-40-2\/","url":"https:\/\/broquetas.com\/ca\/producto\/bro-laton-414-l-cu-zn-40-2\/","name":"BRO LAT\u00d3N 414 L-Cu Zn 40 - BROQUETAS, S.L.","isPartOf":{"@id":"https:\/\/broquetas.com\/#website"},"primaryImageOfPage":{"@id":"https:\/\/broquetas.com\/ca\/producto\/bro-laton-414-l-cu-zn-40-2\/#primaryimage"},"image":{"@id":"https:\/\/broquetas.com\/ca\/producto\/bro-laton-414-l-cu-zn-40-2\/#primaryimage"},"thumbnailUrl":"https:\/\/broquetas.com\/wp-content\/uploads\/2022\/02\/B67RCB-00200-00000C.png","datePublished":"2022-02-24T21:12:30+00:00","dateModified":"2022-08-01T14:34:02+00:00","description":"Composici\u00f3 Cu 60 Zn Bal. Si 0,3 Mn 0.3 recobriment: BF4K 10 \u2013 50\u00a0\u00a0 % \/ BH303 &lt; 5,5% \/FK 0,1 \u2013 5 %. \u00c9s un aliatge molt econ\u00f2mic, apte per a\u00a0\u00a0 usos generals en metalls ferrosos, aliatges de coure, acer i ferro forjat.\u00a0\u00a0 Baixa capil\u00b7laritat (\u00e9s a dir, no \u00e9s fluida), necessita una alta temperatura\u00a0\u00a0 de treball (per sobre dels 900\u00b0C), i per tant necessita bufadors\u00a0\u00a0 oxigen-prop\u00e0. Di\u00e0metres\u00a0\u00a0\u00a0\u00a0 Se subministra en di\u00e0metres \u00f81.5, 2, 3, 4, 5 mm. tamb\u00e9 2 x 2mm. en llargs\u00a0\u00a0 de 500 mm.\u00a0\u00a0\u00a0\u00a0 Formats Paquets de 5 Kg, i de 1Kg","breadcrumb":{"@id":"https:\/\/broquetas.com\/ca\/producto\/bro-laton-414-l-cu-zn-40-2\/#breadcrumb"},"inLanguage":"ca","potentialAction":[{"@type":"ReadAction","target":["https:\/\/broquetas.com\/ca\/producto\/bro-laton-414-l-cu-zn-40-2\/"]}]},{"@type":"ImageObject","inLanguage":"ca","@id":"https:\/\/broquetas.com\/ca\/producto\/bro-laton-414-l-cu-zn-40-2\/#primaryimage","url":"https:\/\/broquetas.com\/wp-content\/uploads\/2022\/02\/B67RCB-00200-00000C.png","contentUrl":"https:\/\/broquetas.com\/wp-content\/uploads\/2022\/02\/B67RCB-00200-00000C.png","width":8400,"height":6300},{"@type":"BreadcrumbList","@id":"https:\/\/broquetas.com\/ca\/producto\/bro-laton-414-l-cu-zn-40-2\/#breadcrumb","itemListElement":[{"@type":"ListItem","position":1,"name":"Home","item":"https:\/\/broquetas.com\/"},{"@type":"ListItem","position":2,"name":"Productes","item":"https:\/\/broquetas.com\/ca\/productes\/"},{"@type":"ListItem","position":3,"name":"BRO LAT\u00d3N 414 L-Cu Zn 40"}]},{"@type":"WebSite","@id":"https:\/\/broquetas.com\/#website","url":"https:\/\/broquetas.com\/","name":"BROQUETAS, S.L.","description":"","publisher":{"@id":"https:\/\/broquetas.com\/#organization"},"potentialAction":[{"@type":"SearchAction","target":{"@type":"EntryPoint","urlTemplate":"https:\/\/broquetas.com\/?s={search_term_string}"},"query-input":{"@type":"PropertyValueSpecification","valueRequired":true,"valueName":"search_term_string"}}],"inLanguage":"ca"},{"@type":"Organization","@id":"https:\/\/broquetas.com\/#organization","name":"BROQUETAS S.L.","url":"https:\/\/broquetas.com\/","logo":{"@type":"ImageObject","inLanguage":"ca","@id":"https:\/\/broquetas.com\/#\/schema\/logo\/image\/","url":"https:\/\/broquetas.com\/wp-content\/uploads\/2021\/08\/logo-broquetas-dark.png","contentUrl":"https:\/\/broquetas.com\/wp-content\/uploads\/2021\/08\/logo-broquetas-dark.png","width":262,"height":150,"caption":"BROQUETAS S.L."},"image":{"@id":"https:\/\/broquetas.com\/#\/schema\/logo\/image\/"},"sameAs":["https:\/\/www.linkedin.com\/in\/broquetas-s-l-broquetas-99a22283\/","https:\/\/www.youtube.com\/channel\/UCDYxB3N3CMqWo9DA-oyiAdg"]}]}},"_links":{"self":[{"href":"https:\/\/broquetas.com\/ca\/wp-json\/wp\/v2\/product\/8258","targetHints":{"allow":["GET"]}}],"collection":[{"href":"https:\/\/broquetas.com\/ca\/wp-json\/wp\/v2\/product"}],"about":[{"href":"https:\/\/broquetas.com\/ca\/wp-json\/wp\/v2\/types\/product"}],"replies":[{"embeddable":true,"href":"https:\/\/broquetas.com\/ca\/wp-json\/wp\/v2\/comments?post=8258"}],"wp:featuredmedia":[{"embeddable":true,"href":"https:\/\/broquetas.com\/ca\/wp-json\/wp\/v2\/media\/6175"}],"wp:attachment":[{"href":"https:\/\/broquetas.com\/ca\/wp-json\/wp\/v2\/media?parent=8258"}],"wp:term":[{"taxonomy":"product_brand","embeddable":true,"href":"https:\/\/broquetas.com\/ca\/wp-json\/wp\/v2\/product_brand?post=8258"},{"taxonomy":"product_cat","embeddable":true,"href":"https:\/\/broquetas.com\/ca\/wp-json\/wp\/v2\/product_cat?post=8258"},{"taxonomy":"product_tag","embeddable":true,"href":"https:\/\/broquetas.com\/ca\/wp-json\/wp\/v2\/product_tag?post=8258"}],"curies":[{"name":"wp","href":"https:\/\/api.w.org\/{rel}","templated":true}]}}