{"id":8246,"date":"2022-02-24T22:12:57","date_gmt":"2022-02-24T21:12:57","guid":{"rendered":"https:\/\/broquetas.com\/producto\/eco5-sn99-cu0-7-ag0-3-barra\/"},"modified":"2022-08-01T16:33:44","modified_gmt":"2022-08-01T14:33:44","slug":"eco5-sn99-cu0-7-ag0-3-barra","status":"publish","type":"product","link":"https:\/\/broquetas.com\/ca\/producto\/eco5-sn99-cu0-7-ag0-3-barra\/","title":{"rendered":"ECO5  Sn99\/Cu0.7\/Ag0.3   BARRA"},"content":{"rendered":"<p>Sn99 Cu0.7 Ag0.3 d&#8217;acord amb la norma EN ISO 9453. Aliatge 501.<br \/>\n  Compleix la directiva RoHS<br \/>\n    Camp d&#8217;aplicaci\u00f3<br \/>\n    Aliatge id\u00f2nia per a processos de soldadura electr\u00f2nica per ona i immersi\u00f3.<br \/>\n  Les barres ECO estrusionadas, es produeixen a partir de mat\u00e8ries primeres<br \/>\n  d&#8217;alta puresa i seguint un estricte proc\u00e9s de fabricaci\u00f3 que garanteix m\u00ednims<br \/>\n  nivells d&#8217;impureses i defectes de soldadura dels productes acabats. Aix\u00f2 es<br \/>\n  tradueix en una menor formaci\u00f3 d&#8217;esc\u00f2ria i retreball, sent la vida \u00fatil del<br \/>\n  bany de soldadura m\u00e9s llarga i per tant condueix a una major conductivitat en<br \/>\n  el conjunt de la placa de circuit impr\u00e8s.\u00a0\u00a0\u00a0\u00a0\u00a0\u00a0\u00a0\u00a0\u00a0\u00a0\u00a0\u00a0\u00a0\u00a0\u00a0\u00a0\u00a0\u00a0\u00a0\u00a0\u00a0\u00a0\u00a0\u00a0\u00a0\u00a0\u00a0\u00a0\u00a0\u00a0\u00a0\u00a0\u00a0\u00a0\u00a0\u00a0\u00a0\u00a0\u00a0\u00a0\u00a0\u00a0\u00a0\u00a0\u00a0\u00a0\u00a0\u00a0\u00a0\u00a0\u00a0\u00a0\u00a0\u00a0\u00a0\u00a0\u00a0\u00a0\u00a0\u00a0\u00a0\u00a0\u00a0\u00a0<br \/>\n  n Varetes rodones de 6&#215;400 mm.<br \/>\n    n Varetes quadrades de 4x9x400 mm.<br \/>\n    n Varetes rectangulars de 12x24x400 mm.<\/p>\n","protected":false},"excerpt":{"rendered":"<p>BARRA SENSE<br \/>\n  PLOM PER SOLDADURA ELECTR\u00d2NICA PER ONA O IMMERSI\u00d3<\/p>\n","protected":false},"featured_media":5935,"comment_status":"open","ping_status":"closed","template":"","meta":{"_joinchat":[]},"product_brand":[],"product_cat":[173,133],"product_tag":[],"class_list":{"0":"post-8246","1":"product","2":"type-product","3":"status-publish","4":"has-post-thumbnail","6":"product_cat-reflow-ca","7":"product_cat-soldadura-per-ona","9":"first","10":"instock","11":"taxable","12":"shipping-taxable","13":"product-type-simple"},"yoast_head":"<!-- This site is optimized with the Yoast SEO plugin v26.9 - https:\/\/yoast.com\/product\/yoast-seo-wordpress\/ -->\n<title>ECO5 Sn99\/Cu0.7\/Ag0.3  BARRA - BROQUETAS, S.L.<\/title>\n<meta name=\"description\" content=\"Sn99 Cu0.7 Ag0.3 d&#039;acord amb la norma EN ISO 9453. Aliatge 501.\u00a0\u00a0 Compleix la directiva RoHS\u00a0\u00a0\u00a0\u00a0 Camp d&#039;aplicaci\u00f3\u00a0\u00a0\u00a0\u00a0 Aliatge id\u00f2nia per a processos de soldadura electr\u00f2nica per ona i immersi\u00f3.\u00a0\u00a0 Les barres ECO estrusionadas, es produeixen a partir de mat\u00e8ries primeres\u00a0\u00a0 d&#039;alta puresa i seguint un estricte proc\u00e9s de fabricaci\u00f3 que garanteix m\u00ednims\u00a0\u00a0 nivells d&#039;impureses i defectes de soldadura dels productes acabats. Aix\u00f2 es\u00a0\u00a0 tradueix en una menor formaci\u00f3 d&#039;esc\u00f2ria i retreball, sent la vida \u00fatil del\u00a0\u00a0 bany de soldadura m\u00e9s llarga i per tant condueix a una major conductivitat en\u00a0\u00a0 el conjunt de la placa de circuit impr\u00e8s.\u00a0\u00a0\u00a0\u00a0\u00a0\u00a0\u00a0\u00a0\u00a0\u00a0\u00a0\u00a0\u00a0\u00a0\u00a0\u00a0\u00a0\u00a0\u00a0\u00a0\u00a0\u00a0\u00a0\u00a0\u00a0\u00a0\u00a0\u00a0\u00a0\u00a0\u00a0\u00a0\u00a0\u00a0\u00a0\u00a0\u00a0\u00a0\u00a0\u00a0\u00a0\u00a0\u00a0\u00a0\u00a0\u00a0\u00a0\u00a0\u00a0\u00a0\u00a0\u00a0\u00a0\u00a0\u00a0\u00a0\u00a0\u00a0\u00a0\u00a0\u00a0\u00a0\u00a0\u00a0\u00a0\u00a0 n Varetes rodones de 6x400 mm.\u00a0\u00a0\u00a0\u00a0 n Varetes quadrades de 4x9x400 mm.\u00a0\u00a0\u00a0\u00a0 n Varetes rectangulars de 12x24x400 mm.\" \/>\n<meta name=\"robots\" content=\"index, follow, max-snippet:-1, max-image-preview:large, max-video-preview:-1\" \/>\n<link rel=\"canonical\" href=\"https:\/\/broquetas.com\/ca\/producto\/eco5-sn99-cu0-7-ag0-3-barra\/\" \/>\n<meta property=\"og:locale\" content=\"ca_ES\" \/>\n<meta property=\"og:type\" content=\"article\" \/>\n<meta property=\"og:title\" content=\"ECO5 Sn99\/Cu0.7\/Ag0.3  BARRA - BROQUETAS, S.L.\" \/>\n<meta property=\"og:description\" content=\"Sn99 Cu0.7 Ag0.3 d&#039;acord amb la norma EN ISO 9453. Aliatge 501.\u00a0\u00a0 Compleix la directiva RoHS\u00a0\u00a0\u00a0\u00a0 Camp d&#039;aplicaci\u00f3\u00a0\u00a0\u00a0\u00a0 Aliatge id\u00f2nia per a processos de soldadura electr\u00f2nica per ona i immersi\u00f3.\u00a0\u00a0 Les barres ECO estrusionadas, es produeixen a partir de mat\u00e8ries primeres\u00a0\u00a0 d&#039;alta puresa i seguint un estricte proc\u00e9s de fabricaci\u00f3 que garanteix m\u00ednims\u00a0\u00a0 nivells d&#039;impureses i defectes de soldadura dels productes acabats. Aix\u00f2 es\u00a0\u00a0 tradueix en una menor formaci\u00f3 d&#039;esc\u00f2ria i retreball, sent la vida \u00fatil del\u00a0\u00a0 bany de soldadura m\u00e9s llarga i per tant condueix a una major conductivitat en\u00a0\u00a0 el conjunt de la placa de circuit impr\u00e8s.\u00a0\u00a0\u00a0\u00a0\u00a0\u00a0\u00a0\u00a0\u00a0\u00a0\u00a0\u00a0\u00a0\u00a0\u00a0\u00a0\u00a0\u00a0\u00a0\u00a0\u00a0\u00a0\u00a0\u00a0\u00a0\u00a0\u00a0\u00a0\u00a0\u00a0\u00a0\u00a0\u00a0\u00a0\u00a0\u00a0\u00a0\u00a0\u00a0\u00a0\u00a0\u00a0\u00a0\u00a0\u00a0\u00a0\u00a0\u00a0\u00a0\u00a0\u00a0\u00a0\u00a0\u00a0\u00a0\u00a0\u00a0\u00a0\u00a0\u00a0\u00a0\u00a0\u00a0\u00a0\u00a0\u00a0 n Varetes rodones de 6x400 mm.\u00a0\u00a0\u00a0\u00a0 n Varetes quadrades de 4x9x400 mm.\u00a0\u00a0\u00a0\u00a0 n Varetes rectangulars de 12x24x400 mm.\" \/>\n<meta property=\"og:url\" content=\"https:\/\/broquetas.com\/ca\/producto\/eco5-sn99-cu0-7-ag0-3-barra\/\" \/>\n<meta property=\"og:site_name\" content=\"BROQUETAS, S.L.\" \/>\n<meta property=\"article:modified_time\" content=\"2022-08-01T14:33:44+00:00\" \/>\n<meta property=\"og:image\" content=\"https:\/\/broquetas.com\/wp-content\/uploads\/2022\/02\/B09MAC-00REC-00116.png\" \/>\n\t<meta property=\"og:image:width\" content=\"1080\" \/>\n\t<meta property=\"og:image:height\" content=\"1080\" \/>\n\t<meta property=\"og:image:type\" content=\"image\/png\" \/>\n<meta name=\"twitter:card\" content=\"summary_large_image\" \/>\n<meta name=\"twitter:label1\" content=\"Temps estimat de lectura\" \/>\n\t<meta name=\"twitter:data1\" content=\"1 minut\" \/>\n<script type=\"application\/ld+json\" class=\"yoast-schema-graph\">{\"@context\":\"https:\/\/schema.org\",\"@graph\":[{\"@type\":\"WebPage\",\"@id\":\"https:\/\/broquetas.com\/ca\/producto\/eco5-sn99-cu0-7-ag0-3-barra\/\",\"url\":\"https:\/\/broquetas.com\/ca\/producto\/eco5-sn99-cu0-7-ag0-3-barra\/\",\"name\":\"ECO5 Sn99\/Cu0.7\/Ag0.3 BARRA - BROQUETAS, S.L.\",\"isPartOf\":{\"@id\":\"https:\/\/broquetas.com\/#website\"},\"primaryImageOfPage\":{\"@id\":\"https:\/\/broquetas.com\/ca\/producto\/eco5-sn99-cu0-7-ag0-3-barra\/#primaryimage\"},\"image\":{\"@id\":\"https:\/\/broquetas.com\/ca\/producto\/eco5-sn99-cu0-7-ag0-3-barra\/#primaryimage\"},\"thumbnailUrl\":\"https:\/\/broquetas.com\/wp-content\/uploads\/2022\/02\/B09MAC-00REC-00116.png\",\"datePublished\":\"2022-02-24T21:12:57+00:00\",\"dateModified\":\"2022-08-01T14:33:44+00:00\",\"description\":\"Sn99 Cu0.7 Ag0.3 d'acord amb la norma EN ISO 9453. Aliatge 501.\u00a0\u00a0 Compleix la directiva RoHS\u00a0\u00a0\u00a0\u00a0 Camp d'aplicaci\u00f3\u00a0\u00a0\u00a0\u00a0 Aliatge id\u00f2nia per a processos de soldadura electr\u00f2nica per ona i immersi\u00f3.\u00a0\u00a0 Les barres ECO estrusionadas, es produeixen a partir de mat\u00e8ries primeres\u00a0\u00a0 d'alta puresa i seguint un estricte proc\u00e9s de fabricaci\u00f3 que garanteix m\u00ednims\u00a0\u00a0 nivells d'impureses i defectes de soldadura dels productes acabats. Aix\u00f2 es\u00a0\u00a0 tradueix en una menor formaci\u00f3 d'esc\u00f2ria i retreball, sent la vida \u00fatil del\u00a0\u00a0 bany de soldadura m\u00e9s llarga i per tant condueix a una major conductivitat en\u00a0\u00a0 el conjunt de la placa de circuit impr\u00e8s.\u00a0\u00a0\u00a0\u00a0\u00a0\u00a0\u00a0\u00a0\u00a0\u00a0\u00a0\u00a0\u00a0\u00a0\u00a0\u00a0\u00a0\u00a0\u00a0\u00a0\u00a0\u00a0\u00a0\u00a0\u00a0\u00a0\u00a0\u00a0\u00a0\u00a0\u00a0\u00a0\u00a0\u00a0\u00a0\u00a0\u00a0\u00a0\u00a0\u00a0\u00a0\u00a0\u00a0\u00a0\u00a0\u00a0\u00a0\u00a0\u00a0\u00a0\u00a0\u00a0\u00a0\u00a0\u00a0\u00a0\u00a0\u00a0\u00a0\u00a0\u00a0\u00a0\u00a0\u00a0\u00a0\u00a0 n Varetes rodones de 6x400 mm.\u00a0\u00a0\u00a0\u00a0 n Varetes quadrades de 4x9x400 mm.\u00a0\u00a0\u00a0\u00a0 n Varetes rectangulars de 12x24x400 mm.\",\"breadcrumb\":{\"@id\":\"https:\/\/broquetas.com\/ca\/producto\/eco5-sn99-cu0-7-ag0-3-barra\/#breadcrumb\"},\"inLanguage\":\"ca\",\"potentialAction\":[{\"@type\":\"ReadAction\",\"target\":[\"https:\/\/broquetas.com\/ca\/producto\/eco5-sn99-cu0-7-ag0-3-barra\/\"]}]},{\"@type\":\"ImageObject\",\"inLanguage\":\"ca\",\"@id\":\"https:\/\/broquetas.com\/ca\/producto\/eco5-sn99-cu0-7-ag0-3-barra\/#primaryimage\",\"url\":\"https:\/\/broquetas.com\/wp-content\/uploads\/2022\/02\/B09MAC-00REC-00116.png\",\"contentUrl\":\"https:\/\/broquetas.com\/wp-content\/uploads\/2022\/02\/B09MAC-00REC-00116.png\",\"width\":1080,\"height\":1080},{\"@type\":\"BreadcrumbList\",\"@id\":\"https:\/\/broquetas.com\/ca\/producto\/eco5-sn99-cu0-7-ag0-3-barra\/#breadcrumb\",\"itemListElement\":[{\"@type\":\"ListItem\",\"position\":1,\"name\":\"Home\",\"item\":\"https:\/\/broquetas.com\/\"},{\"@type\":\"ListItem\",\"position\":2,\"name\":\"Productes\",\"item\":\"https:\/\/broquetas.com\/ca\/productes\/\"},{\"@type\":\"ListItem\",\"position\":3,\"name\":\"ECO5 Sn99\/Cu0.7\/Ag0.3 BARRA\"}]},{\"@type\":\"WebSite\",\"@id\":\"https:\/\/broquetas.com\/#website\",\"url\":\"https:\/\/broquetas.com\/\",\"name\":\"BROQUETAS, S.L.\",\"description\":\"\",\"publisher\":{\"@id\":\"https:\/\/broquetas.com\/#organization\"},\"potentialAction\":[{\"@type\":\"SearchAction\",\"target\":{\"@type\":\"EntryPoint\",\"urlTemplate\":\"https:\/\/broquetas.com\/?s={search_term_string}\"},\"query-input\":{\"@type\":\"PropertyValueSpecification\",\"valueRequired\":true,\"valueName\":\"search_term_string\"}}],\"inLanguage\":\"ca\"},{\"@type\":\"Organization\",\"@id\":\"https:\/\/broquetas.com\/#organization\",\"name\":\"BROQUETAS S.L.\",\"url\":\"https:\/\/broquetas.com\/\",\"logo\":{\"@type\":\"ImageObject\",\"inLanguage\":\"ca\",\"@id\":\"https:\/\/broquetas.com\/#\/schema\/logo\/image\/\",\"url\":\"https:\/\/broquetas.com\/wp-content\/uploads\/2021\/08\/logo-broquetas-dark.png\",\"contentUrl\":\"https:\/\/broquetas.com\/wp-content\/uploads\/2021\/08\/logo-broquetas-dark.png\",\"width\":262,\"height\":150,\"caption\":\"BROQUETAS S.L.\"},\"image\":{\"@id\":\"https:\/\/broquetas.com\/#\/schema\/logo\/image\/\"},\"sameAs\":[\"https:\/\/www.linkedin.com\/in\/broquetas-s-l-broquetas-99a22283\/\",\"https:\/\/www.youtube.com\/channel\/UCDYxB3N3CMqWo9DA-oyiAdg\"]}]}<\/script>\n<!-- \/ Yoast SEO plugin. -->","yoast_head_json":{"title":"ECO5 Sn99\/Cu0.7\/Ag0.3  BARRA - BROQUETAS, S.L.","description":"Sn99 Cu0.7 Ag0.3 d'acord amb la norma EN ISO 9453. Aliatge 501.\u00a0\u00a0 Compleix la directiva RoHS\u00a0\u00a0\u00a0\u00a0 Camp d'aplicaci\u00f3\u00a0\u00a0\u00a0\u00a0 Aliatge id\u00f2nia per a processos de soldadura electr\u00f2nica per ona i immersi\u00f3.\u00a0\u00a0 Les barres ECO estrusionadas, es produeixen a partir de mat\u00e8ries primeres\u00a0\u00a0 d'alta puresa i seguint un estricte proc\u00e9s de fabricaci\u00f3 que garanteix m\u00ednims\u00a0\u00a0 nivells d'impureses i defectes de soldadura dels productes acabats. Aix\u00f2 es\u00a0\u00a0 tradueix en una menor formaci\u00f3 d'esc\u00f2ria i retreball, sent la vida \u00fatil del\u00a0\u00a0 bany de soldadura m\u00e9s llarga i per tant condueix a una major conductivitat en\u00a0\u00a0 el conjunt de la placa de circuit impr\u00e8s.\u00a0\u00a0\u00a0\u00a0\u00a0\u00a0\u00a0\u00a0\u00a0\u00a0\u00a0\u00a0\u00a0\u00a0\u00a0\u00a0\u00a0\u00a0\u00a0\u00a0\u00a0\u00a0\u00a0\u00a0\u00a0\u00a0\u00a0\u00a0\u00a0\u00a0\u00a0\u00a0\u00a0\u00a0\u00a0\u00a0\u00a0\u00a0\u00a0\u00a0\u00a0\u00a0\u00a0\u00a0\u00a0\u00a0\u00a0\u00a0\u00a0\u00a0\u00a0\u00a0\u00a0\u00a0\u00a0\u00a0\u00a0\u00a0\u00a0\u00a0\u00a0\u00a0\u00a0\u00a0\u00a0\u00a0 n Varetes rodones de 6x400 mm.\u00a0\u00a0\u00a0\u00a0 n Varetes quadrades de 4x9x400 mm.\u00a0\u00a0\u00a0\u00a0 n Varetes rectangulars de 12x24x400 mm.","robots":{"index":"index","follow":"follow","max-snippet":"max-snippet:-1","max-image-preview":"max-image-preview:large","max-video-preview":"max-video-preview:-1"},"canonical":"https:\/\/broquetas.com\/ca\/producto\/eco5-sn99-cu0-7-ag0-3-barra\/","og_locale":"ca_ES","og_type":"article","og_title":"ECO5 Sn99\/Cu0.7\/Ag0.3  BARRA - BROQUETAS, S.L.","og_description":"Sn99 Cu0.7 Ag0.3 d'acord amb la norma EN ISO 9453. Aliatge 501.\u00a0\u00a0 Compleix la directiva RoHS\u00a0\u00a0\u00a0\u00a0 Camp d'aplicaci\u00f3\u00a0\u00a0\u00a0\u00a0 Aliatge id\u00f2nia per a processos de soldadura electr\u00f2nica per ona i immersi\u00f3.\u00a0\u00a0 Les barres ECO estrusionadas, es produeixen a partir de mat\u00e8ries primeres\u00a0\u00a0 d'alta puresa i seguint un estricte proc\u00e9s de fabricaci\u00f3 que garanteix m\u00ednims\u00a0\u00a0 nivells d'impureses i defectes de soldadura dels productes acabats. Aix\u00f2 es\u00a0\u00a0 tradueix en una menor formaci\u00f3 d'esc\u00f2ria i retreball, sent la vida \u00fatil del\u00a0\u00a0 bany de soldadura m\u00e9s llarga i per tant condueix a una major conductivitat en\u00a0\u00a0 el conjunt de la placa de circuit impr\u00e8s.\u00a0\u00a0\u00a0\u00a0\u00a0\u00a0\u00a0\u00a0\u00a0\u00a0\u00a0\u00a0\u00a0\u00a0\u00a0\u00a0\u00a0\u00a0\u00a0\u00a0\u00a0\u00a0\u00a0\u00a0\u00a0\u00a0\u00a0\u00a0\u00a0\u00a0\u00a0\u00a0\u00a0\u00a0\u00a0\u00a0\u00a0\u00a0\u00a0\u00a0\u00a0\u00a0\u00a0\u00a0\u00a0\u00a0\u00a0\u00a0\u00a0\u00a0\u00a0\u00a0\u00a0\u00a0\u00a0\u00a0\u00a0\u00a0\u00a0\u00a0\u00a0\u00a0\u00a0\u00a0\u00a0\u00a0 n Varetes rodones de 6x400 mm.\u00a0\u00a0\u00a0\u00a0 n Varetes quadrades de 4x9x400 mm.\u00a0\u00a0\u00a0\u00a0 n Varetes rectangulars de 12x24x400 mm.","og_url":"https:\/\/broquetas.com\/ca\/producto\/eco5-sn99-cu0-7-ag0-3-barra\/","og_site_name":"BROQUETAS, S.L.","article_modified_time":"2022-08-01T14:33:44+00:00","og_image":[{"width":1080,"height":1080,"url":"https:\/\/broquetas.com\/wp-content\/uploads\/2022\/02\/B09MAC-00REC-00116.png","type":"image\/png"}],"twitter_card":"summary_large_image","twitter_misc":{"Temps estimat de lectura":"1 minut"},"schema":{"@context":"https:\/\/schema.org","@graph":[{"@type":"WebPage","@id":"https:\/\/broquetas.com\/ca\/producto\/eco5-sn99-cu0-7-ag0-3-barra\/","url":"https:\/\/broquetas.com\/ca\/producto\/eco5-sn99-cu0-7-ag0-3-barra\/","name":"ECO5 Sn99\/Cu0.7\/Ag0.3 BARRA - BROQUETAS, S.L.","isPartOf":{"@id":"https:\/\/broquetas.com\/#website"},"primaryImageOfPage":{"@id":"https:\/\/broquetas.com\/ca\/producto\/eco5-sn99-cu0-7-ag0-3-barra\/#primaryimage"},"image":{"@id":"https:\/\/broquetas.com\/ca\/producto\/eco5-sn99-cu0-7-ag0-3-barra\/#primaryimage"},"thumbnailUrl":"https:\/\/broquetas.com\/wp-content\/uploads\/2022\/02\/B09MAC-00REC-00116.png","datePublished":"2022-02-24T21:12:57+00:00","dateModified":"2022-08-01T14:33:44+00:00","description":"Sn99 Cu0.7 Ag0.3 d'acord amb la norma EN ISO 9453. Aliatge 501.\u00a0\u00a0 Compleix la directiva RoHS\u00a0\u00a0\u00a0\u00a0 Camp d'aplicaci\u00f3\u00a0\u00a0\u00a0\u00a0 Aliatge id\u00f2nia per a processos de soldadura electr\u00f2nica per ona i immersi\u00f3.\u00a0\u00a0 Les barres ECO estrusionadas, es produeixen a partir de mat\u00e8ries primeres\u00a0\u00a0 d'alta puresa i seguint un estricte proc\u00e9s de fabricaci\u00f3 que garanteix m\u00ednims\u00a0\u00a0 nivells d'impureses i defectes de soldadura dels productes acabats. Aix\u00f2 es\u00a0\u00a0 tradueix en una menor formaci\u00f3 d'esc\u00f2ria i retreball, sent la vida \u00fatil del\u00a0\u00a0 bany de soldadura m\u00e9s llarga i per tant condueix a una major conductivitat en\u00a0\u00a0 el conjunt de la placa de circuit impr\u00e8s.\u00a0\u00a0\u00a0\u00a0\u00a0\u00a0\u00a0\u00a0\u00a0\u00a0\u00a0\u00a0\u00a0\u00a0\u00a0\u00a0\u00a0\u00a0\u00a0\u00a0\u00a0\u00a0\u00a0\u00a0\u00a0\u00a0\u00a0\u00a0\u00a0\u00a0\u00a0\u00a0\u00a0\u00a0\u00a0\u00a0\u00a0\u00a0\u00a0\u00a0\u00a0\u00a0\u00a0\u00a0\u00a0\u00a0\u00a0\u00a0\u00a0\u00a0\u00a0\u00a0\u00a0\u00a0\u00a0\u00a0\u00a0\u00a0\u00a0\u00a0\u00a0\u00a0\u00a0\u00a0\u00a0\u00a0 n Varetes rodones de 6x400 mm.\u00a0\u00a0\u00a0\u00a0 n Varetes quadrades de 4x9x400 mm.\u00a0\u00a0\u00a0\u00a0 n Varetes rectangulars de 12x24x400 mm.","breadcrumb":{"@id":"https:\/\/broquetas.com\/ca\/producto\/eco5-sn99-cu0-7-ag0-3-barra\/#breadcrumb"},"inLanguage":"ca","potentialAction":[{"@type":"ReadAction","target":["https:\/\/broquetas.com\/ca\/producto\/eco5-sn99-cu0-7-ag0-3-barra\/"]}]},{"@type":"ImageObject","inLanguage":"ca","@id":"https:\/\/broquetas.com\/ca\/producto\/eco5-sn99-cu0-7-ag0-3-barra\/#primaryimage","url":"https:\/\/broquetas.com\/wp-content\/uploads\/2022\/02\/B09MAC-00REC-00116.png","contentUrl":"https:\/\/broquetas.com\/wp-content\/uploads\/2022\/02\/B09MAC-00REC-00116.png","width":1080,"height":1080},{"@type":"BreadcrumbList","@id":"https:\/\/broquetas.com\/ca\/producto\/eco5-sn99-cu0-7-ag0-3-barra\/#breadcrumb","itemListElement":[{"@type":"ListItem","position":1,"name":"Home","item":"https:\/\/broquetas.com\/"},{"@type":"ListItem","position":2,"name":"Productes","item":"https:\/\/broquetas.com\/ca\/productes\/"},{"@type":"ListItem","position":3,"name":"ECO5 Sn99\/Cu0.7\/Ag0.3 BARRA"}]},{"@type":"WebSite","@id":"https:\/\/broquetas.com\/#website","url":"https:\/\/broquetas.com\/","name":"BROQUETAS, S.L.","description":"","publisher":{"@id":"https:\/\/broquetas.com\/#organization"},"potentialAction":[{"@type":"SearchAction","target":{"@type":"EntryPoint","urlTemplate":"https:\/\/broquetas.com\/?s={search_term_string}"},"query-input":{"@type":"PropertyValueSpecification","valueRequired":true,"valueName":"search_term_string"}}],"inLanguage":"ca"},{"@type":"Organization","@id":"https:\/\/broquetas.com\/#organization","name":"BROQUETAS S.L.","url":"https:\/\/broquetas.com\/","logo":{"@type":"ImageObject","inLanguage":"ca","@id":"https:\/\/broquetas.com\/#\/schema\/logo\/image\/","url":"https:\/\/broquetas.com\/wp-content\/uploads\/2021\/08\/logo-broquetas-dark.png","contentUrl":"https:\/\/broquetas.com\/wp-content\/uploads\/2021\/08\/logo-broquetas-dark.png","width":262,"height":150,"caption":"BROQUETAS S.L."},"image":{"@id":"https:\/\/broquetas.com\/#\/schema\/logo\/image\/"},"sameAs":["https:\/\/www.linkedin.com\/in\/broquetas-s-l-broquetas-99a22283\/","https:\/\/www.youtube.com\/channel\/UCDYxB3N3CMqWo9DA-oyiAdg"]}]}},"_links":{"self":[{"href":"https:\/\/broquetas.com\/ca\/wp-json\/wp\/v2\/product\/8246","targetHints":{"allow":["GET"]}}],"collection":[{"href":"https:\/\/broquetas.com\/ca\/wp-json\/wp\/v2\/product"}],"about":[{"href":"https:\/\/broquetas.com\/ca\/wp-json\/wp\/v2\/types\/product"}],"replies":[{"embeddable":true,"href":"https:\/\/broquetas.com\/ca\/wp-json\/wp\/v2\/comments?post=8246"}],"wp:featuredmedia":[{"embeddable":true,"href":"https:\/\/broquetas.com\/ca\/wp-json\/wp\/v2\/media\/5935"}],"wp:attachment":[{"href":"https:\/\/broquetas.com\/ca\/wp-json\/wp\/v2\/media?parent=8246"}],"wp:term":[{"taxonomy":"product_brand","embeddable":true,"href":"https:\/\/broquetas.com\/ca\/wp-json\/wp\/v2\/product_brand?post=8246"},{"taxonomy":"product_cat","embeddable":true,"href":"https:\/\/broquetas.com\/ca\/wp-json\/wp\/v2\/product_cat?post=8246"},{"taxonomy":"product_tag","embeddable":true,"href":"https:\/\/broquetas.com\/ca\/wp-json\/wp\/v2\/product_tag?post=8246"}],"curies":[{"name":"wp","href":"https:\/\/api.w.org\/{rel}","templated":true}]}}