{"id":8233,"date":"2022-02-24T22:13:31","date_gmt":"2022-02-24T21:13:31","guid":{"rendered":"https:\/\/broquetas.com\/producto\/eco6-sn95-5-cu0-7-ag3-8-flux\/"},"modified":"2022-08-01T16:33:24","modified_gmt":"2022-08-01T14:33:24","slug":"eco6-sn95-5-cu0-7-ag3-8-flux","status":"publish","type":"product","link":"https:\/\/broquetas.com\/ca\/producto\/eco6-sn95-5-cu0-7-ag3-8-flux\/","title":{"rendered":"ECO6  Sn95.5\/Cu0.7\/Ag3.8   FLUX"},"content":{"rendered":"<p>Sn95.5 Cu0.7 Ag3.8 d&#8217;acord amb la norma EN ISO 9453. Aliatge 713.<br \/>\n  Compleix la directiva RoHS<br \/>\n    Camp d&#8217;aplicaci\u00f3<br \/>\n    Aliatge amb \u00e0nima de flux id\u00f2nia per a processos de soldadura electr\u00f2nica<br \/>\n  per ona i immersi\u00f3. Els fils ECO amb flux lliures de plom, s\u00f3n aliatges<br \/>\n  realitzades amb materials d&#8217;alta puresa, reduint la formaci\u00f3 d&#8217;esc\u00f2ria.<br \/>\n  Especialment adequada per a soldadura manual i automatitzada, per a<br \/>\n  l&#8217;acoblament de components de muntatge superficial de la ind\u00fastria de<br \/>\n  l&#8217;electr\u00f2nica. Garanteixen un grau alt de flu\u00efdesa en la soldadura i una uni\u00f3<br \/>\n  \u00f2ptima.\u00a0\u00a0\u00a0\u00a0\u00a0\u00a0\u00a0\u00a0\u00a0\u00a0\u00a0\u00a0\u00a0\u00a0\u00a0\u00a0\u00a0\u00a0\u00a0\u00a0\u00a0\u00a0\u00a0\u00a0\u00a0\u00a0\u00a0\u00a0\u00a0\u00a0\u00a0\u00a0\u00a0\u00a0\u00a0\u00a0\u00a0\u00a0\u00a0\u00a0\u00a0\u00a0\u00a0\u00a0\u00a0\u00a0\u00a0\u00a0\u00a0\u00a0\u00a0\u00a0\u00a0\u00a0\u00a0\u00a0\u00a0\u00a0\u00a0\u00a0\u00a0\u00a0\u00a0\u00a0\u00a0\u00a0\u00a0\u00a0\u00a0\u00a0\u00a0\u00a0\u00a0\u00a0\u00a0\u00a0\u00a0\u00a0\u00a0\u00a0\u00a0\u00a0\u00a0\u00a0\u00a0\u00a0\u00a0\u00a0\u00a0\u00a0\u00a0\u00a0\u00a0\u00a0\u00a0\u00a0\u00a0\u00a0\u00a0\u00a0\u00a0\u00a0\u00a0\u00a0\u00a0\u00a0\u00a0\u00a0\u00a0\u00a0\u00a0\u00a0\u00a0\u00a0\u00a0\u00a0\u00a0\u00a0\u00a0\u00a0\u00a0\u00a0\u00a0\u00a0\u00a0\u00a0\u00a0\u00a0\u00a0\u00a0\u00a0\u00a0\u00a0\u00a0\u00a0\u00a0\u00a0\u00a0\u00a0\u00a0\u00a0\u00a0\u00a0\u00a0\u00a0\u00a0\u00a0\u00a0\u00a0\u00a0\u00a0\u00a0\u00a0\u00a0\u00a0\u00a0\u00a0\u00a0\u00a0\u00a0\u00a0\u00a0\u00a0\u00a0\u00a0\u00a0\u00a0\u00a0\u00a0<br \/>\n  FORMATS DISPONIBLES:<\/p>\n<p>    Di\u00e0metre: 0,35 mm &#8211; 6 mm<\/p>\n<p>    Bobines de pl\u00e0stic de:<br \/>\n    100 g.: 30 unitats\/caixa<br \/>\n    250 g.: 40 unitats\/caixa<br \/>\n    500 g.: 20 unitats\/caixa<br \/>\n    1 kg.: 10 unitats\/caixa<br \/>\n    2 kg i 4 kg: a petici\u00f3<\/p>\n<p>    ** Consulta altres formats.<\/p>\n","protected":false},"excerpt":{"rendered":"<p>FIL SENSE PLOM<br \/>\n  AMB FLUX PER SOLDADURA ELECTR\u00d2NICA<\/p>\n","protected":false},"featured_media":5971,"comment_status":"open","ping_status":"closed","template":"","meta":{"_joinchat":[]},"product_brand":[],"product_cat":[143,144],"product_tag":[],"class_list":{"0":"post-8233","1":"product","2":"type-product","3":"status-publish","4":"has-post-thumbnail","6":"product_cat-reparacion-y-retrabajo-ca","7":"product_cat-soldadura-manual-ca","9":"first","10":"instock","11":"taxable","12":"shipping-taxable","13":"product-type-simple"},"yoast_head":"<!-- This site is optimized with the Yoast SEO plugin v26.9 - https:\/\/yoast.com\/product\/yoast-seo-wordpress\/ -->\n<title>ECO6 Sn95.5\/Cu0.7\/Ag3.8  FLUX - BROQUETAS, S.L.<\/title>\n<meta name=\"description\" content=\"Sn95.5 Cu0.7 Ag3.8 d&#039;acord amb la norma EN ISO 9453. Aliatge 713.\u00a0\u00a0 Compleix la directiva RoHS\u00a0\u00a0\u00a0\u00a0 Camp d&#039;aplicaci\u00f3\u00a0\u00a0\u00a0\u00a0 Aliatge amb \u00e0nima de flux id\u00f2nia per a processos de soldadura electr\u00f2nica\u00a0\u00a0 per ona i immersi\u00f3. Els fils ECO amb flux lliures de plom, s\u00f3n aliatges\u00a0\u00a0 realitzades amb materials d&#039;alta puresa, reduint la formaci\u00f3 d&#039;esc\u00f2ria.\u00a0\u00a0 Especialment adequada per a soldadura manual i automatitzada, per a\u00a0\u00a0 l&#039;acoblament de components de muntatge superficial de la ind\u00fastria de\u00a0\u00a0 l&#039;electr\u00f2nica. Garanteixen un grau alt de flu\u00efdesa en la soldadura i una uni\u00f3\u00a0\u00a0 \u00f2ptima.\u00a0\u00a0\u00a0\u00a0\u00a0\u00a0\u00a0\u00a0\u00a0\u00a0\u00a0\u00a0\u00a0\u00a0\u00a0\u00a0\u00a0\u00a0\u00a0\u00a0\u00a0\u00a0\u00a0\u00a0\u00a0\u00a0\u00a0\u00a0\u00a0\u00a0\u00a0\u00a0\u00a0\u00a0\u00a0\u00a0\u00a0\u00a0\u00a0\u00a0\u00a0\u00a0\u00a0\u00a0\u00a0\u00a0\u00a0\u00a0\u00a0\u00a0\u00a0\u00a0\u00a0\u00a0\u00a0\u00a0\u00a0\u00a0\u00a0\u00a0\u00a0\u00a0\u00a0\u00a0\u00a0\u00a0\u00a0\u00a0\u00a0\u00a0\u00a0\u00a0\u00a0\u00a0\u00a0\u00a0\u00a0\u00a0\u00a0\u00a0\u00a0\u00a0\u00a0\u00a0\u00a0\u00a0\u00a0\u00a0\u00a0\u00a0\u00a0\u00a0\u00a0\u00a0\u00a0\u00a0\u00a0\u00a0\u00a0\u00a0\u00a0\u00a0\u00a0\u00a0\u00a0\u00a0\u00a0\u00a0\u00a0\u00a0\u00a0\u00a0\u00a0\u00a0\u00a0\u00a0\u00a0\u00a0\u00a0\u00a0\u00a0\u00a0\u00a0\u00a0\u00a0\u00a0\u00a0\u00a0\u00a0\u00a0\u00a0\u00a0\u00a0\u00a0\u00a0\u00a0\u00a0\u00a0\u00a0\u00a0\u00a0\u00a0\u00a0\u00a0\u00a0\u00a0\u00a0\u00a0\u00a0\u00a0\u00a0\u00a0\u00a0\u00a0\u00a0\u00a0\u00a0\u00a0\u00a0\u00a0\u00a0\u00a0\u00a0\u00a0\u00a0\u00a0\u00a0\u00a0\u00a0\u00a0\u00a0 FORMATS DISPONIBLES:\u00a0\u00a0\u00a0\u00a0\u00a0\u00a0\u00a0\u00a0\u00a0 Di\u00e0metre: 0,35 mm - 6 mm\u00a0\u00a0\u00a0\u00a0\u00a0\u00a0\u00a0\u00a0\u00a0 Bobines de pl\u00e0stic de:\u00a0\u00a0\u00a0\u00a0 100 g.: 30 unitats\/caixa\u00a0\u00a0\u00a0\u00a0 250 g.: 40 unitats\/caixa\u00a0\u00a0\u00a0\u00a0 500 g.: 20 unitats\/caixa\u00a0\u00a0\u00a0\u00a0 1 kg.: 10 unitats\/caixa\u00a0\u00a0\u00a0\u00a0 2 kg i 4 kg: a petici\u00f3\u00a0\u00a0\u00a0\u00a0\u00a0\u00a0\u00a0\u00a0\u00a0 ** Consulta altres formats.\" \/>\n<meta name=\"robots\" content=\"index, follow, max-snippet:-1, max-image-preview:large, max-video-preview:-1\" \/>\n<link rel=\"canonical\" href=\"https:\/\/broquetas.com\/ca\/producto\/eco6-sn95-5-cu0-7-ag3-8-flux\/\" \/>\n<meta property=\"og:locale\" content=\"ca_ES\" \/>\n<meta property=\"og:type\" content=\"article\" \/>\n<meta property=\"og:title\" content=\"ECO6 Sn95.5\/Cu0.7\/Ag3.8  FLUX - BROQUETAS, S.L.\" \/>\n<meta property=\"og:description\" content=\"Sn95.5 Cu0.7 Ag3.8 d&#039;acord amb la norma EN ISO 9453. Aliatge 713.\u00a0\u00a0 Compleix la directiva RoHS\u00a0\u00a0\u00a0\u00a0 Camp d&#039;aplicaci\u00f3\u00a0\u00a0\u00a0\u00a0 Aliatge amb \u00e0nima de flux id\u00f2nia per a processos de soldadura electr\u00f2nica\u00a0\u00a0 per ona i immersi\u00f3. Els fils ECO amb flux lliures de plom, s\u00f3n aliatges\u00a0\u00a0 realitzades amb materials d&#039;alta puresa, reduint la formaci\u00f3 d&#039;esc\u00f2ria.\u00a0\u00a0 Especialment adequada per a soldadura manual i automatitzada, per a\u00a0\u00a0 l&#039;acoblament de components de muntatge superficial de la ind\u00fastria de\u00a0\u00a0 l&#039;electr\u00f2nica. Garanteixen un grau alt de flu\u00efdesa en la soldadura i una uni\u00f3\u00a0\u00a0 \u00f2ptima.\u00a0\u00a0\u00a0\u00a0\u00a0\u00a0\u00a0\u00a0\u00a0\u00a0\u00a0\u00a0\u00a0\u00a0\u00a0\u00a0\u00a0\u00a0\u00a0\u00a0\u00a0\u00a0\u00a0\u00a0\u00a0\u00a0\u00a0\u00a0\u00a0\u00a0\u00a0\u00a0\u00a0\u00a0\u00a0\u00a0\u00a0\u00a0\u00a0\u00a0\u00a0\u00a0\u00a0\u00a0\u00a0\u00a0\u00a0\u00a0\u00a0\u00a0\u00a0\u00a0\u00a0\u00a0\u00a0\u00a0\u00a0\u00a0\u00a0\u00a0\u00a0\u00a0\u00a0\u00a0\u00a0\u00a0\u00a0\u00a0\u00a0\u00a0\u00a0\u00a0\u00a0\u00a0\u00a0\u00a0\u00a0\u00a0\u00a0\u00a0\u00a0\u00a0\u00a0\u00a0\u00a0\u00a0\u00a0\u00a0\u00a0\u00a0\u00a0\u00a0\u00a0\u00a0\u00a0\u00a0\u00a0\u00a0\u00a0\u00a0\u00a0\u00a0\u00a0\u00a0\u00a0\u00a0\u00a0\u00a0\u00a0\u00a0\u00a0\u00a0\u00a0\u00a0\u00a0\u00a0\u00a0\u00a0\u00a0\u00a0\u00a0\u00a0\u00a0\u00a0\u00a0\u00a0\u00a0\u00a0\u00a0\u00a0\u00a0\u00a0\u00a0\u00a0\u00a0\u00a0\u00a0\u00a0\u00a0\u00a0\u00a0\u00a0\u00a0\u00a0\u00a0\u00a0\u00a0\u00a0\u00a0\u00a0\u00a0\u00a0\u00a0\u00a0\u00a0\u00a0\u00a0\u00a0\u00a0\u00a0\u00a0\u00a0\u00a0\u00a0\u00a0\u00a0\u00a0\u00a0\u00a0\u00a0\u00a0 FORMATS DISPONIBLES:\u00a0\u00a0\u00a0\u00a0\u00a0\u00a0\u00a0\u00a0\u00a0 Di\u00e0metre: 0,35 mm - 6 mm\u00a0\u00a0\u00a0\u00a0\u00a0\u00a0\u00a0\u00a0\u00a0 Bobines de pl\u00e0stic de:\u00a0\u00a0\u00a0\u00a0 100 g.: 30 unitats\/caixa\u00a0\u00a0\u00a0\u00a0 250 g.: 40 unitats\/caixa\u00a0\u00a0\u00a0\u00a0 500 g.: 20 unitats\/caixa\u00a0\u00a0\u00a0\u00a0 1 kg.: 10 unitats\/caixa\u00a0\u00a0\u00a0\u00a0 2 kg i 4 kg: a petici\u00f3\u00a0\u00a0\u00a0\u00a0\u00a0\u00a0\u00a0\u00a0\u00a0 ** Consulta altres formats.\" \/>\n<meta property=\"og:url\" content=\"https:\/\/broquetas.com\/ca\/producto\/eco6-sn95-5-cu0-7-ag3-8-flux\/\" \/>\n<meta property=\"og:site_name\" content=\"BROQUETAS, S.L.\" \/>\n<meta property=\"article:modified_time\" content=\"2022-08-01T14:33:24+00:00\" \/>\n<meta property=\"og:image\" content=\"https:\/\/broquetas.com\/wp-content\/uploads\/2022\/02\/B11MAC-05200-2V103.png\" \/>\n\t<meta property=\"og:image:width\" content=\"1080\" \/>\n\t<meta property=\"og:image:height\" content=\"1080\" \/>\n\t<meta property=\"og:image:type\" content=\"image\/png\" \/>\n<meta name=\"twitter:card\" content=\"summary_large_image\" \/>\n<meta name=\"twitter:label1\" content=\"Temps estimat de lectura\" \/>\n\t<meta name=\"twitter:data1\" content=\"1 minut\" \/>\n<script type=\"application\/ld+json\" class=\"yoast-schema-graph\">{\"@context\":\"https:\/\/schema.org\",\"@graph\":[{\"@type\":\"WebPage\",\"@id\":\"https:\/\/broquetas.com\/ca\/producto\/eco6-sn95-5-cu0-7-ag3-8-flux\/\",\"url\":\"https:\/\/broquetas.com\/ca\/producto\/eco6-sn95-5-cu0-7-ag3-8-flux\/\",\"name\":\"ECO6 Sn95.5\/Cu0.7\/Ag3.8 FLUX - BROQUETAS, S.L.\",\"isPartOf\":{\"@id\":\"https:\/\/broquetas.com\/#website\"},\"primaryImageOfPage\":{\"@id\":\"https:\/\/broquetas.com\/ca\/producto\/eco6-sn95-5-cu0-7-ag3-8-flux\/#primaryimage\"},\"image\":{\"@id\":\"https:\/\/broquetas.com\/ca\/producto\/eco6-sn95-5-cu0-7-ag3-8-flux\/#primaryimage\"},\"thumbnailUrl\":\"https:\/\/broquetas.com\/wp-content\/uploads\/2022\/02\/B11MAC-05200-2V103.png\",\"datePublished\":\"2022-02-24T21:13:31+00:00\",\"dateModified\":\"2022-08-01T14:33:24+00:00\",\"description\":\"Sn95.5 Cu0.7 Ag3.8 d'acord amb la norma EN ISO 9453. Aliatge 713.\u00a0\u00a0 Compleix la directiva RoHS\u00a0\u00a0\u00a0\u00a0 Camp d'aplicaci\u00f3\u00a0\u00a0\u00a0\u00a0 Aliatge amb \u00e0nima de flux id\u00f2nia per a processos de soldadura electr\u00f2nica\u00a0\u00a0 per ona i immersi\u00f3. Els fils ECO amb flux lliures de plom, s\u00f3n aliatges\u00a0\u00a0 realitzades amb materials d'alta puresa, reduint la formaci\u00f3 d'esc\u00f2ria.\u00a0\u00a0 Especialment adequada per a soldadura manual i automatitzada, per a\u00a0\u00a0 l'acoblament de components de muntatge superficial de la ind\u00fastria de\u00a0\u00a0 l'electr\u00f2nica. Garanteixen un grau alt de flu\u00efdesa en la soldadura i una uni\u00f3\u00a0\u00a0 \u00f2ptima.\u00a0\u00a0\u00a0\u00a0\u00a0\u00a0\u00a0\u00a0\u00a0\u00a0\u00a0\u00a0\u00a0\u00a0\u00a0\u00a0\u00a0\u00a0\u00a0\u00a0\u00a0\u00a0\u00a0\u00a0\u00a0\u00a0\u00a0\u00a0\u00a0\u00a0\u00a0\u00a0\u00a0\u00a0\u00a0\u00a0\u00a0\u00a0\u00a0\u00a0\u00a0\u00a0\u00a0\u00a0\u00a0\u00a0\u00a0\u00a0\u00a0\u00a0\u00a0\u00a0\u00a0\u00a0\u00a0\u00a0\u00a0\u00a0\u00a0\u00a0\u00a0\u00a0\u00a0\u00a0\u00a0\u00a0\u00a0\u00a0\u00a0\u00a0\u00a0\u00a0\u00a0\u00a0\u00a0\u00a0\u00a0\u00a0\u00a0\u00a0\u00a0\u00a0\u00a0\u00a0\u00a0\u00a0\u00a0\u00a0\u00a0\u00a0\u00a0\u00a0\u00a0\u00a0\u00a0\u00a0\u00a0\u00a0\u00a0\u00a0\u00a0\u00a0\u00a0\u00a0\u00a0\u00a0\u00a0\u00a0\u00a0\u00a0\u00a0\u00a0\u00a0\u00a0\u00a0\u00a0\u00a0\u00a0\u00a0\u00a0\u00a0\u00a0\u00a0\u00a0\u00a0\u00a0\u00a0\u00a0\u00a0\u00a0\u00a0\u00a0\u00a0\u00a0\u00a0\u00a0\u00a0\u00a0\u00a0\u00a0\u00a0\u00a0\u00a0\u00a0\u00a0\u00a0\u00a0\u00a0\u00a0\u00a0\u00a0\u00a0\u00a0\u00a0\u00a0\u00a0\u00a0\u00a0\u00a0\u00a0\u00a0\u00a0\u00a0\u00a0\u00a0\u00a0\u00a0\u00a0\u00a0\u00a0\u00a0 FORMATS DISPONIBLES:\u00a0\u00a0\u00a0\u00a0\u00a0\u00a0\u00a0\u00a0\u00a0 Di\u00e0metre: 0,35 mm - 6 mm\u00a0\u00a0\u00a0\u00a0\u00a0\u00a0\u00a0\u00a0\u00a0 Bobines de pl\u00e0stic de:\u00a0\u00a0\u00a0\u00a0 100 g.: 30 unitats\/caixa\u00a0\u00a0\u00a0\u00a0 250 g.: 40 unitats\/caixa\u00a0\u00a0\u00a0\u00a0 500 g.: 20 unitats\/caixa\u00a0\u00a0\u00a0\u00a0 1 kg.: 10 unitats\/caixa\u00a0\u00a0\u00a0\u00a0 2 kg i 4 kg: a petici\u00f3\u00a0\u00a0\u00a0\u00a0\u00a0\u00a0\u00a0\u00a0\u00a0 ** Consulta altres formats.\",\"breadcrumb\":{\"@id\":\"https:\/\/broquetas.com\/ca\/producto\/eco6-sn95-5-cu0-7-ag3-8-flux\/#breadcrumb\"},\"inLanguage\":\"ca\",\"potentialAction\":[{\"@type\":\"ReadAction\",\"target\":[\"https:\/\/broquetas.com\/ca\/producto\/eco6-sn95-5-cu0-7-ag3-8-flux\/\"]}]},{\"@type\":\"ImageObject\",\"inLanguage\":\"ca\",\"@id\":\"https:\/\/broquetas.com\/ca\/producto\/eco6-sn95-5-cu0-7-ag3-8-flux\/#primaryimage\",\"url\":\"https:\/\/broquetas.com\/wp-content\/uploads\/2022\/02\/B11MAC-05200-2V103.png\",\"contentUrl\":\"https:\/\/broquetas.com\/wp-content\/uploads\/2022\/02\/B11MAC-05200-2V103.png\",\"width\":1080,\"height\":1080},{\"@type\":\"BreadcrumbList\",\"@id\":\"https:\/\/broquetas.com\/ca\/producto\/eco6-sn95-5-cu0-7-ag3-8-flux\/#breadcrumb\",\"itemListElement\":[{\"@type\":\"ListItem\",\"position\":1,\"name\":\"Home\",\"item\":\"https:\/\/broquetas.com\/\"},{\"@type\":\"ListItem\",\"position\":2,\"name\":\"Productes\",\"item\":\"https:\/\/broquetas.com\/ca\/productes\/\"},{\"@type\":\"ListItem\",\"position\":3,\"name\":\"ECO6 Sn95.5\/Cu0.7\/Ag3.8 FLUX\"}]},{\"@type\":\"WebSite\",\"@id\":\"https:\/\/broquetas.com\/#website\",\"url\":\"https:\/\/broquetas.com\/\",\"name\":\"BROQUETAS, S.L.\",\"description\":\"\",\"publisher\":{\"@id\":\"https:\/\/broquetas.com\/#organization\"},\"potentialAction\":[{\"@type\":\"SearchAction\",\"target\":{\"@type\":\"EntryPoint\",\"urlTemplate\":\"https:\/\/broquetas.com\/?s={search_term_string}\"},\"query-input\":{\"@type\":\"PropertyValueSpecification\",\"valueRequired\":true,\"valueName\":\"search_term_string\"}}],\"inLanguage\":\"ca\"},{\"@type\":\"Organization\",\"@id\":\"https:\/\/broquetas.com\/#organization\",\"name\":\"BROQUETAS S.L.\",\"url\":\"https:\/\/broquetas.com\/\",\"logo\":{\"@type\":\"ImageObject\",\"inLanguage\":\"ca\",\"@id\":\"https:\/\/broquetas.com\/#\/schema\/logo\/image\/\",\"url\":\"https:\/\/broquetas.com\/wp-content\/uploads\/2021\/08\/logo-broquetas-dark.png\",\"contentUrl\":\"https:\/\/broquetas.com\/wp-content\/uploads\/2021\/08\/logo-broquetas-dark.png\",\"width\":262,\"height\":150,\"caption\":\"BROQUETAS S.L.\"},\"image\":{\"@id\":\"https:\/\/broquetas.com\/#\/schema\/logo\/image\/\"},\"sameAs\":[\"https:\/\/www.linkedin.com\/in\/broquetas-s-l-broquetas-99a22283\/\",\"https:\/\/www.youtube.com\/channel\/UCDYxB3N3CMqWo9DA-oyiAdg\"]}]}<\/script>\n<!-- \/ Yoast SEO plugin. -->","yoast_head_json":{"title":"ECO6 Sn95.5\/Cu0.7\/Ag3.8  FLUX - BROQUETAS, S.L.","description":"Sn95.5 Cu0.7 Ag3.8 d'acord amb la norma EN ISO 9453. Aliatge 713.\u00a0\u00a0 Compleix la directiva RoHS\u00a0\u00a0\u00a0\u00a0 Camp d'aplicaci\u00f3\u00a0\u00a0\u00a0\u00a0 Aliatge amb \u00e0nima de flux id\u00f2nia per a processos de soldadura electr\u00f2nica\u00a0\u00a0 per ona i immersi\u00f3. Els fils ECO amb flux lliures de plom, s\u00f3n aliatges\u00a0\u00a0 realitzades amb materials d'alta puresa, reduint la formaci\u00f3 d'esc\u00f2ria.\u00a0\u00a0 Especialment adequada per a soldadura manual i automatitzada, per a\u00a0\u00a0 l'acoblament de components de muntatge superficial de la ind\u00fastria de\u00a0\u00a0 l'electr\u00f2nica. Garanteixen un grau alt de flu\u00efdesa en la soldadura i una uni\u00f3\u00a0\u00a0 \u00f2ptima.\u00a0\u00a0\u00a0\u00a0\u00a0\u00a0\u00a0\u00a0\u00a0\u00a0\u00a0\u00a0\u00a0\u00a0\u00a0\u00a0\u00a0\u00a0\u00a0\u00a0\u00a0\u00a0\u00a0\u00a0\u00a0\u00a0\u00a0\u00a0\u00a0\u00a0\u00a0\u00a0\u00a0\u00a0\u00a0\u00a0\u00a0\u00a0\u00a0\u00a0\u00a0\u00a0\u00a0\u00a0\u00a0\u00a0\u00a0\u00a0\u00a0\u00a0\u00a0\u00a0\u00a0\u00a0\u00a0\u00a0\u00a0\u00a0\u00a0\u00a0\u00a0\u00a0\u00a0\u00a0\u00a0\u00a0\u00a0\u00a0\u00a0\u00a0\u00a0\u00a0\u00a0\u00a0\u00a0\u00a0\u00a0\u00a0\u00a0\u00a0\u00a0\u00a0\u00a0\u00a0\u00a0\u00a0\u00a0\u00a0\u00a0\u00a0\u00a0\u00a0\u00a0\u00a0\u00a0\u00a0\u00a0\u00a0\u00a0\u00a0\u00a0\u00a0\u00a0\u00a0\u00a0\u00a0\u00a0\u00a0\u00a0\u00a0\u00a0\u00a0\u00a0\u00a0\u00a0\u00a0\u00a0\u00a0\u00a0\u00a0\u00a0\u00a0\u00a0\u00a0\u00a0\u00a0\u00a0\u00a0\u00a0\u00a0\u00a0\u00a0\u00a0\u00a0\u00a0\u00a0\u00a0\u00a0\u00a0\u00a0\u00a0\u00a0\u00a0\u00a0\u00a0\u00a0\u00a0\u00a0\u00a0\u00a0\u00a0\u00a0\u00a0\u00a0\u00a0\u00a0\u00a0\u00a0\u00a0\u00a0\u00a0\u00a0\u00a0\u00a0\u00a0\u00a0\u00a0\u00a0\u00a0\u00a0\u00a0 FORMATS DISPONIBLES:\u00a0\u00a0\u00a0\u00a0\u00a0\u00a0\u00a0\u00a0\u00a0 Di\u00e0metre: 0,35 mm - 6 mm\u00a0\u00a0\u00a0\u00a0\u00a0\u00a0\u00a0\u00a0\u00a0 Bobines de pl\u00e0stic de:\u00a0\u00a0\u00a0\u00a0 100 g.: 30 unitats\/caixa\u00a0\u00a0\u00a0\u00a0 250 g.: 40 unitats\/caixa\u00a0\u00a0\u00a0\u00a0 500 g.: 20 unitats\/caixa\u00a0\u00a0\u00a0\u00a0 1 kg.: 10 unitats\/caixa\u00a0\u00a0\u00a0\u00a0 2 kg i 4 kg: a petici\u00f3\u00a0\u00a0\u00a0\u00a0\u00a0\u00a0\u00a0\u00a0\u00a0 ** Consulta altres formats.","robots":{"index":"index","follow":"follow","max-snippet":"max-snippet:-1","max-image-preview":"max-image-preview:large","max-video-preview":"max-video-preview:-1"},"canonical":"https:\/\/broquetas.com\/ca\/producto\/eco6-sn95-5-cu0-7-ag3-8-flux\/","og_locale":"ca_ES","og_type":"article","og_title":"ECO6 Sn95.5\/Cu0.7\/Ag3.8  FLUX - BROQUETAS, S.L.","og_description":"Sn95.5 Cu0.7 Ag3.8 d'acord amb la norma EN ISO 9453. Aliatge 713.\u00a0\u00a0 Compleix la directiva RoHS\u00a0\u00a0\u00a0\u00a0 Camp d'aplicaci\u00f3\u00a0\u00a0\u00a0\u00a0 Aliatge amb \u00e0nima de flux id\u00f2nia per a processos de soldadura electr\u00f2nica\u00a0\u00a0 per ona i immersi\u00f3. Els fils ECO amb flux lliures de plom, s\u00f3n aliatges\u00a0\u00a0 realitzades amb materials d'alta puresa, reduint la formaci\u00f3 d'esc\u00f2ria.\u00a0\u00a0 Especialment adequada per a soldadura manual i automatitzada, per a\u00a0\u00a0 l'acoblament de components de muntatge superficial de la ind\u00fastria de\u00a0\u00a0 l'electr\u00f2nica. Garanteixen un grau alt de flu\u00efdesa en la soldadura i una uni\u00f3\u00a0\u00a0 \u00f2ptima.\u00a0\u00a0\u00a0\u00a0\u00a0\u00a0\u00a0\u00a0\u00a0\u00a0\u00a0\u00a0\u00a0\u00a0\u00a0\u00a0\u00a0\u00a0\u00a0\u00a0\u00a0\u00a0\u00a0\u00a0\u00a0\u00a0\u00a0\u00a0\u00a0\u00a0\u00a0\u00a0\u00a0\u00a0\u00a0\u00a0\u00a0\u00a0\u00a0\u00a0\u00a0\u00a0\u00a0\u00a0\u00a0\u00a0\u00a0\u00a0\u00a0\u00a0\u00a0\u00a0\u00a0\u00a0\u00a0\u00a0\u00a0\u00a0\u00a0\u00a0\u00a0\u00a0\u00a0\u00a0\u00a0\u00a0\u00a0\u00a0\u00a0\u00a0\u00a0\u00a0\u00a0\u00a0\u00a0\u00a0\u00a0\u00a0\u00a0\u00a0\u00a0\u00a0\u00a0\u00a0\u00a0\u00a0\u00a0\u00a0\u00a0\u00a0\u00a0\u00a0\u00a0\u00a0\u00a0\u00a0\u00a0\u00a0\u00a0\u00a0\u00a0\u00a0\u00a0\u00a0\u00a0\u00a0\u00a0\u00a0\u00a0\u00a0\u00a0\u00a0\u00a0\u00a0\u00a0\u00a0\u00a0\u00a0\u00a0\u00a0\u00a0\u00a0\u00a0\u00a0\u00a0\u00a0\u00a0\u00a0\u00a0\u00a0\u00a0\u00a0\u00a0\u00a0\u00a0\u00a0\u00a0\u00a0\u00a0\u00a0\u00a0\u00a0\u00a0\u00a0\u00a0\u00a0\u00a0\u00a0\u00a0\u00a0\u00a0\u00a0\u00a0\u00a0\u00a0\u00a0\u00a0\u00a0\u00a0\u00a0\u00a0\u00a0\u00a0\u00a0\u00a0\u00a0\u00a0\u00a0\u00a0\u00a0\u00a0 FORMATS DISPONIBLES:\u00a0\u00a0\u00a0\u00a0\u00a0\u00a0\u00a0\u00a0\u00a0 Di\u00e0metre: 0,35 mm - 6 mm\u00a0\u00a0\u00a0\u00a0\u00a0\u00a0\u00a0\u00a0\u00a0 Bobines de pl\u00e0stic de:\u00a0\u00a0\u00a0\u00a0 100 g.: 30 unitats\/caixa\u00a0\u00a0\u00a0\u00a0 250 g.: 40 unitats\/caixa\u00a0\u00a0\u00a0\u00a0 500 g.: 20 unitats\/caixa\u00a0\u00a0\u00a0\u00a0 1 kg.: 10 unitats\/caixa\u00a0\u00a0\u00a0\u00a0 2 kg i 4 kg: a petici\u00f3\u00a0\u00a0\u00a0\u00a0\u00a0\u00a0\u00a0\u00a0\u00a0 ** Consulta altres formats.","og_url":"https:\/\/broquetas.com\/ca\/producto\/eco6-sn95-5-cu0-7-ag3-8-flux\/","og_site_name":"BROQUETAS, S.L.","article_modified_time":"2022-08-01T14:33:24+00:00","og_image":[{"width":1080,"height":1080,"url":"https:\/\/broquetas.com\/wp-content\/uploads\/2022\/02\/B11MAC-05200-2V103.png","type":"image\/png"}],"twitter_card":"summary_large_image","twitter_misc":{"Temps estimat de lectura":"1 minut"},"schema":{"@context":"https:\/\/schema.org","@graph":[{"@type":"WebPage","@id":"https:\/\/broquetas.com\/ca\/producto\/eco6-sn95-5-cu0-7-ag3-8-flux\/","url":"https:\/\/broquetas.com\/ca\/producto\/eco6-sn95-5-cu0-7-ag3-8-flux\/","name":"ECO6 Sn95.5\/Cu0.7\/Ag3.8 FLUX - BROQUETAS, S.L.","isPartOf":{"@id":"https:\/\/broquetas.com\/#website"},"primaryImageOfPage":{"@id":"https:\/\/broquetas.com\/ca\/producto\/eco6-sn95-5-cu0-7-ag3-8-flux\/#primaryimage"},"image":{"@id":"https:\/\/broquetas.com\/ca\/producto\/eco6-sn95-5-cu0-7-ag3-8-flux\/#primaryimage"},"thumbnailUrl":"https:\/\/broquetas.com\/wp-content\/uploads\/2022\/02\/B11MAC-05200-2V103.png","datePublished":"2022-02-24T21:13:31+00:00","dateModified":"2022-08-01T14:33:24+00:00","description":"Sn95.5 Cu0.7 Ag3.8 d'acord amb la norma EN ISO 9453. Aliatge 713.\u00a0\u00a0 Compleix la directiva RoHS\u00a0\u00a0\u00a0\u00a0 Camp d'aplicaci\u00f3\u00a0\u00a0\u00a0\u00a0 Aliatge amb \u00e0nima de flux id\u00f2nia per a processos de soldadura electr\u00f2nica\u00a0\u00a0 per ona i immersi\u00f3. Els fils ECO amb flux lliures de plom, s\u00f3n aliatges\u00a0\u00a0 realitzades amb materials d'alta puresa, reduint la formaci\u00f3 d'esc\u00f2ria.\u00a0\u00a0 Especialment adequada per a soldadura manual i automatitzada, per a\u00a0\u00a0 l'acoblament de components de muntatge superficial de la ind\u00fastria de\u00a0\u00a0 l'electr\u00f2nica. Garanteixen un grau alt de flu\u00efdesa en la soldadura i una uni\u00f3\u00a0\u00a0 \u00f2ptima.\u00a0\u00a0\u00a0\u00a0\u00a0\u00a0\u00a0\u00a0\u00a0\u00a0\u00a0\u00a0\u00a0\u00a0\u00a0\u00a0\u00a0\u00a0\u00a0\u00a0\u00a0\u00a0\u00a0\u00a0\u00a0\u00a0\u00a0\u00a0\u00a0\u00a0\u00a0\u00a0\u00a0\u00a0\u00a0\u00a0\u00a0\u00a0\u00a0\u00a0\u00a0\u00a0\u00a0\u00a0\u00a0\u00a0\u00a0\u00a0\u00a0\u00a0\u00a0\u00a0\u00a0\u00a0\u00a0\u00a0\u00a0\u00a0\u00a0\u00a0\u00a0\u00a0\u00a0\u00a0\u00a0\u00a0\u00a0\u00a0\u00a0\u00a0\u00a0\u00a0\u00a0\u00a0\u00a0\u00a0\u00a0\u00a0\u00a0\u00a0\u00a0\u00a0\u00a0\u00a0\u00a0\u00a0\u00a0\u00a0\u00a0\u00a0\u00a0\u00a0\u00a0\u00a0\u00a0\u00a0\u00a0\u00a0\u00a0\u00a0\u00a0\u00a0\u00a0\u00a0\u00a0\u00a0\u00a0\u00a0\u00a0\u00a0\u00a0\u00a0\u00a0\u00a0\u00a0\u00a0\u00a0\u00a0\u00a0\u00a0\u00a0\u00a0\u00a0\u00a0\u00a0\u00a0\u00a0\u00a0\u00a0\u00a0\u00a0\u00a0\u00a0\u00a0\u00a0\u00a0\u00a0\u00a0\u00a0\u00a0\u00a0\u00a0\u00a0\u00a0\u00a0\u00a0\u00a0\u00a0\u00a0\u00a0\u00a0\u00a0\u00a0\u00a0\u00a0\u00a0\u00a0\u00a0\u00a0\u00a0\u00a0\u00a0\u00a0\u00a0\u00a0\u00a0\u00a0\u00a0\u00a0\u00a0\u00a0 FORMATS DISPONIBLES:\u00a0\u00a0\u00a0\u00a0\u00a0\u00a0\u00a0\u00a0\u00a0 Di\u00e0metre: 0,35 mm - 6 mm\u00a0\u00a0\u00a0\u00a0\u00a0\u00a0\u00a0\u00a0\u00a0 Bobines de pl\u00e0stic de:\u00a0\u00a0\u00a0\u00a0 100 g.: 30 unitats\/caixa\u00a0\u00a0\u00a0\u00a0 250 g.: 40 unitats\/caixa\u00a0\u00a0\u00a0\u00a0 500 g.: 20 unitats\/caixa\u00a0\u00a0\u00a0\u00a0 1 kg.: 10 unitats\/caixa\u00a0\u00a0\u00a0\u00a0 2 kg i 4 kg: a petici\u00f3\u00a0\u00a0\u00a0\u00a0\u00a0\u00a0\u00a0\u00a0\u00a0 ** Consulta altres formats.","breadcrumb":{"@id":"https:\/\/broquetas.com\/ca\/producto\/eco6-sn95-5-cu0-7-ag3-8-flux\/#breadcrumb"},"inLanguage":"ca","potentialAction":[{"@type":"ReadAction","target":["https:\/\/broquetas.com\/ca\/producto\/eco6-sn95-5-cu0-7-ag3-8-flux\/"]}]},{"@type":"ImageObject","inLanguage":"ca","@id":"https:\/\/broquetas.com\/ca\/producto\/eco6-sn95-5-cu0-7-ag3-8-flux\/#primaryimage","url":"https:\/\/broquetas.com\/wp-content\/uploads\/2022\/02\/B11MAC-05200-2V103.png","contentUrl":"https:\/\/broquetas.com\/wp-content\/uploads\/2022\/02\/B11MAC-05200-2V103.png","width":1080,"height":1080},{"@type":"BreadcrumbList","@id":"https:\/\/broquetas.com\/ca\/producto\/eco6-sn95-5-cu0-7-ag3-8-flux\/#breadcrumb","itemListElement":[{"@type":"ListItem","position":1,"name":"Home","item":"https:\/\/broquetas.com\/"},{"@type":"ListItem","position":2,"name":"Productes","item":"https:\/\/broquetas.com\/ca\/productes\/"},{"@type":"ListItem","position":3,"name":"ECO6 Sn95.5\/Cu0.7\/Ag3.8 FLUX"}]},{"@type":"WebSite","@id":"https:\/\/broquetas.com\/#website","url":"https:\/\/broquetas.com\/","name":"BROQUETAS, S.L.","description":"","publisher":{"@id":"https:\/\/broquetas.com\/#organization"},"potentialAction":[{"@type":"SearchAction","target":{"@type":"EntryPoint","urlTemplate":"https:\/\/broquetas.com\/?s={search_term_string}"},"query-input":{"@type":"PropertyValueSpecification","valueRequired":true,"valueName":"search_term_string"}}],"inLanguage":"ca"},{"@type":"Organization","@id":"https:\/\/broquetas.com\/#organization","name":"BROQUETAS S.L.","url":"https:\/\/broquetas.com\/","logo":{"@type":"ImageObject","inLanguage":"ca","@id":"https:\/\/broquetas.com\/#\/schema\/logo\/image\/","url":"https:\/\/broquetas.com\/wp-content\/uploads\/2021\/08\/logo-broquetas-dark.png","contentUrl":"https:\/\/broquetas.com\/wp-content\/uploads\/2021\/08\/logo-broquetas-dark.png","width":262,"height":150,"caption":"BROQUETAS S.L."},"image":{"@id":"https:\/\/broquetas.com\/#\/schema\/logo\/image\/"},"sameAs":["https:\/\/www.linkedin.com\/in\/broquetas-s-l-broquetas-99a22283\/","https:\/\/www.youtube.com\/channel\/UCDYxB3N3CMqWo9DA-oyiAdg"]}]}},"_links":{"self":[{"href":"https:\/\/broquetas.com\/ca\/wp-json\/wp\/v2\/product\/8233","targetHints":{"allow":["GET"]}}],"collection":[{"href":"https:\/\/broquetas.com\/ca\/wp-json\/wp\/v2\/product"}],"about":[{"href":"https:\/\/broquetas.com\/ca\/wp-json\/wp\/v2\/types\/product"}],"replies":[{"embeddable":true,"href":"https:\/\/broquetas.com\/ca\/wp-json\/wp\/v2\/comments?post=8233"}],"wp:featuredmedia":[{"embeddable":true,"href":"https:\/\/broquetas.com\/ca\/wp-json\/wp\/v2\/media\/5971"}],"wp:attachment":[{"href":"https:\/\/broquetas.com\/ca\/wp-json\/wp\/v2\/media?parent=8233"}],"wp:term":[{"taxonomy":"product_brand","embeddable":true,"href":"https:\/\/broquetas.com\/ca\/wp-json\/wp\/v2\/product_brand?post=8233"},{"taxonomy":"product_cat","embeddable":true,"href":"https:\/\/broquetas.com\/ca\/wp-json\/wp\/v2\/product_cat?post=8233"},{"taxonomy":"product_tag","embeddable":true,"href":"https:\/\/broquetas.com\/ca\/wp-json\/wp\/v2\/product_tag?post=8233"}],"curies":[{"name":"wp","href":"https:\/\/api.w.org\/{rel}","templated":true}]}}