{"id":8230,"date":"2022-02-24T22:13:32","date_gmt":"2022-02-24T21:13:32","guid":{"rendered":"https:\/\/broquetas.com\/producto\/eco3-sn97-cu3-b5-solder-aluminum\/"},"modified":"2022-08-01T16:33:16","modified_gmt":"2022-08-01T14:33:16","slug":"eco3-sn97-cu3-b5-solder-aluminum","status":"publish","type":"product","link":"https:\/\/broquetas.com\/ca\/producto\/eco3-sn97-cu3-b5-solder-aluminum\/","title":{"rendered":"ECO3  Sn97\/Cu3  B5  SOLDER ALUMINUM"},"content":{"rendered":"<p>ECO 3 B5 (Sn97-Cu3) \u00e9s un aliatge d&#8217;alt rendiment compost per un<br \/>\n  aliatge estany-coure i lliure de plom. La composici\u00f3 d&#8217;aquest aliatge<br \/>\n  compleix la normativa ISO 9453:2015 (aliatge 402) i la normativa RoHS.<br \/>\n    Aix\u00f2 fa que el nostre aliatge ECO 3 pugui ser \u00fatil en diferents processos,<br \/>\n  incloent-hi la soldadura d&#8217;onada, selectiva i per immersi\u00f3, a m\u00e9s de ser apta<br \/>\n  per a la Inserci\u00f3 i retoc de components per a la tecnologia de muntatge en<br \/>\n  superf\u00edcie per a la ind\u00fastria d&#8217;acoblament electr\u00f2nic. El fil ECO 3 &#8211; B5<br \/>\n  cont\u00e9 un flux soluble en aigua especialment formulat per a la soldadura<br \/>\n  directa de coure o aliatges de base estany a alumini. Tamb\u00e9 presenta<br \/>\n  excel\u00b7lents propietats per a la soldadura d&#8217;aliatges de coure, alumini i<br \/>\n  alumini niquelat.<br \/>\n    El flux est\u00e0 compost per components altament efectius a la soldadura<br \/>\n  d&#8217;alumini juntament amb un sistema d&#8217;uni\u00f3 \u00fanic que proporcionen una<br \/>\n  estabilitat i les propietats excel\u00b7lents per a la soldadura tova d&#8217;alumini.<br \/>\n  El flux B5 compleix les directives RoHS i REACH.<\/p>\n<p>    VALOR AFEGIT<br \/>\n    n Excel\u00b7lents propietats d&#8217;extensi\u00f3 i humectaci\u00f3 de la superf\u00edcie a<br \/>\n  soldar.<br \/>\n    n Compatibilitat amb una \u00e0mplia gamma d&#8217;aliatges de base estany.<br \/>\n    n Permet connexions directes coure-alumini i alumini-alumini.<br \/>\n    n Alt rendiment a la soldadura alumini-n\u00edquel i alumini-llaut\u00f3. FORMATS<br \/>\n  DISPONIBLES<br \/>\n    El fil es pot lliurar en els di\u00e0metres seg\u00fcents: \u00d8 1.5, 2, 3 i 4 mm.<br \/>\n    PACKAGING<br \/>\n    n 500 g.: 20 unitats\/embalatge<br \/>\n    n 1 kg.: 10 unitats\/embalatge<br \/>\n    ** Consulteu altres formats.<\/p>\n","protected":false},"excerpt":{"rendered":"<p>FIL SENSE PLOM<br \/>\n  AMB\u00a0 PER SOLDAR ALUMINI<\/p>\n","protected":false},"featured_media":5999,"comment_status":"open","ping_status":"closed","template":"","meta":{"_joinchat":[]},"product_brand":[],"product_cat":[143,144],"product_tag":[],"class_list":{"0":"post-8230","1":"product","2":"type-product","3":"status-publish","4":"has-post-thumbnail","6":"product_cat-reparacion-y-retrabajo-ca","7":"product_cat-soldadura-manual-ca","9":"first","10":"instock","11":"taxable","12":"shipping-taxable","13":"product-type-simple"},"yoast_head":"<!-- This site is optimized with the Yoast SEO plugin v26.9 - https:\/\/yoast.com\/product\/yoast-seo-wordpress\/ -->\n<title>ECO3 Sn97\/Cu3 B5 SOLDER ALUMINUM - BROQUETAS, S.L.<\/title>\n<meta name=\"description\" content=\"ECO 3 B5 (Sn97-Cu3) \u00e9s un aliatge d&#039;alt rendiment compost per un\u00a0\u00a0 aliatge estany-coure i lliure de plom. La composici\u00f3 d&#039;aquest aliatge\u00a0\u00a0 compleix la normativa ISO 9453:2015 (aliatge 402) i la normativa RoHS.\u00a0\u00a0\u00a0\u00a0 Aix\u00f2 fa que el nostre aliatge ECO 3 pugui ser \u00fatil en diferents processos,\u00a0\u00a0 incloent-hi la soldadura d&#039;onada, selectiva i per immersi\u00f3, a m\u00e9s de ser apta\u00a0\u00a0 per a la Inserci\u00f3 i retoc de components per a la tecnologia de muntatge en\u00a0\u00a0 superf\u00edcie per a la ind\u00fastria d&#039;acoblament electr\u00f2nic. El fil ECO 3 - B5\u00a0\u00a0 cont\u00e9 un flux soluble en aigua especialment formulat per a la soldadura\u00a0\u00a0 directa de coure o aliatges de base estany a alumini. Tamb\u00e9 presenta\u00a0\u00a0 excel\u00b7lents propietats per a la soldadura d&#039;aliatges de coure, alumini i\u00a0\u00a0 alumini niquelat.\u00a0\u00a0\u00a0\u00a0 El flux est\u00e0 compost per components altament efectius a la soldadura\u00a0\u00a0 d&#039;alumini juntament amb un sistema d&#039;uni\u00f3 \u00fanic que proporcionen una\u00a0\u00a0 estabilitat i les propietats excel\u00b7lents per a la soldadura tova d&#039;alumini.\u00a0\u00a0 El flux B5 compleix les directives RoHS i REACH.\u00a0\u00a0\u00a0\u00a0\u00a0\u00a0\u00a0\u00a0\u00a0 VALOR AFEGIT\u00a0\u00a0\u00a0\u00a0 n Excel\u00b7lents propietats d&#039;extensi\u00f3 i humectaci\u00f3 de la superf\u00edcie a\u00a0\u00a0 soldar.\u00a0\u00a0\u00a0\u00a0 n Compatibilitat amb una \u00e0mplia gamma d&#039;aliatges de base estany.\u00a0\u00a0\u00a0\u00a0 n Permet connexions directes coure-alumini i alumini-alumini.\u00a0\u00a0\u00a0\u00a0 n Alt rendiment a la soldadura alumini-n\u00edquel i alumini-llaut\u00f3. FORMATS\u00a0\u00a0 DISPONIBLES\u00a0\u00a0\u00a0\u00a0 El fil es pot lliurar en els di\u00e0metres seg\u00fcents: \u00d8 1.5, 2, 3 i 4 mm.\u00a0\u00a0\u00a0\u00a0 PACKAGING\u00a0\u00a0\u00a0\u00a0 n 500 g.: 20 unitats\/embalatge\u00a0\u00a0\u00a0\u00a0 n 1 kg.: 10 unitats\/embalatge\u00a0\u00a0\u00a0\u00a0 ** Consulteu altres formats.\" \/>\n<meta name=\"robots\" content=\"index, follow, max-snippet:-1, max-image-preview:large, max-video-preview:-1\" \/>\n<link rel=\"canonical\" href=\"https:\/\/broquetas.com\/ca\/producto\/eco3-sn97-cu3-b5-solder-aluminum\/\" \/>\n<meta property=\"og:locale\" content=\"ca_ES\" \/>\n<meta property=\"og:type\" content=\"article\" \/>\n<meta property=\"og:title\" content=\"ECO3 Sn97\/Cu3 B5 SOLDER ALUMINUM - BROQUETAS, S.L.\" \/>\n<meta property=\"og:description\" content=\"ECO 3 B5 (Sn97-Cu3) \u00e9s un aliatge d&#039;alt rendiment compost per un\u00a0\u00a0 aliatge estany-coure i lliure de plom. La composici\u00f3 d&#039;aquest aliatge\u00a0\u00a0 compleix la normativa ISO 9453:2015 (aliatge 402) i la normativa RoHS.\u00a0\u00a0\u00a0\u00a0 Aix\u00f2 fa que el nostre aliatge ECO 3 pugui ser \u00fatil en diferents processos,\u00a0\u00a0 incloent-hi la soldadura d&#039;onada, selectiva i per immersi\u00f3, a m\u00e9s de ser apta\u00a0\u00a0 per a la Inserci\u00f3 i retoc de components per a la tecnologia de muntatge en\u00a0\u00a0 superf\u00edcie per a la ind\u00fastria d&#039;acoblament electr\u00f2nic. El fil ECO 3 - B5\u00a0\u00a0 cont\u00e9 un flux soluble en aigua especialment formulat per a la soldadura\u00a0\u00a0 directa de coure o aliatges de base estany a alumini. Tamb\u00e9 presenta\u00a0\u00a0 excel\u00b7lents propietats per a la soldadura d&#039;aliatges de coure, alumini i\u00a0\u00a0 alumini niquelat.\u00a0\u00a0\u00a0\u00a0 El flux est\u00e0 compost per components altament efectius a la soldadura\u00a0\u00a0 d&#039;alumini juntament amb un sistema d&#039;uni\u00f3 \u00fanic que proporcionen una\u00a0\u00a0 estabilitat i les propietats excel\u00b7lents per a la soldadura tova d&#039;alumini.\u00a0\u00a0 El flux B5 compleix les directives RoHS i REACH.\u00a0\u00a0\u00a0\u00a0\u00a0\u00a0\u00a0\u00a0\u00a0 VALOR AFEGIT\u00a0\u00a0\u00a0\u00a0 n Excel\u00b7lents propietats d&#039;extensi\u00f3 i humectaci\u00f3 de la superf\u00edcie a\u00a0\u00a0 soldar.\u00a0\u00a0\u00a0\u00a0 n Compatibilitat amb una \u00e0mplia gamma d&#039;aliatges de base estany.\u00a0\u00a0\u00a0\u00a0 n Permet connexions directes coure-alumini i alumini-alumini.\u00a0\u00a0\u00a0\u00a0 n Alt rendiment a la soldadura alumini-n\u00edquel i alumini-llaut\u00f3. FORMATS\u00a0\u00a0 DISPONIBLES\u00a0\u00a0\u00a0\u00a0 El fil es pot lliurar en els di\u00e0metres seg\u00fcents: \u00d8 1.5, 2, 3 i 4 mm.\u00a0\u00a0\u00a0\u00a0 PACKAGING\u00a0\u00a0\u00a0\u00a0 n 500 g.: 20 unitats\/embalatge\u00a0\u00a0\u00a0\u00a0 n 1 kg.: 10 unitats\/embalatge\u00a0\u00a0\u00a0\u00a0 ** Consulteu altres formats.\" \/>\n<meta property=\"og:url\" content=\"https:\/\/broquetas.com\/ca\/producto\/eco3-sn97-cu3-b5-solder-aluminum\/\" \/>\n<meta property=\"og:site_name\" content=\"BROQUETAS, S.L.\" \/>\n<meta property=\"article:modified_time\" content=\"2022-08-01T14:33:16+00:00\" \/>\n<meta property=\"og:image\" content=\"https:\/\/broquetas.com\/wp-content\/uploads\/2022\/02\/B13B5-15150-15V103.png\" \/>\n\t<meta property=\"og:image:width\" content=\"1080\" \/>\n\t<meta property=\"og:image:height\" content=\"1080\" \/>\n\t<meta property=\"og:image:type\" content=\"image\/png\" \/>\n<meta name=\"twitter:card\" content=\"summary_large_image\" \/>\n<meta name=\"twitter:label1\" content=\"Temps estimat de lectura\" \/>\n\t<meta name=\"twitter:data1\" content=\"1 minut\" \/>\n<script type=\"application\/ld+json\" class=\"yoast-schema-graph\">{\"@context\":\"https:\/\/schema.org\",\"@graph\":[{\"@type\":\"WebPage\",\"@id\":\"https:\/\/broquetas.com\/ca\/producto\/eco3-sn97-cu3-b5-solder-aluminum\/\",\"url\":\"https:\/\/broquetas.com\/ca\/producto\/eco3-sn97-cu3-b5-solder-aluminum\/\",\"name\":\"ECO3 Sn97\/Cu3 B5 SOLDER ALUMINUM - BROQUETAS, S.L.\",\"isPartOf\":{\"@id\":\"https:\/\/broquetas.com\/#website\"},\"primaryImageOfPage\":{\"@id\":\"https:\/\/broquetas.com\/ca\/producto\/eco3-sn97-cu3-b5-solder-aluminum\/#primaryimage\"},\"image\":{\"@id\":\"https:\/\/broquetas.com\/ca\/producto\/eco3-sn97-cu3-b5-solder-aluminum\/#primaryimage\"},\"thumbnailUrl\":\"https:\/\/broquetas.com\/wp-content\/uploads\/2022\/02\/B13B5-15150-15V103.png\",\"datePublished\":\"2022-02-24T21:13:32+00:00\",\"dateModified\":\"2022-08-01T14:33:16+00:00\",\"description\":\"ECO 3 B5 (Sn97-Cu3) \u00e9s un aliatge d'alt rendiment compost per un\u00a0\u00a0 aliatge estany-coure i lliure de plom. La composici\u00f3 d'aquest aliatge\u00a0\u00a0 compleix la normativa ISO 9453:2015 (aliatge 402) i la normativa RoHS.\u00a0\u00a0\u00a0\u00a0 Aix\u00f2 fa que el nostre aliatge ECO 3 pugui ser \u00fatil en diferents processos,\u00a0\u00a0 incloent-hi la soldadura d'onada, selectiva i per immersi\u00f3, a m\u00e9s de ser apta\u00a0\u00a0 per a la Inserci\u00f3 i retoc de components per a la tecnologia de muntatge en\u00a0\u00a0 superf\u00edcie per a la ind\u00fastria d'acoblament electr\u00f2nic. El fil ECO 3 - B5\u00a0\u00a0 cont\u00e9 un flux soluble en aigua especialment formulat per a la soldadura\u00a0\u00a0 directa de coure o aliatges de base estany a alumini. Tamb\u00e9 presenta\u00a0\u00a0 excel\u00b7lents propietats per a la soldadura d'aliatges de coure, alumini i\u00a0\u00a0 alumini niquelat.\u00a0\u00a0\u00a0\u00a0 El flux est\u00e0 compost per components altament efectius a la soldadura\u00a0\u00a0 d'alumini juntament amb un sistema d'uni\u00f3 \u00fanic que proporcionen una\u00a0\u00a0 estabilitat i les propietats excel\u00b7lents per a la soldadura tova d'alumini.\u00a0\u00a0 El flux B5 compleix les directives RoHS i REACH.\u00a0\u00a0\u00a0\u00a0\u00a0\u00a0\u00a0\u00a0\u00a0 VALOR AFEGIT\u00a0\u00a0\u00a0\u00a0 n Excel\u00b7lents propietats d'extensi\u00f3 i humectaci\u00f3 de la superf\u00edcie a\u00a0\u00a0 soldar.\u00a0\u00a0\u00a0\u00a0 n Compatibilitat amb una \u00e0mplia gamma d'aliatges de base estany.\u00a0\u00a0\u00a0\u00a0 n Permet connexions directes coure-alumini i alumini-alumini.\u00a0\u00a0\u00a0\u00a0 n Alt rendiment a la soldadura alumini-n\u00edquel i alumini-llaut\u00f3. FORMATS\u00a0\u00a0 DISPONIBLES\u00a0\u00a0\u00a0\u00a0 El fil es pot lliurar en els di\u00e0metres seg\u00fcents: \u00d8 1.5, 2, 3 i 4 mm.\u00a0\u00a0\u00a0\u00a0 PACKAGING\u00a0\u00a0\u00a0\u00a0 n 500 g.: 20 unitats\/embalatge\u00a0\u00a0\u00a0\u00a0 n 1 kg.: 10 unitats\/embalatge\u00a0\u00a0\u00a0\u00a0 ** Consulteu altres formats.\",\"breadcrumb\":{\"@id\":\"https:\/\/broquetas.com\/ca\/producto\/eco3-sn97-cu3-b5-solder-aluminum\/#breadcrumb\"},\"inLanguage\":\"ca\",\"potentialAction\":[{\"@type\":\"ReadAction\",\"target\":[\"https:\/\/broquetas.com\/ca\/producto\/eco3-sn97-cu3-b5-solder-aluminum\/\"]}]},{\"@type\":\"ImageObject\",\"inLanguage\":\"ca\",\"@id\":\"https:\/\/broquetas.com\/ca\/producto\/eco3-sn97-cu3-b5-solder-aluminum\/#primaryimage\",\"url\":\"https:\/\/broquetas.com\/wp-content\/uploads\/2022\/02\/B13B5-15150-15V103.png\",\"contentUrl\":\"https:\/\/broquetas.com\/wp-content\/uploads\/2022\/02\/B13B5-15150-15V103.png\",\"width\":1080,\"height\":1080},{\"@type\":\"BreadcrumbList\",\"@id\":\"https:\/\/broquetas.com\/ca\/producto\/eco3-sn97-cu3-b5-solder-aluminum\/#breadcrumb\",\"itemListElement\":[{\"@type\":\"ListItem\",\"position\":1,\"name\":\"Home\",\"item\":\"https:\/\/broquetas.com\/\"},{\"@type\":\"ListItem\",\"position\":2,\"name\":\"Productes\",\"item\":\"https:\/\/broquetas.com\/ca\/productes\/\"},{\"@type\":\"ListItem\",\"position\":3,\"name\":\"ECO3 Sn97\/Cu3 B5 SOLDER ALUMINUM\"}]},{\"@type\":\"WebSite\",\"@id\":\"https:\/\/broquetas.com\/#website\",\"url\":\"https:\/\/broquetas.com\/\",\"name\":\"BROQUETAS, S.L.\",\"description\":\"\",\"publisher\":{\"@id\":\"https:\/\/broquetas.com\/#organization\"},\"potentialAction\":[{\"@type\":\"SearchAction\",\"target\":{\"@type\":\"EntryPoint\",\"urlTemplate\":\"https:\/\/broquetas.com\/?s={search_term_string}\"},\"query-input\":{\"@type\":\"PropertyValueSpecification\",\"valueRequired\":true,\"valueName\":\"search_term_string\"}}],\"inLanguage\":\"ca\"},{\"@type\":\"Organization\",\"@id\":\"https:\/\/broquetas.com\/#organization\",\"name\":\"BROQUETAS S.L.\",\"url\":\"https:\/\/broquetas.com\/\",\"logo\":{\"@type\":\"ImageObject\",\"inLanguage\":\"ca\",\"@id\":\"https:\/\/broquetas.com\/#\/schema\/logo\/image\/\",\"url\":\"https:\/\/broquetas.com\/wp-content\/uploads\/2021\/08\/logo-broquetas-dark.png\",\"contentUrl\":\"https:\/\/broquetas.com\/wp-content\/uploads\/2021\/08\/logo-broquetas-dark.png\",\"width\":262,\"height\":150,\"caption\":\"BROQUETAS S.L.\"},\"image\":{\"@id\":\"https:\/\/broquetas.com\/#\/schema\/logo\/image\/\"},\"sameAs\":[\"https:\/\/www.linkedin.com\/in\/broquetas-s-l-broquetas-99a22283\/\",\"https:\/\/www.youtube.com\/channel\/UCDYxB3N3CMqWo9DA-oyiAdg\"]}]}<\/script>\n<!-- \/ Yoast SEO plugin. -->","yoast_head_json":{"title":"ECO3 Sn97\/Cu3 B5 SOLDER ALUMINUM - BROQUETAS, S.L.","description":"ECO 3 B5 (Sn97-Cu3) \u00e9s un aliatge d'alt rendiment compost per un\u00a0\u00a0 aliatge estany-coure i lliure de plom. La composici\u00f3 d'aquest aliatge\u00a0\u00a0 compleix la normativa ISO 9453:2015 (aliatge 402) i la normativa RoHS.\u00a0\u00a0\u00a0\u00a0 Aix\u00f2 fa que el nostre aliatge ECO 3 pugui ser \u00fatil en diferents processos,\u00a0\u00a0 incloent-hi la soldadura d'onada, selectiva i per immersi\u00f3, a m\u00e9s de ser apta\u00a0\u00a0 per a la Inserci\u00f3 i retoc de components per a la tecnologia de muntatge en\u00a0\u00a0 superf\u00edcie per a la ind\u00fastria d'acoblament electr\u00f2nic. El fil ECO 3 - B5\u00a0\u00a0 cont\u00e9 un flux soluble en aigua especialment formulat per a la soldadura\u00a0\u00a0 directa de coure o aliatges de base estany a alumini. Tamb\u00e9 presenta\u00a0\u00a0 excel\u00b7lents propietats per a la soldadura d'aliatges de coure, alumini i\u00a0\u00a0 alumini niquelat.\u00a0\u00a0\u00a0\u00a0 El flux est\u00e0 compost per components altament efectius a la soldadura\u00a0\u00a0 d'alumini juntament amb un sistema d'uni\u00f3 \u00fanic que proporcionen una\u00a0\u00a0 estabilitat i les propietats excel\u00b7lents per a la soldadura tova d'alumini.\u00a0\u00a0 El flux B5 compleix les directives RoHS i REACH.\u00a0\u00a0\u00a0\u00a0\u00a0\u00a0\u00a0\u00a0\u00a0 VALOR AFEGIT\u00a0\u00a0\u00a0\u00a0 n Excel\u00b7lents propietats d'extensi\u00f3 i humectaci\u00f3 de la superf\u00edcie a\u00a0\u00a0 soldar.\u00a0\u00a0\u00a0\u00a0 n Compatibilitat amb una \u00e0mplia gamma d'aliatges de base estany.\u00a0\u00a0\u00a0\u00a0 n Permet connexions directes coure-alumini i alumini-alumini.\u00a0\u00a0\u00a0\u00a0 n Alt rendiment a la soldadura alumini-n\u00edquel i alumini-llaut\u00f3. FORMATS\u00a0\u00a0 DISPONIBLES\u00a0\u00a0\u00a0\u00a0 El fil es pot lliurar en els di\u00e0metres seg\u00fcents: \u00d8 1.5, 2, 3 i 4 mm.\u00a0\u00a0\u00a0\u00a0 PACKAGING\u00a0\u00a0\u00a0\u00a0 n 500 g.: 20 unitats\/embalatge\u00a0\u00a0\u00a0\u00a0 n 1 kg.: 10 unitats\/embalatge\u00a0\u00a0\u00a0\u00a0 ** Consulteu altres formats.","robots":{"index":"index","follow":"follow","max-snippet":"max-snippet:-1","max-image-preview":"max-image-preview:large","max-video-preview":"max-video-preview:-1"},"canonical":"https:\/\/broquetas.com\/ca\/producto\/eco3-sn97-cu3-b5-solder-aluminum\/","og_locale":"ca_ES","og_type":"article","og_title":"ECO3 Sn97\/Cu3 B5 SOLDER ALUMINUM - BROQUETAS, S.L.","og_description":"ECO 3 B5 (Sn97-Cu3) \u00e9s un aliatge d'alt rendiment compost per un\u00a0\u00a0 aliatge estany-coure i lliure de plom. La composici\u00f3 d'aquest aliatge\u00a0\u00a0 compleix la normativa ISO 9453:2015 (aliatge 402) i la normativa RoHS.\u00a0\u00a0\u00a0\u00a0 Aix\u00f2 fa que el nostre aliatge ECO 3 pugui ser \u00fatil en diferents processos,\u00a0\u00a0 incloent-hi la soldadura d'onada, selectiva i per immersi\u00f3, a m\u00e9s de ser apta\u00a0\u00a0 per a la Inserci\u00f3 i retoc de components per a la tecnologia de muntatge en\u00a0\u00a0 superf\u00edcie per a la ind\u00fastria d'acoblament electr\u00f2nic. El fil ECO 3 - B5\u00a0\u00a0 cont\u00e9 un flux soluble en aigua especialment formulat per a la soldadura\u00a0\u00a0 directa de coure o aliatges de base estany a alumini. Tamb\u00e9 presenta\u00a0\u00a0 excel\u00b7lents propietats per a la soldadura d'aliatges de coure, alumini i\u00a0\u00a0 alumini niquelat.\u00a0\u00a0\u00a0\u00a0 El flux est\u00e0 compost per components altament efectius a la soldadura\u00a0\u00a0 d'alumini juntament amb un sistema d'uni\u00f3 \u00fanic que proporcionen una\u00a0\u00a0 estabilitat i les propietats excel\u00b7lents per a la soldadura tova d'alumini.\u00a0\u00a0 El flux B5 compleix les directives RoHS i REACH.\u00a0\u00a0\u00a0\u00a0\u00a0\u00a0\u00a0\u00a0\u00a0 VALOR AFEGIT\u00a0\u00a0\u00a0\u00a0 n Excel\u00b7lents propietats d'extensi\u00f3 i humectaci\u00f3 de la superf\u00edcie a\u00a0\u00a0 soldar.\u00a0\u00a0\u00a0\u00a0 n Compatibilitat amb una \u00e0mplia gamma d'aliatges de base estany.\u00a0\u00a0\u00a0\u00a0 n Permet connexions directes coure-alumini i alumini-alumini.\u00a0\u00a0\u00a0\u00a0 n Alt rendiment a la soldadura alumini-n\u00edquel i alumini-llaut\u00f3. FORMATS\u00a0\u00a0 DISPONIBLES\u00a0\u00a0\u00a0\u00a0 El fil es pot lliurar en els di\u00e0metres seg\u00fcents: \u00d8 1.5, 2, 3 i 4 mm.\u00a0\u00a0\u00a0\u00a0 PACKAGING\u00a0\u00a0\u00a0\u00a0 n 500 g.: 20 unitats\/embalatge\u00a0\u00a0\u00a0\u00a0 n 1 kg.: 10 unitats\/embalatge\u00a0\u00a0\u00a0\u00a0 ** Consulteu altres formats.","og_url":"https:\/\/broquetas.com\/ca\/producto\/eco3-sn97-cu3-b5-solder-aluminum\/","og_site_name":"BROQUETAS, S.L.","article_modified_time":"2022-08-01T14:33:16+00:00","og_image":[{"width":1080,"height":1080,"url":"https:\/\/broquetas.com\/wp-content\/uploads\/2022\/02\/B13B5-15150-15V103.png","type":"image\/png"}],"twitter_card":"summary_large_image","twitter_misc":{"Temps estimat de lectura":"1 minut"},"schema":{"@context":"https:\/\/schema.org","@graph":[{"@type":"WebPage","@id":"https:\/\/broquetas.com\/ca\/producto\/eco3-sn97-cu3-b5-solder-aluminum\/","url":"https:\/\/broquetas.com\/ca\/producto\/eco3-sn97-cu3-b5-solder-aluminum\/","name":"ECO3 Sn97\/Cu3 B5 SOLDER ALUMINUM - BROQUETAS, S.L.","isPartOf":{"@id":"https:\/\/broquetas.com\/#website"},"primaryImageOfPage":{"@id":"https:\/\/broquetas.com\/ca\/producto\/eco3-sn97-cu3-b5-solder-aluminum\/#primaryimage"},"image":{"@id":"https:\/\/broquetas.com\/ca\/producto\/eco3-sn97-cu3-b5-solder-aluminum\/#primaryimage"},"thumbnailUrl":"https:\/\/broquetas.com\/wp-content\/uploads\/2022\/02\/B13B5-15150-15V103.png","datePublished":"2022-02-24T21:13:32+00:00","dateModified":"2022-08-01T14:33:16+00:00","description":"ECO 3 B5 (Sn97-Cu3) \u00e9s un aliatge d'alt rendiment compost per un\u00a0\u00a0 aliatge estany-coure i lliure de plom. La composici\u00f3 d'aquest aliatge\u00a0\u00a0 compleix la normativa ISO 9453:2015 (aliatge 402) i la normativa RoHS.\u00a0\u00a0\u00a0\u00a0 Aix\u00f2 fa que el nostre aliatge ECO 3 pugui ser \u00fatil en diferents processos,\u00a0\u00a0 incloent-hi la soldadura d'onada, selectiva i per immersi\u00f3, a m\u00e9s de ser apta\u00a0\u00a0 per a la Inserci\u00f3 i retoc de components per a la tecnologia de muntatge en\u00a0\u00a0 superf\u00edcie per a la ind\u00fastria d'acoblament electr\u00f2nic. El fil ECO 3 - B5\u00a0\u00a0 cont\u00e9 un flux soluble en aigua especialment formulat per a la soldadura\u00a0\u00a0 directa de coure o aliatges de base estany a alumini. Tamb\u00e9 presenta\u00a0\u00a0 excel\u00b7lents propietats per a la soldadura d'aliatges de coure, alumini i\u00a0\u00a0 alumini niquelat.\u00a0\u00a0\u00a0\u00a0 El flux est\u00e0 compost per components altament efectius a la soldadura\u00a0\u00a0 d'alumini juntament amb un sistema d'uni\u00f3 \u00fanic que proporcionen una\u00a0\u00a0 estabilitat i les propietats excel\u00b7lents per a la soldadura tova d'alumini.\u00a0\u00a0 El flux B5 compleix les directives RoHS i REACH.\u00a0\u00a0\u00a0\u00a0\u00a0\u00a0\u00a0\u00a0\u00a0 VALOR AFEGIT\u00a0\u00a0\u00a0\u00a0 n Excel\u00b7lents propietats d'extensi\u00f3 i humectaci\u00f3 de la superf\u00edcie a\u00a0\u00a0 soldar.\u00a0\u00a0\u00a0\u00a0 n Compatibilitat amb una \u00e0mplia gamma d'aliatges de base estany.\u00a0\u00a0\u00a0\u00a0 n Permet connexions directes coure-alumini i alumini-alumini.\u00a0\u00a0\u00a0\u00a0 n Alt rendiment a la soldadura alumini-n\u00edquel i alumini-llaut\u00f3. FORMATS\u00a0\u00a0 DISPONIBLES\u00a0\u00a0\u00a0\u00a0 El fil es pot lliurar en els di\u00e0metres seg\u00fcents: \u00d8 1.5, 2, 3 i 4 mm.\u00a0\u00a0\u00a0\u00a0 PACKAGING\u00a0\u00a0\u00a0\u00a0 n 500 g.: 20 unitats\/embalatge\u00a0\u00a0\u00a0\u00a0 n 1 kg.: 10 unitats\/embalatge\u00a0\u00a0\u00a0\u00a0 ** Consulteu altres formats.","breadcrumb":{"@id":"https:\/\/broquetas.com\/ca\/producto\/eco3-sn97-cu3-b5-solder-aluminum\/#breadcrumb"},"inLanguage":"ca","potentialAction":[{"@type":"ReadAction","target":["https:\/\/broquetas.com\/ca\/producto\/eco3-sn97-cu3-b5-solder-aluminum\/"]}]},{"@type":"ImageObject","inLanguage":"ca","@id":"https:\/\/broquetas.com\/ca\/producto\/eco3-sn97-cu3-b5-solder-aluminum\/#primaryimage","url":"https:\/\/broquetas.com\/wp-content\/uploads\/2022\/02\/B13B5-15150-15V103.png","contentUrl":"https:\/\/broquetas.com\/wp-content\/uploads\/2022\/02\/B13B5-15150-15V103.png","width":1080,"height":1080},{"@type":"BreadcrumbList","@id":"https:\/\/broquetas.com\/ca\/producto\/eco3-sn97-cu3-b5-solder-aluminum\/#breadcrumb","itemListElement":[{"@type":"ListItem","position":1,"name":"Home","item":"https:\/\/broquetas.com\/"},{"@type":"ListItem","position":2,"name":"Productes","item":"https:\/\/broquetas.com\/ca\/productes\/"},{"@type":"ListItem","position":3,"name":"ECO3 Sn97\/Cu3 B5 SOLDER ALUMINUM"}]},{"@type":"WebSite","@id":"https:\/\/broquetas.com\/#website","url":"https:\/\/broquetas.com\/","name":"BROQUETAS, S.L.","description":"","publisher":{"@id":"https:\/\/broquetas.com\/#organization"},"potentialAction":[{"@type":"SearchAction","target":{"@type":"EntryPoint","urlTemplate":"https:\/\/broquetas.com\/?s={search_term_string}"},"query-input":{"@type":"PropertyValueSpecification","valueRequired":true,"valueName":"search_term_string"}}],"inLanguage":"ca"},{"@type":"Organization","@id":"https:\/\/broquetas.com\/#organization","name":"BROQUETAS S.L.","url":"https:\/\/broquetas.com\/","logo":{"@type":"ImageObject","inLanguage":"ca","@id":"https:\/\/broquetas.com\/#\/schema\/logo\/image\/","url":"https:\/\/broquetas.com\/wp-content\/uploads\/2021\/08\/logo-broquetas-dark.png","contentUrl":"https:\/\/broquetas.com\/wp-content\/uploads\/2021\/08\/logo-broquetas-dark.png","width":262,"height":150,"caption":"BROQUETAS S.L."},"image":{"@id":"https:\/\/broquetas.com\/#\/schema\/logo\/image\/"},"sameAs":["https:\/\/www.linkedin.com\/in\/broquetas-s-l-broquetas-99a22283\/","https:\/\/www.youtube.com\/channel\/UCDYxB3N3CMqWo9DA-oyiAdg"]}]}},"_links":{"self":[{"href":"https:\/\/broquetas.com\/ca\/wp-json\/wp\/v2\/product\/8230","targetHints":{"allow":["GET"]}}],"collection":[{"href":"https:\/\/broquetas.com\/ca\/wp-json\/wp\/v2\/product"}],"about":[{"href":"https:\/\/broquetas.com\/ca\/wp-json\/wp\/v2\/types\/product"}],"replies":[{"embeddable":true,"href":"https:\/\/broquetas.com\/ca\/wp-json\/wp\/v2\/comments?post=8230"}],"wp:featuredmedia":[{"embeddable":true,"href":"https:\/\/broquetas.com\/ca\/wp-json\/wp\/v2\/media\/5999"}],"wp:attachment":[{"href":"https:\/\/broquetas.com\/ca\/wp-json\/wp\/v2\/media?parent=8230"}],"wp:term":[{"taxonomy":"product_brand","embeddable":true,"href":"https:\/\/broquetas.com\/ca\/wp-json\/wp\/v2\/product_brand?post=8230"},{"taxonomy":"product_cat","embeddable":true,"href":"https:\/\/broquetas.com\/ca\/wp-json\/wp\/v2\/product_cat?post=8230"},{"taxonomy":"product_tag","embeddable":true,"href":"https:\/\/broquetas.com\/ca\/wp-json\/wp\/v2\/product_tag?post=8230"}],"curies":[{"name":"wp","href":"https:\/\/api.w.org\/{rel}","templated":true}]}}