{"id":8224,"date":"2022-02-24T22:13:49","date_gmt":"2022-02-24T21:13:49","guid":{"rendered":"https:\/\/broquetas.com\/producto\/sn100eco-sncu-07-ni005-ge-solid-wire\/"},"modified":"2022-08-01T16:33:07","modified_gmt":"2022-08-01T14:33:07","slug":"sn100eco-sncu-07-ni005-ge-solid-wire","status":"publish","type":"product","link":"https:\/\/broquetas.com\/ca\/producto\/sn100eco-sncu-07-ni005-ge-solid-wire\/","title":{"rendered":"SN100ECO  SnCu 0,7\/Ni0,05\/Ge   SOLID WIRE"},"content":{"rendered":"<p>SN100ECO &#8211; SnCu 0.7Ni0.05Ge \u00e9s un aliatge eut\u00e8ctic\u00a0 d&#8217;estany-coure sense plom, sense plata i<br \/>\n  estabilitzat amb n\u00edquel formulat amb mat\u00e8ries primeres de la m\u00e9s alta<br \/>\n  qualitat.<br \/>\n    La composici\u00f3 d&#8217;aquesta soldadura compleix la norma ISO 9453:2014 (aliatge<br \/>\n  403) i la directiva RoHS.<br \/>\n    \u00c0mbit<br \/>\n    Aliatge amb flux adequat per a soldadura electr\u00f2nica manual\/rob\u00f2tica i<br \/>\n  re-treball. Els filferros ECOS amb fluxes de plom s\u00f3n aliatges fets amb<br \/>\n  materials d&#8217;alta puresa, reduint l&#8217;esc\u00f2ria. Especialment indicat per a la<br \/>\n  soldadura manual i automatitzada, per al muntatge de components de muntatge<br \/>\n  superficial en la ind\u00fastria electr\u00f2nica. Garanteix un alt grau de flu\u00efdesa en<br \/>\n  la soldadura i una \u00f2ptima uni\u00f3.\u00a0\u00a0\u00a0\u00a0\u00a0\u00a0\u00a0\u00a0\u00a0\u00a0\u00a0\u00a0\u00a0\u00a0\u00a0\u00a0\u00a0\u00a0\u00a0\u00a0\u00a0\u00a0\u00a0\u00a0\u00a0\u00a0\u00a0\u00a0\u00a0\u00a0\u00a0\u00a0\u00a0\u00a0\u00a0\u00a0\u00a0\u00a0\u00a0\u00a0\u00a0\u00a0\u00a0\u00a0\u00a0\u00a0\u00a0\u00a0\u00a0\u00a0\u00a0\u00a0\u00a0\u00a0\u00a0\u00a0\u00a0\u00a0\u00a0\u00a0\u00a0\u00a0\u00a0\u00a0\u00a0\u00a0\u00a0\u00a0\u00a0\u00a0\u00a0\u00a0\u00a0\u00a0\u00a0\u00a0\u00a0\u00a0\u00a0\u00a0\u00a0\u00a0\u00a0\u00a0\u00a0\u00a0\u00a0\u00a0\u00a0\u00a0\u00a0\u00a0\u00a0\u00a0\u00a0\u00a0\u00a0\u00a0\u00a0\u00a0\u00a0\u00a0\u00a0\u00a0\u00a0\u00a0\u00a0\u00a0\u00a0\u00a0\u00a0\u00a0\u00a0\u00a0\u00a0\u00a0\u00a0\u00a0\u00a0\u00a0\u00a0\u00a0\u00a0\u00a0\u00a0\u00a0\u00a0\u00a0\u00a0\u00a0\u00a0\u00a0\u00a0\u00a0\u00a0\u00a0\u00a0\u00a0\u00a0\u00a0\u00a0\u00a0\u00a0\u00a0\u00a0\u00a0\u00a0\u00a0\u00a0\u00a0\u00a0\u00a0\u00a0\u00a0\u00a0\u00a0\u00a0\u00a0\u00a0\u00a0\u00a0\u00a0\u00a0\u00a0\u00a0\u00a0\u00a0\u00a0\u00a0\u00a0\u00a0\u00a0\u00a0\u00a0\u00a0\u00a0\u00a0\u00a0\u00a0\u00a0\u00a0\u00a0\u00a0\u00a0\u00a0\u00a0\u00a0\u00a0\u00a0\u00a0\u00a0\u00a0\u00a0\u00a0\u00a0\u00a0\u00a0\u00a0\u00a0\u00a0\u00a0\u00a0\u00a0\u00a0\u00a0\u00a0\u00a0\u00a0\u00a0\u00a0\u00a0\u00a0\u00a0\u00a0\u00a0\u00a0\u00a0\u00a0\u00a0\u00a0\u00a0\u00a0\u00a0\u00a0\u00a0\u00a0\u00a0\u00a0\u00a0\u00a0\u00a0\u00a0\u00a0\u00a0\u00a0\u00a0\u00a0\u00a0\u00a0\u00a0\u00a0\u00a0\u00a0\u00a0\u00a0\u00a0\u00a0\u00a0\u00a0\u00a0\u00a0\u00a0\u00a0\u00a0<br \/>\n  FORMATS DISPONIBLES:<\/p>\n<p>    Di\u00e0metre: 0,35 mm &#8211; 6 mm<\/p>\n<p>    Bobines de pl\u00e0stic de:<br \/>\n    100 g.: 30 unitats\/caixa<br \/>\n    250 g.: 40 unitats\/caixa<br \/>\n    500 g.: 20 unitats\/caixa<br \/>\n    1 kg.: 10 unitats\/caixa<br \/>\n    2 kg i 4 kg: a petici\u00f3<\/p>\n<p>    ** Consulta altres formats.<\/p>\n","protected":false},"excerpt":{"rendered":"<p>FIL SENSE PLOM<br \/>\n  MASS\u00cdS PER A SOLDADURA ELECTR\u00d2NICA<\/p>\n","protected":false},"featured_media":6211,"comment_status":"open","ping_status":"closed","template":"","meta":{"_joinchat":[]},"product_brand":[],"product_cat":[172],"product_tag":[],"class_list":{"0":"post-8224","1":"product","2":"type-product","3":"status-publish","4":"has-post-thumbnail","6":"product_cat-soldadura-selectiva-ca","8":"first","9":"instock","10":"taxable","11":"shipping-taxable","12":"product-type-simple"},"yoast_head":"<!-- This site is optimized with the Yoast SEO plugin v26.9 - https:\/\/yoast.com\/product\/yoast-seo-wordpress\/ -->\n<title>SN100ECO SnCu 0,7\/Ni0,05\/Ge  SOLID WIRE - BROQUETAS, S.L.<\/title>\n<meta name=\"description\" content=\"05\/Ge\u00a0\u00a0 FLUX\" \/>\n<meta name=\"robots\" content=\"index, follow, max-snippet:-1, max-image-preview:large, max-video-preview:-1\" \/>\n<link rel=\"canonical\" href=\"https:\/\/broquetas.com\/ca\/producto\/sn100eco-sncu-07-ni005-ge-solid-wire\/\" \/>\n<meta property=\"og:locale\" content=\"ca_ES\" \/>\n<meta property=\"og:type\" content=\"article\" \/>\n<meta property=\"og:title\" content=\"SN100ECO SnCu 0,7\/Ni0,05\/Ge  SOLID WIRE - BROQUETAS, S.L.\" \/>\n<meta property=\"og:description\" content=\"05\/Ge\u00a0\u00a0 FLUX\" \/>\n<meta property=\"og:url\" content=\"https:\/\/broquetas.com\/ca\/producto\/sn100eco-sncu-07-ni005-ge-solid-wire\/\" \/>\n<meta property=\"og:site_name\" content=\"BROQUETAS, S.L.\" \/>\n<meta property=\"article:modified_time\" content=\"2022-08-01T14:33:07+00:00\" \/>\n<meta property=\"og:image\" content=\"https:\/\/broquetas.com\/wp-content\/uploads\/2022\/02\/B130MAC-17200-5V020.png\" \/>\n\t<meta property=\"og:image:width\" content=\"1080\" \/>\n\t<meta property=\"og:image:height\" content=\"1080\" \/>\n\t<meta property=\"og:image:type\" content=\"image\/png\" \/>\n<meta name=\"twitter:card\" content=\"summary_large_image\" \/>\n<meta name=\"twitter:label1\" content=\"Temps estimat de lectura\" \/>\n\t<meta name=\"twitter:data1\" content=\"1 minut\" \/>\n<script type=\"application\/ld+json\" class=\"yoast-schema-graph\">{\"@context\":\"https:\/\/schema.org\",\"@graph\":[{\"@type\":\"WebPage\",\"@id\":\"https:\/\/broquetas.com\/ca\/producto\/sn100eco-sncu-07-ni005-ge-solid-wire\/\",\"url\":\"https:\/\/broquetas.com\/ca\/producto\/sn100eco-sncu-07-ni005-ge-solid-wire\/\",\"name\":\"SN100ECO SnCu 0,7\/Ni0,05\/Ge SOLID WIRE - BROQUETAS, S.L.\",\"isPartOf\":{\"@id\":\"https:\/\/broquetas.com\/#website\"},\"primaryImageOfPage\":{\"@id\":\"https:\/\/broquetas.com\/ca\/producto\/sn100eco-sncu-07-ni005-ge-solid-wire\/#primaryimage\"},\"image\":{\"@id\":\"https:\/\/broquetas.com\/ca\/producto\/sn100eco-sncu-07-ni005-ge-solid-wire\/#primaryimage\"},\"thumbnailUrl\":\"https:\/\/broquetas.com\/wp-content\/uploads\/2022\/02\/B130MAC-17200-5V020.png\",\"datePublished\":\"2022-02-24T21:13:49+00:00\",\"dateModified\":\"2022-08-01T14:33:07+00:00\",\"description\":\"05\/Ge\u00a0\u00a0 FLUX\",\"breadcrumb\":{\"@id\":\"https:\/\/broquetas.com\/ca\/producto\/sn100eco-sncu-07-ni005-ge-solid-wire\/#breadcrumb\"},\"inLanguage\":\"ca\",\"potentialAction\":[{\"@type\":\"ReadAction\",\"target\":[\"https:\/\/broquetas.com\/ca\/producto\/sn100eco-sncu-07-ni005-ge-solid-wire\/\"]}]},{\"@type\":\"ImageObject\",\"inLanguage\":\"ca\",\"@id\":\"https:\/\/broquetas.com\/ca\/producto\/sn100eco-sncu-07-ni005-ge-solid-wire\/#primaryimage\",\"url\":\"https:\/\/broquetas.com\/wp-content\/uploads\/2022\/02\/B130MAC-17200-5V020.png\",\"contentUrl\":\"https:\/\/broquetas.com\/wp-content\/uploads\/2022\/02\/B130MAC-17200-5V020.png\",\"width\":1080,\"height\":1080},{\"@type\":\"BreadcrumbList\",\"@id\":\"https:\/\/broquetas.com\/ca\/producto\/sn100eco-sncu-07-ni005-ge-solid-wire\/#breadcrumb\",\"itemListElement\":[{\"@type\":\"ListItem\",\"position\":1,\"name\":\"Home\",\"item\":\"https:\/\/broquetas.com\/\"},{\"@type\":\"ListItem\",\"position\":2,\"name\":\"Productes\",\"item\":\"https:\/\/broquetas.com\/ca\/productes\/\"},{\"@type\":\"ListItem\",\"position\":3,\"name\":\"SN100ECO SnCu 0,7\/Ni0,05\/Ge SOLID WIRE\"}]},{\"@type\":\"WebSite\",\"@id\":\"https:\/\/broquetas.com\/#website\",\"url\":\"https:\/\/broquetas.com\/\",\"name\":\"BROQUETAS, S.L.\",\"description\":\"\",\"publisher\":{\"@id\":\"https:\/\/broquetas.com\/#organization\"},\"potentialAction\":[{\"@type\":\"SearchAction\",\"target\":{\"@type\":\"EntryPoint\",\"urlTemplate\":\"https:\/\/broquetas.com\/?s={search_term_string}\"},\"query-input\":{\"@type\":\"PropertyValueSpecification\",\"valueRequired\":true,\"valueName\":\"search_term_string\"}}],\"inLanguage\":\"ca\"},{\"@type\":\"Organization\",\"@id\":\"https:\/\/broquetas.com\/#organization\",\"name\":\"BROQUETAS S.L.\",\"url\":\"https:\/\/broquetas.com\/\",\"logo\":{\"@type\":\"ImageObject\",\"inLanguage\":\"ca\",\"@id\":\"https:\/\/broquetas.com\/#\/schema\/logo\/image\/\",\"url\":\"https:\/\/broquetas.com\/wp-content\/uploads\/2021\/08\/logo-broquetas-dark.png\",\"contentUrl\":\"https:\/\/broquetas.com\/wp-content\/uploads\/2021\/08\/logo-broquetas-dark.png\",\"width\":262,\"height\":150,\"caption\":\"BROQUETAS S.L.\"},\"image\":{\"@id\":\"https:\/\/broquetas.com\/#\/schema\/logo\/image\/\"},\"sameAs\":[\"https:\/\/www.linkedin.com\/in\/broquetas-s-l-broquetas-99a22283\/\",\"https:\/\/www.youtube.com\/channel\/UCDYxB3N3CMqWo9DA-oyiAdg\"]}]}<\/script>\n<!-- \/ Yoast SEO plugin. -->","yoast_head_json":{"title":"SN100ECO SnCu 0,7\/Ni0,05\/Ge  SOLID WIRE - BROQUETAS, S.L.","description":"05\/Ge\u00a0\u00a0 FLUX","robots":{"index":"index","follow":"follow","max-snippet":"max-snippet:-1","max-image-preview":"max-image-preview:large","max-video-preview":"max-video-preview:-1"},"canonical":"https:\/\/broquetas.com\/ca\/producto\/sn100eco-sncu-07-ni005-ge-solid-wire\/","og_locale":"ca_ES","og_type":"article","og_title":"SN100ECO SnCu 0,7\/Ni0,05\/Ge  SOLID WIRE - BROQUETAS, S.L.","og_description":"05\/Ge\u00a0\u00a0 FLUX","og_url":"https:\/\/broquetas.com\/ca\/producto\/sn100eco-sncu-07-ni005-ge-solid-wire\/","og_site_name":"BROQUETAS, S.L.","article_modified_time":"2022-08-01T14:33:07+00:00","og_image":[{"width":1080,"height":1080,"url":"https:\/\/broquetas.com\/wp-content\/uploads\/2022\/02\/B130MAC-17200-5V020.png","type":"image\/png"}],"twitter_card":"summary_large_image","twitter_misc":{"Temps estimat de lectura":"1 minut"},"schema":{"@context":"https:\/\/schema.org","@graph":[{"@type":"WebPage","@id":"https:\/\/broquetas.com\/ca\/producto\/sn100eco-sncu-07-ni005-ge-solid-wire\/","url":"https:\/\/broquetas.com\/ca\/producto\/sn100eco-sncu-07-ni005-ge-solid-wire\/","name":"SN100ECO SnCu 0,7\/Ni0,05\/Ge SOLID WIRE - BROQUETAS, S.L.","isPartOf":{"@id":"https:\/\/broquetas.com\/#website"},"primaryImageOfPage":{"@id":"https:\/\/broquetas.com\/ca\/producto\/sn100eco-sncu-07-ni005-ge-solid-wire\/#primaryimage"},"image":{"@id":"https:\/\/broquetas.com\/ca\/producto\/sn100eco-sncu-07-ni005-ge-solid-wire\/#primaryimage"},"thumbnailUrl":"https:\/\/broquetas.com\/wp-content\/uploads\/2022\/02\/B130MAC-17200-5V020.png","datePublished":"2022-02-24T21:13:49+00:00","dateModified":"2022-08-01T14:33:07+00:00","description":"05\/Ge\u00a0\u00a0 FLUX","breadcrumb":{"@id":"https:\/\/broquetas.com\/ca\/producto\/sn100eco-sncu-07-ni005-ge-solid-wire\/#breadcrumb"},"inLanguage":"ca","potentialAction":[{"@type":"ReadAction","target":["https:\/\/broquetas.com\/ca\/producto\/sn100eco-sncu-07-ni005-ge-solid-wire\/"]}]},{"@type":"ImageObject","inLanguage":"ca","@id":"https:\/\/broquetas.com\/ca\/producto\/sn100eco-sncu-07-ni005-ge-solid-wire\/#primaryimage","url":"https:\/\/broquetas.com\/wp-content\/uploads\/2022\/02\/B130MAC-17200-5V020.png","contentUrl":"https:\/\/broquetas.com\/wp-content\/uploads\/2022\/02\/B130MAC-17200-5V020.png","width":1080,"height":1080},{"@type":"BreadcrumbList","@id":"https:\/\/broquetas.com\/ca\/producto\/sn100eco-sncu-07-ni005-ge-solid-wire\/#breadcrumb","itemListElement":[{"@type":"ListItem","position":1,"name":"Home","item":"https:\/\/broquetas.com\/"},{"@type":"ListItem","position":2,"name":"Productes","item":"https:\/\/broquetas.com\/ca\/productes\/"},{"@type":"ListItem","position":3,"name":"SN100ECO SnCu 0,7\/Ni0,05\/Ge SOLID WIRE"}]},{"@type":"WebSite","@id":"https:\/\/broquetas.com\/#website","url":"https:\/\/broquetas.com\/","name":"BROQUETAS, S.L.","description":"","publisher":{"@id":"https:\/\/broquetas.com\/#organization"},"potentialAction":[{"@type":"SearchAction","target":{"@type":"EntryPoint","urlTemplate":"https:\/\/broquetas.com\/?s={search_term_string}"},"query-input":{"@type":"PropertyValueSpecification","valueRequired":true,"valueName":"search_term_string"}}],"inLanguage":"ca"},{"@type":"Organization","@id":"https:\/\/broquetas.com\/#organization","name":"BROQUETAS S.L.","url":"https:\/\/broquetas.com\/","logo":{"@type":"ImageObject","inLanguage":"ca","@id":"https:\/\/broquetas.com\/#\/schema\/logo\/image\/","url":"https:\/\/broquetas.com\/wp-content\/uploads\/2021\/08\/logo-broquetas-dark.png","contentUrl":"https:\/\/broquetas.com\/wp-content\/uploads\/2021\/08\/logo-broquetas-dark.png","width":262,"height":150,"caption":"BROQUETAS S.L."},"image":{"@id":"https:\/\/broquetas.com\/#\/schema\/logo\/image\/"},"sameAs":["https:\/\/www.linkedin.com\/in\/broquetas-s-l-broquetas-99a22283\/","https:\/\/www.youtube.com\/channel\/UCDYxB3N3CMqWo9DA-oyiAdg"]}]}},"_links":{"self":[{"href":"https:\/\/broquetas.com\/ca\/wp-json\/wp\/v2\/product\/8224","targetHints":{"allow":["GET"]}}],"collection":[{"href":"https:\/\/broquetas.com\/ca\/wp-json\/wp\/v2\/product"}],"about":[{"href":"https:\/\/broquetas.com\/ca\/wp-json\/wp\/v2\/types\/product"}],"replies":[{"embeddable":true,"href":"https:\/\/broquetas.com\/ca\/wp-json\/wp\/v2\/comments?post=8224"}],"wp:featuredmedia":[{"embeddable":true,"href":"https:\/\/broquetas.com\/ca\/wp-json\/wp\/v2\/media\/6211"}],"wp:attachment":[{"href":"https:\/\/broquetas.com\/ca\/wp-json\/wp\/v2\/media?parent=8224"}],"wp:term":[{"taxonomy":"product_brand","embeddable":true,"href":"https:\/\/broquetas.com\/ca\/wp-json\/wp\/v2\/product_brand?post=8224"},{"taxonomy":"product_cat","embeddable":true,"href":"https:\/\/broquetas.com\/ca\/wp-json\/wp\/v2\/product_cat?post=8224"},{"taxonomy":"product_tag","embeddable":true,"href":"https:\/\/broquetas.com\/ca\/wp-json\/wp\/v2\/product_tag?post=8224"}],"curies":[{"name":"wp","href":"https:\/\/api.w.org\/{rel}","templated":true}]}}