{"id":8220,"date":"2022-02-24T22:13:58","date_gmt":"2022-02-24T21:13:58","guid":{"rendered":"https:\/\/broquetas.com\/producto\/brofil-50-flux\/"},"modified":"2022-08-01T16:32:58","modified_gmt":"2022-08-01T14:32:58","slug":"brofil-50-flux","status":"publish","type":"product","link":"https:\/\/broquetas.com\/ca\/producto\/brofil-50-flux\/","title":{"rendered":"BROFIL 50 FLUX"},"content":{"rendered":"<p>BROFIL 50 \u00e9s un aliatge d&#8217;alta puresa compost per un 50% d&#8217;estany<br \/>\n  i un 50% de plom. Aquest aliatge compleix els est\u00e0ndards de la ISO 9453:2015,<br \/>\n  aliatge 111. Est\u00e0 fabricat mitjan\u00e7ant un proc\u00e9s especial que controla que<br \/>\n  durant la manufactura no s&#8217;incloguin \u00f2xids i altres impureses met\u00e0l\u00b7liques i<br \/>\n  no met\u00e0l\u00b7liques. Aquest aliatge pot ser utilitzat per a la uni\u00f3 de components<br \/>\n  el\u00e8ctrics, soldadura de PCBs, soldadura de plaques, re-work i altres<br \/>\n  soldadures d\u00fas general.<\/p>\n<p>    VALOR AFEGIT DEL PRODUCTE<br \/>\n    n Sota punt de fusi\u00f3; 183\u00baC (solidus) i 255\u00baC (liquidus).<br \/>\n    n Molt bones propietats humectants i de flu\u00efdesa.<br \/>\n    n Bona conductivitat el\u00e8ctrica.<br \/>\n    \u00a0\u00a0\u00a0\u00a0\u00a0\u00a0\u00a0\u00a0\u00a0\u00a0\u00a0\u00a0\u00a0\u00a0\u00a0\u00a0\u00a0\u00a0\u00a0\u00a0\u00a0\u00a0\u00a0\u00a0\u00a0\u00a0\u00a0\u00a0\u00a0\u00a0\u00a0\u00a0\u00a0\u00a0\u00a0\u00a0\u00a0\u00a0\u00a0\u00a0\u00a0\u00a0\u00a0\u00a0\u00a0\u00a0\u00a0\u00a0\u00a0\u00a0\u00a0\u00a0\u00a0\u00a0\u00a0\u00a0\u00a0\u00a0\u00a0\u00a0\u00a0\u00a0\u00a0\u00a0\u00a0\u00a0\u00a0\u00a0\u00a0\u00a0\u00a0\u00a0\u00a0\u00a0\u00a0\u00a0\u00a0\u00a0\u00a0\u00a0\u00a0\u00a0\u00a0\u00a0\u00a0\u00a0\u00a0\u00a0\u00a0\u00a0\u00a0\u00a0\u00a0\u00a0\u00a0\u00a0\u00a0\u00a0\u00a0\u00a0\u00a0\u00a0\u00a0\u00a0\u00a0\u00a0\u00a0\u00a0\u00a0\u00a0\u00a0\u00a0\u00a0\u00a0\u00a0\u00a0\u00a0\u00a0\u00a0\u00a0\u00a0\u00a0\u00a0\u00a0\u00a0\u00a0\u00a0\u00a0\u00a0\u00a0\u00a0\u00a0\u00a0\u00a0\u00a0\u00a0\u00a0\u00a0\u00a0\u00a0\u00a0\u00a0\u00a0\u00a0\u00a0\u00a0\u00a0\u00a0\u00a0\u00a0\u00a0\u00a0\u00a0\u00a0\u00a0\u00a0\u00a0\u00a0\u00a0\u00a0\u00a0\u00a0\u00a0\u00a0\u00a0\u00a0\u00a0\u00a0\u00a0\u00a0\u00a0\u00a0\u00a0\u00a0\u00a0\u00a0\u00a0\u00a0\u00a0\u00a0\u00a0\u00a0\u00a0\u00a0\u00a0\u00a0\u00a0\u00a0\u00a0\u00a0\u00a0\u00a0\u00a0\u00a0\u00a0\u00a0\u00a0\u00a0\u00a0\u00a0\u00a0\u00a0\u00a0\u00a0\u00a0\u00a0\u00a0\u00a0\u00a0\u00a0\u00a0\u00a0\u00a0\u00a0\u00a0\u00a0\u00a0\u00a0\u00a0\u00a0\u00a0\u00a0\u00a0\u00a0\u00a0\u00a0\u00a0\u00a0\u00a0\u00a0\u00a0\u00a0\u00a0\u00a0\u00a0\u00a0\u00a0\u00a0\u00a0\u00a0\u00a0\u00a0\u00a0\u00a0\u00a0\u00a0\u00a0\u00a0\u00a0\u00a0\u00a0\u00a0\u00a0\u00a0\u00a0\u00a0\u00a0\u00a0\u00a0\u00a0\u00a0\u00a0\u00a0\u00a0\u00a0\u00a0\u00a0\u00a0\u00a0\u00a0\u00a0\u00a0\u00a0\u00a0\u00a0\u00a0\u00a0\u00a0\u00a0\u00a0\u00a0\u00a0\u00a0\u00a0\u00a0\u00a0\u00a0\u00a0\u00a0\u00a0\u00a0\u00a0\u00a0\u00a0\u00a0\u00a0\u00a0\u00a0\u00a0\u00a0\u00a0\u00a0\u00a0\u00a0\u00a0\u00a0\u00a0\u00a0\u00a0\u00a0\u00a0\u00a0\u00a0\u00a0\u00a0\u00a0\u00a0\u00a0\u00a0\u00a0\u00a0\u00a0\u00a0\u00a0\u00a0\u00a0\u00a0\u00a0\u00a0\u00a0\u00a0\u00a0\u00a0\u00a0\u00a0\u00a0\u00a0\u00a0\u00a0\u00a0\u00a0\u00a0\u00a0\u00a0\u00a0\u00a0\u00a0\u00a0\u00a0\u00a0\u00a0\u00a0\u00a0\u00a0\u00a0\u00a0\u00a0\u00a0\u00a0\u00a0\u00a0\u00a0\u00a0\u00a0\u00a0\u00a0\u00a0\u00a0\u00a0\u00a0\u00a0\u00a0\u00a0\u00a0\u00a0\u00a0\u00a0\u00a0\u00a0\u00a0\u00a0\u00a0\u00a0\u00a0\u00a0\u00a0\u00a0\u00a0\u00a0\u00a0\u00a0\u00a0\u00a0\u00a0\u00a0\u00a0\u00a0\u00a0\u00a0\u00a0\u00a0\u00a0\u00a0\u00a0\u00a0\u00a0\u00a0\u00a0\u00a0\u00a0\u00a0\u00a0\u00a0\u00a0\u00a0\u00a0\u00a0\u00a0\u00a0\u00a0\u00a0\u00a0\u00a0\u00a0\u00a0\u00a0\u00a0<br \/>\n  FORMATS DISPONIBLES<br \/>\n    Di\u00e0metre: 0,35mm \u2013 6mm<\/p>\n<p>    Carrets de pl\u00e0stic de:<br \/>\n    n 100 g.: 30 unitats\/caixa<br \/>\n    n 250 g.: 40 unitats\/caixa<br \/>\n    n 500 g.: 20 unitats\/caixa<br \/>\n    n 1 kg.: 10 unitats\/caixa<br \/>\n    n 2 kg i 4 kg: Sota demanda<br \/>\n    \u00a0\u00a0\u00a0\u00a0\u00a0\u00a0\u00a0\u00a0\u00a0\u00a0\u00a0\u00a0\u00a0\u00a0\u00a0\u00a0\u00a0\u00a0\u00a0\u00a0\u00a0\u00a0\u00a0\u00a0\u00a0\u00a0\u00a0\u00a0\u00a0\u00a0\u00a0\u00a0\u00a0\u00a0\u00a0\u00a0\u00a0\u00a0\u00a0\u00a0\u00a0\u00a0\u00a0\u00a0\u00a0\u00a0\u00a0\u00a0\u00a0\u00a0\u00a0\u00a0\u00a0\u00a0\u00a0\u00a0\u00a0\u00a0\u00a0\u00a0\u00a0\u00a0\u00a0\u00a0\u00a0\u00a0\u00a0\u00a0\u00a0\u00a0\u00a0\u00a0\u00a0\u00a0\u00a0\u00a0\u00a0\u00a0\u00a0\u00a0\u00a0\u00a0\u00a0\u00a0\u00a0\u00a0\u00a0\u00a0\u00a0\u00a0\u00a0\u00a0\u00a0\u00a0\u00a0\u00a0\u00a0\u00a0\u00a0\u00a0\u00a0\u00a0\u00a0\u00a0\u00a0\u00a0\u00a0\u00a0\u00a0\u00a0\u00a0\u00a0\u00a0\u00a0\u00a0\u00a0\u00a0\u00a0\u00a0\u00a0\u00a0\u00a0\u00a0\u00a0\u00a0\u00a0\u00a0\u00a0\u00a0\u00a0\u00a0\u00a0\u00a0\u00a0\u00a0\u00a0\u00a0\u00a0\u00a0\u00a0\u00a0\u00a0\u00a0\u00a0\u00a0\u00a0\u00a0\u00a0\u00a0\u00a0\u00a0\u00a0\u00a0\u00a0\u00a0\u00a0\u00a0\u00a0\u00a0\u00a0\u00a0\u00a0\u00a0\u00a0\u00a0\u00a0\u00a0\u00a0\u00a0\u00a0\u00a0\u00a0\u00a0\u00a0\u00a0\u00a0\u00a0\u00a0\u00a0\u00a0\u00a0\u00a0\u00a0\u00a0\u00a0\u00a0\u00a0\u00a0\u00a0\u00a0\u00a0\u00a0\u00a0\u00a0\u00a0\u00a0\u00a0\u00a0\u00a0\u00a0\u00a0\u00a0\u00a0\u00a0\u00a0\u00a0\u00a0\u00a0\u00a0\u00a0\u00a0\u00a0\u00a0\u00a0\u00a0\u00a0\u00a0\u00a0\u00a0\u00a0\u00a0\u00a0\u00a0\u00a0\u00a0\u00a0\u00a0\u00a0\u00a0\u00a0\u00a0\u00a0\u00a0\u00a0\u00a0\u00a0\u00a0\u00a0\u00a0\u00a0\u00a0\u00a0\u00a0\u00a0\u00a0\u00a0\u00a0\u00a0\u00a0\u00a0\u00a0\u00a0\u00a0\u00a0\u00a0\u00a0\u00a0\u00a0\u00a0\u00a0\u00a0\u00a0\u00a0\u00a0\u00a0\u00a0\u00a0\u00a0\u00a0\u00a0\u00a0\u00a0\u00a0\u00a0\u00a0\u00a0\u00a0\u00a0\u00a0\u00a0\u00a0\u00a0\u00a0\u00a0\u00a0\u00a0\u00a0\u00a0\u00a0\u00a0\u00a0\u00a0\u00a0\u00a0\u00a0\u00a0\u00a0\u00a0\u00a0\u00a0\u00a0\u00a0\u00a0\u00a0\u00a0\u00a0\u00a0\u00a0\u00a0\u00a0\u00a0\u00a0\u00a0\u00a0\u00a0\u00a0\u00a0\u00a0\u00a0\u00a0\u00a0\u00a0\u00a0\u00a0\u00a0\u00a0\u00a0\u00a0\u00a0\u00a0\u00a0\u00a0\u00a0\u00a0\u00a0\u00a0\u00a0\u00a0\u00a0\u00a0\u00a0\u00a0\u00a0\u00a0\u00a0\u00a0\u00a0\u00a0\u00a0\u00a0\u00a0\u00a0\u00a0\u00a0\u00a0\u00a0\u00a0\u00a0\u00a0\u00a0\u00a0\u00a0\u00a0\u00a0\u00a0\u00a0\u00a0\u00a0\u00a0\u00a0\u00a0\u00a0\u00a0\u00a0\u00a0\u00a0\u00a0\u00a0\u00a0\u00a0\u00a0\u00a0\u00a0\u00a0\u00a0\u00a0\u00a0\u00a0\u00a0\u00a0\u00a0\u00a0\u00a0\u00a0\u00a0\u00a0\u00a0\u00a0\u00a0\u00a0\u00a0\u00a0\u00a0\u00a0\u00a0\u00a0\u00a0\u00a0\u00a0\u00a0\u00a0\u00a0\u00a0\u00a0\u00a0\u00a0\u00a0\u00a0\u00a0\u00a0\u00a0\u00a0\u00a0\u00a0\u00a0\u00a0\u00a0\u00a0\u00a0\u00a0\u00a0\u00a0\u00a0\u00a0\u00a0\u00a0\u00a0\u00a0\u00a0\u00a0\u00a0\u00a0\u00a0<br \/>\n  ** Consulteu altres formats.<\/p>\n","protected":false},"excerpt":{"rendered":"<p>FIL AMB FLUX<br \/>\n  D&#8217;ESTANY \/ PLOM PER SOLDADURA ELECTR\u00d2NICA<\/p>\n","protected":false},"featured_media":6047,"comment_status":"open","ping_status":"closed","template":"","meta":{"_joinchat":[]},"product_brand":[],"product_cat":[143,144],"product_tag":[],"class_list":{"0":"post-8220","1":"product","2":"type-product","3":"status-publish","4":"has-post-thumbnail","6":"product_cat-reparacion-y-retrabajo-ca","7":"product_cat-soldadura-manual-ca","9":"first","10":"instock","11":"taxable","12":"shipping-taxable","13":"product-type-simple"},"yoast_head":"<!-- This site is optimized with the Yoast SEO plugin v26.9 - https:\/\/yoast.com\/product\/yoast-seo-wordpress\/ -->\n<title>BROFIL 50 FLUX - BROQUETAS, S.L.<\/title>\n<meta name=\"description\" content=\"BROFIL 50 \u00e9s un aliatge d&#039;alta puresa compost per un 50% d&#039;estany\u00a0\u00a0 i un 50% de plom. Aquest aliatge compleix els est\u00e0ndards de la ISO 9453:2015,\u00a0\u00a0 aliatge 111. Est\u00e0 fabricat mitjan\u00e7ant un proc\u00e9s especial que controla que\u00a0\u00a0 durant la manufactura no s&#039;incloguin \u00f2xids i altres impureses met\u00e0l\u00b7liques i\u00a0\u00a0 no met\u00e0l\u00b7liques. Aquest aliatge pot ser utilitzat per a la uni\u00f3 de components\u00a0\u00a0 el\u00e8ctrics, soldadura de PCBs, soldadura de plaques, re-work i altres\u00a0\u00a0 soldadures d\u00fas general.\u00a0\u00a0\u00a0\u00a0\u00a0\u00a0\u00a0\u00a0\u00a0 VALOR AFEGIT DEL PRODUCTE\u00a0\u00a0\u00a0\u00a0 n Sota punt de fusi\u00f3\" \/>\n<meta name=\"robots\" content=\"index, follow, max-snippet:-1, max-image-preview:large, max-video-preview:-1\" \/>\n<link rel=\"canonical\" href=\"https:\/\/broquetas.com\/ca\/producto\/brofil-50-flux\/\" \/>\n<meta property=\"og:locale\" content=\"ca_ES\" \/>\n<meta property=\"og:type\" content=\"article\" \/>\n<meta property=\"og:title\" content=\"BROFIL 50 FLUX - BROQUETAS, S.L.\" \/>\n<meta property=\"og:description\" content=\"BROFIL 50 \u00e9s un aliatge d&#039;alta puresa compost per un 50% d&#039;estany\u00a0\u00a0 i un 50% de plom. Aquest aliatge compleix els est\u00e0ndards de la ISO 9453:2015,\u00a0\u00a0 aliatge 111. Est\u00e0 fabricat mitjan\u00e7ant un proc\u00e9s especial que controla que\u00a0\u00a0 durant la manufactura no s&#039;incloguin \u00f2xids i altres impureses met\u00e0l\u00b7liques i\u00a0\u00a0 no met\u00e0l\u00b7liques. Aquest aliatge pot ser utilitzat per a la uni\u00f3 de components\u00a0\u00a0 el\u00e8ctrics, soldadura de PCBs, soldadura de plaques, re-work i altres\u00a0\u00a0 soldadures d\u00fas general.\u00a0\u00a0\u00a0\u00a0\u00a0\u00a0\u00a0\u00a0\u00a0 VALOR AFEGIT DEL PRODUCTE\u00a0\u00a0\u00a0\u00a0 n Sota punt de fusi\u00f3\" \/>\n<meta property=\"og:url\" content=\"https:\/\/broquetas.com\/ca\/producto\/brofil-50-flux\/\" \/>\n<meta property=\"og:site_name\" content=\"BROQUETAS, S.L.\" \/>\n<meta property=\"article:modified_time\" content=\"2022-08-01T14:32:58+00:00\" \/>\n<meta property=\"og:image\" content=\"https:\/\/broquetas.com\/wp-content\/uploads\/2022\/02\/B20B21-09150-1A104.png\" \/>\n\t<meta property=\"og:image:width\" content=\"1080\" \/>\n\t<meta property=\"og:image:height\" content=\"1080\" \/>\n\t<meta property=\"og:image:type\" content=\"image\/png\" \/>\n<meta name=\"twitter:card\" content=\"summary_large_image\" \/>\n<meta name=\"twitter:label1\" content=\"Temps estimat de lectura\" \/>\n\t<meta name=\"twitter:data1\" content=\"1 minut\" \/>\n<script type=\"application\/ld+json\" class=\"yoast-schema-graph\">{\"@context\":\"https:\/\/schema.org\",\"@graph\":[{\"@type\":\"WebPage\",\"@id\":\"https:\/\/broquetas.com\/ca\/producto\/brofil-50-flux\/\",\"url\":\"https:\/\/broquetas.com\/ca\/producto\/brofil-50-flux\/\",\"name\":\"BROFIL 50 FLUX - BROQUETAS, S.L.\",\"isPartOf\":{\"@id\":\"https:\/\/broquetas.com\/#website\"},\"primaryImageOfPage\":{\"@id\":\"https:\/\/broquetas.com\/ca\/producto\/brofil-50-flux\/#primaryimage\"},\"image\":{\"@id\":\"https:\/\/broquetas.com\/ca\/producto\/brofil-50-flux\/#primaryimage\"},\"thumbnailUrl\":\"https:\/\/broquetas.com\/wp-content\/uploads\/2022\/02\/B20B21-09150-1A104.png\",\"datePublished\":\"2022-02-24T21:13:58+00:00\",\"dateModified\":\"2022-08-01T14:32:58+00:00\",\"description\":\"BROFIL 50 \u00e9s un aliatge d'alta puresa compost per un 50% d'estany\u00a0\u00a0 i un 50% de plom. Aquest aliatge compleix els est\u00e0ndards de la ISO 9453:2015,\u00a0\u00a0 aliatge 111. Est\u00e0 fabricat mitjan\u00e7ant un proc\u00e9s especial que controla que\u00a0\u00a0 durant la manufactura no s'incloguin \u00f2xids i altres impureses met\u00e0l\u00b7liques i\u00a0\u00a0 no met\u00e0l\u00b7liques. Aquest aliatge pot ser utilitzat per a la uni\u00f3 de components\u00a0\u00a0 el\u00e8ctrics, soldadura de PCBs, soldadura de plaques, re-work i altres\u00a0\u00a0 soldadures d\u00fas general.\u00a0\u00a0\u00a0\u00a0\u00a0\u00a0\u00a0\u00a0\u00a0 VALOR AFEGIT DEL PRODUCTE\u00a0\u00a0\u00a0\u00a0 n Sota punt de fusi\u00f3\",\"breadcrumb\":{\"@id\":\"https:\/\/broquetas.com\/ca\/producto\/brofil-50-flux\/#breadcrumb\"},\"inLanguage\":\"ca\",\"potentialAction\":[{\"@type\":\"ReadAction\",\"target\":[\"https:\/\/broquetas.com\/ca\/producto\/brofil-50-flux\/\"]}]},{\"@type\":\"ImageObject\",\"inLanguage\":\"ca\",\"@id\":\"https:\/\/broquetas.com\/ca\/producto\/brofil-50-flux\/#primaryimage\",\"url\":\"https:\/\/broquetas.com\/wp-content\/uploads\/2022\/02\/B20B21-09150-1A104.png\",\"contentUrl\":\"https:\/\/broquetas.com\/wp-content\/uploads\/2022\/02\/B20B21-09150-1A104.png\",\"width\":1080,\"height\":1080},{\"@type\":\"BreadcrumbList\",\"@id\":\"https:\/\/broquetas.com\/ca\/producto\/brofil-50-flux\/#breadcrumb\",\"itemListElement\":[{\"@type\":\"ListItem\",\"position\":1,\"name\":\"Home\",\"item\":\"https:\/\/broquetas.com\/\"},{\"@type\":\"ListItem\",\"position\":2,\"name\":\"Productes\",\"item\":\"https:\/\/broquetas.com\/ca\/productes\/\"},{\"@type\":\"ListItem\",\"position\":3,\"name\":\"BROFIL 50 FLUX\"}]},{\"@type\":\"WebSite\",\"@id\":\"https:\/\/broquetas.com\/#website\",\"url\":\"https:\/\/broquetas.com\/\",\"name\":\"BROQUETAS, S.L.\",\"description\":\"\",\"publisher\":{\"@id\":\"https:\/\/broquetas.com\/#organization\"},\"potentialAction\":[{\"@type\":\"SearchAction\",\"target\":{\"@type\":\"EntryPoint\",\"urlTemplate\":\"https:\/\/broquetas.com\/?s={search_term_string}\"},\"query-input\":{\"@type\":\"PropertyValueSpecification\",\"valueRequired\":true,\"valueName\":\"search_term_string\"}}],\"inLanguage\":\"ca\"},{\"@type\":\"Organization\",\"@id\":\"https:\/\/broquetas.com\/#organization\",\"name\":\"BROQUETAS S.L.\",\"url\":\"https:\/\/broquetas.com\/\",\"logo\":{\"@type\":\"ImageObject\",\"inLanguage\":\"ca\",\"@id\":\"https:\/\/broquetas.com\/#\/schema\/logo\/image\/\",\"url\":\"https:\/\/broquetas.com\/wp-content\/uploads\/2021\/08\/logo-broquetas-dark.png\",\"contentUrl\":\"https:\/\/broquetas.com\/wp-content\/uploads\/2021\/08\/logo-broquetas-dark.png\",\"width\":262,\"height\":150,\"caption\":\"BROQUETAS S.L.\"},\"image\":{\"@id\":\"https:\/\/broquetas.com\/#\/schema\/logo\/image\/\"},\"sameAs\":[\"https:\/\/www.linkedin.com\/in\/broquetas-s-l-broquetas-99a22283\/\",\"https:\/\/www.youtube.com\/channel\/UCDYxB3N3CMqWo9DA-oyiAdg\"]}]}<\/script>\n<!-- \/ Yoast SEO plugin. -->","yoast_head_json":{"title":"BROFIL 50 FLUX - BROQUETAS, S.L.","description":"BROFIL 50 \u00e9s un aliatge d'alta puresa compost per un 50% d'estany\u00a0\u00a0 i un 50% de plom. Aquest aliatge compleix els est\u00e0ndards de la ISO 9453:2015,\u00a0\u00a0 aliatge 111. Est\u00e0 fabricat mitjan\u00e7ant un proc\u00e9s especial que controla que\u00a0\u00a0 durant la manufactura no s'incloguin \u00f2xids i altres impureses met\u00e0l\u00b7liques i\u00a0\u00a0 no met\u00e0l\u00b7liques. Aquest aliatge pot ser utilitzat per a la uni\u00f3 de components\u00a0\u00a0 el\u00e8ctrics, soldadura de PCBs, soldadura de plaques, re-work i altres\u00a0\u00a0 soldadures d\u00fas general.\u00a0\u00a0\u00a0\u00a0\u00a0\u00a0\u00a0\u00a0\u00a0 VALOR AFEGIT DEL PRODUCTE\u00a0\u00a0\u00a0\u00a0 n Sota punt de fusi\u00f3","robots":{"index":"index","follow":"follow","max-snippet":"max-snippet:-1","max-image-preview":"max-image-preview:large","max-video-preview":"max-video-preview:-1"},"canonical":"https:\/\/broquetas.com\/ca\/producto\/brofil-50-flux\/","og_locale":"ca_ES","og_type":"article","og_title":"BROFIL 50 FLUX - BROQUETAS, S.L.","og_description":"BROFIL 50 \u00e9s un aliatge d'alta puresa compost per un 50% d'estany\u00a0\u00a0 i un 50% de plom. Aquest aliatge compleix els est\u00e0ndards de la ISO 9453:2015,\u00a0\u00a0 aliatge 111. Est\u00e0 fabricat mitjan\u00e7ant un proc\u00e9s especial que controla que\u00a0\u00a0 durant la manufactura no s'incloguin \u00f2xids i altres impureses met\u00e0l\u00b7liques i\u00a0\u00a0 no met\u00e0l\u00b7liques. Aquest aliatge pot ser utilitzat per a la uni\u00f3 de components\u00a0\u00a0 el\u00e8ctrics, soldadura de PCBs, soldadura de plaques, re-work i altres\u00a0\u00a0 soldadures d\u00fas general.\u00a0\u00a0\u00a0\u00a0\u00a0\u00a0\u00a0\u00a0\u00a0 VALOR AFEGIT DEL PRODUCTE\u00a0\u00a0\u00a0\u00a0 n Sota punt de fusi\u00f3","og_url":"https:\/\/broquetas.com\/ca\/producto\/brofil-50-flux\/","og_site_name":"BROQUETAS, S.L.","article_modified_time":"2022-08-01T14:32:58+00:00","og_image":[{"width":1080,"height":1080,"url":"https:\/\/broquetas.com\/wp-content\/uploads\/2022\/02\/B20B21-09150-1A104.png","type":"image\/png"}],"twitter_card":"summary_large_image","twitter_misc":{"Temps estimat de lectura":"1 minut"},"schema":{"@context":"https:\/\/schema.org","@graph":[{"@type":"WebPage","@id":"https:\/\/broquetas.com\/ca\/producto\/brofil-50-flux\/","url":"https:\/\/broquetas.com\/ca\/producto\/brofil-50-flux\/","name":"BROFIL 50 FLUX - BROQUETAS, S.L.","isPartOf":{"@id":"https:\/\/broquetas.com\/#website"},"primaryImageOfPage":{"@id":"https:\/\/broquetas.com\/ca\/producto\/brofil-50-flux\/#primaryimage"},"image":{"@id":"https:\/\/broquetas.com\/ca\/producto\/brofil-50-flux\/#primaryimage"},"thumbnailUrl":"https:\/\/broquetas.com\/wp-content\/uploads\/2022\/02\/B20B21-09150-1A104.png","datePublished":"2022-02-24T21:13:58+00:00","dateModified":"2022-08-01T14:32:58+00:00","description":"BROFIL 50 \u00e9s un aliatge d'alta puresa compost per un 50% d'estany\u00a0\u00a0 i un 50% de plom. Aquest aliatge compleix els est\u00e0ndards de la ISO 9453:2015,\u00a0\u00a0 aliatge 111. Est\u00e0 fabricat mitjan\u00e7ant un proc\u00e9s especial que controla que\u00a0\u00a0 durant la manufactura no s'incloguin \u00f2xids i altres impureses met\u00e0l\u00b7liques i\u00a0\u00a0 no met\u00e0l\u00b7liques. Aquest aliatge pot ser utilitzat per a la uni\u00f3 de components\u00a0\u00a0 el\u00e8ctrics, soldadura de PCBs, soldadura de plaques, re-work i altres\u00a0\u00a0 soldadures d\u00fas general.\u00a0\u00a0\u00a0\u00a0\u00a0\u00a0\u00a0\u00a0\u00a0 VALOR AFEGIT DEL PRODUCTE\u00a0\u00a0\u00a0\u00a0 n Sota punt de fusi\u00f3","breadcrumb":{"@id":"https:\/\/broquetas.com\/ca\/producto\/brofil-50-flux\/#breadcrumb"},"inLanguage":"ca","potentialAction":[{"@type":"ReadAction","target":["https:\/\/broquetas.com\/ca\/producto\/brofil-50-flux\/"]}]},{"@type":"ImageObject","inLanguage":"ca","@id":"https:\/\/broquetas.com\/ca\/producto\/brofil-50-flux\/#primaryimage","url":"https:\/\/broquetas.com\/wp-content\/uploads\/2022\/02\/B20B21-09150-1A104.png","contentUrl":"https:\/\/broquetas.com\/wp-content\/uploads\/2022\/02\/B20B21-09150-1A104.png","width":1080,"height":1080},{"@type":"BreadcrumbList","@id":"https:\/\/broquetas.com\/ca\/producto\/brofil-50-flux\/#breadcrumb","itemListElement":[{"@type":"ListItem","position":1,"name":"Home","item":"https:\/\/broquetas.com\/"},{"@type":"ListItem","position":2,"name":"Productes","item":"https:\/\/broquetas.com\/ca\/productes\/"},{"@type":"ListItem","position":3,"name":"BROFIL 50 FLUX"}]},{"@type":"WebSite","@id":"https:\/\/broquetas.com\/#website","url":"https:\/\/broquetas.com\/","name":"BROQUETAS, S.L.","description":"","publisher":{"@id":"https:\/\/broquetas.com\/#organization"},"potentialAction":[{"@type":"SearchAction","target":{"@type":"EntryPoint","urlTemplate":"https:\/\/broquetas.com\/?s={search_term_string}"},"query-input":{"@type":"PropertyValueSpecification","valueRequired":true,"valueName":"search_term_string"}}],"inLanguage":"ca"},{"@type":"Organization","@id":"https:\/\/broquetas.com\/#organization","name":"BROQUETAS S.L.","url":"https:\/\/broquetas.com\/","logo":{"@type":"ImageObject","inLanguage":"ca","@id":"https:\/\/broquetas.com\/#\/schema\/logo\/image\/","url":"https:\/\/broquetas.com\/wp-content\/uploads\/2021\/08\/logo-broquetas-dark.png","contentUrl":"https:\/\/broquetas.com\/wp-content\/uploads\/2021\/08\/logo-broquetas-dark.png","width":262,"height":150,"caption":"BROQUETAS S.L."},"image":{"@id":"https:\/\/broquetas.com\/#\/schema\/logo\/image\/"},"sameAs":["https:\/\/www.linkedin.com\/in\/broquetas-s-l-broquetas-99a22283\/","https:\/\/www.youtube.com\/channel\/UCDYxB3N3CMqWo9DA-oyiAdg"]}]}},"_links":{"self":[{"href":"https:\/\/broquetas.com\/ca\/wp-json\/wp\/v2\/product\/8220","targetHints":{"allow":["GET"]}}],"collection":[{"href":"https:\/\/broquetas.com\/ca\/wp-json\/wp\/v2\/product"}],"about":[{"href":"https:\/\/broquetas.com\/ca\/wp-json\/wp\/v2\/types\/product"}],"replies":[{"embeddable":true,"href":"https:\/\/broquetas.com\/ca\/wp-json\/wp\/v2\/comments?post=8220"}],"wp:featuredmedia":[{"embeddable":true,"href":"https:\/\/broquetas.com\/ca\/wp-json\/wp\/v2\/media\/6047"}],"wp:attachment":[{"href":"https:\/\/broquetas.com\/ca\/wp-json\/wp\/v2\/media?parent=8220"}],"wp:term":[{"taxonomy":"product_brand","embeddable":true,"href":"https:\/\/broquetas.com\/ca\/wp-json\/wp\/v2\/product_brand?post=8220"},{"taxonomy":"product_cat","embeddable":true,"href":"https:\/\/broquetas.com\/ca\/wp-json\/wp\/v2\/product_cat?post=8220"},{"taxonomy":"product_tag","embeddable":true,"href":"https:\/\/broquetas.com\/ca\/wp-json\/wp\/v2\/product_tag?post=8220"}],"curies":[{"name":"wp","href":"https:\/\/api.w.org\/{rel}","templated":true}]}}