{"id":8219,"date":"2022-02-24T22:14:06","date_gmt":"2022-02-24T21:14:06","guid":{"rendered":"https:\/\/broquetas.com\/producto\/bropols-cs-paste\/"},"modified":"2022-08-01T16:32:58","modified_gmt":"2022-08-01T14:32:58","slug":"bropols-cs-paste","status":"publish","type":"product","link":"https:\/\/broquetas.com\/ca\/producto\/bropols-cs-paste\/","title":{"rendered":"BROPOLS CS PASTE"},"content":{"rendered":"<p>BROPOLS CS PASTE es una pasta fundente desoxidante para soldadura<br \/>\n  con varilla de plata\u00a0 que cumple con la<br \/>\n  norma EN 1045 &#8211; FH10. Para la preparaci\u00f3n, limpiar las piezas a soldar<br \/>\n  mec\u00e1nicamente con la ayuda de un cepillo o un estropajo met\u00e1lico, o bien<br \/>\n  qu\u00edmicamente con productos qu\u00edmicos a base de \u00e1cidos o productos que<br \/>\n  reaccionan con el \u00f3xido del metal, elimin\u00e1ndolo de la superficie del<br \/>\n  mismo.<br \/>\n    FORMATOS:<br \/>\n    Envases de 100g 250g 500g y 1Kg.<\/p>\n","protected":false},"excerpt":{"rendered":"<p>DESOXIDANT PER<br \/>\n  SOLDADURA AMB VARETA DE PLATA EN PASTA<\/p>\n","protected":false},"featured_media":5648,"comment_status":"open","ping_status":"closed","template":"","meta":{"_joinchat":[]},"product_brand":[],"product_cat":[130,176],"product_tag":[],"class_list":{"0":"post-8219","1":"product","2":"type-product","3":"status-publish","4":"has-post-thumbnail","6":"product_cat-artesania-orfebreria-ca","7":"product_cat-decapants","9":"first","10":"instock","11":"taxable","12":"shipping-taxable","13":"product-type-simple"},"yoast_head":"<!-- This site is optimized with the Yoast SEO plugin v26.9 - https:\/\/yoast.com\/product\/yoast-seo-wordpress\/ -->\n<title>BROPOLS CS PASTE - BROQUETAS, S.L.<\/title>\n<meta name=\"description\" content=\"BROPOLS CS PASTE es una pasta fundente desoxidante para soldadura\u00a0\u00a0 con varilla de plata\u00a0 que cumple con la\u00a0\u00a0 norma EN 1045 - FH10. Para la preparaci\u00f3n, limpiar las piezas a soldar\u00a0\u00a0 mec\u00e1nicamente con la ayuda de un cepillo o un estropajo met\u00e1lico, o bien\u00a0\u00a0 qu\u00edmicamente con productos qu\u00edmicos a base de \u00e1cidos o productos que\u00a0\u00a0 reaccionan con el \u00f3xido del metal, elimin\u00e1ndolo de la superficie del\u00a0\u00a0 mismo.\u00a0\u00a0\u00a0\u00a0 FORMATOS:\u00a0\u00a0\u00a0\u00a0 Envases de 100g 250g 500g y 1Kg.\" \/>\n<meta name=\"robots\" content=\"index, follow, max-snippet:-1, max-image-preview:large, max-video-preview:-1\" \/>\n<link rel=\"canonical\" href=\"https:\/\/broquetas.com\/ca\/producto\/bropols-cs-paste\/\" \/>\n<meta property=\"og:locale\" content=\"ca_ES\" \/>\n<meta property=\"og:type\" content=\"article\" \/>\n<meta property=\"og:title\" content=\"BROPOLS CS PASTE - BROQUETAS, S.L.\" \/>\n<meta property=\"og:description\" content=\"BROPOLS CS PASTE es una pasta fundente desoxidante para soldadura\u00a0\u00a0 con varilla de plata\u00a0 que cumple con la\u00a0\u00a0 norma EN 1045 - FH10. Para la preparaci\u00f3n, limpiar las piezas a soldar\u00a0\u00a0 mec\u00e1nicamente con la ayuda de un cepillo o un estropajo met\u00e1lico, o bien\u00a0\u00a0 qu\u00edmicamente con productos qu\u00edmicos a base de \u00e1cidos o productos que\u00a0\u00a0 reaccionan con el \u00f3xido del metal, elimin\u00e1ndolo de la superficie del\u00a0\u00a0 mismo.\u00a0\u00a0\u00a0\u00a0 FORMATOS:\u00a0\u00a0\u00a0\u00a0 Envases de 100g 250g 500g y 1Kg.\" \/>\n<meta property=\"og:url\" content=\"https:\/\/broquetas.com\/ca\/producto\/bropols-cs-paste\/\" \/>\n<meta property=\"og:site_name\" content=\"BROQUETAS, S.L.\" \/>\n<meta property=\"article:modified_time\" content=\"2022-08-01T14:32:58+00:00\" \/>\n<meta property=\"og:image\" content=\"https:\/\/broquetas.com\/wp-content\/uploads\/2022\/01\/LOGO-WEB-PRODUCTOS.png\" \/>\n\t<meta property=\"og:image:width\" content=\"1080\" \/>\n\t<meta property=\"og:image:height\" content=\"1080\" \/>\n\t<meta property=\"og:image:type\" content=\"image\/png\" \/>\n<meta name=\"twitter:card\" content=\"summary_large_image\" \/>\n<script type=\"application\/ld+json\" class=\"yoast-schema-graph\">{\"@context\":\"https:\/\/schema.org\",\"@graph\":[{\"@type\":\"WebPage\",\"@id\":\"https:\/\/broquetas.com\/ca\/producto\/bropols-cs-paste\/\",\"url\":\"https:\/\/broquetas.com\/ca\/producto\/bropols-cs-paste\/\",\"name\":\"BROPOLS CS PASTE - BROQUETAS, S.L.\",\"isPartOf\":{\"@id\":\"https:\/\/broquetas.com\/#website\"},\"primaryImageOfPage\":{\"@id\":\"https:\/\/broquetas.com\/ca\/producto\/bropols-cs-paste\/#primaryimage\"},\"image\":{\"@id\":\"https:\/\/broquetas.com\/ca\/producto\/bropols-cs-paste\/#primaryimage\"},\"thumbnailUrl\":\"https:\/\/broquetas.com\/wp-content\/uploads\/2022\/01\/LOGO-WEB-PRODUCTOS.png\",\"datePublished\":\"2022-02-24T21:14:06+00:00\",\"dateModified\":\"2022-08-01T14:32:58+00:00\",\"description\":\"BROPOLS CS PASTE es una pasta fundente desoxidante para soldadura\u00a0\u00a0 con varilla de plata\u00a0 que cumple con la\u00a0\u00a0 norma EN 1045 - FH10. Para la preparaci\u00f3n, limpiar las piezas a soldar\u00a0\u00a0 mec\u00e1nicamente con la ayuda de un cepillo o un estropajo met\u00e1lico, o bien\u00a0\u00a0 qu\u00edmicamente con productos qu\u00edmicos a base de \u00e1cidos o productos que\u00a0\u00a0 reaccionan con el \u00f3xido del metal, elimin\u00e1ndolo de la superficie del\u00a0\u00a0 mismo.\u00a0\u00a0\u00a0\u00a0 FORMATOS:\u00a0\u00a0\u00a0\u00a0 Envases de 100g 250g 500g y 1Kg.\",\"breadcrumb\":{\"@id\":\"https:\/\/broquetas.com\/ca\/producto\/bropols-cs-paste\/#breadcrumb\"},\"inLanguage\":\"ca\",\"potentialAction\":[{\"@type\":\"ReadAction\",\"target\":[\"https:\/\/broquetas.com\/ca\/producto\/bropols-cs-paste\/\"]}]},{\"@type\":\"ImageObject\",\"inLanguage\":\"ca\",\"@id\":\"https:\/\/broquetas.com\/ca\/producto\/bropols-cs-paste\/#primaryimage\",\"url\":\"https:\/\/broquetas.com\/wp-content\/uploads\/2022\/01\/LOGO-WEB-PRODUCTOS.png\",\"contentUrl\":\"https:\/\/broquetas.com\/wp-content\/uploads\/2022\/01\/LOGO-WEB-PRODUCTOS.png\",\"width\":1080,\"height\":1080},{\"@type\":\"BreadcrumbList\",\"@id\":\"https:\/\/broquetas.com\/ca\/producto\/bropols-cs-paste\/#breadcrumb\",\"itemListElement\":[{\"@type\":\"ListItem\",\"position\":1,\"name\":\"Home\",\"item\":\"https:\/\/broquetas.com\/\"},{\"@type\":\"ListItem\",\"position\":2,\"name\":\"Productes\",\"item\":\"https:\/\/broquetas.com\/ca\/productes\/\"},{\"@type\":\"ListItem\",\"position\":3,\"name\":\"BROPOLS CS PASTE\"}]},{\"@type\":\"WebSite\",\"@id\":\"https:\/\/broquetas.com\/#website\",\"url\":\"https:\/\/broquetas.com\/\",\"name\":\"BROQUETAS, S.L.\",\"description\":\"\",\"publisher\":{\"@id\":\"https:\/\/broquetas.com\/#organization\"},\"potentialAction\":[{\"@type\":\"SearchAction\",\"target\":{\"@type\":\"EntryPoint\",\"urlTemplate\":\"https:\/\/broquetas.com\/?s={search_term_string}\"},\"query-input\":{\"@type\":\"PropertyValueSpecification\",\"valueRequired\":true,\"valueName\":\"search_term_string\"}}],\"inLanguage\":\"ca\"},{\"@type\":\"Organization\",\"@id\":\"https:\/\/broquetas.com\/#organization\",\"name\":\"BROQUETAS S.L.\",\"url\":\"https:\/\/broquetas.com\/\",\"logo\":{\"@type\":\"ImageObject\",\"inLanguage\":\"ca\",\"@id\":\"https:\/\/broquetas.com\/#\/schema\/logo\/image\/\",\"url\":\"https:\/\/broquetas.com\/wp-content\/uploads\/2021\/08\/logo-broquetas-dark.png\",\"contentUrl\":\"https:\/\/broquetas.com\/wp-content\/uploads\/2021\/08\/logo-broquetas-dark.png\",\"width\":262,\"height\":150,\"caption\":\"BROQUETAS S.L.\"},\"image\":{\"@id\":\"https:\/\/broquetas.com\/#\/schema\/logo\/image\/\"},\"sameAs\":[\"https:\/\/www.linkedin.com\/in\/broquetas-s-l-broquetas-99a22283\/\",\"https:\/\/www.youtube.com\/channel\/UCDYxB3N3CMqWo9DA-oyiAdg\"]}]}<\/script>\n<!-- \/ Yoast SEO plugin. -->","yoast_head_json":{"title":"BROPOLS CS PASTE - BROQUETAS, S.L.","description":"BROPOLS CS PASTE es una pasta fundente desoxidante para soldadura\u00a0\u00a0 con varilla de plata\u00a0 que cumple con la\u00a0\u00a0 norma EN 1045 - FH10. Para la preparaci\u00f3n, limpiar las piezas a soldar\u00a0\u00a0 mec\u00e1nicamente con la ayuda de un cepillo o un estropajo met\u00e1lico, o bien\u00a0\u00a0 qu\u00edmicamente con productos qu\u00edmicos a base de \u00e1cidos o productos que\u00a0\u00a0 reaccionan con el \u00f3xido del metal, elimin\u00e1ndolo de la superficie del\u00a0\u00a0 mismo.\u00a0\u00a0\u00a0\u00a0 FORMATOS:\u00a0\u00a0\u00a0\u00a0 Envases de 100g 250g 500g y 1Kg.","robots":{"index":"index","follow":"follow","max-snippet":"max-snippet:-1","max-image-preview":"max-image-preview:large","max-video-preview":"max-video-preview:-1"},"canonical":"https:\/\/broquetas.com\/ca\/producto\/bropols-cs-paste\/","og_locale":"ca_ES","og_type":"article","og_title":"BROPOLS CS PASTE - BROQUETAS, S.L.","og_description":"BROPOLS CS PASTE es una pasta fundente desoxidante para soldadura\u00a0\u00a0 con varilla de plata\u00a0 que cumple con la\u00a0\u00a0 norma EN 1045 - FH10. Para la preparaci\u00f3n, limpiar las piezas a soldar\u00a0\u00a0 mec\u00e1nicamente con la ayuda de un cepillo o un estropajo met\u00e1lico, o bien\u00a0\u00a0 qu\u00edmicamente con productos qu\u00edmicos a base de \u00e1cidos o productos que\u00a0\u00a0 reaccionan con el \u00f3xido del metal, elimin\u00e1ndolo de la superficie del\u00a0\u00a0 mismo.\u00a0\u00a0\u00a0\u00a0 FORMATOS:\u00a0\u00a0\u00a0\u00a0 Envases de 100g 250g 500g y 1Kg.","og_url":"https:\/\/broquetas.com\/ca\/producto\/bropols-cs-paste\/","og_site_name":"BROQUETAS, S.L.","article_modified_time":"2022-08-01T14:32:58+00:00","og_image":[{"width":1080,"height":1080,"url":"https:\/\/broquetas.com\/wp-content\/uploads\/2022\/01\/LOGO-WEB-PRODUCTOS.png","type":"image\/png"}],"twitter_card":"summary_large_image","schema":{"@context":"https:\/\/schema.org","@graph":[{"@type":"WebPage","@id":"https:\/\/broquetas.com\/ca\/producto\/bropols-cs-paste\/","url":"https:\/\/broquetas.com\/ca\/producto\/bropols-cs-paste\/","name":"BROPOLS CS PASTE - BROQUETAS, S.L.","isPartOf":{"@id":"https:\/\/broquetas.com\/#website"},"primaryImageOfPage":{"@id":"https:\/\/broquetas.com\/ca\/producto\/bropols-cs-paste\/#primaryimage"},"image":{"@id":"https:\/\/broquetas.com\/ca\/producto\/bropols-cs-paste\/#primaryimage"},"thumbnailUrl":"https:\/\/broquetas.com\/wp-content\/uploads\/2022\/01\/LOGO-WEB-PRODUCTOS.png","datePublished":"2022-02-24T21:14:06+00:00","dateModified":"2022-08-01T14:32:58+00:00","description":"BROPOLS CS PASTE es una pasta fundente desoxidante para soldadura\u00a0\u00a0 con varilla de plata\u00a0 que cumple con la\u00a0\u00a0 norma EN 1045 - FH10. Para la preparaci\u00f3n, limpiar las piezas a soldar\u00a0\u00a0 mec\u00e1nicamente con la ayuda de un cepillo o un estropajo met\u00e1lico, o bien\u00a0\u00a0 qu\u00edmicamente con productos qu\u00edmicos a base de \u00e1cidos o productos que\u00a0\u00a0 reaccionan con el \u00f3xido del metal, elimin\u00e1ndolo de la superficie del\u00a0\u00a0 mismo.\u00a0\u00a0\u00a0\u00a0 FORMATOS:\u00a0\u00a0\u00a0\u00a0 Envases de 100g 250g 500g y 1Kg.","breadcrumb":{"@id":"https:\/\/broquetas.com\/ca\/producto\/bropols-cs-paste\/#breadcrumb"},"inLanguage":"ca","potentialAction":[{"@type":"ReadAction","target":["https:\/\/broquetas.com\/ca\/producto\/bropols-cs-paste\/"]}]},{"@type":"ImageObject","inLanguage":"ca","@id":"https:\/\/broquetas.com\/ca\/producto\/bropols-cs-paste\/#primaryimage","url":"https:\/\/broquetas.com\/wp-content\/uploads\/2022\/01\/LOGO-WEB-PRODUCTOS.png","contentUrl":"https:\/\/broquetas.com\/wp-content\/uploads\/2022\/01\/LOGO-WEB-PRODUCTOS.png","width":1080,"height":1080},{"@type":"BreadcrumbList","@id":"https:\/\/broquetas.com\/ca\/producto\/bropols-cs-paste\/#breadcrumb","itemListElement":[{"@type":"ListItem","position":1,"name":"Home","item":"https:\/\/broquetas.com\/"},{"@type":"ListItem","position":2,"name":"Productes","item":"https:\/\/broquetas.com\/ca\/productes\/"},{"@type":"ListItem","position":3,"name":"BROPOLS CS PASTE"}]},{"@type":"WebSite","@id":"https:\/\/broquetas.com\/#website","url":"https:\/\/broquetas.com\/","name":"BROQUETAS, S.L.","description":"","publisher":{"@id":"https:\/\/broquetas.com\/#organization"},"potentialAction":[{"@type":"SearchAction","target":{"@type":"EntryPoint","urlTemplate":"https:\/\/broquetas.com\/?s={search_term_string}"},"query-input":{"@type":"PropertyValueSpecification","valueRequired":true,"valueName":"search_term_string"}}],"inLanguage":"ca"},{"@type":"Organization","@id":"https:\/\/broquetas.com\/#organization","name":"BROQUETAS S.L.","url":"https:\/\/broquetas.com\/","logo":{"@type":"ImageObject","inLanguage":"ca","@id":"https:\/\/broquetas.com\/#\/schema\/logo\/image\/","url":"https:\/\/broquetas.com\/wp-content\/uploads\/2021\/08\/logo-broquetas-dark.png","contentUrl":"https:\/\/broquetas.com\/wp-content\/uploads\/2021\/08\/logo-broquetas-dark.png","width":262,"height":150,"caption":"BROQUETAS S.L."},"image":{"@id":"https:\/\/broquetas.com\/#\/schema\/logo\/image\/"},"sameAs":["https:\/\/www.linkedin.com\/in\/broquetas-s-l-broquetas-99a22283\/","https:\/\/www.youtube.com\/channel\/UCDYxB3N3CMqWo9DA-oyiAdg"]}]}},"_links":{"self":[{"href":"https:\/\/broquetas.com\/ca\/wp-json\/wp\/v2\/product\/8219","targetHints":{"allow":["GET"]}}],"collection":[{"href":"https:\/\/broquetas.com\/ca\/wp-json\/wp\/v2\/product"}],"about":[{"href":"https:\/\/broquetas.com\/ca\/wp-json\/wp\/v2\/types\/product"}],"replies":[{"embeddable":true,"href":"https:\/\/broquetas.com\/ca\/wp-json\/wp\/v2\/comments?post=8219"}],"wp:featuredmedia":[{"embeddable":true,"href":"https:\/\/broquetas.com\/ca\/wp-json\/wp\/v2\/media\/5648"}],"wp:attachment":[{"href":"https:\/\/broquetas.com\/ca\/wp-json\/wp\/v2\/media?parent=8219"}],"wp:term":[{"taxonomy":"product_brand","embeddable":true,"href":"https:\/\/broquetas.com\/ca\/wp-json\/wp\/v2\/product_brand?post=8219"},{"taxonomy":"product_cat","embeddable":true,"href":"https:\/\/broquetas.com\/ca\/wp-json\/wp\/v2\/product_cat?post=8219"},{"taxonomy":"product_tag","embeddable":true,"href":"https:\/\/broquetas.com\/ca\/wp-json\/wp\/v2\/product_tag?post=8219"}],"curies":[{"name":"wp","href":"https:\/\/api.w.org\/{rel}","templated":true}]}}