{"id":10191,"date":"2025-04-03T12:52:56","date_gmt":"2025-04-03T10:52:56","guid":{"rendered":"https:\/\/broquetas.com\/?post_type=product&#038;p=10191"},"modified":"2025-04-03T14:58:53","modified_gmt":"2025-04-03T12:58:53","slug":"flux-base-agua-para-rework","status":"publish","type":"product","link":"https:\/\/broquetas.com\/ca\/producto\/flux-base-agua-para-rework\/","title":{"rendered":"FLUX BASE AGUA PARA REWORK"},"content":{"rendered":"<p>INFORMACI\u00d3 DEL PRODUCTE<\/p>\n<p>Nostre Water Based Flux BRO-B004-00015 ha estat especialment formulat per a treballs de rework, reparaci\u00f3 i dessoldatge en circuits electr\u00f2nics i components SMD.<br \/>\nAquest flux transparent, en format l\u00edquid, destaca per la seva versatilitat i efic\u00e0cia:<br \/>\nPot\u00e8ncia l&#8217;adhesi\u00f3 de l&#8217;estany, fins i tot en components amb pads estrets o en la soldadura de fils.<br \/>\nNeta la superf\u00edcie de contacte, facilitant una soldadura neta i duradora.<br \/>\nBase aquosa, sota residu i f\u00e0cil neteja: simplement amb aigua.<br \/>\nIdeal per a treballs precisos, gr\u00e0cies al seu pr\u00e0ctic env\u00e0s de 15 ml amb pinzell aplicador incorporat.<\/p>\n<p>CLASSIFICACI\u00d3 T\u00c8CNICA:<br \/>\nTipus de flux: 2.1.3.A (ISO 9454)<br \/>\nNormativa: DIN EN 61190-1-1: L0 (IEC OR\/L0)<\/p>\n<p>FORMAT:<br \/>\nFlasc\u00f3 de cristall 15 ml amb pinzell aplicador<br \/>\nCaixa de 18 unitats<\/p>\n<p>Una eina essencial en el teu banc de treball per a garantir unions fiables i netes en processos de reparaci\u00f3 i manteniment electr\u00f2nic.<\/p>\n","protected":false},"excerpt":{"rendered":"<p>BRO-B004-00015 &#8211; Flux a base d&#8217;aigua 15 ml. Compatibilitat amb WEEE\/RoHS<\/p>\n","protected":false},"featured_media":10195,"comment_status":"closed","ping_status":"closed","template":"","meta":{"_joinchat":[]},"product_brand":[],"product_cat":[142,143],"product_tag":[],"class_list":{"0":"post-10191","1":"product","2":"type-product","3":"status-publish","4":"has-post-thumbnail","6":"product_cat-industria-electronica-ca","7":"product_cat-reparacion-y-retrabajo-ca","9":"first","10":"instock","11":"taxable","12":"shipping-taxable","13":"product-type-simple"},"yoast_head":"<!-- This site is optimized with the Yoast SEO plugin v26.9 - https:\/\/yoast.com\/product\/yoast-seo-wordpress\/ -->\n<title>FLUX BASE AGUA PARA REWORK - BROQUETAS, S.L.<\/title>\n<meta name=\"robots\" content=\"index, follow, max-snippet:-1, max-image-preview:large, max-video-preview:-1\" \/>\n<link rel=\"canonical\" href=\"https:\/\/broquetas.com\/ca\/producto\/flux-base-agua-para-rework\/\" \/>\n<meta property=\"og:locale\" content=\"ca_ES\" \/>\n<meta property=\"og:type\" content=\"article\" \/>\n<meta property=\"og:title\" content=\"FLUX BASE AGUA PARA REWORK - BROQUETAS, S.L.\" \/>\n<meta property=\"og:description\" content=\"BRO-B004-00015 - Flux a base d&#039;aigua 15 ml. Compatibilitat amb WEEE\/RoHS\" \/>\n<meta property=\"og:url\" content=\"https:\/\/broquetas.com\/ca\/producto\/flux-base-agua-para-rework\/\" \/>\n<meta property=\"og:site_name\" content=\"BROQUETAS, S.L.\" \/>\n<meta property=\"article:modified_time\" content=\"2025-04-03T12:58:53+00:00\" \/>\n<meta property=\"og:image\" content=\"https:\/\/broquetas.com\/wp-content\/uploads\/2025\/04\/Diseno-sin-titulo-4.png\" \/>\n\t<meta property=\"og:image:width\" content=\"1080\" \/>\n\t<meta property=\"og:image:height\" content=\"1080\" \/>\n\t<meta property=\"og:image:type\" content=\"image\/png\" \/>\n<meta name=\"twitter:card\" content=\"summary_large_image\" \/>\n<meta name=\"twitter:label1\" content=\"Temps estimat de lectura\" \/>\n\t<meta name=\"twitter:data1\" content=\"1 minut\" \/>\n<script type=\"application\/ld+json\" class=\"yoast-schema-graph\">{\"@context\":\"https:\/\/schema.org\",\"@graph\":[{\"@type\":\"WebPage\",\"@id\":\"https:\/\/broquetas.com\/ca\/producto\/flux-base-agua-para-rework\/\",\"url\":\"https:\/\/broquetas.com\/ca\/producto\/flux-base-agua-para-rework\/\",\"name\":\"FLUX BASE AGUA PARA REWORK - BROQUETAS, S.L.\",\"isPartOf\":{\"@id\":\"https:\/\/broquetas.com\/#website\"},\"primaryImageOfPage\":{\"@id\":\"https:\/\/broquetas.com\/ca\/producto\/flux-base-agua-para-rework\/#primaryimage\"},\"image\":{\"@id\":\"https:\/\/broquetas.com\/ca\/producto\/flux-base-agua-para-rework\/#primaryimage\"},\"thumbnailUrl\":\"https:\/\/broquetas.com\/wp-content\/uploads\/2025\/04\/Diseno-sin-titulo-4.png\",\"datePublished\":\"2025-04-03T10:52:56+00:00\",\"dateModified\":\"2025-04-03T12:58:53+00:00\",\"breadcrumb\":{\"@id\":\"https:\/\/broquetas.com\/ca\/producto\/flux-base-agua-para-rework\/#breadcrumb\"},\"inLanguage\":\"ca\",\"potentialAction\":[{\"@type\":\"ReadAction\",\"target\":[\"https:\/\/broquetas.com\/ca\/producto\/flux-base-agua-para-rework\/\"]}]},{\"@type\":\"ImageObject\",\"inLanguage\":\"ca\",\"@id\":\"https:\/\/broquetas.com\/ca\/producto\/flux-base-agua-para-rework\/#primaryimage\",\"url\":\"https:\/\/broquetas.com\/wp-content\/uploads\/2025\/04\/Diseno-sin-titulo-4.png\",\"contentUrl\":\"https:\/\/broquetas.com\/wp-content\/uploads\/2025\/04\/Diseno-sin-titulo-4.png\",\"width\":1080,\"height\":1080},{\"@type\":\"BreadcrumbList\",\"@id\":\"https:\/\/broquetas.com\/ca\/producto\/flux-base-agua-para-rework\/#breadcrumb\",\"itemListElement\":[{\"@type\":\"ListItem\",\"position\":1,\"name\":\"Home\",\"item\":\"https:\/\/broquetas.com\/\"},{\"@type\":\"ListItem\",\"position\":2,\"name\":\"Productes\",\"item\":\"https:\/\/broquetas.com\/ca\/productes\/\"},{\"@type\":\"ListItem\",\"position\":3,\"name\":\"FLUX BASE AGUA PARA REWORK\"}]},{\"@type\":\"WebSite\",\"@id\":\"https:\/\/broquetas.com\/#website\",\"url\":\"https:\/\/broquetas.com\/\",\"name\":\"BROQUETAS, S.L.\",\"description\":\"\",\"publisher\":{\"@id\":\"https:\/\/broquetas.com\/#organization\"},\"potentialAction\":[{\"@type\":\"SearchAction\",\"target\":{\"@type\":\"EntryPoint\",\"urlTemplate\":\"https:\/\/broquetas.com\/?s={search_term_string}\"},\"query-input\":{\"@type\":\"PropertyValueSpecification\",\"valueRequired\":true,\"valueName\":\"search_term_string\"}}],\"inLanguage\":\"ca\"},{\"@type\":\"Organization\",\"@id\":\"https:\/\/broquetas.com\/#organization\",\"name\":\"BROQUETAS S.L.\",\"url\":\"https:\/\/broquetas.com\/\",\"logo\":{\"@type\":\"ImageObject\",\"inLanguage\":\"ca\",\"@id\":\"https:\/\/broquetas.com\/#\/schema\/logo\/image\/\",\"url\":\"https:\/\/broquetas.com\/wp-content\/uploads\/2021\/08\/logo-broquetas-dark.png\",\"contentUrl\":\"https:\/\/broquetas.com\/wp-content\/uploads\/2021\/08\/logo-broquetas-dark.png\",\"width\":262,\"height\":150,\"caption\":\"BROQUETAS S.L.\"},\"image\":{\"@id\":\"https:\/\/broquetas.com\/#\/schema\/logo\/image\/\"},\"sameAs\":[\"https:\/\/www.linkedin.com\/in\/broquetas-s-l-broquetas-99a22283\/\",\"https:\/\/www.youtube.com\/channel\/UCDYxB3N3CMqWo9DA-oyiAdg\"]}]}<\/script>\n<!-- \/ Yoast SEO plugin. -->","yoast_head_json":{"title":"FLUX BASE AGUA PARA REWORK - BROQUETAS, S.L.","robots":{"index":"index","follow":"follow","max-snippet":"max-snippet:-1","max-image-preview":"max-image-preview:large","max-video-preview":"max-video-preview:-1"},"canonical":"https:\/\/broquetas.com\/ca\/producto\/flux-base-agua-para-rework\/","og_locale":"ca_ES","og_type":"article","og_title":"FLUX BASE AGUA PARA REWORK - BROQUETAS, S.L.","og_description":"BRO-B004-00015 - Flux a base d'aigua 15 ml. Compatibilitat amb WEEE\/RoHS","og_url":"https:\/\/broquetas.com\/ca\/producto\/flux-base-agua-para-rework\/","og_site_name":"BROQUETAS, S.L.","article_modified_time":"2025-04-03T12:58:53+00:00","og_image":[{"width":1080,"height":1080,"url":"https:\/\/broquetas.com\/wp-content\/uploads\/2025\/04\/Diseno-sin-titulo-4.png","type":"image\/png"}],"twitter_card":"summary_large_image","twitter_misc":{"Temps estimat de lectura":"1 minut"},"schema":{"@context":"https:\/\/schema.org","@graph":[{"@type":"WebPage","@id":"https:\/\/broquetas.com\/ca\/producto\/flux-base-agua-para-rework\/","url":"https:\/\/broquetas.com\/ca\/producto\/flux-base-agua-para-rework\/","name":"FLUX BASE AGUA PARA REWORK - BROQUETAS, S.L.","isPartOf":{"@id":"https:\/\/broquetas.com\/#website"},"primaryImageOfPage":{"@id":"https:\/\/broquetas.com\/ca\/producto\/flux-base-agua-para-rework\/#primaryimage"},"image":{"@id":"https:\/\/broquetas.com\/ca\/producto\/flux-base-agua-para-rework\/#primaryimage"},"thumbnailUrl":"https:\/\/broquetas.com\/wp-content\/uploads\/2025\/04\/Diseno-sin-titulo-4.png","datePublished":"2025-04-03T10:52:56+00:00","dateModified":"2025-04-03T12:58:53+00:00","breadcrumb":{"@id":"https:\/\/broquetas.com\/ca\/producto\/flux-base-agua-para-rework\/#breadcrumb"},"inLanguage":"ca","potentialAction":[{"@type":"ReadAction","target":["https:\/\/broquetas.com\/ca\/producto\/flux-base-agua-para-rework\/"]}]},{"@type":"ImageObject","inLanguage":"ca","@id":"https:\/\/broquetas.com\/ca\/producto\/flux-base-agua-para-rework\/#primaryimage","url":"https:\/\/broquetas.com\/wp-content\/uploads\/2025\/04\/Diseno-sin-titulo-4.png","contentUrl":"https:\/\/broquetas.com\/wp-content\/uploads\/2025\/04\/Diseno-sin-titulo-4.png","width":1080,"height":1080},{"@type":"BreadcrumbList","@id":"https:\/\/broquetas.com\/ca\/producto\/flux-base-agua-para-rework\/#breadcrumb","itemListElement":[{"@type":"ListItem","position":1,"name":"Home","item":"https:\/\/broquetas.com\/"},{"@type":"ListItem","position":2,"name":"Productes","item":"https:\/\/broquetas.com\/ca\/productes\/"},{"@type":"ListItem","position":3,"name":"FLUX BASE AGUA PARA REWORK"}]},{"@type":"WebSite","@id":"https:\/\/broquetas.com\/#website","url":"https:\/\/broquetas.com\/","name":"BROQUETAS, S.L.","description":"","publisher":{"@id":"https:\/\/broquetas.com\/#organization"},"potentialAction":[{"@type":"SearchAction","target":{"@type":"EntryPoint","urlTemplate":"https:\/\/broquetas.com\/?s={search_term_string}"},"query-input":{"@type":"PropertyValueSpecification","valueRequired":true,"valueName":"search_term_string"}}],"inLanguage":"ca"},{"@type":"Organization","@id":"https:\/\/broquetas.com\/#organization","name":"BROQUETAS S.L.","url":"https:\/\/broquetas.com\/","logo":{"@type":"ImageObject","inLanguage":"ca","@id":"https:\/\/broquetas.com\/#\/schema\/logo\/image\/","url":"https:\/\/broquetas.com\/wp-content\/uploads\/2021\/08\/logo-broquetas-dark.png","contentUrl":"https:\/\/broquetas.com\/wp-content\/uploads\/2021\/08\/logo-broquetas-dark.png","width":262,"height":150,"caption":"BROQUETAS S.L."},"image":{"@id":"https:\/\/broquetas.com\/#\/schema\/logo\/image\/"},"sameAs":["https:\/\/www.linkedin.com\/in\/broquetas-s-l-broquetas-99a22283\/","https:\/\/www.youtube.com\/channel\/UCDYxB3N3CMqWo9DA-oyiAdg"]}]}},"_links":{"self":[{"href":"https:\/\/broquetas.com\/ca\/wp-json\/wp\/v2\/product\/10191","targetHints":{"allow":["GET"]}}],"collection":[{"href":"https:\/\/broquetas.com\/ca\/wp-json\/wp\/v2\/product"}],"about":[{"href":"https:\/\/broquetas.com\/ca\/wp-json\/wp\/v2\/types\/product"}],"replies":[{"embeddable":true,"href":"https:\/\/broquetas.com\/ca\/wp-json\/wp\/v2\/comments?post=10191"}],"wp:featuredmedia":[{"embeddable":true,"href":"https:\/\/broquetas.com\/ca\/wp-json\/wp\/v2\/media\/10195"}],"wp:attachment":[{"href":"https:\/\/broquetas.com\/ca\/wp-json\/wp\/v2\/media?parent=10191"}],"wp:term":[{"taxonomy":"product_brand","embeddable":true,"href":"https:\/\/broquetas.com\/ca\/wp-json\/wp\/v2\/product_brand?post=10191"},{"taxonomy":"product_cat","embeddable":true,"href":"https:\/\/broquetas.com\/ca\/wp-json\/wp\/v2\/product_cat?post=10191"},{"taxonomy":"product_tag","embeddable":true,"href":"https:\/\/broquetas.com\/ca\/wp-json\/wp\/v2\/product_tag?post=10191"}],"curies":[{"name":"wp","href":"https:\/\/api.w.org\/{rel}","templated":true}]}}