{"id":4379,"date":"2021-08-24T23:34:22","date_gmt":"2021-08-24T21:34:22","guid":{"rendered":"https:\/\/broquetas.com\/aviso-legal\/"},"modified":"2022-07-06T15:18:14","modified_gmt":"2022-07-06T13:18:14","slug":"avis-legal","status":"publish","type":"page","link":"https:\/\/broquetas.com\/ca\/avis-legal\/","title":{"rendered":"Av\u00eds Legal"},"content":{"rendered":"<p>[vc_row][vc_column][vc_column_text]EXCLUSI\u00d3 DE RESPONSABILITAT<\/p>\n<p>BROQUETAS, S.L. no garanteix la disponibilitat i continu\u00eftat del lloc web ni es fa responsable de qualssevol dels danys i perjudicis produ\u00efts o que puguin produir-se en el futur, ni dels defectes t\u00e8cnics, sigui quina sigui la seva naturalesa, que es derivin de l&#8217;\u00fas de la informaci\u00f3 i de les mat\u00e8ries contingudes en el web www.broquetas.es. i www.broquetas.com.<\/p>\n<p>&nbsp;<\/p>\n<p>DIRECCI\u00d3 DE CONTACTE<\/p>\n<p>Per a qualsevol aclariment sobre les presents condicions generals o qualsevol altre aspecte, t\u00e9 a la seva disposici\u00f3 les seg\u00fcents adreces:<\/p>\n<p>&#8211; SeU Social: BROQUETAS, S.L. &#8211; C\/ Can Sellar\u00e8s 12-14-16 &#8211; 08740 Sant Andreu de la Barca (Barcelona)<\/p>\n<p>&#8211; E-Mail: broquetas@broquetas.com<\/p>\n<p>&nbsp;<\/p>\n<p>POL\u00cdTICA DE PRIVACITAT I TRACTAMENT DE DADES DE CAR\u00c0CTER PERSONAL<\/p>\n<p>BROQUETAS, SL, de nacionalitat espanyola i amb domicili en C \/ Can Sellar\u00e8s 12-14-16 &#8211; 08740 Sant Andreu de la Barca (Barcelona), \u00e9s la titular de la base de dades.<\/p>\n<p>Totes les dades facilitades a trav\u00e9s del present formulari electr\u00f2nic seran tractades amb estricta confidencialitat d&#8217;acord amb la Llei Org\u00e0nica 15\/1999, de 13 de desembre, de Protecci\u00f3 de Dades de Car\u00e0cter Personal, i l&#8217;informem que t\u00e9 vost\u00e8 dret d&#8217;acc\u00e9s al fitxer, rectificaci\u00f3 i cancel\u00b7laci\u00f3 de les seves dades, podent exercitar tals drets enviant per escrit una sol\u00b7licitud a l&#8217;adre\u00e7a dalt indicada.<\/p>\n<p>BROQUETAS, S.L. li garanteix que ha adoptat les mesures t\u00e8cniques i organitzatives necess\u00e0ries per garantir la seguretat de les dades de car\u00e0cter personal que es troben a la base de dades de subscriptors, i evitar la seva alteraci\u00f3, p\u00e8rdua, tractament o acc\u00e9s no autoritzat, tenint en compte l&#8217;estat de la tecnologia, la naturalesa de les dades emmagatzemades i els riscos a qu\u00e8 estan exposats, tot aix\u00f2 de conformitat amb el que estableix la LPD i el Reial decret 994\/1999, d&#8217;11 de juny, pel qual s&#8217;aprova el Reglament de mesures de seguretat dels fitxers automatitzats que continguin dades de car\u00e0cter personal. No obstant aix\u00f2, l&#8217;USUARI ha de ser conscient que les mesures de seguretat a Internet no s\u00f3n inexpugnables.<\/p>\n<p>Les dades sol\u00b7licitades s\u00f3n les estrictament necess\u00e0ries per a la correcta identificaci\u00f3 del remitent i dur a terme tasques b\u00e0siques per emplenar la seva sol\u00b7licitud.<\/p>\n<p>BROQUETAS, SL, insisteix en el seu comprom\u00eds d&#8217;\u00fas responsable i confidencial de les dades, garantint que les dades dels usuaris es tractaran d&#8217;acord amb les exig\u00e8ncies legals, i que tan sols seran utilitzades per BROQUETAS, SL i les empreses del seu entorn de serveis amb el prop\u00f2sit indicat.<\/p>\n<p>Les dades demanades s\u00f3n les adequades, pertinents i no excessives en relaci\u00f3 amb l&#8217;\u00e0mbit i finalitats descrits. L&#8217;usuari respondr\u00e0, en qualsevol cas, de la veracitat de les dades facilitades, reservant-BROQUETAS, SL el dret a excloure dels serveis registrats a tot usuari que hagi facilitat dades falses, sense perjudici de les altres accions que procedeixin en Dret.<\/p>\n<p>BROQUETAS, S.L. no utilitza &#8220;Cookies&#8221; de cap tipus per a establir una relaci\u00f3 entre el seu ordinador i la nostra p\u00e0gina web ni per a cap altra finalitat, i per tant no prenem cap dada seva ni de la seva connexi\u00f3 en cap moment.<\/p>\n<p>&nbsp;<\/p>\n<p>CONSENTIMENT DEL REMITENT<\/p>\n<p>Mitjan\u00e7ant l&#8217;enviament dels formularis existents en aquestes p\u00e0gines web, el remitent presta el seu consentiment al tractament automatitzat de les dades incloses en el mateix. En qualsevol cas, les dades facilitades no seran objecte de cessi\u00f3 a tercers.[\/vc_column_text][\/vc_column][\/vc_row]<\/p>\n","protected":false},"excerpt":{"rendered":"<p>[vc_row][vc_column][vc_column_text]EXCLUSI\u00d3 DE RESPONSABILITAT BROQUETAS, S.L. no garanteix la disponibilitat i continu\u00eftat del lloc web ni es fa responsable de qualssevol dels danys i perjudicis produ\u00efts o que puguin produir-se en el futur, ni dels defectes t\u00e8cnics, sigui quina sigui la seva naturalesa, que es derivin de l&#8217;\u00fas de la informaci\u00f3 i de les mat\u00e8ries contingudes [&hellip;]<\/p>\n","protected":false},"author":21,"featured_media":0,"parent":0,"menu_order":0,"comment_status":"closed","ping_status":"closed","template":"","meta":{"_joinchat":[],"footnotes":""},"class_list":["post-4379","page","type-page","status-publish","hentry"],"yoast_head":"<!-- This site is optimized with the Yoast SEO plugin v26.9 - https:\/\/yoast.com\/product\/yoast-seo-wordpress\/ -->\n<title>Av\u00eds Legal - BROQUETAS, S.L.<\/title>\n<meta name=\"robots\" content=\"noindex, follow\" \/>\n<meta property=\"og:locale\" content=\"ca_ES\" \/>\n<meta property=\"og:type\" content=\"article\" \/>\n<meta property=\"og:title\" content=\"Av\u00eds Legal - BROQUETAS, S.L.\" \/>\n<meta property=\"og:description\" content=\"[vc_row][vc_column][vc_column_text]EXCLUSI\u00d3 DE RESPONSABILITAT BROQUETAS, S.L. no garanteix la disponibilitat i continu\u00eftat del lloc web ni es fa responsable de qualssevol dels danys i perjudicis produ\u00efts o que puguin produir-se en el futur, ni dels defectes t\u00e8cnics, sigui quina sigui la seva naturalesa, que es derivin de l&#8217;\u00fas de la informaci\u00f3 i de les mat\u00e8ries contingudes [&hellip;]\" \/>\n<meta property=\"og:url\" content=\"https:\/\/broquetas.com\/ca\/avis-legal\/\" \/>\n<meta property=\"og:site_name\" content=\"BROQUETAS, S.L.\" \/>\n<meta property=\"article:modified_time\" content=\"2022-07-06T13:18:14+00:00\" \/>\n<meta name=\"twitter:card\" content=\"summary_large_image\" \/>\n<meta name=\"twitter:label1\" content=\"Temps estimat de lectura\" \/>\n\t<meta name=\"twitter:data1\" content=\"3 minuts\" \/>\n<script type=\"application\/ld+json\" class=\"yoast-schema-graph\">{\"@context\":\"https:\/\/schema.org\",\"@graph\":[{\"@type\":\"WebPage\",\"@id\":\"https:\/\/broquetas.com\/ca\/avis-legal\/\",\"url\":\"https:\/\/broquetas.com\/ca\/avis-legal\/\",\"name\":\"Av\u00eds Legal - BROQUETAS, S.L.\",\"isPartOf\":{\"@id\":\"https:\/\/broquetas.com\/#website\"},\"datePublished\":\"2021-08-24T21:34:22+00:00\",\"dateModified\":\"2022-07-06T13:18:14+00:00\",\"breadcrumb\":{\"@id\":\"https:\/\/broquetas.com\/ca\/avis-legal\/#breadcrumb\"},\"inLanguage\":\"ca\",\"potentialAction\":[{\"@type\":\"ReadAction\",\"target\":[\"https:\/\/broquetas.com\/ca\/avis-legal\/\"]}]},{\"@type\":\"BreadcrumbList\",\"@id\":\"https:\/\/broquetas.com\/ca\/avis-legal\/#breadcrumb\",\"itemListElement\":[{\"@type\":\"ListItem\",\"position\":1,\"name\":\"Home\",\"item\":\"https:\/\/broquetas.com\/\"},{\"@type\":\"ListItem\",\"position\":2,\"name\":\"Av\u00eds Legal\"}]},{\"@type\":\"WebSite\",\"@id\":\"https:\/\/broquetas.com\/#website\",\"url\":\"https:\/\/broquetas.com\/\",\"name\":\"BROQUETAS, S.L.\",\"description\":\"\",\"publisher\":{\"@id\":\"https:\/\/broquetas.com\/#organization\"},\"potentialAction\":[{\"@type\":\"SearchAction\",\"target\":{\"@type\":\"EntryPoint\",\"urlTemplate\":\"https:\/\/broquetas.com\/?s={search_term_string}\"},\"query-input\":{\"@type\":\"PropertyValueSpecification\",\"valueRequired\":true,\"valueName\":\"search_term_string\"}}],\"inLanguage\":\"ca\"},{\"@type\":\"Organization\",\"@id\":\"https:\/\/broquetas.com\/#organization\",\"name\":\"BROQUETAS S.L.\",\"url\":\"https:\/\/broquetas.com\/\",\"logo\":{\"@type\":\"ImageObject\",\"inLanguage\":\"ca\",\"@id\":\"https:\/\/broquetas.com\/#\/schema\/logo\/image\/\",\"url\":\"https:\/\/broquetas.com\/wp-content\/uploads\/2021\/08\/logo-broquetas-dark.png\",\"contentUrl\":\"https:\/\/broquetas.com\/wp-content\/uploads\/2021\/08\/logo-broquetas-dark.png\",\"width\":262,\"height\":150,\"caption\":\"BROQUETAS S.L.\"},\"image\":{\"@id\":\"https:\/\/broquetas.com\/#\/schema\/logo\/image\/\"},\"sameAs\":[\"https:\/\/www.linkedin.com\/in\/broquetas-s-l-broquetas-99a22283\/\",\"https:\/\/www.youtube.com\/channel\/UCDYxB3N3CMqWo9DA-oyiAdg\"]}]}<\/script>\n<!-- \/ Yoast SEO plugin. -->","yoast_head_json":{"title":"Av\u00eds Legal - BROQUETAS, S.L.","robots":{"index":"noindex","follow":"follow"},"og_locale":"ca_ES","og_type":"article","og_title":"Av\u00eds Legal - BROQUETAS, S.L.","og_description":"[vc_row][vc_column][vc_column_text]EXCLUSI\u00d3 DE RESPONSABILITAT BROQUETAS, S.L. no garanteix la disponibilitat i continu\u00eftat del lloc web ni es fa responsable de qualssevol dels danys i perjudicis produ\u00efts o que puguin produir-se en el futur, ni dels defectes t\u00e8cnics, sigui quina sigui la seva naturalesa, que es derivin de l&#8217;\u00fas de la informaci\u00f3 i de les mat\u00e8ries contingudes [&hellip;]","og_url":"https:\/\/broquetas.com\/ca\/avis-legal\/","og_site_name":"BROQUETAS, S.L.","article_modified_time":"2022-07-06T13:18:14+00:00","twitter_card":"summary_large_image","twitter_misc":{"Temps estimat de lectura":"3 minuts"},"schema":{"@context":"https:\/\/schema.org","@graph":[{"@type":"WebPage","@id":"https:\/\/broquetas.com\/ca\/avis-legal\/","url":"https:\/\/broquetas.com\/ca\/avis-legal\/","name":"Av\u00eds Legal - BROQUETAS, S.L.","isPartOf":{"@id":"https:\/\/broquetas.com\/#website"},"datePublished":"2021-08-24T21:34:22+00:00","dateModified":"2022-07-06T13:18:14+00:00","breadcrumb":{"@id":"https:\/\/broquetas.com\/ca\/avis-legal\/#breadcrumb"},"inLanguage":"ca","potentialAction":[{"@type":"ReadAction","target":["https:\/\/broquetas.com\/ca\/avis-legal\/"]}]},{"@type":"BreadcrumbList","@id":"https:\/\/broquetas.com\/ca\/avis-legal\/#breadcrumb","itemListElement":[{"@type":"ListItem","position":1,"name":"Home","item":"https:\/\/broquetas.com\/"},{"@type":"ListItem","position":2,"name":"Av\u00eds Legal"}]},{"@type":"WebSite","@id":"https:\/\/broquetas.com\/#website","url":"https:\/\/broquetas.com\/","name":"BROQUETAS, S.L.","description":"","publisher":{"@id":"https:\/\/broquetas.com\/#organization"},"potentialAction":[{"@type":"SearchAction","target":{"@type":"EntryPoint","urlTemplate":"https:\/\/broquetas.com\/?s={search_term_string}"},"query-input":{"@type":"PropertyValueSpecification","valueRequired":true,"valueName":"search_term_string"}}],"inLanguage":"ca"},{"@type":"Organization","@id":"https:\/\/broquetas.com\/#organization","name":"BROQUETAS S.L.","url":"https:\/\/broquetas.com\/","logo":{"@type":"ImageObject","inLanguage":"ca","@id":"https:\/\/broquetas.com\/#\/schema\/logo\/image\/","url":"https:\/\/broquetas.com\/wp-content\/uploads\/2021\/08\/logo-broquetas-dark.png","contentUrl":"https:\/\/broquetas.com\/wp-content\/uploads\/2021\/08\/logo-broquetas-dark.png","width":262,"height":150,"caption":"BROQUETAS S.L."},"image":{"@id":"https:\/\/broquetas.com\/#\/schema\/logo\/image\/"},"sameAs":["https:\/\/www.linkedin.com\/in\/broquetas-s-l-broquetas-99a22283\/","https:\/\/www.youtube.com\/channel\/UCDYxB3N3CMqWo9DA-oyiAdg"]}]}},"_links":{"self":[{"href":"https:\/\/broquetas.com\/ca\/wp-json\/wp\/v2\/pages\/4379","targetHints":{"allow":["GET"]}}],"collection":[{"href":"https:\/\/broquetas.com\/ca\/wp-json\/wp\/v2\/pages"}],"about":[{"href":"https:\/\/broquetas.com\/ca\/wp-json\/wp\/v2\/types\/page"}],"author":[{"embeddable":true,"href":"https:\/\/broquetas.com\/ca\/wp-json\/wp\/v2\/users\/21"}],"replies":[{"embeddable":true,"href":"https:\/\/broquetas.com\/ca\/wp-json\/wp\/v2\/comments?post=4379"}],"version-history":[{"count":2,"href":"https:\/\/broquetas.com\/ca\/wp-json\/wp\/v2\/pages\/4379\/revisions"}],"predecessor-version":[{"id":4387,"href":"https:\/\/broquetas.com\/ca\/wp-json\/wp\/v2\/pages\/4379\/revisions\/4387"}],"wp:attachment":[{"href":"https:\/\/broquetas.com\/ca\/wp-json\/wp\/v2\/media?parent=4379"}],"curies":[{"name":"wp","href":"https:\/\/api.w.org\/{rel}","templated":true}]}}