{"id":4340,"date":"2021-10-19T10:56:51","date_gmt":"2021-10-19T08:56:51","guid":{"rendered":"https:\/\/broquetas.com\/politica-calidad\/"},"modified":"2022-07-06T15:20:33","modified_gmt":"2022-07-06T13:20:33","slug":"politica-de-qualitat","status":"publish","type":"page","link":"https:\/\/broquetas.com\/ca\/politica-de-qualitat\/","title":{"rendered":"Pol\u00edtica de qualitat"},"content":{"rendered":"<p>[vc_row][vc_column][vc_column_text]Completament compromesos amb la qualitat i el servei excel\u00b7lent<\/p>\n<p>L&#8217;organitzaci\u00f3 de BROQUETAS, S.L. t\u00e9 com a objectiu primordial aconseguir la plena satisfacci\u00f3 dels seus clients oferint un producte i servei de qualitat i en constant millora. Per aix\u00f2, estableix i assumeix els seg\u00fcents principis com a eixos de la seva Pol\u00edtica de Qualitat:<\/p>\n<p>L&#8217;organitzaci\u00f3 de BROQUETAS, S.L. orienta tota la seva activitat a la consecuci\u00f3 de la satisfacci\u00f3 de les necessitats dels seus clients, complint en tot moment amb els requisits incloent els legals \/ reglamentaris que s&#8217;hagin d&#8217;aplicar. Per aix\u00f2, s&#8217;estableixen m\u00e8todes per avaluar cont\u00ednuament el seu grau de satisfacci\u00f3.<\/p>\n<p>La Ger\u00e8ncia de BROQUETAS, S.L. impulsa la implantaci\u00f3 de el Sistema de Gesti\u00f3 de la Qualitat en l&#8217;organitzaci\u00f3 a trav\u00e9s d&#8217;un comprom\u00eds clar de lideratge i com a marc de refer\u00e8ncia per a la definici\u00f3 i consecuci\u00f3 dels Objectius de Qualitat anuals de l&#8217;empresa. Aquests objectius s\u00f3n conseq\u00fc\u00e8ncia del desplegament dels eixos estrat\u00e8gics definits basant-se l&#8217;an\u00e0lisi que efectua la Ger\u00e8ncia de BROQUETAS, S.L. del context intern i extern de l&#8217;empresa.<\/p>\n<p>BROQUETAS, S.L. gestiona la seva activitat i els recursos necessaris per dur-la a terme, mitjan\u00e7ant l&#8217;enfocament a processos i la seva interacci\u00f3, per aconseguir els resultats marcats de forma eficient.<\/p>\n<p>La Qualitat \u00e9s un objectiu com\u00fa de totes les \u00e0rees de l&#8217;empresa i cadascuna de les \u00e0rees ha d&#8217;assumir que \u00e9s client i prove\u00efdor de la resta de departaments i persones de l&#8217;organitzaci\u00f3.<\/p>\n<p>La Ger\u00e8ncia de BROQUETAS, S.L. considera que la implicaci\u00f3 de tot el personal en el projecte de la Gesti\u00f3 de la Qualitat \u00e9s de vital import\u00e0ncia, per aix\u00f2, potencia la formaci\u00f3 i motivaci\u00f3 dels recursos humans.<\/p>\n<p>BROQUETAS, S.L. basa les seves decisions i actuacions en l&#8217;an\u00e0lisi de dades, de manera que el cicle de la millora cont\u00ednua esdev\u00e9 un objectiu permanent de l&#8217;organitzaci\u00f3.[\/vc_column_text][\/vc_column][\/vc_row]<\/p>\n","protected":false},"excerpt":{"rendered":"<p>[vc_row][vc_column][vc_column_text]Completament compromesos amb la qualitat i el servei excel\u00b7lent L&#8217;organitzaci\u00f3 de BROQUETAS, S.L. t\u00e9 com a objectiu primordial aconseguir la plena satisfacci\u00f3 dels seus clients oferint un producte i servei de qualitat i en constant millora. Per aix\u00f2, estableix i assumeix els seg\u00fcents principis com a eixos de la seva Pol\u00edtica de Qualitat: L&#8217;organitzaci\u00f3 de [&hellip;]<\/p>\n","protected":false},"author":21,"featured_media":0,"parent":0,"menu_order":0,"comment_status":"closed","ping_status":"closed","template":"","meta":{"_joinchat":[],"footnotes":""},"class_list":["post-4340","page","type-page","status-publish","hentry"],"yoast_head":"<!-- This site is optimized with the Yoast SEO plugin v26.9 - https:\/\/yoast.com\/product\/yoast-seo-wordpress\/ -->\n<title>Pol\u00edtica de qualitat - BROQUETAS, S.L.<\/title>\n<meta name=\"robots\" content=\"noindex, follow\" \/>\n<meta property=\"og:locale\" content=\"ca_ES\" \/>\n<meta property=\"og:type\" content=\"article\" \/>\n<meta property=\"og:title\" content=\"Pol\u00edtica de qualitat - BROQUETAS, S.L.\" \/>\n<meta property=\"og:description\" content=\"[vc_row][vc_column][vc_column_text]Completament compromesos amb la qualitat i el servei excel\u00b7lent L&#8217;organitzaci\u00f3 de BROQUETAS, S.L. t\u00e9 com a objectiu primordial aconseguir la plena satisfacci\u00f3 dels seus clients oferint un producte i servei de qualitat i en constant millora. Per aix\u00f2, estableix i assumeix els seg\u00fcents principis com a eixos de la seva Pol\u00edtica de Qualitat: L&#8217;organitzaci\u00f3 de [&hellip;]\" \/>\n<meta property=\"og:url\" content=\"https:\/\/broquetas.com\/ca\/politica-de-qualitat\/\" \/>\n<meta property=\"og:site_name\" content=\"BROQUETAS, S.L.\" \/>\n<meta property=\"article:modified_time\" content=\"2022-07-06T13:20:33+00:00\" \/>\n<meta name=\"twitter:card\" content=\"summary_large_image\" \/>\n<meta name=\"twitter:label1\" content=\"Temps estimat de lectura\" \/>\n\t<meta name=\"twitter:data1\" content=\"2 minuts\" \/>\n<script type=\"application\/ld+json\" class=\"yoast-schema-graph\">{\"@context\":\"https:\/\/schema.org\",\"@graph\":[{\"@type\":\"WebPage\",\"@id\":\"https:\/\/broquetas.com\/ca\/politica-de-qualitat\/\",\"url\":\"https:\/\/broquetas.com\/ca\/politica-de-qualitat\/\",\"name\":\"Pol\u00edtica de qualitat - BROQUETAS, S.L.\",\"isPartOf\":{\"@id\":\"https:\/\/broquetas.com\/#website\"},\"datePublished\":\"2021-10-19T08:56:51+00:00\",\"dateModified\":\"2022-07-06T13:20:33+00:00\",\"breadcrumb\":{\"@id\":\"https:\/\/broquetas.com\/ca\/politica-de-qualitat\/#breadcrumb\"},\"inLanguage\":\"ca\",\"potentialAction\":[{\"@type\":\"ReadAction\",\"target\":[\"https:\/\/broquetas.com\/ca\/politica-de-qualitat\/\"]}]},{\"@type\":\"BreadcrumbList\",\"@id\":\"https:\/\/broquetas.com\/ca\/politica-de-qualitat\/#breadcrumb\",\"itemListElement\":[{\"@type\":\"ListItem\",\"position\":1,\"name\":\"Home\",\"item\":\"https:\/\/broquetas.com\/\"},{\"@type\":\"ListItem\",\"position\":2,\"name\":\"Pol\u00edtica de qualitat\"}]},{\"@type\":\"WebSite\",\"@id\":\"https:\/\/broquetas.com\/#website\",\"url\":\"https:\/\/broquetas.com\/\",\"name\":\"BROQUETAS, S.L.\",\"description\":\"\",\"publisher\":{\"@id\":\"https:\/\/broquetas.com\/#organization\"},\"potentialAction\":[{\"@type\":\"SearchAction\",\"target\":{\"@type\":\"EntryPoint\",\"urlTemplate\":\"https:\/\/broquetas.com\/?s={search_term_string}\"},\"query-input\":{\"@type\":\"PropertyValueSpecification\",\"valueRequired\":true,\"valueName\":\"search_term_string\"}}],\"inLanguage\":\"ca\"},{\"@type\":\"Organization\",\"@id\":\"https:\/\/broquetas.com\/#organization\",\"name\":\"BROQUETAS S.L.\",\"url\":\"https:\/\/broquetas.com\/\",\"logo\":{\"@type\":\"ImageObject\",\"inLanguage\":\"ca\",\"@id\":\"https:\/\/broquetas.com\/#\/schema\/logo\/image\/\",\"url\":\"https:\/\/broquetas.com\/wp-content\/uploads\/2021\/08\/logo-broquetas-dark.png\",\"contentUrl\":\"https:\/\/broquetas.com\/wp-content\/uploads\/2021\/08\/logo-broquetas-dark.png\",\"width\":262,\"height\":150,\"caption\":\"BROQUETAS S.L.\"},\"image\":{\"@id\":\"https:\/\/broquetas.com\/#\/schema\/logo\/image\/\"},\"sameAs\":[\"https:\/\/www.linkedin.com\/in\/broquetas-s-l-broquetas-99a22283\/\",\"https:\/\/www.youtube.com\/channel\/UCDYxB3N3CMqWo9DA-oyiAdg\"]}]}<\/script>\n<!-- \/ Yoast SEO plugin. -->","yoast_head_json":{"title":"Pol\u00edtica de qualitat - BROQUETAS, S.L.","robots":{"index":"noindex","follow":"follow"},"og_locale":"ca_ES","og_type":"article","og_title":"Pol\u00edtica de qualitat - BROQUETAS, S.L.","og_description":"[vc_row][vc_column][vc_column_text]Completament compromesos amb la qualitat i el servei excel\u00b7lent L&#8217;organitzaci\u00f3 de BROQUETAS, S.L. t\u00e9 com a objectiu primordial aconseguir la plena satisfacci\u00f3 dels seus clients oferint un producte i servei de qualitat i en constant millora. Per aix\u00f2, estableix i assumeix els seg\u00fcents principis com a eixos de la seva Pol\u00edtica de Qualitat: L&#8217;organitzaci\u00f3 de [&hellip;]","og_url":"https:\/\/broquetas.com\/ca\/politica-de-qualitat\/","og_site_name":"BROQUETAS, S.L.","article_modified_time":"2022-07-06T13:20:33+00:00","twitter_card":"summary_large_image","twitter_misc":{"Temps estimat de lectura":"2 minuts"},"schema":{"@context":"https:\/\/schema.org","@graph":[{"@type":"WebPage","@id":"https:\/\/broquetas.com\/ca\/politica-de-qualitat\/","url":"https:\/\/broquetas.com\/ca\/politica-de-qualitat\/","name":"Pol\u00edtica de qualitat - BROQUETAS, S.L.","isPartOf":{"@id":"https:\/\/broquetas.com\/#website"},"datePublished":"2021-10-19T08:56:51+00:00","dateModified":"2022-07-06T13:20:33+00:00","breadcrumb":{"@id":"https:\/\/broquetas.com\/ca\/politica-de-qualitat\/#breadcrumb"},"inLanguage":"ca","potentialAction":[{"@type":"ReadAction","target":["https:\/\/broquetas.com\/ca\/politica-de-qualitat\/"]}]},{"@type":"BreadcrumbList","@id":"https:\/\/broquetas.com\/ca\/politica-de-qualitat\/#breadcrumb","itemListElement":[{"@type":"ListItem","position":1,"name":"Home","item":"https:\/\/broquetas.com\/"},{"@type":"ListItem","position":2,"name":"Pol\u00edtica de qualitat"}]},{"@type":"WebSite","@id":"https:\/\/broquetas.com\/#website","url":"https:\/\/broquetas.com\/","name":"BROQUETAS, S.L.","description":"","publisher":{"@id":"https:\/\/broquetas.com\/#organization"},"potentialAction":[{"@type":"SearchAction","target":{"@type":"EntryPoint","urlTemplate":"https:\/\/broquetas.com\/?s={search_term_string}"},"query-input":{"@type":"PropertyValueSpecification","valueRequired":true,"valueName":"search_term_string"}}],"inLanguage":"ca"},{"@type":"Organization","@id":"https:\/\/broquetas.com\/#organization","name":"BROQUETAS S.L.","url":"https:\/\/broquetas.com\/","logo":{"@type":"ImageObject","inLanguage":"ca","@id":"https:\/\/broquetas.com\/#\/schema\/logo\/image\/","url":"https:\/\/broquetas.com\/wp-content\/uploads\/2021\/08\/logo-broquetas-dark.png","contentUrl":"https:\/\/broquetas.com\/wp-content\/uploads\/2021\/08\/logo-broquetas-dark.png","width":262,"height":150,"caption":"BROQUETAS S.L."},"image":{"@id":"https:\/\/broquetas.com\/#\/schema\/logo\/image\/"},"sameAs":["https:\/\/www.linkedin.com\/in\/broquetas-s-l-broquetas-99a22283\/","https:\/\/www.youtube.com\/channel\/UCDYxB3N3CMqWo9DA-oyiAdg"]}]}},"_links":{"self":[{"href":"https:\/\/broquetas.com\/ca\/wp-json\/wp\/v2\/pages\/4340","targetHints":{"allow":["GET"]}}],"collection":[{"href":"https:\/\/broquetas.com\/ca\/wp-json\/wp\/v2\/pages"}],"about":[{"href":"https:\/\/broquetas.com\/ca\/wp-json\/wp\/v2\/types\/page"}],"author":[{"embeddable":true,"href":"https:\/\/broquetas.com\/ca\/wp-json\/wp\/v2\/users\/21"}],"replies":[{"embeddable":true,"href":"https:\/\/broquetas.com\/ca\/wp-json\/wp\/v2\/comments?post=4340"}],"version-history":[{"count":2,"href":"https:\/\/broquetas.com\/ca\/wp-json\/wp\/v2\/pages\/4340\/revisions"}],"predecessor-version":[{"id":4346,"href":"https:\/\/broquetas.com\/ca\/wp-json\/wp\/v2\/pages\/4340\/revisions\/4346"}],"wp:attachment":[{"href":"https:\/\/broquetas.com\/ca\/wp-json\/wp\/v2\/media?parent=4340"}],"curies":[{"name":"wp","href":"https:\/\/api.w.org\/{rel}","templated":true}]}}