{"id":4302,"date":"2021-08-23T18:43:06","date_gmt":"2021-08-23T16:43:06","guid":{"rendered":"https:\/\/broquetas.com\/calidad\/"},"modified":"2025-01-10T10:40:39","modified_gmt":"2025-01-10T09:40:39","slug":"qualitat","status":"publish","type":"page","link":"https:\/\/broquetas.com\/ca\/qualitat\/","title":{"rendered":"Qualitat"},"content":{"rendered":"\t\t<div data-elementor-type=\"wp-page\" data-elementor-id=\"4302\" class=\"elementor elementor-4302 elementor-3632\">\n\t\t\t\t\t\t<section class=\"elementor-section elementor-top-section elementor-element elementor-element-183013a m-t-n pt-2 elementor-section-boxed elementor-section-height-default elementor-section-height-default elementor-invisible\" data-id=\"183013a\" data-element_type=\"section\" data-e-type=\"section\" data-settings=\"{&quot;animation&quot;:&quot;fadeInUp&quot;,&quot;animation_delay&quot;:1000}\">\n\t\t\t\t\t\t<div class=\"elementor-container elementor-column-gap-default\">\n\t\t\t\t\t<div class=\"elementor-column elementor-col-100 elementor-top-column elementor-element elementor-element-eaa7290\" data-id=\"eaa7290\" data-element_type=\"column\" data-e-type=\"column\">\n\t\t\t<div class=\"elementor-widget-wrap elementor-element-populated\">\n\t\t\t\t\t\t<div class=\"elementor-element elementor-element-abb42df elementor-widget elementor-widget-heading\" data-id=\"abb42df\" data-element_type=\"widget\" data-e-type=\"widget\" data-widget_type=\"heading.default\">\n\t\t\t\t<div class=\"elementor-widget-container\">\n\t\t\t\t\t<h2 class=\"elementor-heading-title elementor-size-default\">Productes certificats AENOR<\/h2>\t\t\t\t<\/div>\n\t\t\t\t<\/div>\n\t\t\t\t<div class=\"elementor-element elementor-element-c38f2ce elementor-widget elementor-widget-text-editor\" data-id=\"c38f2ce\" data-element_type=\"widget\" data-e-type=\"widget\" data-widget_type=\"text-editor.default\">\n\t\t\t\t<div class=\"elementor-widget-container\">\n\t\t\t\t\t\t\t\t\t<p>BROFIL 3.5 Ag; BROFIL 4 Ag i BROFIL 5 Ag s\u00f3n els nostres aliatges certificats per AENOR segons marca de conformitat a la norma UNE-EN ISO 9453 (sent el 1er. Fabricant espanyol a obtenir-ho) i d&#8217;acord a el \u00abReglament particular de la marca AENOR per a metalls d&#8217;aportaci\u00f3 per soldadura tova , utilitzat en equips i instal\u00b7lacions d&#8217;aigua potable, calefacci\u00f3 i instal\u00b7lacions de gas a baixa pressi\u00f3 \u00bb<\/p>\t\t\t\t\t\t\t\t<\/div>\n\t\t\t\t<\/div>\n\t\t\t\t<div class=\"elementor-element elementor-element-94841cb elementor-widget elementor-widget-image\" data-id=\"94841cb\" data-element_type=\"widget\" data-e-type=\"widget\" data-widget_type=\"image.default\">\n\t\t\t\t<div class=\"elementor-widget-container\">\n\t\t\t\t\t\t\t\t\t\t\t\t\t\t\t<img decoding=\"async\" src=\"https:\/\/broquetas.com\/wp-content\/uploads\/elementor\/thumbs\/CARRETES-AENOR-INICIO-WEB-SIN-LOGO-pjlc47yp34jvx3ce8rulplm093p03bf7pnn80nz1wm.png\" title=\"CARRETES AENOR INICIO WEB SIN LOGO\" alt=\"CARRETES AENOR INICIO WEB SIN LOGO\" loading=\"lazy\" \/>\t\t\t\t\t\t\t\t\t\t\t\t\t\t\t<\/div>\n\t\t\t\t<\/div>\n\t\t\t\t<div class=\"elementor-element elementor-element-4005167 elementor-widget elementor-widget-heading\" data-id=\"4005167\" data-element_type=\"widget\" data-e-type=\"widget\" data-widget_type=\"heading.default\">\n\t\t\t\t<div class=\"elementor-widget-container\">\n\t\t\t\t\t<h2 class=\"elementor-heading-title elementor-size-default\">Broquetas S.L realitza controls durant tot el proc\u00e9s de producci\u00f3 en el nostre laboratori propi.<\/h2>\t\t\t\t<\/div>\n\t\t\t\t<\/div>\n\t\t\t\t<div class=\"elementor-element elementor-element-e1bd4ac elementor-widget elementor-widget-text-editor\" data-id=\"e1bd4ac\" data-element_type=\"widget\" data-e-type=\"widget\" data-widget_type=\"text-editor.default\">\n\t\t\t\t<div class=\"elementor-widget-container\">\n\t\t\t\t\t\t\t\t\t<ul><li>Control d&#8217;arribada de Primera mat\u00e8ria: Incl\u00f2s en el procediment de recepci\u00f3 de mat\u00e8ria primera, es porta a terme un an\u00e0lisi dels materials per tal de procedir a una correcta separaci\u00f3 i emmagatzematge d&#8217;aquests i realitzar una \u00f2ptima gesti\u00f3.<\/li><li>Control del proc\u00e9s de producci\u00f3: Durant el proc\u00e9s de producci\u00f3 realitzem constants mostreigs dels aliatges per tal de garantir-ne la qualitat. A la fi del proc\u00e9s, al client se li lliura una anal\u00edtica de producte certificant 3.1 el compliment segons normes<\/li><\/ul><p>\u00a0<\/p><p>UNE-EN-ISO 9453_ Materials d&#8217;aportaci\u00f3 per a soldadura tova<\/p><p>UNE-EN-ISO 17672_ Soldadura forta. Metalls d&#8217;aportaci\u00f3<\/p><p>ASTM B32-08_ Especificaci\u00f3 est\u00e0ndard per a metall de soldadura<\/p><p>ISO 4381_ Aliatges de fosa d&#8217;estany i plom per a coixinets multicapa<\/p><p>ASTM B-23_ Especificaci\u00f3 est\u00e0ndard per a aliatges de coixinets de metall blanc<\/p><p>IPC J-STD-004B_ Est\u00e0ndard estableix els requisits generals de classificaci\u00f3 i caracter\u00edstiques de fluxos per a realitzar interconnexions de soldadura d&#8217;alta qualitat.<\/p><p>UNE-EN ISO 9454-1: 2016_ Fundents per soldadura tova<\/p><p>UNE-EN ISO 1045_ Fundents per a soldadura forta<\/p><ul><li>Assessorament per a clients: Facilitant una mostra de la seva producci\u00f3, portem a terme una an\u00e0lisi del seu material per orientar respecte a com optimitzar-la i indicar si els resultats obtinguts estan dins de la normativa.<\/li><\/ul>\t\t\t\t\t\t\t\t<\/div>\n\t\t\t\t<\/div>\n\t\t\t\t<div class=\"elementor-element elementor-element-6d47a92 mb-4 elementor-widget elementor-widget-image\" data-id=\"6d47a92\" data-element_type=\"widget\" data-e-type=\"widget\" data-widget_type=\"image.default\">\n\t\t\t\t<div class=\"elementor-widget-container\">\n\t\t\t\t\t\t\t\t\t\t\t\t\t\t\t<img fetchpriority=\"high\" decoding=\"async\" width=\"265\" height=\"300\" src=\"https:\/\/broquetas.com\/wp-content\/uploads\/2021\/10\/IMG_2210-retocada-265x300.jpg\" class=\"attachment-medium size-medium wp-image-4336\" alt=\"\" \/>\t\t\t\t\t\t\t\t\t\t\t\t\t\t\t<\/div>\n\t\t\t\t<\/div>\n\t\t\t\t<div class=\"elementor-element elementor-element-268b012 elementor-widget elementor-widget-heading\" data-id=\"268b012\" data-element_type=\"widget\" data-e-type=\"widget\" data-widget_type=\"heading.default\">\n\t\t\t\t<div class=\"elementor-widget-container\">\n\t\t\t\t\t<h3 class=\"elementor-heading-title elementor-size-large\">Completament compromesos amb la qualitat i el servei excel\u00b7lent<\/h3>\t\t\t\t<\/div>\n\t\t\t\t<\/div>\n\t\t\t\t<div class=\"elementor-section elementor-inner-section elementor-element elementor-element-33ebbdc members mb-3 elementor-section-boxed elementor-section-height-default elementor-section-height-default\" data-id=\"33ebbdc\" data-element_type=\"section\" data-e-type=\"section\">\n\t\t\t\t\t\t<div class=\"elementor-container elementor-column-gap-default\">\n\t\t\t\t\t<div class=\"elementor-column elementor-col-50 elementor-inner-column elementor-element elementor-element-9622523\" data-id=\"9622523\" data-element_type=\"column\" data-e-type=\"column\">\n\t\t\t<div class=\"elementor-widget-wrap elementor-element-populated\">\n\t\t\t\t\t\t<div class=\"elementor-element elementor-element-ab57b04 elementor-widget elementor-widget-text-editor\" data-id=\"ab57b04\" data-element_type=\"widget\" data-e-type=\"widget\" data-widget_type=\"text-editor.default\">\n\t\t\t\t<div class=\"elementor-widget-container\">\n\t\t\t\t\t\t\t\t\t<p><img decoding=\"async\" class=\"alignnone wp-image-10082 size-medium\" src=\"https:\/\/broquetas.com\/wp-content\/uploads\/2024\/12\/Certificado-IQNET-212x300.png\" alt=\"Certificado IQNET\" width=\"212\" height=\"300\" \/><\/p><p><a href=\"https:\/\/broquetas.com\/wp-content\/uploads\/2024\/12\/IQNET-ES-04072012-23-12-2024-EN-17-12-2024-.pdf\" target=\"_blank\" rel=\"noopener\">IQNET-ES-04072012-23-12-2024-EN-17-12-2024<\/a><\/p>\t\t\t\t\t\t\t\t<\/div>\n\t\t\t\t<\/div>\n\t\t\t\t\t<\/div>\n\t\t<\/div>\n\t\t\t\t<div class=\"elementor-column elementor-col-50 elementor-inner-column elementor-element elementor-element-d706c0e\" data-id=\"d706c0e\" data-element_type=\"column\" data-e-type=\"column\">\n\t\t\t<div class=\"elementor-widget-wrap elementor-element-populated\">\n\t\t\t\t\t\t<div class=\"elementor-element elementor-element-298f02f elementor-widget elementor-widget-text-editor\" data-id=\"298f02f\" data-element_type=\"widget\" data-e-type=\"widget\" data-widget_type=\"text-editor.default\">\n\t\t\t\t<div class=\"elementor-widget-container\">\n\t\t\t\t\t\t\t\t\t<p><img decoding=\"async\" class=\"alignnone wp-image-10097 size-medium\" src=\"https:\/\/broquetas.com\/wp-content\/uploads\/2024\/12\/Certificado-AENOR-212x300.png\" alt=\"Certificado AENOR\" width=\"212\" height=\"300\" \/><\/p><p><a href=\"https:\/\/broquetas.com\/wp-content\/uploads\/2024\/12\/AENOR-ER-04072012-23-12-2024-ES-17-12-2024-.pdf\" target=\"_blank\" rel=\"noopener\">AENOR-ER-04072012-23-12-2024-ES-17-12-2024<\/a><\/p>\t\t\t\t\t\t\t\t<\/div>\n\t\t\t\t<\/div>\n\t\t\t\t\t<\/div>\n\t\t<\/div>\n\t\t\t\t\t<\/div>\n\t\t<\/div>\n\t\t\t\t<div class=\"elementor-section elementor-inner-section elementor-element elementor-element-0ea4b1d elementor-section-content-middle brand-section elementor-section-boxed elementor-section-height-default elementor-section-height-default\" data-id=\"0ea4b1d\" data-element_type=\"section\" data-e-type=\"section\">\n\t\t\t\t\t\t<div class=\"elementor-container elementor-column-gap-default\">\n\t\t\t\t\t<div class=\"elementor-column elementor-col-33 elementor-inner-column elementor-element elementor-element-a2ed3e6\" data-id=\"a2ed3e6\" data-element_type=\"column\" data-e-type=\"column\">\n\t\t\t<div class=\"elementor-widget-wrap elementor-element-populated\">\n\t\t\t\t\t\t<div class=\"elementor-element elementor-element-3585cc0 elementor-widget elementor-widget-heading\" data-id=\"3585cc0\" data-element_type=\"widget\" data-e-type=\"widget\" id=\"partners\" data-widget_type=\"heading.default\">\n\t\t\t\t<div class=\"elementor-widget-container\">\n\t\t\t\t\t<h2 class=\"elementor-heading-title elementor-size-default\">Certificaci\u00f3 de Qualitat:<\/h2>\t\t\t\t<\/div>\n\t\t\t\t<\/div>\n\t\t\t\t\t<\/div>\n\t\t<\/div>\n\t\t\t\t<div class=\"elementor-column elementor-col-33 elementor-inner-column elementor-element elementor-element-cd10dbf\" data-id=\"cd10dbf\" data-element_type=\"column\" data-e-type=\"column\">\n\t\t\t<div class=\"elementor-widget-wrap elementor-element-populated\">\n\t\t\t\t\t\t<div class=\"elementor-element elementor-element-242cffb mb-5 elementor-widget elementor-widget-image\" data-id=\"242cffb\" data-element_type=\"widget\" data-e-type=\"widget\" data-widget_type=\"image.default\">\n\t\t\t\t<div class=\"elementor-widget-container\">\n\t\t\t\t\t\t\t\t\t\t\t\t\t\t\t<img loading=\"lazy\" decoding=\"async\" width=\"905\" height=\"1165\" src=\"https:\/\/broquetas.com\/wp-content\/uploads\/2022\/01\/Sello-N-metales_de_aportacio\u0301n_POS.png\" class=\"attachment-full size-full wp-image-5679\" alt=\"\" srcset=\"https:\/\/broquetas.com\/wp-content\/uploads\/2022\/01\/Sello-N-metales_de_aportacio\u0301n_POS.png 905w, https:\/\/broquetas.com\/wp-content\/uploads\/2022\/01\/Sello-N-metales_de_aportacio\u0301n_POS-795x1024.png 795w, https:\/\/broquetas.com\/wp-content\/uploads\/2022\/01\/Sello-N-metales_de_aportacio\u0301n_POS-768x989.png 768w, https:\/\/broquetas.com\/wp-content\/uploads\/2022\/01\/Sello-N-metales_de_aportacio\u0301n_POS-640x824.png 640w, https:\/\/broquetas.com\/wp-content\/uploads\/2022\/01\/Sello-N-metales_de_aportacio\u0301n_POS-400x515.png 400w, https:\/\/broquetas.com\/wp-content\/uploads\/2022\/01\/Sello-N-metales_de_aportacio\u0301n_POS-367x472.png 367w, https:\/\/broquetas.com\/wp-content\/uploads\/2022\/01\/Sello-N-metales_de_aportacio\u0301n_POS-600x772.png 600w\" sizes=\"(max-width: 905px) 100vw, 905px\" \/>\t\t\t\t\t\t\t\t\t\t\t\t\t\t\t<\/div>\n\t\t\t\t<\/div>\n\t\t\t\t\t<\/div>\n\t\t<\/div>\n\t\t\t\t<div class=\"elementor-column elementor-col-33 elementor-inner-column elementor-element elementor-element-2118348\" data-id=\"2118348\" data-element_type=\"column\" data-e-type=\"column\">\n\t\t\t<div class=\"elementor-widget-wrap elementor-element-populated\">\n\t\t\t\t\t\t<div class=\"elementor-element elementor-element-a513658 mb-5 elementor-widget elementor-widget-image\" data-id=\"a513658\" data-element_type=\"widget\" data-e-type=\"widget\" data-widget_type=\"image.default\">\n\t\t\t\t<div class=\"elementor-widget-container\">\n\t\t\t\t\t\t\t\t\t\t\t\t\t\t\t<img loading=\"lazy\" decoding=\"async\" width=\"664\" height=\"373\" src=\"https:\/\/broquetas.com\/wp-content\/uploads\/2022\/01\/LOGO-AENOR-ISO-9001_2022-2.png\" class=\"attachment-full size-full wp-image-5683\" alt=\"\" srcset=\"https:\/\/broquetas.com\/wp-content\/uploads\/2022\/01\/LOGO-AENOR-ISO-9001_2022-2.png 664w, https:\/\/broquetas.com\/wp-content\/uploads\/2022\/01\/LOGO-AENOR-ISO-9001_2022-2-640x360.png 640w, https:\/\/broquetas.com\/wp-content\/uploads\/2022\/01\/LOGO-AENOR-ISO-9001_2022-2-400x225.png 400w, https:\/\/broquetas.com\/wp-content\/uploads\/2022\/01\/LOGO-AENOR-ISO-9001_2022-2-367x206.png 367w, https:\/\/broquetas.com\/wp-content\/uploads\/2022\/01\/LOGO-AENOR-ISO-9001_2022-2-600x337.png 600w\" sizes=\"(max-width: 664px) 100vw, 664px\" \/>\t\t\t\t\t\t\t\t\t\t\t\t\t\t\t<\/div>\n\t\t\t\t<\/div>\n\t\t\t\t\t<\/div>\n\t\t<\/div>\n\t\t\t\t\t<\/div>\n\t\t<\/div>\n\t\t\t\t\t<\/div>\n\t\t<\/div>\n\t\t\t\t\t<\/div>\n\t\t<\/section>\n\t\t\t\t<section class=\"elementor-section elementor-top-section elementor-element elementor-element-0340849 elementor-section-boxed elementor-section-height-default elementor-section-height-default\" data-id=\"0340849\" data-element_type=\"section\" data-e-type=\"section\">\n\t\t\t\t\t\t<div class=\"elementor-container elementor-column-gap-default\">\n\t\t\t\t\t<div class=\"elementor-column elementor-col-100 elementor-top-column elementor-element elementor-element-1c6971f\" data-id=\"1c6971f\" data-element_type=\"column\" data-e-type=\"column\">\n\t\t\t<div class=\"elementor-widget-wrap elementor-element-populated\">\n\t\t\t\t\t\t<div class=\"elementor-element elementor-element-4c683ae elementor-widget elementor-widget-spacer\" data-id=\"4c683ae\" data-element_type=\"widget\" data-e-type=\"widget\" data-widget_type=\"spacer.default\">\n\t\t\t\t<div class=\"elementor-widget-container\">\n\t\t\t\t\t\t\t<div class=\"elementor-spacer\">\n\t\t\t<div class=\"elementor-spacer-inner\"><\/div>\n\t\t<\/div>\n\t\t\t\t\t\t<\/div>\n\t\t\t\t<\/div>\n\t\t\t\t\t<\/div>\n\t\t<\/div>\n\t\t\t\t\t<\/div>\n\t\t<\/section>\n\t\t\t\t<section class=\"elementor-section elementor-top-section elementor-element elementor-element-e1ff2ff elementor-section-boxed elementor-section-height-default elementor-section-height-default\" data-id=\"e1ff2ff\" data-element_type=\"section\" data-e-type=\"section\">\n\t\t\t\t\t\t<div class=\"elementor-container elementor-column-gap-default\">\n\t\t\t\t\t<div class=\"elementor-column elementor-col-50 elementor-top-column elementor-element elementor-element-c8e6027\" data-id=\"c8e6027\" data-element_type=\"column\" data-e-type=\"column\">\n\t\t\t<div class=\"elementor-widget-wrap elementor-element-populated\">\n\t\t\t\t\t\t<div class=\"elementor-element elementor-element-e1b700b elementor-widget elementor-widget-heading\" data-id=\"e1b700b\" data-element_type=\"widget\" data-e-type=\"widget\" data-widget_type=\"heading.default\">\n\t\t\t\t<div class=\"elementor-widget-container\">\n\t\t\t\t\t<h2 class=\"elementor-heading-title elementor-size-default\"><a href=\"https:\/\/broquetas.com\/wp-content\/uploads\/2024\/09\/Politica-RSC-BROQUETAS-03.05.24.pdf\" target=\"_blank\">Pol\u00edtica de qualitat integrada RSC<\/a><\/h2>\t\t\t\t<\/div>\n\t\t\t\t<\/div>\n\t\t\t\t\t<\/div>\n\t\t<\/div>\n\t\t\t\t<div class=\"elementor-column elementor-col-50 elementor-top-column elementor-element elementor-element-9c8c083\" data-id=\"9c8c083\" data-element_type=\"column\" data-e-type=\"column\">\n\t\t\t<div class=\"elementor-widget-wrap elementor-element-populated\">\n\t\t\t\t\t\t<div class=\"elementor-element elementor-element-8e7779c elementor-widget elementor-widget-heading\" data-id=\"8e7779c\" data-element_type=\"widget\" data-e-type=\"widget\" data-widget_type=\"heading.default\">\n\t\t\t\t<div class=\"elementor-widget-container\">\n\t\t\t\t\t<h2 class=\"elementor-heading-title elementor-size-default\"><a href=\"https:\/\/broquetas.com\/wp-content\/uploads\/2024\/09\/Politica-CSSMA-BROQUETAS-03.05.24.pdf\" target=\"_blank\">Pol\u00edtica de qualitat integrada CSSMA<\/a><\/h2>\t\t\t\t<\/div>\n\t\t\t\t<\/div>\n\t\t\t\t\t<\/div>\n\t\t<\/div>\n\t\t\t\t\t<\/div>\n\t\t<\/section>\n\t\t\t\t<\/div>\n\t\t","protected":false},"excerpt":{"rendered":"<p>Productes certificats AENOR BROFIL 3.5 Ag; BROFIL 4 Ag i BROFIL 5 Ag s\u00f3n els nostres aliatges certificats per AENOR segons marca de conformitat a la norma UNE-EN ISO 9453 (sent el 1er. Fabricant espanyol a obtenir-ho) i d&#8217;acord a el \u00abReglament particular de la marca AENOR per a metalls d&#8217;aportaci\u00f3 per soldadura tova , [&hellip;]<\/p>\n","protected":false},"author":21,"featured_media":0,"parent":0,"menu_order":0,"comment_status":"closed","ping_status":"closed","template":"","meta":{"_joinchat":[],"footnotes":""},"class_list":["post-4302","page","type-page","status-publish","hentry"],"yoast_head":"<!-- This site is optimized with the Yoast SEO plugin v26.9 - https:\/\/yoast.com\/product\/yoast-seo-wordpress\/ -->\n<title>Qualitat - BROQUETAS, S.L.<\/title>\n<meta name=\"robots\" content=\"index, follow, max-snippet:-1, max-image-preview:large, max-video-preview:-1\" \/>\n<link rel=\"canonical\" href=\"https:\/\/broquetas.com\/ca\/qualitat\/\" \/>\n<meta property=\"og:locale\" content=\"ca_ES\" \/>\n<meta property=\"og:type\" content=\"article\" \/>\n<meta property=\"og:title\" content=\"Qualitat - BROQUETAS, S.L.\" \/>\n<meta property=\"og:description\" content=\"Productes certificats AENOR BROFIL 3.5 Ag; BROFIL 4 Ag i BROFIL 5 Ag s\u00f3n els nostres aliatges certificats per AENOR segons marca de conformitat a la norma UNE-EN ISO 9453 (sent el 1er. Fabricant espanyol a obtenir-ho) i d&#8217;acord a el \u00abReglament particular de la marca AENOR per a metalls d&#8217;aportaci\u00f3 per soldadura tova , [&hellip;]\" \/>\n<meta property=\"og:url\" content=\"https:\/\/broquetas.com\/ca\/qualitat\/\" \/>\n<meta property=\"og:site_name\" content=\"BROQUETAS, S.L.\" \/>\n<meta property=\"article:modified_time\" content=\"2025-01-10T09:40:39+00:00\" \/>\n<meta property=\"og:image\" content=\"https:\/\/broquetas.com\/wp-content\/uploads\/elementor\/thumbs\/CARRETES-AENOR-INICIO-WEB-SIN-LOGO-pjlc47yp34jvx3ce8rulplm093p03bf7pnn80nz1ww.png\" \/>\n<meta name=\"twitter:card\" content=\"summary_large_image\" \/>\n<meta name=\"twitter:label1\" content=\"Temps estimat de lectura\" \/>\n\t<meta name=\"twitter:data1\" content=\"3 minuts\" \/>\n<script type=\"application\/ld+json\" class=\"yoast-schema-graph\">{\"@context\":\"https:\/\/schema.org\",\"@graph\":[{\"@type\":\"WebPage\",\"@id\":\"https:\/\/broquetas.com\/ca\/qualitat\/\",\"url\":\"https:\/\/broquetas.com\/ca\/qualitat\/\",\"name\":\"Qualitat - BROQUETAS, S.L.\",\"isPartOf\":{\"@id\":\"https:\/\/broquetas.com\/#website\"},\"primaryImageOfPage\":{\"@id\":\"https:\/\/broquetas.com\/ca\/qualitat\/#primaryimage\"},\"image\":{\"@id\":\"https:\/\/broquetas.com\/ca\/qualitat\/#primaryimage\"},\"thumbnailUrl\":\"https:\/\/broquetas.com\/wp-content\/uploads\/elementor\/thumbs\/CARRETES-AENOR-INICIO-WEB-SIN-LOGO-pjlc47yp34jvx3ce8rulplm093p03bf7pnn80nz1ww.png\",\"datePublished\":\"2021-08-23T16:43:06+00:00\",\"dateModified\":\"2025-01-10T09:40:39+00:00\",\"breadcrumb\":{\"@id\":\"https:\/\/broquetas.com\/ca\/qualitat\/#breadcrumb\"},\"inLanguage\":\"ca\",\"potentialAction\":[{\"@type\":\"ReadAction\",\"target\":[\"https:\/\/broquetas.com\/ca\/qualitat\/\"]}]},{\"@type\":\"ImageObject\",\"inLanguage\":\"ca\",\"@id\":\"https:\/\/broquetas.com\/ca\/qualitat\/#primaryimage\",\"url\":\"https:\/\/broquetas.com\/wp-content\/uploads\/elementor\/thumbs\/CARRETES-AENOR-INICIO-WEB-SIN-LOGO-pjlc47yp34jvx3ce8rulplm093p03bf7pnn80nz1ww.png\",\"contentUrl\":\"https:\/\/broquetas.com\/wp-content\/uploads\/elementor\/thumbs\/CARRETES-AENOR-INICIO-WEB-SIN-LOGO-pjlc47yp34jvx3ce8rulplm093p03bf7pnn80nz1ww.png\"},{\"@type\":\"BreadcrumbList\",\"@id\":\"https:\/\/broquetas.com\/ca\/qualitat\/#breadcrumb\",\"itemListElement\":[{\"@type\":\"ListItem\",\"position\":1,\"name\":\"Home\",\"item\":\"https:\/\/broquetas.com\/\"},{\"@type\":\"ListItem\",\"position\":2,\"name\":\"Qualitat\"}]},{\"@type\":\"WebSite\",\"@id\":\"https:\/\/broquetas.com\/#website\",\"url\":\"https:\/\/broquetas.com\/\",\"name\":\"BROQUETAS, S.L.\",\"description\":\"\",\"publisher\":{\"@id\":\"https:\/\/broquetas.com\/#organization\"},\"potentialAction\":[{\"@type\":\"SearchAction\",\"target\":{\"@type\":\"EntryPoint\",\"urlTemplate\":\"https:\/\/broquetas.com\/?s={search_term_string}\"},\"query-input\":{\"@type\":\"PropertyValueSpecification\",\"valueRequired\":true,\"valueName\":\"search_term_string\"}}],\"inLanguage\":\"ca\"},{\"@type\":\"Organization\",\"@id\":\"https:\/\/broquetas.com\/#organization\",\"name\":\"BROQUETAS S.L.\",\"url\":\"https:\/\/broquetas.com\/\",\"logo\":{\"@type\":\"ImageObject\",\"inLanguage\":\"ca\",\"@id\":\"https:\/\/broquetas.com\/#\/schema\/logo\/image\/\",\"url\":\"https:\/\/broquetas.com\/wp-content\/uploads\/2021\/08\/logo-broquetas-dark.png\",\"contentUrl\":\"https:\/\/broquetas.com\/wp-content\/uploads\/2021\/08\/logo-broquetas-dark.png\",\"width\":262,\"height\":150,\"caption\":\"BROQUETAS S.L.\"},\"image\":{\"@id\":\"https:\/\/broquetas.com\/#\/schema\/logo\/image\/\"},\"sameAs\":[\"https:\/\/www.linkedin.com\/in\/broquetas-s-l-broquetas-99a22283\/\",\"https:\/\/www.youtube.com\/channel\/UCDYxB3N3CMqWo9DA-oyiAdg\"]}]}<\/script>\n<!-- \/ Yoast SEO plugin. -->","yoast_head_json":{"title":"Qualitat - BROQUETAS, S.L.","robots":{"index":"index","follow":"follow","max-snippet":"max-snippet:-1","max-image-preview":"max-image-preview:large","max-video-preview":"max-video-preview:-1"},"canonical":"https:\/\/broquetas.com\/ca\/qualitat\/","og_locale":"ca_ES","og_type":"article","og_title":"Qualitat - BROQUETAS, S.L.","og_description":"Productes certificats AENOR BROFIL 3.5 Ag; BROFIL 4 Ag i BROFIL 5 Ag s\u00f3n els nostres aliatges certificats per AENOR segons marca de conformitat a la norma UNE-EN ISO 9453 (sent el 1er. Fabricant espanyol a obtenir-ho) i d&#8217;acord a el \u00abReglament particular de la marca AENOR per a metalls d&#8217;aportaci\u00f3 per soldadura tova , [&hellip;]","og_url":"https:\/\/broquetas.com\/ca\/qualitat\/","og_site_name":"BROQUETAS, S.L.","article_modified_time":"2025-01-10T09:40:39+00:00","og_image":[{"url":"https:\/\/broquetas.com\/wp-content\/uploads\/elementor\/thumbs\/CARRETES-AENOR-INICIO-WEB-SIN-LOGO-pjlc47yp34jvx3ce8rulplm093p03bf7pnn80nz1ww.png","type":"","width":"","height":""}],"twitter_card":"summary_large_image","twitter_misc":{"Temps estimat de lectura":"3 minuts"},"schema":{"@context":"https:\/\/schema.org","@graph":[{"@type":"WebPage","@id":"https:\/\/broquetas.com\/ca\/qualitat\/","url":"https:\/\/broquetas.com\/ca\/qualitat\/","name":"Qualitat - BROQUETAS, S.L.","isPartOf":{"@id":"https:\/\/broquetas.com\/#website"},"primaryImageOfPage":{"@id":"https:\/\/broquetas.com\/ca\/qualitat\/#primaryimage"},"image":{"@id":"https:\/\/broquetas.com\/ca\/qualitat\/#primaryimage"},"thumbnailUrl":"https:\/\/broquetas.com\/wp-content\/uploads\/elementor\/thumbs\/CARRETES-AENOR-INICIO-WEB-SIN-LOGO-pjlc47yp34jvx3ce8rulplm093p03bf7pnn80nz1ww.png","datePublished":"2021-08-23T16:43:06+00:00","dateModified":"2025-01-10T09:40:39+00:00","breadcrumb":{"@id":"https:\/\/broquetas.com\/ca\/qualitat\/#breadcrumb"},"inLanguage":"ca","potentialAction":[{"@type":"ReadAction","target":["https:\/\/broquetas.com\/ca\/qualitat\/"]}]},{"@type":"ImageObject","inLanguage":"ca","@id":"https:\/\/broquetas.com\/ca\/qualitat\/#primaryimage","url":"https:\/\/broquetas.com\/wp-content\/uploads\/elementor\/thumbs\/CARRETES-AENOR-INICIO-WEB-SIN-LOGO-pjlc47yp34jvx3ce8rulplm093p03bf7pnn80nz1ww.png","contentUrl":"https:\/\/broquetas.com\/wp-content\/uploads\/elementor\/thumbs\/CARRETES-AENOR-INICIO-WEB-SIN-LOGO-pjlc47yp34jvx3ce8rulplm093p03bf7pnn80nz1ww.png"},{"@type":"BreadcrumbList","@id":"https:\/\/broquetas.com\/ca\/qualitat\/#breadcrumb","itemListElement":[{"@type":"ListItem","position":1,"name":"Home","item":"https:\/\/broquetas.com\/"},{"@type":"ListItem","position":2,"name":"Qualitat"}]},{"@type":"WebSite","@id":"https:\/\/broquetas.com\/#website","url":"https:\/\/broquetas.com\/","name":"BROQUETAS, S.L.","description":"","publisher":{"@id":"https:\/\/broquetas.com\/#organization"},"potentialAction":[{"@type":"SearchAction","target":{"@type":"EntryPoint","urlTemplate":"https:\/\/broquetas.com\/?s={search_term_string}"},"query-input":{"@type":"PropertyValueSpecification","valueRequired":true,"valueName":"search_term_string"}}],"inLanguage":"ca"},{"@type":"Organization","@id":"https:\/\/broquetas.com\/#organization","name":"BROQUETAS S.L.","url":"https:\/\/broquetas.com\/","logo":{"@type":"ImageObject","inLanguage":"ca","@id":"https:\/\/broquetas.com\/#\/schema\/logo\/image\/","url":"https:\/\/broquetas.com\/wp-content\/uploads\/2021\/08\/logo-broquetas-dark.png","contentUrl":"https:\/\/broquetas.com\/wp-content\/uploads\/2021\/08\/logo-broquetas-dark.png","width":262,"height":150,"caption":"BROQUETAS S.L."},"image":{"@id":"https:\/\/broquetas.com\/#\/schema\/logo\/image\/"},"sameAs":["https:\/\/www.linkedin.com\/in\/broquetas-s-l-broquetas-99a22283\/","https:\/\/www.youtube.com\/channel\/UCDYxB3N3CMqWo9DA-oyiAdg"]}]}},"_links":{"self":[{"href":"https:\/\/broquetas.com\/ca\/wp-json\/wp\/v2\/pages\/4302","targetHints":{"allow":["GET"]}}],"collection":[{"href":"https:\/\/broquetas.com\/ca\/wp-json\/wp\/v2\/pages"}],"about":[{"href":"https:\/\/broquetas.com\/ca\/wp-json\/wp\/v2\/types\/page"}],"author":[{"embeddable":true,"href":"https:\/\/broquetas.com\/ca\/wp-json\/wp\/v2\/users\/21"}],"replies":[{"embeddable":true,"href":"https:\/\/broquetas.com\/ca\/wp-json\/wp\/v2\/comments?post=4302"}],"version-history":[{"count":38,"href":"https:\/\/broquetas.com\/ca\/wp-json\/wp\/v2\/pages\/4302\/revisions"}],"predecessor-version":[{"id":10144,"href":"https:\/\/broquetas.com\/ca\/wp-json\/wp\/v2\/pages\/4302\/revisions\/10144"}],"wp:attachment":[{"href":"https:\/\/broquetas.com\/ca\/wp-json\/wp\/v2\/media?parent=4302"}],"curies":[{"name":"wp","href":"https:\/\/api.w.org\/{rel}","templated":true}]}}