{"id":4233,"date":"2018-11-13T14:31:20","date_gmt":"2018-11-13T14:31:20","guid":{"rendered":"https:\/\/broquetas.com\/timeline\/"},"modified":"2021-11-04T20:28:00","modified_gmt":"2021-11-04T19:28:00","slug":"timeline","status":"publish","type":"page","link":"https:\/\/broquetas.com\/ca\/timeline\/","title":{"rendered":"Timeline"},"content":{"rendered":"<p>[vc_row][vc_column][vc_single_image image=&#8221;3734&#8243; img_size=&#8221;full&#8221; alignment=&#8221;center&#8221;][porto_schedule_timeline_container circle_type=&#8221;simple&#8221; title_color=&#8221;#2e353e&#8221; subtitle_color=&#8221;#6a80a9&#8243;][porto_schedule_timeline_item subtitle=&#8221;1930&#8243; heading=&#8221;Fundaci\u00f3 de Broquetas, S.L. (Barcelona)&#8221; el_class=&#8221;cs-timeline&#8221; heading_color=&#8221;#2e353e&#8221; subtitle_color=&#8221;#df0024&#8243; label=&#8221;&#8221;][\/porto_schedule_timeline_item][porto_schedule_timeline_item subtitle=&#8221;1972&#8243; heading=&#8221;Despla\u00e7ament de les instal\u00b7lacions a Sant Boi de Llobregat (Barcelona)&#8221; el_class=&#8221;cs-timeline&#8221; subtitle_color=&#8221;#df0024&#8243; heading_color=&#8221;#2e353e&#8221; label=&#8221;&#8221;][\/porto_schedule_timeline_item][porto_schedule_timeline_item subtitle=&#8221;1980&#8243; heading=&#8221;Incorporaci\u00f3 de nova maquin\u00e0ria&#8221; el_class=&#8221;cs-timeline&#8221; heading_color=&#8221;#2e353e&#8221; subtitle_color=&#8221;#df0024&#8243; label=&#8221;&#8221;][\/porto_schedule_timeline_item][porto_schedule_timeline_item subtitle=&#8221;2000&#8243; heading=&#8221;Incorporaci\u00f3 de l\u00ednies autom\u00e0tiques de producci\u00f3&#8221; el_class=&#8221;cs-timeline&#8221; heading_color=&#8221;#2e353e&#8221; subtitle_color=&#8221;#df0024&#8243; label=&#8221;&#8221;][\/porto_schedule_timeline_item][porto_schedule_timeline_item subtitle=&#8221;2001&#8243; heading=&#8221;Obtenci\u00f3 del certificat de gesti\u00f3 de la qualitat ISO 9001: 1994&#8243; el_class=&#8221;cs-timeline&#8221; heading_color=&#8221;#2e353e&#8221; subtitle_color=&#8221;#df0024&#8243; label=&#8221;&#8221;][\/porto_schedule_timeline_item][porto_schedule_timeline_item subtitle=&#8221;2007&#8243; heading=&#8221;Projecte conjunt amb el grup AZ Intec&#8221; el_class=&#8221;cs-timeline&#8221; heading_color=&#8221;#2e353e&#8221; subtitle_color=&#8221;#df0024&#8243; label=&#8221;&#8221;][\/porto_schedule_timeline_item][porto_schedule_timeline_item subtitle=&#8221;2012&#8243; heading=&#8221;Incorporaci\u00f3 de noves m\u00e0quines bobinadores autom\u00e0tiques i obtenci\u00f3 de la certificaci\u00f3 ISO 9001: 2008 per AENOR&#8221; el_class=&#8221;cs-timeline&#8221; heading_color=&#8221;#2e353e&#8221; subtitle_color=&#8221;#df0024&#8243; label=&#8221;&#8221;][\/porto_schedule_timeline_item][porto_schedule_timeline_item subtitle=&#8221;2015&#8243; heading=&#8221;Noves instal\u00b7lacions a Sant Andreu de la Barca (Barcelona)&#8221; el_class=&#8221;cs-timeline&#8221; heading_color=&#8221;#2e353e&#8221; subtitle_color=&#8221;#df0024&#8243; label=&#8221;&#8221;][\/porto_schedule_timeline_item][porto_schedule_timeline_item subtitle=&#8221;2019&#8243; heading=&#8221;Creaci\u00f3 d&#8217;un nou laboratori&#8221; el_class=&#8221;cs-timeline&#8221; heading_color=&#8221;#2e353e&#8221; subtitle_color=&#8221;#df0024&#8243; label=&#8221;&#8221;][\/porto_schedule_timeline_item][\/porto_schedule_timeline_container][\/vc_column][\/vc_row]<\/p>\n","protected":false},"excerpt":{"rendered":"<p>[vc_row][vc_column][vc_single_image image=&#8221;3734&#8243; img_size=&#8221;full&#8221; alignment=&#8221;center&#8221;][porto_schedule_timeline_container circle_type=&#8221;simple&#8221; title_color=&#8221;#2e353e&#8221; subtitle_color=&#8221;#6a80a9&#8243;][porto_schedule_timeline_item subtitle=&#8221;1930&#8243; heading=&#8221;Fundaci\u00f3 de Broquetas, S.L. (Barcelona)&#8221; el_class=&#8221;cs-timeline&#8221; heading_color=&#8221;#2e353e&#8221; subtitle_color=&#8221;#df0024&#8243; label=&#8221;&#8221;][\/porto_schedule_timeline_item][porto_schedule_timeline_item subtitle=&#8221;1972&#8243; heading=&#8221;Despla\u00e7ament de les instal\u00b7lacions a Sant Boi de Llobregat (Barcelona)&#8221; el_class=&#8221;cs-timeline&#8221; subtitle_color=&#8221;#df0024&#8243; heading_color=&#8221;#2e353e&#8221; label=&#8221;&#8221;][\/porto_schedule_timeline_item][porto_schedule_timeline_item subtitle=&#8221;1980&#8243; heading=&#8221;Incorporaci\u00f3 de nova maquin\u00e0ria&#8221; el_class=&#8221;cs-timeline&#8221; heading_color=&#8221;#2e353e&#8221; subtitle_color=&#8221;#df0024&#8243; label=&#8221;&#8221;][\/porto_schedule_timeline_item][porto_schedule_timeline_item subtitle=&#8221;2000&#8243; heading=&#8221;Incorporaci\u00f3 de l\u00ednies autom\u00e0tiques de producci\u00f3&#8221; el_class=&#8221;cs-timeline&#8221; heading_color=&#8221;#2e353e&#8221; subtitle_color=&#8221;#df0024&#8243; label=&#8221;&#8221;][\/porto_schedule_timeline_item][porto_schedule_timeline_item subtitle=&#8221;2001&#8243; heading=&#8221;Obtenci\u00f3 del [&hellip;]<\/p>\n","protected":false},"author":21,"featured_media":0,"parent":0,"menu_order":0,"comment_status":"closed","ping_status":"closed","template":"","meta":{"_joinchat":[],"footnotes":""},"class_list":["post-4233","page","type-page","status-publish","hentry"],"yoast_head":"<!-- This site is optimized with the Yoast SEO plugin v26.9 - https:\/\/yoast.com\/product\/yoast-seo-wordpress\/ -->\n<title>Timeline - BROQUETAS, S.L.<\/title>\n<meta name=\"robots\" content=\"index, follow, max-snippet:-1, max-image-preview:large, max-video-preview:-1\" \/>\n<link rel=\"canonical\" href=\"https:\/\/broquetas.com\/ca\/timeline\/\" \/>\n<meta property=\"og:locale\" content=\"ca_ES\" \/>\n<meta property=\"og:type\" content=\"article\" \/>\n<meta property=\"og:title\" content=\"Timeline - BROQUETAS, S.L.\" \/>\n<meta property=\"og:description\" content=\"[vc_row][vc_column][vc_single_image image=&#8221;3734&#8243; img_size=&#8221;full&#8221; alignment=&#8221;center&#8221;][porto_schedule_timeline_container circle_type=&#8221;simple&#8221; title_color=&#8221;#2e353e&#8221; subtitle_color=&#8221;#6a80a9&#8243;][porto_schedule_timeline_item subtitle=&#8221;1930&#8243; heading=&#8221;Fundaci\u00f3 de Broquetas, S.L. (Barcelona)&#8221; el_class=&#8221;cs-timeline&#8221; heading_color=&#8221;#2e353e&#8221; subtitle_color=&#8221;#df0024&#8243; label=&#8221;&#8221;][\/porto_schedule_timeline_item][porto_schedule_timeline_item subtitle=&#8221;1972&#8243; heading=&#8221;Despla\u00e7ament de les instal\u00b7lacions a Sant Boi de Llobregat (Barcelona)&#8221; el_class=&#8221;cs-timeline&#8221; subtitle_color=&#8221;#df0024&#8243; heading_color=&#8221;#2e353e&#8221; label=&#8221;&#8221;][\/porto_schedule_timeline_item][porto_schedule_timeline_item subtitle=&#8221;1980&#8243; heading=&#8221;Incorporaci\u00f3 de nova maquin\u00e0ria&#8221; el_class=&#8221;cs-timeline&#8221; heading_color=&#8221;#2e353e&#8221; subtitle_color=&#8221;#df0024&#8243; label=&#8221;&#8221;][\/porto_schedule_timeline_item][porto_schedule_timeline_item subtitle=&#8221;2000&#8243; heading=&#8221;Incorporaci\u00f3 de l\u00ednies autom\u00e0tiques de producci\u00f3&#8221; el_class=&#8221;cs-timeline&#8221; heading_color=&#8221;#2e353e&#8221; subtitle_color=&#8221;#df0024&#8243; label=&#8221;&#8221;][\/porto_schedule_timeline_item][porto_schedule_timeline_item subtitle=&#8221;2001&#8243; heading=&#8221;Obtenci\u00f3 del [&hellip;]\" \/>\n<meta property=\"og:url\" content=\"https:\/\/broquetas.com\/ca\/timeline\/\" \/>\n<meta property=\"og:site_name\" content=\"BROQUETAS, S.L.\" \/>\n<meta property=\"article:modified_time\" content=\"2021-11-04T19:28:00+00:00\" \/>\n<meta name=\"twitter:card\" content=\"summary_large_image\" \/>\n<meta name=\"twitter:label1\" content=\"Temps estimat de lectura\" \/>\n\t<meta name=\"twitter:data1\" content=\"2 minuts\" \/>\n<script type=\"application\/ld+json\" class=\"yoast-schema-graph\">{\"@context\":\"https:\/\/schema.org\",\"@graph\":[{\"@type\":\"WebPage\",\"@id\":\"https:\/\/broquetas.com\/ca\/timeline\/\",\"url\":\"https:\/\/broquetas.com\/ca\/timeline\/\",\"name\":\"Timeline - BROQUETAS, S.L.\",\"isPartOf\":{\"@id\":\"https:\/\/broquetas.com\/#website\"},\"datePublished\":\"2018-11-13T14:31:20+00:00\",\"dateModified\":\"2021-11-04T19:28:00+00:00\",\"breadcrumb\":{\"@id\":\"https:\/\/broquetas.com\/ca\/timeline\/#breadcrumb\"},\"inLanguage\":\"ca\",\"potentialAction\":[{\"@type\":\"ReadAction\",\"target\":[\"https:\/\/broquetas.com\/ca\/timeline\/\"]}]},{\"@type\":\"BreadcrumbList\",\"@id\":\"https:\/\/broquetas.com\/ca\/timeline\/#breadcrumb\",\"itemListElement\":[{\"@type\":\"ListItem\",\"position\":1,\"name\":\"Home\",\"item\":\"https:\/\/broquetas.com\/\"},{\"@type\":\"ListItem\",\"position\":2,\"name\":\"Timeline\"}]},{\"@type\":\"WebSite\",\"@id\":\"https:\/\/broquetas.com\/#website\",\"url\":\"https:\/\/broquetas.com\/\",\"name\":\"BROQUETAS, S.L.\",\"description\":\"\",\"publisher\":{\"@id\":\"https:\/\/broquetas.com\/#organization\"},\"potentialAction\":[{\"@type\":\"SearchAction\",\"target\":{\"@type\":\"EntryPoint\",\"urlTemplate\":\"https:\/\/broquetas.com\/?s={search_term_string}\"},\"query-input\":{\"@type\":\"PropertyValueSpecification\",\"valueRequired\":true,\"valueName\":\"search_term_string\"}}],\"inLanguage\":\"ca\"},{\"@type\":\"Organization\",\"@id\":\"https:\/\/broquetas.com\/#organization\",\"name\":\"BROQUETAS S.L.\",\"url\":\"https:\/\/broquetas.com\/\",\"logo\":{\"@type\":\"ImageObject\",\"inLanguage\":\"ca\",\"@id\":\"https:\/\/broquetas.com\/#\/schema\/logo\/image\/\",\"url\":\"https:\/\/broquetas.com\/wp-content\/uploads\/2021\/08\/logo-broquetas-dark.png\",\"contentUrl\":\"https:\/\/broquetas.com\/wp-content\/uploads\/2021\/08\/logo-broquetas-dark.png\",\"width\":262,\"height\":150,\"caption\":\"BROQUETAS S.L.\"},\"image\":{\"@id\":\"https:\/\/broquetas.com\/#\/schema\/logo\/image\/\"},\"sameAs\":[\"https:\/\/www.linkedin.com\/in\/broquetas-s-l-broquetas-99a22283\/\",\"https:\/\/www.youtube.com\/channel\/UCDYxB3N3CMqWo9DA-oyiAdg\"]}]}<\/script>\n<!-- \/ Yoast SEO plugin. -->","yoast_head_json":{"title":"Timeline - BROQUETAS, S.L.","robots":{"index":"index","follow":"follow","max-snippet":"max-snippet:-1","max-image-preview":"max-image-preview:large","max-video-preview":"max-video-preview:-1"},"canonical":"https:\/\/broquetas.com\/ca\/timeline\/","og_locale":"ca_ES","og_type":"article","og_title":"Timeline - BROQUETAS, S.L.","og_description":"[vc_row][vc_column][vc_single_image image=&#8221;3734&#8243; img_size=&#8221;full&#8221; alignment=&#8221;center&#8221;][porto_schedule_timeline_container circle_type=&#8221;simple&#8221; title_color=&#8221;#2e353e&#8221; subtitle_color=&#8221;#6a80a9&#8243;][porto_schedule_timeline_item subtitle=&#8221;1930&#8243; heading=&#8221;Fundaci\u00f3 de Broquetas, S.L. (Barcelona)&#8221; el_class=&#8221;cs-timeline&#8221; heading_color=&#8221;#2e353e&#8221; subtitle_color=&#8221;#df0024&#8243; label=&#8221;&#8221;][\/porto_schedule_timeline_item][porto_schedule_timeline_item subtitle=&#8221;1972&#8243; heading=&#8221;Despla\u00e7ament de les instal\u00b7lacions a Sant Boi de Llobregat (Barcelona)&#8221; el_class=&#8221;cs-timeline&#8221; subtitle_color=&#8221;#df0024&#8243; heading_color=&#8221;#2e353e&#8221; label=&#8221;&#8221;][\/porto_schedule_timeline_item][porto_schedule_timeline_item subtitle=&#8221;1980&#8243; heading=&#8221;Incorporaci\u00f3 de nova maquin\u00e0ria&#8221; el_class=&#8221;cs-timeline&#8221; heading_color=&#8221;#2e353e&#8221; subtitle_color=&#8221;#df0024&#8243; label=&#8221;&#8221;][\/porto_schedule_timeline_item][porto_schedule_timeline_item subtitle=&#8221;2000&#8243; heading=&#8221;Incorporaci\u00f3 de l\u00ednies autom\u00e0tiques de producci\u00f3&#8221; el_class=&#8221;cs-timeline&#8221; heading_color=&#8221;#2e353e&#8221; subtitle_color=&#8221;#df0024&#8243; label=&#8221;&#8221;][\/porto_schedule_timeline_item][porto_schedule_timeline_item subtitle=&#8221;2001&#8243; heading=&#8221;Obtenci\u00f3 del [&hellip;]","og_url":"https:\/\/broquetas.com\/ca\/timeline\/","og_site_name":"BROQUETAS, S.L.","article_modified_time":"2021-11-04T19:28:00+00:00","twitter_card":"summary_large_image","twitter_misc":{"Temps estimat de lectura":"2 minuts"},"schema":{"@context":"https:\/\/schema.org","@graph":[{"@type":"WebPage","@id":"https:\/\/broquetas.com\/ca\/timeline\/","url":"https:\/\/broquetas.com\/ca\/timeline\/","name":"Timeline - BROQUETAS, S.L.","isPartOf":{"@id":"https:\/\/broquetas.com\/#website"},"datePublished":"2018-11-13T14:31:20+00:00","dateModified":"2021-11-04T19:28:00+00:00","breadcrumb":{"@id":"https:\/\/broquetas.com\/ca\/timeline\/#breadcrumb"},"inLanguage":"ca","potentialAction":[{"@type":"ReadAction","target":["https:\/\/broquetas.com\/ca\/timeline\/"]}]},{"@type":"BreadcrumbList","@id":"https:\/\/broquetas.com\/ca\/timeline\/#breadcrumb","itemListElement":[{"@type":"ListItem","position":1,"name":"Home","item":"https:\/\/broquetas.com\/"},{"@type":"ListItem","position":2,"name":"Timeline"}]},{"@type":"WebSite","@id":"https:\/\/broquetas.com\/#website","url":"https:\/\/broquetas.com\/","name":"BROQUETAS, S.L.","description":"","publisher":{"@id":"https:\/\/broquetas.com\/#organization"},"potentialAction":[{"@type":"SearchAction","target":{"@type":"EntryPoint","urlTemplate":"https:\/\/broquetas.com\/?s={search_term_string}"},"query-input":{"@type":"PropertyValueSpecification","valueRequired":true,"valueName":"search_term_string"}}],"inLanguage":"ca"},{"@type":"Organization","@id":"https:\/\/broquetas.com\/#organization","name":"BROQUETAS S.L.","url":"https:\/\/broquetas.com\/","logo":{"@type":"ImageObject","inLanguage":"ca","@id":"https:\/\/broquetas.com\/#\/schema\/logo\/image\/","url":"https:\/\/broquetas.com\/wp-content\/uploads\/2021\/08\/logo-broquetas-dark.png","contentUrl":"https:\/\/broquetas.com\/wp-content\/uploads\/2021\/08\/logo-broquetas-dark.png","width":262,"height":150,"caption":"BROQUETAS S.L."},"image":{"@id":"https:\/\/broquetas.com\/#\/schema\/logo\/image\/"},"sameAs":["https:\/\/www.linkedin.com\/in\/broquetas-s-l-broquetas-99a22283\/","https:\/\/www.youtube.com\/channel\/UCDYxB3N3CMqWo9DA-oyiAdg"]}]}},"_links":{"self":[{"href":"https:\/\/broquetas.com\/ca\/wp-json\/wp\/v2\/pages\/4233","targetHints":{"allow":["GET"]}}],"collection":[{"href":"https:\/\/broquetas.com\/ca\/wp-json\/wp\/v2\/pages"}],"about":[{"href":"https:\/\/broquetas.com\/ca\/wp-json\/wp\/v2\/types\/page"}],"author":[{"embeddable":true,"href":"https:\/\/broquetas.com\/ca\/wp-json\/wp\/v2\/users\/21"}],"replies":[{"embeddable":true,"href":"https:\/\/broquetas.com\/ca\/wp-json\/wp\/v2\/comments?post=4233"}],"version-history":[{"count":2,"href":"https:\/\/broquetas.com\/ca\/wp-json\/wp\/v2\/pages\/4233\/revisions"}],"predecessor-version":[{"id":4236,"href":"https:\/\/broquetas.com\/ca\/wp-json\/wp\/v2\/pages\/4233\/revisions\/4236"}],"wp:attachment":[{"href":"https:\/\/broquetas.com\/ca\/wp-json\/wp\/v2\/media?parent=4233"}],"curies":[{"name":"wp","href":"https:\/\/api.w.org\/{rel}","templated":true}]}}